{"id":3458,"date":"2025-08-08T16:53:37","date_gmt":"2025-08-08T08:53:37","guid":{"rendered":"https:\/\/solartrackersystem.com\/?post_type=product&#038;p=3458"},"modified":"2025-09-08T20:58:42","modified_gmt":"2025-09-08T12:58:42","slug":"2-4kw-panels-solar-panel-sun-tracker-system-kit","status":"publish","type":"product","link":"https:\/\/solartrackersystem.com\/fr\/2-4kw-panels-solar-panel-sun-tracker-system-kit\/","title":{"rendered":"PANNEAUX 2-4 kW : Kit de suivi solaire pour panneaux solaires"},"content":{"rendered":"<p data-v-md-line=\"4\">Optimisez le rendement et la fiabilit\u00e9 de vos panneaux solaires avec notre kit syst\u00e8me Sun Tracker 2-4 kW \u2013 une solution compl\u00e8te con\u00e7ue pour fournir plus d&#039;\u00e9nergie, une meilleure durabilit\u00e9 et un contr\u00f4le plus intelligent pour chaque installation.<\/p>\n<h2 data-v-md-heading=\"features-and-benefits\" data-v-md-line=\"6\">Caract\u00e9ristiques et avantages<\/h2>\n<ul data-v-md-line=\"7\">\n<li>Suivi astronomique pr\u00e9cis : exploitez la puissance des algorithmes astronomiques pour obtenir une pr\u00e9cision de suivi allant jusqu&#039;\u00e0 \u2264 5 \u00b0, ce qui se traduit par des gains r\u00e9els en termes de r\u00e9sultats des panneaux solaires.<\/li>\n<li>Anti-Shadow Backtracking : Notre syst\u00e8me supprime l&#039;ombrage des panneaux en modifiant judicieusement leur positionnement, prot\u00e9geant ainsi une puissance optimale du lever au coucher du soleil.<\/li>\n<li>Construction robuste : Construit avec de l&#039;acier am\u00e9lior\u00e9 Q235, compl\u00e9t\u00e9 par une galvanisation ou une peinture de haute qualit\u00e9, vous obtenez une r\u00e9sistance \u00e0 la rouille durable adapt\u00e9e aux sites ext\u00e9rieurs difficiles.<\/li>\n<li>Large plage de suivi : profitez d&#039;un r\u00e9seau de suivi complet \u00e0 360 \u00b0 avec une polyvalence d&#039;angle d&#039;inclinaison durable de 30 \u00b0, de sorte que votre r\u00e9seau de panneaux solaires reste efficace tout au long de la journ\u00e9e.<\/li>\n<li>Performances toutes saisons : la s\u00e9curit\u00e9 IP65 maintient la poussi\u00e8re et l&#039;eau \u00e0 l&#039;ext\u00e9rieur, permettant une utilisation fiable dans les d\u00e9serts, les zones baln\u00e9aires et les zones \u00e0 forte humidit\u00e9.<\/li>\n<li>Retour d&#039;angle en temps r\u00e9el : maintenez facilement une efficacit\u00e9 maximale gr\u00e2ce \u00e0 un changement continu et automatique : r\u00e9glez-le simplement d\u00e8s que possible et laissez-le fonctionner.<\/li>\n<li>Conception n\u00e9cessitant peu d&#039;entretien : le cadre robuste et la s\u00e9curit\u00e9 des limites intelligentes r\u00e9duisent les temps d&#039;arr\u00eat et les appels de service, rendant votre propri\u00e9t\u00e9 sans probl\u00e8me.<\/li>\n<li>Kit syst\u00e8me \u00e9volutif : prend en charge 4 \u00e0 6 modules de panneaux solaires de 500 \u00e0 650 W chacun, vous permettant d&#039;adapter le syst\u00e8me \u00e0 vos besoins \u00e9nerg\u00e9tiques.<\/li>\n<li>Connectivit\u00e9 moderne : RS485-MODBUS et Bluetooth vous permettent d&#039;int\u00e9grer parfaitement et de suivre depuis un autre emplacement ; mises \u00e0 niveau optionnelles GPS et protection contre le vent disponibles.<\/li>\n<\/ul>\n<h2 data-v-md-heading=\"wide-applications\" data-v-md-line=\"17\">Applications larges<\/h2>\n<p data-v-md-line=\"18\">Ce kit de syst\u00e8me de suivi solaire convient aux centrales photovolta\u00efques \u00e0 grande \u00e9chelle, aux fermes solaires au sol, aux toits commerciaux et aux installations agrivolta\u00efques, en particulier lorsque l&#039;ajustement du terrain et la r\u00e9sistance aux conditions m\u00e9t\u00e9orologiques extr\u00eames sont importants.<\/p>\n<h2 data-v-md-heading=\"specifications\" data-v-md-line=\"20\">Caract\u00e9ristiques<\/h2>\n<ul data-v-md-line=\"21\">\n<li>M\u00e9canique (type de suivi, capacit\u00e9 des lots, parcours vent\/neige, mesures, poids, produit, dur\u00e9e de vie des roulements)<\/li>\n<li>M\u00e9thode de contr\u00f4le : Formule astronomique.<\/li>\n<li>Port\u00e9e de suivi : 360 \u00b0<br \/>\n\u2013 Angle d\u2019inclinaison : 30 \u00b0<br \/>\n\u2013 R\u00e9sistance au vent : 27 m\/s.<\/li>\n<li>Mat\u00e9riau : acier Q235 avec surface anticorrosion.<\/li>\n<li>Poids : \u2265 300 kg.<\/li>\n<li>Sp\u00e9cifications du module : 4 \u00e0 6 composants (500 \u00e0 650 W), 2 100 x 1 300 mm ; emplacement du support : 15 m DEUX.<\/li>\n<li>Protection limite : Oui.<\/li>\n<li>Dur\u00e9e de vie pr\u00e9vue : \u2265 25 ans.<\/li>\n<li>\u00c9lectrique (type et puissance du moteur, consommation \u00e9lectrique, vari\u00e9t\u00e9 de tension, vari\u00e9t\u00e9 d&#039;inclinaison, vitesse de suivi, mont\u00e9e de retour)<\/li>\n<li>Pr\u00e9cision de suivi : \u2264 5 \u00b0<br \/>\n\u2013 Tension d\u2019entr\u00e9e : 24 V CC.<\/li>\n<li>R\u00e9troaction d&#039;angle : Oui.<\/li>\n<li>Environnement (temp\u00e9rature de fonctionnement, indice IP, r\u00e9sistance \u00e0 l&#039;humidit\u00e9, aux UV et \u00e0 la rouille)<\/li>\n<li>Temp\u00e9rature de fonctionnement : -40 \u00b0C \u00e0 +70 \u00b0C.<\/li>\n<li>Degr\u00e9 de protection : IP65.<\/li>\n<li>Anti-corrosion : Peinture ou galvanisation \u00e0 chaud.<\/li>\n<li>Performances (augmentation d&#039;\u00e9nergie par rapport \u00e0 r\u00e9par\u00e9, MTBF, fiabilit\u00e9 (% de disponibilit\u00e9), modes de d\u00e9faillance)<\/li>\n<li>R\u00e9sultat am\u00e9lior\u00e9 avec des algorithmes anti-ombre et de retour en arri\u00e8re.<\/li>\n<li>Protection des donn\u00e9es : Oui.<\/li>\n<li>Communications (protocoles, d\u00e9bogage \u00e0 distance, mise \u00e0 niveau OTA, acc\u00e8s API)<\/li>\n<li>RS485-MODBUS, Bluetooth.<\/li>\n<li>Fonctionnalit\u00e9 \u00e0 distance : en option.<\/li>\n<li>S\u00e9curit\u00e9 et certifications (CEI, CE\/UL\/ROHS, verrouillages de s\u00e9curit\u00e9, s\u00e9curit\u00e9 contre la foudre)<\/li>\n<li>Norme : GBT 29320-2012.<\/li>\n<li>Protection contre le vent : en option.<\/li>\n<li>Protection limite : Oui.<\/li>\n<li>Garantie et service (p\u00e9riode de garantie, garantie d&#039;efficacit\u00e9, kit de pi\u00e8ces de rechange, formation, accords de solution)<\/li>\n<li>Emballage : Bo\u00eete en bois avec film \u00e0 bulles pour la d\u00e9fense du transport.<\/li>\n<li>Options suppl\u00e9mentaires<\/li>\n<li>Positionnement GPS, syst\u00e8mes de protection contre le vent.<\/li>\n<\/ul>\n<h2 data-v-md-heading=\"technical-support\" data-v-md-line=\"53\">Support technique<\/h2>\n<p data-v-md-line=\"54\">Nous offrons un support technique complet \u2013 compos\u00e9 de versions CAO, de fiches techniques et de sch\u00e9mas de c\u00e2blage \u2013 pour rendre votre int\u00e9gration fluide et experte.<\/p>\n<h2 data-v-md-heading=\"conclusion\" data-v-md-line=\"56\">Conclusion<\/h2>\n<p data-v-md-line=\"57\">Choisir SolPath implique d\u2019obtenir un kit de syst\u00e8me de suivi solaire sp\u00e9cialement con\u00e7u pour des performances durables, une capture d\u2019\u00e9nergie intelligente et un service fiable \u2013 \u00e0 chaque \u00e9tape de la m\u00e9thode.<\/p>\n<p><script src=\"chrome-extension:\/\/fpelahbljekknahkcaegamhcndkfpfnc\/iFrame.js\" type=\"text\/javascript\"><\/script><\/p>\n<p><script src=\"chrome-extension:\/\/fpelahbljekknahkcaegamhcndkfpfnc\/iFrame.js\" type=\"text\/javascript\"><\/script><\/p>\n<p><script src=\"chrome-extension:\/\/fpelahbljekknahkcaegamhcndkfpfnc\/iFrame.js\" type=\"text\/javascript\"><\/script><\/p>\n<p><script src=\"chrome-extension:\/\/fpelahbljekknahkcaegamhcndkfpfnc\/iFrame.js\" type=\"text\/javascript\"><\/script><\/p>","protected":false},"excerpt":{"rendered":"<p>Augmentez votre rendement solaire avec notre kit Sun Tracker de 2 \u00e0 4 kW. Il offre un suivi pr\u00e9cis \u00e0 360\u00b0, une conception robuste et r\u00e9sistante aux intemp\u00e9ries et des commandes intelligentes pour une durabilit\u00e9 maximale.<\/p>\n<p><script src=\"chrome-extension:\/\/fpelahbljekknahkcaegamhcndkfpfnc\/iFrame.js\" type=\"text\/javascript\"><\/script><\/p>\n<p><script src=\"chrome-extension:\/\/fpelahbljekknahkcaegamhcndkfpfnc\/iFrame.js\" type=\"text\/javascript\"><\/script><\/p>\n<p><script src=\"chrome-extension:\/\/fpelahbljekknahkcaegamhcndkfpfnc\/iFrame.js\" type=\"text\/javascript\"><\/script><\/p>","protected":false},"featured_media":3652,"template":"","meta":{"_kad_post_transparent":"default","_kad_post_title":"","_kad_post_layout":"default","_kad_post_sidebar_id":"","_kad_post_content_style":"default","_kad_post_vertical_padding":"default","_kad_post_feature":"","_kad_post_feature_position":"","_kad_post_header":false,"_kad_post_footer":false,"_kad_post_classname":""},"product_brand":[707],"product_cat":[587,697,703,690,698,683,689,696,693,691],"product_tag":[705,736,761],"class_list":{"0":"post-3458","1":"product","2":"type-product","3":"status-publish","4":"has-post-thumbnail","6":"product_brand-solpath","7":"product_cat-solar-tracker-by-type","8":"product_cat-agricultural-tracker","9":"product_cat-custom-omdm-tracker","10":"product_cat-diy-tracker-kit","11":"product_cat-offgrid-tracker","12":"product_cat-passive-tracker","13":"product_cat-portable-tracker","14":"product_cat-residential-tracker","15":"product_cat-roof-mount-tracker","16":"product_cat-solar-tracker-by-solutions","17":"product_tag-solar-panel","18":"product_tag-sun-tracker","19":"product_tag-system-kit","21":"first","22":"instock","23":"shipping-taxable","24":"product-type-simple","25":"entry","26":"content-bg","27":"loop-entry"},"_links":{"self":[{"href":"https:\/\/solartrackersystem.com\/fr\/wp-json\/wp\/v2\/product\/3458","targetHints":{"allow":["GET"]}}],"collection":[{"href":"https:\/\/solartrackersystem.com\/fr\/wp-json\/wp\/v2\/product"}],"about":[{"href":"https:\/\/solartrackersystem.com\/fr\/wp-json\/wp\/v2\/types\/product"}],"wp:featuredmedia":[{"embeddable":true,"href":"https:\/\/solartrackersystem.com\/fr\/wp-json\/wp\/v2\/media\/3652"}],"wp:attachment":[{"href":"https:\/\/solartrackersystem.com\/fr\/wp-json\/wp\/v2\/media?parent=3458"}],"wp:term":[{"taxonomy":"product_brand","embeddable":true,"href":"https:\/\/solartrackersystem.com\/fr\/wp-json\/wp\/v2\/product_brand?post=3458"},{"taxonomy":"product_cat","embeddable":true,"href":"https:\/\/solartrackersystem.com\/fr\/wp-json\/wp\/v2\/product_cat?post=3458"},{"taxonomy":"product_tag","embeddable":true,"href":"https:\/\/solartrackersystem.com\/fr\/wp-json\/wp\/v2\/product_tag?post=3458"}],"curies":[{"name":"wp","href":"https:\/\/api.w.org\/{rel}","templated":true}]}}