{"id":3456,"date":"2025-08-08T16:53:35","date_gmt":"2025-08-08T08:53:35","guid":{"rendered":"https:\/\/solartrackersystem.com\/?post_type=product&#038;p=3456"},"modified":"2025-09-08T20:53:58","modified_gmt":"2025-09-08T12:53:58","slug":"dual-axis-12p-12-panel-automatic-sun-tracker-system","status":"publish","type":"product","link":"https:\/\/solartrackersystem.com\/fr\/dual-axis-12p-12-panel-automatic-sun-tracker-system\/","title":{"rendered":"Dual Axis-12P\u00a0: syst\u00e8me de suivi solaire automatique \u00e0 12 panneaux"},"content":{"rendered":"<p data-v-md-line=\"4\">Obtenez jusqu&#039;\u00e0 40 % d&#039;\u00e9nergie solaire suppl\u00e9mentaire avec le Dual Axis-12P, notre syst\u00e8me de suivi solaire automatique con\u00e7u pour une efficacit\u00e9 optimale. B\u00e9n\u00e9ficiez d&#039;un suivi pr\u00e9cis sur deux axes pour votre installation \u00e0 12 panneaux, d&#039;une grande durabilit\u00e9 et de fonctions intelligentes garantissant des r\u00e9sultats fiables jour apr\u00e8s jour.<\/p>\n<h2 data-v-md-heading=\"features-and-benefits\" data-v-md-line=\"6\">Caract\u00e9ristiques et avantages<\/h2>\n<ul data-v-md-line=\"7\">\n<li>Syst\u00e8me de suivi \u00e0 deux axes : maximise la capture de l&#039;\u00e9nergie solaire en respectant \u00e0 la fois l&#039;azimut et l&#039;altitude du soleil, surpassant largement les syst\u00e8mes solaires fixes.<\/li>\n<li>Algorithme astronomique : suit la lumi\u00e8re du soleil avec une pr\u00e9cision d\u00e9termin\u00e9e (\u2264 1 \u00b0) afin que vos panneaux photovolta\u00efques fonctionnent \u00e0 des performances optimales.<\/li>\n<li>Algorithme de r\u00e9tro-suivi avanc\u00e9 : emp\u00eache le tra\u00eenage entre les panneaux, m\u00eame dans les configurations \u00e9paisses, am\u00e9liorant ainsi le retour de puissance global.<\/li>\n<li>Construction robuste et r\u00e9sistante \u00e0 la corrosion : Fabriqu\u00e9 en acier Q235 galvanis\u00e9 \u00e0 chaud pour une endurance accrue et une fiabilit\u00e9 durable dans les environnements ext\u00e9rieurs.<\/li>\n<li>Protection IP65 : r\u00e9siste \u00e0 la salet\u00e9 et \u00e0 l&#039;eau, vous pouvez donc compter sur une efficacit\u00e9 constante dans les endroits sujets \u00e0 la pluie, au vent ou \u00e0 la poussi\u00e8re.<\/li>\n<li>Protection contre la vitesse du vent et le rangement : s&#039;aplatit automatiquement pour un placement s\u00fbr en cas de vents violents ; comprend une interface utilisateur de vitesse du vent pour la combinaison d&#039;unit\u00e9s de d\u00e9tection ext\u00e9rieures.<\/li>\n<li>Fonctionnement \u00e0 temp\u00e9rature extr\u00eame : Fonctionne en douceur de -40 \u00b0C \u00e0 +70 \u00b0C, garantissant une int\u00e9grit\u00e9 des matins glac\u00e9s aux apr\u00e8s-midi br\u00fblants.<\/li>\n<li>Surveillance et contr\u00f4le \u00e0 distance : les communications RS485-MODBUS permettent l&#039;accessibilit\u00e9 aux donn\u00e9es en temps r\u00e9el et le contr\u00f4le centralis\u00e9 depuis n&#039;importe o\u00f9.<\/li>\n<li>Installation facile : les prises a\u00e9ronautiques et les modes de commande manuels minimisent les probl\u00e8mes et le temps de configuration afin que vous puissiez commencer \u00e0 fonctionner rapidement.<\/li>\n<li>Longue dur\u00e9e de vie : Con\u00e7u pour plus de 25 ans de service ext\u00e9rieur, soutenu par des certifications internationales et une qualit\u00e9 sup\u00e9rieure test\u00e9e.<\/li>\n<\/ul>\n<h2 data-v-md-heading=\"wide-applications\" data-v-md-line=\"18\">Applications larges<\/h2>\n<p data-v-md-line=\"19\">Ce suiveur solaire automatique optimise le rendement de vos installations solaires \u00e0 12 panneaux pour les centrales photovolta\u00efques industrielles, les toitures commerciales et industrielles, les parcs solaires au sol et les sites agrovolta\u00efques. Vous pouvez l&#039;utiliser en toute confiance dans les d\u00e9serts, les zones \u00e0 vents forts, les zones humides et les surfaces complexes.<\/p>\n<h2 data-v-md-heading=\"specifications\" data-v-md-line=\"21\">Caract\u00e9ristiques<\/h2>\n<ul data-v-md-line=\"22\">\n<li>M\u00e9canique (type de suivi, capacit\u00e9 en tonnes, direction du vent\/neige, dimensions, poids, mat\u00e9riau, dur\u00e9e de vie des roulements)<\/li>\n<li>Type de suivi : Double axe.<\/li>\n<li>Nombre de modules : 12 panneaux.<\/li>\n<li>Dimensions du module : 1650 mm x 992 mm.<\/li>\n<li>Emplacement du support : 20m\u00b2.<\/li>\n<li>Mat\u00e9riau : acier Q235, galvanis\u00e9 \u00e0 chaud.<\/li>\n<li>Poids : \u2265 500 kg.<\/li>\n<li>Dur\u00e9e de vie pr\u00e9vue : \u2265 25 ans.<\/li>\n<li>\u00c9lectrique (type et puissance du moteur, consommation d&#039;\u00e9nergie, r\u00e9seau de tension, r\u00e9seau d&#039;inclinaison, taux de suivi, augmentation du rendement)<\/li>\n<li>Puissance du module : 250-300W par panneau.<\/li>\n<li>Alimentation : AC 220V (50\/60Hz).<\/li>\n<li>Consommation \u00e9lectrique : \u2264 0,5 kWh.<\/li>\n<li>Pr\u00e9cision de suivi : \u2264 1 \u00b0<br \/>\n\u2013 Augmentation du rendement : 20 \u00e0 40 % par rapport aux syst\u00e8mes r\u00e9par\u00e9s.<\/li>\n<li>Environnement (niveau de temp\u00e9rature de fonctionnement, indice IP, r\u00e9sistance \u00e0 l&#039;humidit\u00e9, aux UV et \u00e0 la corrosion)<\/li>\n<li>Niveau de temp\u00e9rature de fonctionnement : -40\u00b0C \u00e0 +70\u00b0C.<\/li>\n<li>Degr\u00e9 de protection : IP65.<\/li>\n<li>Performances (gain d&#039;\u00e9nergie par rapport \u00e0 la charge trait\u00e9e, MTBF, fiabilit\u00e9 (% de disponibilit\u00e9), param\u00e8tres d\u00e9faillants)<\/li>\n<li>Augmentation de l&#039;efficacit\u00e9 : 20 \u00e0 40 %.<\/li>\n<li>Communications (protocoles (Modbus, TCP\/IP, MQTT), d\u00e9bogage \u00e0 distance, mise \u00e0 niveau OTA, acc\u00e8s API)<\/li>\n<li>Suivi et contr\u00f4le \u00e0 distance : RS485-MODBUS.<\/li>\n<li>S\u00e9curit\u00e9 et certifications (crit\u00e8res IEC, CE\/UL\/ROHS, verrouillages de s\u00e9curit\u00e9, protection contre la foudre)<\/li>\n<li>Certifications : CE, CQC, ISO9001, ISO14001, OHSAS18001.<\/li>\n<li>Garantie et service (p\u00e9riode de garantie, garantie d&#039;efficacit\u00e9, kit de pi\u00e8ces de rechange, formation, contrats de service)<\/li>\n<li>Choix de garantie et de service disponibles (contactez-nous pour plus de d\u00e9tails).<\/li>\n<li>Options suppl\u00e9mentaires (supports, ensembles de fondation, batterie de secours, robots de nettoyage, parafoudres)<\/li>\n<li>Interface utilisateur du capteur de vitesse du vent.<\/li>\n<\/ul>\n<h2 data-v-md-heading=\"technical-support\" data-v-md-line=\"49\">Support technique.<\/h2>\n<p data-v-md-line=\"50\">Nous fournissons un support technique complet, y compris des mod\u00e8les CAO, des fiches techniques et des sch\u00e9mas de circuits pour garantir que votre processus d&#039;installation soit fluide et simple.<\/p>\n<h2 data-v-md-heading=\"conclusion\" data-v-md-line=\"52\">Conclusion.<\/h2>\n<p data-v-md-line=\"53\">Choisissez SolPath et b\u00e9n\u00e9ficiez d&#039;une qualit\u00e9, d&#039;une innovation et d&#039;une robustesse de pointe. Notre Dual Axis-12P offre un suivi solaire plus intelligent, des rendements sup\u00e9rieurs et une tranquillit\u00e9 d&#039;esprit pour vos projets solaires commerciaux et utilitaires.<\/p>\n<p><script src=\"chrome-extension:\/\/fpelahbljekknahkcaegamhcndkfpfnc\/iFrame.js\" type=\"text\/javascript\"><\/script><\/p>\n<p><script src=\"chrome-extension:\/\/fpelahbljekknahkcaegamhcndkfpfnc\/iFrame.js\" type=\"text\/javascript\"><\/script><\/p>\n<p><script src=\"chrome-extension:\/\/fpelahbljekknahkcaegamhcndkfpfnc\/iFrame.js\" type=\"text\/javascript\"><\/script><\/p>","protected":false},"excerpt":{"rendered":"<p>Augmentez votre consommation d&#039;\u00e9nergie solaire jusqu&#039;\u00e0 40 % avec le Dual Axis-12P. Ce tracker solaire automatique \u00e0 12 panneaux offre des performances durables, intelligentes et fiables.<\/p>\n<p><script src=\"chrome-extension:\/\/fpelahbljekknahkcaegamhcndkfpfnc\/iFrame.js\" type=\"text\/javascript\"><\/script><\/p>\n<p><script src=\"chrome-extension:\/\/fpelahbljekknahkcaegamhcndkfpfnc\/iFrame.js\" type=\"text\/javascript\"><\/script><\/p>\n<p><script src=\"chrome-extension:\/\/fpelahbljekknahkcaegamhcndkfpfnc\/iFrame.js\" type=\"text\/javascript\"><\/script><\/p>","protected":false},"featured_media":3584,"template":"","meta":{"_kad_post_transparent":"default","_kad_post_title":"","_kad_post_layout":"default","_kad_post_sidebar_id":"","_kad_post_content_style":"default","_kad_post_vertical_padding":"default","_kad_post_feature":"","_kad_post_feature_position":"","_kad_post_header":false,"_kad_post_footer":false,"_kad_post_classname":""},"product_brand":[707],"product_cat":[587,682,681,696,691],"product_tag":[717,718,736],"class_list":{"0":"post-3456","1":"product","2":"type-product","3":"status-publish","4":"has-post-thumbnail","6":"product_brand-solpath","7":"product_cat-solar-tracker-by-type","8":"product_cat-active-tracker","9":"product_cat-dual-axis-tracker","10":"product_cat-residential-tracker","11":"product_cat-solar-tracker-by-solutions","12":"product_tag-12-panel","13":"product_tag-automatic","14":"product_tag-sun-tracker","16":"first","17":"instock","18":"shipping-taxable","19":"product-type-simple","20":"entry","21":"content-bg","22":"loop-entry"},"_links":{"self":[{"href":"https:\/\/solartrackersystem.com\/fr\/wp-json\/wp\/v2\/product\/3456","targetHints":{"allow":["GET"]}}],"collection":[{"href":"https:\/\/solartrackersystem.com\/fr\/wp-json\/wp\/v2\/product"}],"about":[{"href":"https:\/\/solartrackersystem.com\/fr\/wp-json\/wp\/v2\/types\/product"}],"wp:featuredmedia":[{"embeddable":true,"href":"https:\/\/solartrackersystem.com\/fr\/wp-json\/wp\/v2\/media\/3584"}],"wp:attachment":[{"href":"https:\/\/solartrackersystem.com\/fr\/wp-json\/wp\/v2\/media?parent=3456"}],"wp:term":[{"taxonomy":"product_brand","embeddable":true,"href":"https:\/\/solartrackersystem.com\/fr\/wp-json\/wp\/v2\/product_brand?post=3456"},{"taxonomy":"product_cat","embeddable":true,"href":"https:\/\/solartrackersystem.com\/fr\/wp-json\/wp\/v2\/product_cat?post=3456"},{"taxonomy":"product_tag","embeddable":true,"href":"https:\/\/solartrackersystem.com\/fr\/wp-json\/wp\/v2\/product_tag?post=3456"}],"curies":[{"name":"wp","href":"https:\/\/api.w.org\/{rel}","templated":true}]}}