{"id":3452,"date":"2025-08-08T16:51:25","date_gmt":"2025-08-08T08:51:25","guid":{"rendered":"https:\/\/solartrackersystem.com\/?post_type=product&#038;p=3452"},"modified":"2025-09-08T20:52:40","modified_gmt":"2025-09-08T12:52:40","slug":"dual-solar-tracker-controller-2-axis-automatic-solar-tracker-kit","status":"publish","type":"product","link":"https:\/\/solartrackersystem.com\/fr\/dual-solar-tracker-controller-2-axis-automatic-solar-tracker-kit\/","title":{"rendered":"Dual Solar tracker controller: 2-Axis Automatic Solar Tracker Kit"},"content":{"rendered":"<p data-v-md-line=\"4\">Exploitez tout le potentiel de votre installation solaire gr\u00e2ce \u00e0 notre contr\u00f4leur de suivi solaire double. Ce kit de suivi solaire automatique \u00e0 2 axes maximise le rendement \u00e9nerg\u00e9tique en maintenant vos panneaux pr\u00e9cis\u00e9ment align\u00e9s avec le soleil, jour et nuit.<\/p>\n<h2 data-v-md-heading=\"features-and-benefits\" data-v-md-line=\"6\">Caract\u00e9ristiques et avantages<\/h2>\n<ul data-v-md-line=\"7\">\n<li>Algorithme astronomique + capteurs de position : vous obtenez une pr\u00e9cision de suivi de pointe, garantissant que vos panneaux solaires sont toujours orient\u00e9s vers le soleil pour un rendement optimal.<\/li>\n<li>Large plage de suivi : profitez d&#039;une couverture solaire compl\u00e8te avec un contr\u00f4le d&#039;azimut de -120\u00b0 \u00e0 +120\u00b0 et un suivi d&#039;\u00e9l\u00e9vation de 0\u00b0 \u00e0 60\u00b0.<\/li>\n<li>Algorithme anti-ombre\/retour en arri\u00e8re : notre conception intelligente emp\u00eache activement l&#039;ombrage des panneaux, augmentant ainsi l&#039;efficacit\u00e9 globale du syst\u00e8me, en particulier dans les r\u00e9seaux \u00e0 espace limit\u00e9.<\/li>\n<li>Mat\u00e9riaux robustes : Fabriqu\u00e9 en acier Q235 de haute qualit\u00e9 et galvanis\u00e9 \u00e0 chaud pour une r\u00e9sistance extr\u00eame \u00e0 la corrosion ; vous b\u00e9n\u00e9ficierez d&#039;un service fiable pendant plus de 25 ans.<\/li>\n<li>Protection intelligente contre le vent et les intemp\u00e9ries : le contr\u00f4leur range automatiquement les panneaux si des vents violents, de la pluie ou de la neige menacent votre syst\u00e8me, r\u00e9duisant ainsi les temps d&#039;arr\u00eat et minimisant la maintenance.<\/li>\n<li>Surveillance \u00e0 distance et mises \u00e0 niveau sans fil : RS485-MODBUS, Wi-Fi en option et 4G vous permettent de surveiller, de contr\u00f4ler et de mettre \u00e0 niveau votre syst\u00e8me \u00e0 distance pour une tranquillit\u00e9 d&#039;esprit et une exploitation et une maintenance simples.<\/li>\n<li>Installation Plug-and-Play\u00a0: installation rapide et simple. Les commandes manuelles simplifient la mise en service et le d\u00e9bogage.<\/li>\n<li>Actionneur lin\u00e9aire et entra\u00eenement pivotant sans entretien : fonctionnement silencieux et efficace au quotidien : vous vous concentrez sur votre entreprise et non sur votre mat\u00e9riel.<\/li>\n<li>Protection IP65 contre la poussi\u00e8re et l&#039;eau : convient aux environnements ext\u00e9rieurs difficiles, garantissant des op\u00e9rations fiables, que votre site soit confront\u00e9 \u00e0 des temp\u00eates ou au sable.<\/li>\n<\/ul>\n<h2 data-v-md-heading=\"wide-applications\" data-v-md-line=\"17\">Applications larges<\/h2>\n<p data-v-md-line=\"18\">Ce contr\u00f4leur de suivi robuste est la mise \u00e0 niveau id\u00e9ale pour les centrales photovolta\u00efques \u00e0 grande \u00e9chelle, les toits commerciaux, les fermes solaires au sol, l&#039;agrivolta\u00efque et les sites exigeant des performances optimales dans des conditions difficiles comme les d\u00e9serts, les vents violents ou l&#039;humidit\u00e9.<\/p>\n<h2 data-v-md-heading=\"specifications\" data-v-md-line=\"20\">Caract\u00e9ristiques<\/h2>\n<ul data-v-md-line=\"21\">\n<li>M\u00e9canique (type de suivi, plage d&#039;inclinaison) : 2 axes ; azimut -120\u00b0~+120\u00b0, \u00e9l\u00e9vation 0\u00b0~60\u00b0<\/li>\n<li>M\u00e9canique (Mat\u00e9riau, dur\u00e9e de vie) : Acier Q235 de haute qualit\u00e9 avec galvanisation \u00e0 chaud ; &gt; 25 ans<\/li>\n<li>\u00c9lectrique (tension d&#039;entr\u00e9e, consommation \u00e9lectrique) : 24 V CC ; \u2264 0,5 kWh\/jour<\/li>\n<li>\u00c9lectrique (noyau de contr\u00f4le)\u00a0: MCU 32 bits<\/li>\n<li>\u00c9lectrique (type d&#039;actionneur) : actionneur lin\u00e9aire et entra\u00eenement pivotant<\/li>\n<li>Environnement (temp\u00e9rature de fonctionnement) : -40\u00b0C ~ +70\u00b0C<\/li>\n<li>Environnement (niveau de protection) : IP65<\/li>\n<li>Communications (protocole) : RS485-MODBUS ; options pour WiFi\/4G, int\u00e9gration SCADA<\/li>\n<li>Performance (pr\u00e9cision de suivi) : \u22641\u00b0<\/li>\n<li>S\u00e9curit\u00e9 et certifications : Protection intelligente contre le vent, la pluie et la neige ; anti-ombre\/anti-retournement<\/li>\n<li>Garantie et service\u00a0: (non sp\u00e9cifi\u00e9\u00a0; contactez-nous pour plus de d\u00e9tails)<\/li>\n<\/ul>\n<h2 data-v-md-heading=\"technical-support\" data-v-md-line=\"33\">Support technique<\/h2>\n<p data-v-md-line=\"34\">Nous fournissons un support technique complet, notamment des mod\u00e8les CAO, des fiches techniques et des sch\u00e9mas de c\u00e2blage : tout ce dont vous avez besoin pour garantir une int\u00e9gration transparente et un d\u00e9ploiement rapide.<\/p>\n<h2 data-v-md-heading=\"conclusion\" data-v-md-line=\"36\">Conclusion<\/h2>\n<p data-v-md-line=\"37\">Choisissez SolPath et investissez dans une technologie de suivi solaire \u00e9prouv\u00e9e, con\u00e7ue pour la durabilit\u00e9, une efficacit\u00e9 optimale et une fiabilit\u00e9 totale. Notre expertise contribuera \u00e0 la r\u00e9ussite durable de votre projet.<\/p>\n<p><script src=\"chrome-extension:\/\/fpelahbljekknahkcaegamhcndkfpfnc\/iFrame.js\" type=\"text\/javascript\"><\/script><\/p>\n<p><script src=\"chrome-extension:\/\/fpelahbljekknahkcaegamhcndkfpfnc\/iFrame.js\" type=\"text\/javascript\"><\/script><\/p>","protected":false},"excerpt":{"rendered":"<p>Exploitez pleinement la puissance solaire gr\u00e2ce \u00e0 notre tracker automatique \u00e0 2 axes. Des algorithmes intelligents, une protection contre les intemp\u00e9ries et une dur\u00e9e de vie de plus de 25 ans garantissent des performances et une durabilit\u00e9 optimales.<\/p>\n<p><script src=\"chrome-extension:\/\/fpelahbljekknahkcaegamhcndkfpfnc\/iFrame.js\" type=\"text\/javascript\"><\/script><\/p>\n<p><script src=\"chrome-extension:\/\/fpelahbljekknahkcaegamhcndkfpfnc\/iFrame.js\" type=\"text\/javascript\"><\/script><\/p>","protected":false},"featured_media":3573,"template":"","meta":{"_kad_post_transparent":"default","_kad_post_title":"","_kad_post_layout":"default","_kad_post_sidebar_id":"","_kad_post_content_style":"default","_kad_post_vertical_padding":"default","_kad_post_feature":"","_kad_post_feature_position":"","_kad_post_header":false,"_kad_post_footer":false,"_kad_post_classname":""},"product_brand":[707],"product_cat":[587,684,691,701],"product_tag":[756,718,712],"class_list":{"0":"post-3452","1":"product","2":"type-product","3":"status-publish","4":"has-post-thumbnail","6":"product_brand-solpath","7":"product_cat-solar-tracker-by-type","8":"product_cat-smart-tracker","9":"product_cat-solar-tracker-by-solutions","10":"product_cat-tracker-components","11":"product_tag-2-axis","12":"product_tag-automatic","13":"product_tag-solar-tracker","15":"first","16":"instock","17":"shipping-taxable","18":"product-type-simple","19":"entry","20":"content-bg","21":"loop-entry"},"_links":{"self":[{"href":"https:\/\/solartrackersystem.com\/fr\/wp-json\/wp\/v2\/product\/3452","targetHints":{"allow":["GET"]}}],"collection":[{"href":"https:\/\/solartrackersystem.com\/fr\/wp-json\/wp\/v2\/product"}],"about":[{"href":"https:\/\/solartrackersystem.com\/fr\/wp-json\/wp\/v2\/types\/product"}],"wp:featuredmedia":[{"embeddable":true,"href":"https:\/\/solartrackersystem.com\/fr\/wp-json\/wp\/v2\/media\/3573"}],"wp:attachment":[{"href":"https:\/\/solartrackersystem.com\/fr\/wp-json\/wp\/v2\/media?parent=3452"}],"wp:term":[{"taxonomy":"product_brand","embeddable":true,"href":"https:\/\/solartrackersystem.com\/fr\/wp-json\/wp\/v2\/product_brand?post=3452"},{"taxonomy":"product_cat","embeddable":true,"href":"https:\/\/solartrackersystem.com\/fr\/wp-json\/wp\/v2\/product_cat?post=3452"},{"taxonomy":"product_tag","embeddable":true,"href":"https:\/\/solartrackersystem.com\/fr\/wp-json\/wp\/v2\/product_tag?post=3452"}],"curies":[{"name":"wp","href":"https:\/\/api.w.org\/{rel}","templated":true}]}}