{"id":3451,"date":"2025-08-08T16:51:23","date_gmt":"2025-08-08T08:51:23","guid":{"rendered":"https:\/\/solartrackersystem.com\/?post_type=product&#038;p=3451"},"modified":"2025-09-08T20:51:55","modified_gmt":"2025-09-08T12:51:55","slug":"single-solar-tracker-controller-1-axis-solar-tracking-controller-kit","status":"publish","type":"product","link":"https:\/\/solartrackersystem.com\/fr\/single-solar-tracker-controller-1-axis-solar-tracking-controller-kit\/","title":{"rendered":"Single Solar tracker controller: 1-Axis Solar Tracking Controller Kit"},"content":{"rendered":"<p data-v-md-line=\"4\">Optimisez vos performances solaires gr\u00e2ce \u00e0 notre contr\u00f4leur de suivi solaire 1 axe innovant. B\u00e9n\u00e9ficiez d&#039;un suivi solaire intelligent qui optimise votre rendement photovolta\u00efque, tout en garantissant robustesse, fiabilit\u00e9 et contr\u00f4le par simple pression d&#039;un bouton, pour une installation et un fonctionnement faciles.<\/p>\n<h2 data-v-md-heading=\"features-and-benefits\" data-v-md-line=\"6\">Caract\u00e9ristiques et avantages<\/h2>\n<ul data-v-md-line=\"7\">\n<li>Formule de suivi intelligente et co\u00fbteuse : maximise la r\u00e9colte d&#039;\u00e9nergie solaire en alignant constamment vos panneaux avec le soleil, augmentant ainsi le rendement de votre investissement.<\/li>\n<li>Plage d&#039;angle personnalisable (\u00b1 50 \u00b0 \u00e0 \u00b1 60 \u00b0) : Adaptez votre suivi solaire aux exigences de la surface ou de la t\u00e2che et garantissez que chaque panneau fonctionne de mani\u00e8re id\u00e9ale.<\/li>\n<li>Ultra-haute pr\u00e9cision (\u2264 1\u00b0) : Profitez d&#039;un suivi remarquablement pr\u00e9cis, ce qui implique que vous exploitez chaque watt suppl\u00e9mentaire de votre syst\u00e8me.<\/li>\n<li>Robustesse robuste, protection IP65 : le contr\u00f4leur de pointe r\u00e9sistant aux intemp\u00e9ries \u00e9limine la poussi\u00e8re, la pluie et les probl\u00e8mes ext\u00e9rieurs extr\u00eames - m\u00eame \u00e0 des temp\u00e9ratures extr\u00eames de -30 \u00b0 C \u00e0 environ +70 \u00b0 C - afin que vous puissiez continuer \u00e0 produire de l&#039;\u00e9nergie tous les jours.<\/li>\n<li>Adaptation intelligente aux conditions m\u00e9t\u00e9orologiques : les fonctions int\u00e9gr\u00e9es de pr\u00e9vention du vent, de la pluie, de la neige et de l&#039;obscurit\u00e9 s\u00e9curisent votre syst\u00e8me dans tous les climats.<\/li>\n<li>Alternatives d&#039;alimentation \u00e9lectrique flexibles : faites fonctionner le contr\u00f4leur \u00e0 partir de la climatisation, d&#039;une alimentation CC ou de panneaux solaires ind\u00e9pendants avec batterie de secours au lithium, garantissant ainsi une disponibilit\u00e9 m\u00eame en cas de panne.<\/li>\n<li>Conception plug-and-play performante\u00a0: gagnez du temps et \u00e9vitez les configurations complexes. Vous serez op\u00e9rationnel beaucoup plus rapidement, gr\u00e2ce au suivi et \u00e0 la maintenance \u00e0 distance qui r\u00e9duisent les visites sur site et les frustrations.<\/li>\n<li>Connexion \u00e0 distance (RS485, LoRa, ZigBee, WiFi ou 4G) : surveillez, d\u00e9boguez et mettez \u00e0 niveau votre syst\u00e8me depuis n&#039;importe o\u00f9 en utilisant SCADA ou une application mobile - pas besoin d&#039;\u00eatre sur site.<\/li>\n<li>Capteur d&#039;angle 9 axes int\u00e9gr\u00e9 et unit\u00e9 de d\u00e9tection de vitesse du vent : fournit des commentaires de position en temps r\u00e9el et une protection robuste contre le vent pour une s\u00e9curit\u00e9 et un contr\u00f4le am\u00e9lior\u00e9s.<\/li>\n<li>Commandes fiables de l&#039;actionneur et de l&#039;entra\u00eenement d&#039;orientation : les modifications d&#039;\u00e9l\u00e9vation et d&#039;azimut sont g\u00e9r\u00e9es en douceur, garantissant une r\u00e9ponse exacte aux ajustements de l&#039;angle solaire.<\/li>\n<\/ul>\n<h2 data-v-md-heading=\"wide-applications\" data-v-md-line=\"18\">Applications larges<\/h2>\n<p data-v-md-line=\"19\">Ce contr\u00f4leur de suivi est con\u00e7u pour les installations solaires \u00e0 haut rendement\u00a0: centrales photovolta\u00efques industrielles, parcs au sol et syst\u00e8mes de toitures commerciales. Il est con\u00e7u pour les environnements o\u00f9 l&#039;optimisation de la production d&#039;\u00e9nergie est essentielle\u00a0: sites riches en \u00e9nergie solaire, terrains difficiles et r\u00e9gions soumises \u00e0 des conditions climatiques difficiles.<\/p>\n<h2 data-v-md-heading=\"specifications\" data-v-md-line=\"21\">Caract\u00e9ristiques<\/h2>\n<ul data-v-md-line=\"22\">\n<li>M\u00e9canique (Type de suivi, r\u00e9seau d&#039;angles, long\u00e9vit\u00e9) : Suivi 1 axe, \u00b1 50\u00b0 \u00e0 \u00b1 60\u00b0 personnalisable ; d\u00e9fense IP65 ; niveau de temp\u00e9rature de fonctionnement -30\u00b0C \u00e0 +70\u00b0C. -Electrique (Alimentation, secours) : CLIMATISATION (90-305V), DC (250-1500V), entr\u00e9e panneau solaire avec batterie de secours au lithium.<\/li>\n<li>Environnement (adaptation m\u00e9t\u00e9o) : d\u00e9fense intelligente contre le vent\/la pluie\/la neige\/l&#039;ombre, adapt\u00e9e aux environnements difficiles.<\/li>\n<li>Performance (Pr\u00e9cision de suivi) : \u2264 1\u00b0.<\/li>\n<li>Communications (Protocols, remote access): RS485, LoRa, ZigBee, WiFi, 4G; SCADA and mobile app compatibility.<\/li>\n<li>Features (Sensors): 9-axis angle sensor; wind rate sensor.<\/li>\n<li>Safety (Weather security): Strong wind defense; anti-shadow tracking.<\/li>\n<li>Installation (Ease of use): Plug-and-play controller unit for rapid arrangement.<\/li>\n<li>Optional bonus (Customizability): Slewing drive and linear actuator controls.<\/li>\n<li>Structure (Actuator specs): Integrated for smooth panel modification.<\/li>\n<\/ul>\n<h2 data-v-md-heading=\"technical-support\" data-v-md-line=\"32\">Support technique<\/h2>\n<p data-v-md-line=\"33\">We deliver every little thing you need \u2013 CAD documents, wiring diagrams, and datasheets \u2013 to ensure your integration goes smoothly. Our professionals are ready to help in the past, during, and after installation.<\/p>\n<h2 data-v-md-heading=\"conclusion\" data-v-md-line=\"35\">Conclusion<\/h2>\n<p data-v-md-line=\"36\">Pick SolPath for your solar tracking jobs and appreciate market-proven advancement, robust engineering, and customer-first solution \u2013 powering your PV financial investment with self-confidence and satisfaction.<\/p>\n<p><script src=\"chrome-extension:\/\/fpelahbljekknahkcaegamhcndkfpfnc\/iFrame.js\" type=\"text\/javascript\"><\/script><\/p>\n<p><script src=\"chrome-extension:\/\/fpelahbljekknahkcaegamhcndkfpfnc\/iFrame.js\" type=\"text\/javascript\"><\/script><\/p>","protected":false},"excerpt":{"rendered":"<p>Augmentez votre rendement photovolta\u00efque gr\u00e2ce \u00e0 notre tracker solaire mono-axe. Il offre un suivi solaire pr\u00e9cis et intelligent, une r\u00e9sistance IP65 et une t\u00e9l\u00e9commande facile pour une efficacit\u00e9 maximale.<\/p>\n<p><script src=\"chrome-extension:\/\/fpelahbljekknahkcaegamhcndkfpfnc\/iFrame.js\" type=\"text\/javascript\"><\/script><\/p>\n<p><script src=\"chrome-extension:\/\/fpelahbljekknahkcaegamhcndkfpfnc\/iFrame.js\" type=\"text\/javascript\"><\/script><\/p>\n<p><script src=\"chrome-extension:\/\/fpelahbljekknahkcaegamhcndkfpfnc\/iFrame.js\" type=\"text\/javascript\"><\/script><\/p>","protected":false},"featured_media":3637,"template":"","meta":{"_kad_post_transparent":"default","_kad_post_title":"","_kad_post_layout":"default","_kad_post_sidebar_id":"","_kad_post_content_style":"default","_kad_post_vertical_padding":"default","_kad_post_feature":"","_kad_post_feature_position":"","_kad_post_header":false,"_kad_post_footer":false,"_kad_post_classname":""},"product_brand":[707],"product_cat":[587,691,701],"product_tag":[738,754,709],"class_list":{"0":"post-3451","1":"product","2":"type-product","3":"status-publish","4":"has-post-thumbnail","6":"product_brand-solpath","7":"product_cat-solar-tracker-by-type","8":"product_cat-solar-tracker-by-solutions","9":"product_cat-tracker-components","10":"product_tag-1-axis","11":"product_tag-controller","12":"product_tag-solar-tracking","14":"first","15":"instock","16":"shipping-taxable","17":"product-type-simple","18":"entry","19":"content-bg","20":"loop-entry"},"_links":{"self":[{"href":"https:\/\/solartrackersystem.com\/fr\/wp-json\/wp\/v2\/product\/3451","targetHints":{"allow":["GET"]}}],"collection":[{"href":"https:\/\/solartrackersystem.com\/fr\/wp-json\/wp\/v2\/product"}],"about":[{"href":"https:\/\/solartrackersystem.com\/fr\/wp-json\/wp\/v2\/types\/product"}],"wp:featuredmedia":[{"embeddable":true,"href":"https:\/\/solartrackersystem.com\/fr\/wp-json\/wp\/v2\/media\/3637"}],"wp:attachment":[{"href":"https:\/\/solartrackersystem.com\/fr\/wp-json\/wp\/v2\/media?parent=3451"}],"wp:term":[{"taxonomy":"product_brand","embeddable":true,"href":"https:\/\/solartrackersystem.com\/fr\/wp-json\/wp\/v2\/product_brand?post=3451"},{"taxonomy":"product_cat","embeddable":true,"href":"https:\/\/solartrackersystem.com\/fr\/wp-json\/wp\/v2\/product_cat?post=3451"},{"taxonomy":"product_tag","embeddable":true,"href":"https:\/\/solartrackersystem.com\/fr\/wp-json\/wp\/v2\/product_tag?post=3451"}],"curies":[{"name":"wp","href":"https:\/\/api.w.org\/{rel}","templated":true}]}}