{"id":3450,"date":"2025-08-08T16:51:22","date_gmt":"2025-08-08T08:51:22","guid":{"rendered":"https:\/\/solartrackersystem.com\/?post_type=product&#038;p=3450"},"modified":"2025-09-08T20:51:38","modified_gmt":"2025-09-08T12:51:38","slug":"dual-solar-tracker-controller-smart-dual-axis-tracker-controller","status":"publish","type":"product","link":"https:\/\/solartrackersystem.com\/fr\/dual-solar-tracker-controller-smart-dual-axis-tracker-controller\/","title":{"rendered":"Dual Solar tracker controller: Smart Dual Axis Tracker Controller"},"content":{"rendered":"<p data-v-md-line=\"4\">Augmentez votre rendement solaire gr\u00e2ce \u00e0 un contr\u00f4leur intelligent \u00e0 deux axes, con\u00e7u pour maintenir vos panneaux parfaitement positionn\u00e9s, jour apr\u00e8s jour. Avec SolPath, vous optimisez automatiquement votre efficacit\u00e9.<\/p>\n<h2 data-v-md-heading=\"features-and-benefits\" data-v-md-line=\"6\">Caract\u00e9ristiques et avantages<\/h2>\n<ul data-v-md-line=\"7\">\n<li>Formule astronomique : calcule la trajectoire de la lumi\u00e8re du soleil en utilisant la longitude et la latitude exactes de votre site Web pour un suivi en temps r\u00e9el, ce qui signifie que vous captez constamment la journ\u00e9e compl\u00e8te.<\/li>\n<li>Suivi automatique : \u00c9met des commandes d&#039;activit\u00e9 exactes \u00e0 vos panneaux photovolta\u00efques afin qu&#039;ils restent fix\u00e9s au soleil du lever au coucher du soleil.<\/li>\n<li>Formule de retour en arri\u00e8re : emp\u00eache le retour en arri\u00e8re entre les panneaux, vous offrant ainsi une augmentation \u00e9prouv\u00e9e de la production d&#039;\u00e9nergie.<\/li>\n<li>Style robuste : Fabriqu\u00e9 en acier Q235 galvanis\u00e9 \u00e0 chaud, ce contr\u00f4leur ne craint pas la rouille et les intemp\u00e9ries extr\u00eames pour une dur\u00e9e de vie de plus de 25 ans.<\/li>\n<li>Flexibilit\u00e9 par tous les temps : la protection int\u00e9gr\u00e9e contre le vent, la pluie et la neige passe automatiquement en mode sans \u00e9chec, pr\u00e9servant ainsi la s\u00e9curit\u00e9 de votre investissement financier.<\/li>\n<li>Protection IP65 : \u00e9tanche \u00e0 la salet\u00e9 et \u00e0 l&#039;eau, vous b\u00e9n\u00e9ficierez d&#039;un fonctionnement fiable m\u00eame dans les atmosph\u00e8res ext\u00e9rieures les plus difficiles.<\/li>\n<li>Haute pr\u00e9cision : Suivi avec une pr\u00e9cision \u2264 1\u00b0 ; vous obtenez un placement id\u00e9al du soleil et une puissance \u00e9lectrique plus \u00e9lev\u00e9e.<\/li>\n<li>Surveillance et contr\u00f4le \u00e0 distance : int\u00e9gr\u00e9 avec RS485-MODBUS et 4G\/Wi-Fi en option, vous pouvez ainsi ajuster les param\u00e8tres, d\u00e9boguer ou mettre \u00e0 niveau le logiciel sans fil - aucune navigation sur le site n&#039;est requise.<\/li>\n<li>Retour d&#039;angle et protection des donn\u00e9es : le contr\u00f4le en boucle ferm\u00e9e en temps r\u00e9el garantit qu&#039;aucun mouvement n&#039;est manqu\u00e9 ; la r\u00e9cup\u00e9ration automatique des donn\u00e9es prolonge le temps de fonctionnement en cas d&#039;impr\u00e9vu.<\/li>\n<li>Mises \u00e0 niveau sans fil : les mises \u00e0 jour d&#039;applications logicielles OTA en un clic et le d\u00e9bogage \u00e0 distance am\u00e9liorent la maintenance et l&#039;optimisation du syst\u00e8me.<\/li>\n<\/ul>\n<h2 data-v-md-heading=\"wide-applications\" data-v-md-line=\"18\">Applications larges<\/h2>\n<p data-v-md-line=\"19\">Ce contr\u00f4leur de suivi intelligent est id\u00e9al pour les centrales photovolta\u00efques industrielles, les grandes toitures solaires commerciales, les fermes solaires au sol et les syst\u00e8mes agrivolta\u00efques. Que votre site soit confront\u00e9 \u00e0 des temp\u00eates de sable, des vents violents ou une surface variable, notre technologie moderne vous permet d&#039;avancer.<\/p>\n<h2 data-v-md-heading=\"specifications\" data-v-md-line=\"21\">Caract\u00e9ristiques<\/h2>\n<ul data-v-md-line=\"22\">\n<li>M\u00e9canique (type de suivi, capacit\u00e9 de tonnage, trajectoire vent\/neige, mesures, poids, mat\u00e9riau, dur\u00e9e de vie)<\/li>\n<li>Plage de suivi : Azimut -120 \u00b0 \u00e0 +120 \u00b0, \u00c9l\u00e9vation 0 \u00b0<br \/>\njusqu&#039;\u00e0 60 \u00b0<\/li>\n<li>Mat\u00e9riau : acier Q235, galvanis\u00e9 \u00e0 chaud.<\/li>\n<li>Dur\u00e9e de vie pr\u00e9vue : &gt; 25 ans.<\/li>\n<li>\u00c9lectrique (type et puissance du moteur, consommation \u00e9lectrique, vari\u00e9t\u00e9 de tension, vari\u00e9t\u00e9 d&#039;inclinaison, vitesse de suivi, augmentation du rendement)<\/li>\n<li>Tension d&#039;entr\u00e9e : A\/C 220 V, 50\/60 Hz.<\/li>\n<li>Consommation \u00e9lectrique : \u2264 0,5 kWh\/jour.<\/li>\n<li>Environnement (temp\u00e9rature de fonctionnement, indice IP, r\u00e9sistance \u00e0 l&#039;humidit\u00e9, aux UV et \u00e0 la d\u00e9t\u00e9rioration)<\/li>\n<li>Temp\u00e9rature de fonctionnement : -40 \u00b0 C ~ +70 \u00b0 C.- Niveau de protection : IP65 (\u00e9tanche \u00e0 la poussi\u00e8re, r\u00e9sistant \u00e0 l&#039;eau).<\/li>\n<li>Performances (augmentation d&#039;\u00e9nergie par rapport \u00e0 fixe, MTBF, fiabilit\u00e9 (% de disponibilit\u00e9), param\u00e8tres d\u00e9faillants)<\/li>\n<li>Pr\u00e9cision de suivi : \u2264 1 \u00b0.<\/li>\n<li>Communications (protocoles, d\u00e9bogage \u00e0 distance, mise \u00e0 niveau OTA, acc\u00e8s API)<\/li>\n<li>RS485-MODBUS, 4G\/WiFi en option ; mises \u00e0 niveau \u00e0 distance, positionnement GPS.<\/li>\n<li>S\u00e9curit\u00e9 et certifications (crit\u00e8res IEC, CE\/UL\/ROHS, verrouillages de s\u00e9curit\u00e9, protection contre la foudre)<\/li>\n<li>D\u00e9fense automatique contre le vent, r\u00e9sistance aux chocs.<\/li>\n<li>Garantie et service (p\u00e9riode de garantie, garantie de performance, kit de pi\u00e8ces de rechange, formation, accords de solution)<\/li>\n<li>Dur\u00e9e de vie pr\u00e9vue : &gt; 25 ans.<\/li>\n<li>Options suppl\u00e9mentaires (supports, kits de fondation, batterie de secours, robot de nettoyage, parafoudres)<\/li>\n<li>Syst\u00e8me de retour d&#039;angle, mises \u00e0 niveau sans fil.<\/li>\n<\/ul>\n<h2 data-v-md-heading=\"technical-support\" data-v-md-line=\"42\">Support technique<\/h2>\n<p data-v-md-line=\"43\">Nous fournissons une assistance technologique compl\u00e8te \u2013 y compris des conceptions CAO, des fiches techniques et des sch\u00e9mas de circuits \u2013 pour vous aider \u00e0 int\u00e9grer efficacement votre contr\u00f4leur et \u00e0 maintenir votre syst\u00e8me \u00e0 son meilleur niveau.<\/p>\n<h2 data-v-md-heading=\"conclusion\" data-v-md-line=\"45\">Conclusion<\/h2>\n<p data-v-md-line=\"46\">Choisissez SolPath pour un suivi solaire qui fonctionne aussi dur que vous \u2013 offrant un contr\u00f4le intelligent, une fiabilit\u00e9 sans faille et une technologie pr\u00eate pour l&#039;avenir l\u00e0 o\u00f9 vous en avez besoin.<\/p>\n<p><script src=\"chrome-extension:\/\/fpelahbljekknahkcaegamhcndkfpfnc\/iFrame.js\" type=\"text\/javascript\"><\/script><\/p>\n<p><script src=\"chrome-extension:\/\/fpelahbljekknahkcaegamhcndkfpfnc\/iFrame.js\" type=\"text\/javascript\"><\/script><\/p>\n<p><script src=\"chrome-extension:\/\/fpelahbljekknahkcaegamhcndkfpfnc\/iFrame.js\" type=\"text\/javascript\"><\/script><\/p>\n<p><script src=\"chrome-extension:\/\/fpelahbljekknahkcaegamhcndkfpfnc\/iFrame.js\" type=\"text\/javascript\"><\/script><\/p>","protected":false},"excerpt":{"rendered":"<p>Optimisez votre rendement solaire gr\u00e2ce \u00e0 notre tracker intelligent \u00e0 deux axes. Il positionne automatiquement les panneaux pour une efficacit\u00e9 optimale du lever au coucher du soleil.<\/p>\n<p><script src=\"chrome-extension:\/\/fpelahbljekknahkcaegamhcndkfpfnc\/iFrame.js\" type=\"text\/javascript\"><\/script><\/p>\n<p><script src=\"chrome-extension:\/\/fpelahbljekknahkcaegamhcndkfpfnc\/iFrame.js\" type=\"text\/javascript\"><\/script><\/p>\n<p><script src=\"chrome-extension:\/\/fpelahbljekknahkcaegamhcndkfpfnc\/iFrame.js\" type=\"text\/javascript\"><\/script><\/p>\n<p><script src=\"chrome-extension:\/\/fpelahbljekknahkcaegamhcndkfpfnc\/iFrame.js\" type=\"text\/javascript\"><\/script><\/p>","protected":false},"featured_media":3589,"template":"","meta":{"_kad_post_transparent":"default","_kad_post_title":"","_kad_post_layout":"default","_kad_post_sidebar_id":"","_kad_post_content_style":"default","_kad_post_vertical_padding":"default","_kad_post_feature":"","_kad_post_feature_position":"","_kad_post_header":false,"_kad_post_footer":false,"_kad_post_classname":""},"product_brand":[707],"product_cat":[587,684,691,701],"product_tag":[711,728,755],"class_list":{"0":"post-3450","1":"product","2":"type-product","3":"status-publish","4":"has-post-thumbnail","6":"product_brand-solpath","7":"product_cat-solar-tracker-by-type","8":"product_cat-smart-tracker","9":"product_cat-solar-tracker-by-solutions","10":"product_cat-tracker-components","11":"product_tag-dual-axis","12":"product_tag-smart","13":"product_tag-tracker-controller","15":"first","16":"instock","17":"shipping-taxable","18":"product-type-simple","19":"entry","20":"content-bg","21":"loop-entry"},"_links":{"self":[{"href":"https:\/\/solartrackersystem.com\/fr\/wp-json\/wp\/v2\/product\/3450","targetHints":{"allow":["GET"]}}],"collection":[{"href":"https:\/\/solartrackersystem.com\/fr\/wp-json\/wp\/v2\/product"}],"about":[{"href":"https:\/\/solartrackersystem.com\/fr\/wp-json\/wp\/v2\/types\/product"}],"wp:featuredmedia":[{"embeddable":true,"href":"https:\/\/solartrackersystem.com\/fr\/wp-json\/wp\/v2\/media\/3589"}],"wp:attachment":[{"href":"https:\/\/solartrackersystem.com\/fr\/wp-json\/wp\/v2\/media?parent=3450"}],"wp:term":[{"taxonomy":"product_brand","embeddable":true,"href":"https:\/\/solartrackersystem.com\/fr\/wp-json\/wp\/v2\/product_brand?post=3450"},{"taxonomy":"product_cat","embeddable":true,"href":"https:\/\/solartrackersystem.com\/fr\/wp-json\/wp\/v2\/product_cat?post=3450"},{"taxonomy":"product_tag","embeddable":true,"href":"https:\/\/solartrackersystem.com\/fr\/wp-json\/wp\/v2\/product_tag?post=3450"}],"curies":[{"name":"wp","href":"https:\/\/api.w.org\/{rel}","templated":true}]}}