{"id":3447,"date":"2025-08-08T16:47:48","date_gmt":"2025-08-08T08:47:48","guid":{"rendered":"https:\/\/solartrackersystem.com\/?post_type=product&#038;p=3447"},"modified":"2025-09-08T21:01:59","modified_gmt":"2025-09-08T13:01:59","slug":"horizontal-single-axis-72p-72-panel-utility-solar-tracker","status":"publish","type":"product","link":"https:\/\/solartrackersystem.com\/fr\/horizontal-single-axis-72p-72-panel-utility-solar-tracker\/","title":{"rendered":"Horizontal Single Axis-72P: 72-Panel Utility Solar Tracker"},"content":{"rendered":"<p data-v-md-line=\"4\">B\u00e9n\u00e9ficiez de rendements \u00e9nerg\u00e9tiques plus \u00e9lev\u00e9s et d&#039;une fiabilit\u00e9 durable pour votre installation solaire \u00e0 grande \u00e9chelle gr\u00e2ce \u00e0 notre tracker solaire horizontal \u00e0 axe unique 72P. Si vous d\u00e9veloppez votre production d&#039;\u00e9nergie propre, ce syst\u00e8me offre \u00e0 votre parc de 72 panneaux la robustesse et les hautes performances dont vous avez besoin.<\/p>\n<h2 data-v-md-heading=\"features-and-benefits\" data-v-md-line=\"6\">Caract\u00e9ristiques et avantages<\/h2>\n<ul data-v-md-line=\"7\">\n<li>Cadre en acier robuste : Fabriqu\u00e9 en acier Q235 et galvanis\u00e9 \u00e0 chaud, la construction durable du tracker r\u00e9siste \u00e0 la d\u00e9t\u00e9rioration et s&#039;attaque \u00e0 de graves probl\u00e8mes ext\u00e9rieurs au fil des d\u00e9cennies de proc\u00e9dure.<\/li>\n<li>Capacit\u00e9 \u00e0 grande \u00e9chelle : Con\u00e7u pour accueillir 72 panneaux, ce tracker solaire am\u00e9liore l&#039;installation, minimise l&#039;utilisation du terrain et augmente les r\u00e9sultats des grandes t\u00e2ches PV.<\/li>\n<li>Surface de support extra large : avec une surface de montage de 118 \u00e0 140 m\u00b2, vous b\u00e9n\u00e9ficiez d&#039;options de conception adaptables pour les modules solaires haute puissance contemporains.<\/li>\n<li>Longue dur\u00e9e de vie : Con\u00e7u pour une dur\u00e9e de vie de 25 ans ou plus, vous aidant \u00e0 obtenir des rendements fiables et de faibles d\u00e9penses d&#039;entretien.<\/li>\n<li>Support de charge utile important : une capacit\u00e9 de poids \u00e0 partir de 2 000 kg assure un support solide pour les panneaux de haute puissance sans compromis.<\/li>\n<\/ul>\n<h2 data-v-md-heading=\"wide-applications\" data-v-md-line=\"13\">Applications larges<\/h2>\n<p data-v-md-line=\"14\">Ce tracker solaire s&#039;int\u00e8gre parfaitement aux parcs solaires de grande capacit\u00e9, aux sites commerciaux et industriels au sol, et aux terrains o\u00f9 l&#039;optimisation du sol et de l&#039;ensoleillement est essentielle. Vous pouvez compter sur lui pour un fonctionnement fiable lors d&#039;installations de grande capacit\u00e9.<\/p>\n<h2 data-v-md-heading=\"specifications\" data-v-md-line=\"16\">Caract\u00e9ristiques<\/h2>\n<ul data-v-md-line=\"17\">\n<li>M\u00e9canique (type de suivi, capacit\u00e9 de charge, classe de vent\/neige, dimensions, poids, mat\u00e9riau, dur\u00e9e de vie des roulements)<\/li>\n<li>Nombre de modules : 72 panneaux.<\/li>\n<li>Taille du module : 1650 \u00d7 992 mm ou 1956 \u00d7 992 mm.<\/li>\n<li>Superficie du support : 118 \u2013 140 m\u00b2.<\/li>\n<li>Mat\u00e9riau : acier Q235.<\/li>\n<li>Poids : \u2265 2000 kg.<\/li>\n<li>Dur\u00e9e de vie pr\u00e9vue : \u2265 25 ans.<\/li>\n<li>\u00c9lectrique (type et puissance du moteur, consommation d&#039;\u00e9nergie, vari\u00e9t\u00e9 de tension, vari\u00e9t\u00e9 d&#039;inclinaison, vitesse de suivi, augmentation de rendement)<\/li>\n<li>Puissance du module : 250 \u2013 300 W par panneau.<\/li>\n<li>Environnement (temp\u00e9rature de fonctionnement, indice IP, r\u00e9sistance \u00e0 l&#039;humidit\u00e9, aux UV et \u00e0 la d\u00e9t\u00e9rioration)<\/li>\n<li>Anti-corrosion : Galvanisation \u00e0 chaud.<\/li>\n<li>Garantie et service (dur\u00e9e de la garantie, garantie de performance, kit de pi\u00e8ces de rechange, formation, contrats de service)<\/li>\n<li>Paquet : Film \u00e0 bulles.<\/li>\n<\/ul>\n<h2 data-v-md-heading=\"technical-support\" data-v-md-line=\"31\">Support technique<\/h2>\n<p data-v-md-line=\"32\">Nous vous fournissons un support technologique complet \u2013 compos\u00e9 de versions CAO, de fiches techniques et de sch\u00e9mas de circuits \u2013 afin que votre travail s&#039;int\u00e8gre parfaitement tout au long du projet.<\/p>\n<h2 data-v-md-heading=\"conclusion\" data-v-md-line=\"34\">Conclusion<\/h2>\n<p data-v-md-line=\"35\">En choisissant SolPath, vous achetez des innovations de suivi solaire con\u00e7ues pour une valeur, des performances et une int\u00e9grit\u00e9 durables. Laissez-nous vous aider \u00e0 concr\u00e9tiser votre projet d&#039;installation solaire.<\/p>\n<p><script src=\"chrome-extension:\/\/fpelahbljekknahkcaegamhcndkfpfnc\/iFrame.js\" type=\"text\/javascript\"><\/script><\/p>\n<p><script src=\"chrome-extension:\/\/fpelahbljekknahkcaegamhcndkfpfnc\/iFrame.js\" type=\"text\/javascript\"><\/script><\/p>\n<p><script src=\"chrome-extension:\/\/fpelahbljekknahkcaegamhcndkfpfnc\/iFrame.js\" type=\"text\/javascript\"><\/script><\/p>\n<p><script src=\"chrome-extension:\/\/fpelahbljekknahkcaegamhcndkfpfnc\/iFrame.js\" type=\"text\/javascript\"><\/script><\/p>","protected":false},"excerpt":{"rendered":"<p>Optimisez votre rendement \u00e9nerg\u00e9tique avec le syst\u00e8me de suivi de r\u00e9seau \u00e9lectrique horizontal \u00e0 axe unique 72P. Ce robuste syst\u00e8me de suivi de r\u00e9seau \u00e9lectrique \u00e0 72 panneaux garantit des performances fiables et \u00e9lev\u00e9es pendant plus de 25 ans.<\/p>\n<p><script src=\"chrome-extension:\/\/fpelahbljekknahkcaegamhcndkfpfnc\/iFrame.js\" type=\"text\/javascript\"><\/script><\/p>\n<p><script src=\"chrome-extension:\/\/fpelahbljekknahkcaegamhcndkfpfnc\/iFrame.js\" type=\"text\/javascript\"><\/script><\/p>\n<p><script src=\"chrome-extension:\/\/fpelahbljekknahkcaegamhcndkfpfnc\/iFrame.js\" type=\"text\/javascript\"><\/script><\/p>\n<p><script src=\"chrome-extension:\/\/fpelahbljekknahkcaegamhcndkfpfnc\/iFrame.js\" type=\"text\/javascript\"><\/script><\/p>","protected":false},"featured_media":3525,"template":"","meta":{"_kad_post_transparent":"default","_kad_post_title":"","_kad_post_layout":"default","_kad_post_sidebar_id":"","_kad_post_content_style":"default","_kad_post_vertical_padding":"default","_kad_post_feature":"","_kad_post_feature_position":"","_kad_post_header":false,"_kad_post_footer":false,"_kad_post_classname":""},"product_brand":[707],"product_cat":[587,697,685,692,686,702,688,680,684,691,694],"product_tag":[744,712,752],"class_list":{"0":"post-3447","1":"product","2":"type-product","3":"status-publish","4":"has-post-thumbnail","6":"product_brand-solpath","7":"product_cat-solar-tracker-by-type","8":"product_cat-agricultural-tracker","9":"product_cat-gps-tracker","10":"product_cat-ground-mount-tracker","11":"product_cat-hydraulic-tracker","12":"product_cat-installation-maintenance","13":"product_cat-linear-actuator-tracker","14":"product_cat-single-axis-tracker","15":"product_cat-smart-tracker","16":"product_cat-solar-tracker-by-solutions","17":"product_cat-utility-scale-tracker","18":"product_tag-72-panel","19":"product_tag-solar-tracker","20":"product_tag-utility","22":"first","23":"instock","24":"shipping-taxable","25":"product-type-simple","26":"entry","27":"content-bg","28":"loop-entry"},"_links":{"self":[{"href":"https:\/\/solartrackersystem.com\/fr\/wp-json\/wp\/v2\/product\/3447","targetHints":{"allow":["GET"]}}],"collection":[{"href":"https:\/\/solartrackersystem.com\/fr\/wp-json\/wp\/v2\/product"}],"about":[{"href":"https:\/\/solartrackersystem.com\/fr\/wp-json\/wp\/v2\/types\/product"}],"wp:featuredmedia":[{"embeddable":true,"href":"https:\/\/solartrackersystem.com\/fr\/wp-json\/wp\/v2\/media\/3525"}],"wp:attachment":[{"href":"https:\/\/solartrackersystem.com\/fr\/wp-json\/wp\/v2\/media?parent=3447"}],"wp:term":[{"taxonomy":"product_brand","embeddable":true,"href":"https:\/\/solartrackersystem.com\/fr\/wp-json\/wp\/v2\/product_brand?post=3447"},{"taxonomy":"product_cat","embeddable":true,"href":"https:\/\/solartrackersystem.com\/fr\/wp-json\/wp\/v2\/product_cat?post=3447"},{"taxonomy":"product_tag","embeddable":true,"href":"https:\/\/solartrackersystem.com\/fr\/wp-json\/wp\/v2\/product_tag?post=3447"}],"curies":[{"name":"wp","href":"https:\/\/api.w.org\/{rel}","templated":true}]}}