{"id":3446,"date":"2025-08-08T16:47:47","date_gmt":"2025-08-08T08:47:47","guid":{"rendered":"https:\/\/solartrackersystem.com\/?post_type=product&#038;p=3446"},"modified":"2025-09-08T21:02:21","modified_gmt":"2025-09-08T13:02:21","slug":"single-axis-64p-64-panel-commercial-pv-tracking-rack","status":"publish","type":"product","link":"https:\/\/solartrackersystem.com\/fr\/single-axis-64p-64-panel-commercial-pv-tracking-rack\/","title":{"rendered":"Single Axis-64P: 64-Panel Commercial PV Tracking Rack"},"content":{"rendered":"<p data-v-md-line=\"4\">B\u00e9n\u00e9ficiez d&#039;un rendement sup\u00e9rieur et d&#039;une durabilit\u00e9 sup\u00e9rieure pour vos projets solaires commerciaux gr\u00e2ce au Single Axis-64P\u00a0: un rack de suivi photovolta\u00efque con\u00e7u pour optimiser l&#039;efficacit\u00e9, simplifier l&#039;installation et r\u00e9sister aux conditions ext\u00e9rieures extr\u00eames. D\u00e9velopp\u00e9 pour les configurations \u00e0 64\u00a0panneaux, ce service vous offre une efficacit\u00e9 et une int\u00e9grit\u00e9 accrues.<\/p>\n<h2 data-v-md-heading=\"features-and-benefits\" data-v-md-line=\"6\">Caract\u00e9ristiques et avantages<\/h2>\n<ul data-v-md-line=\"7\">\n<li>Conception robuste : Con\u00e7u en acier Q235 avec galvanisation \u00e0 chaud pour offrir une r\u00e9sistance exceptionnelle \u00e0 la d\u00e9t\u00e9rioration et une dur\u00e9e de vie de plus de 25 ans, \u00e9galement dans des environnements populaires.<\/li>\n<li>Productivit\u00e9 maximale du syst\u00e8me : peut accueillir 64 panneaux par rack pour r\u00e9duire les d\u00e9penses d&#039;utilisation du terrain et de structure, alimentant les s\u00e9lections solaires commerciales \u00e0 leur pleine capacit\u00e9.<\/li>\n<li>Configuration flexible : prend en charge de nombreuses dimensions de modules PV commerciaux (1650 \u00d7 992 mm ou 1956 \u00d7 992 mm, 250 \u2013 300 W) pour une combinaison simplifi\u00e9e dans des besoins de projet vari\u00e9s.<\/li>\n<li>Construction robuste : Avec un emplacement de support allant jusqu&#039;\u00e0 125 m2 et un poids du syst\u00e8me d\u00e9passant 2200 kg, ce tracker est d\u00e9velopp\u00e9 pour offrir stabilit\u00e9 et r\u00e9sistance \u00e9lev\u00e9e au vent, afin que votre parc solaire continue de fonctionner, qu&#039;il pleuve ou qu&#039;il fasse beau.<\/li>\n<li>Manipulation et installation faciles : livr\u00e9 avec un film \u00e0 bulles de s\u00e9curit\u00e9, votre investissement est donc pr\u00eat pour une installation simple et des retards sur site r\u00e9duits.<\/li>\n<\/ul>\n<h2 data-v-md-heading=\"wide-applications\" data-v-md-line=\"13\">Applications larges<\/h2>\n<p data-v-md-line=\"14\">Ce tracker solaire est id\u00e9al pour le suivi photovolta\u00efque commercial des installations au sol \u00e0 grande \u00e9chelle, des toitures C&amp;I et de toute application n\u00e9cessitant une exploitation optimale du terrain et une disponibilit\u00e9 optimale du syst\u00e8me. Il excelle sur les sites vastes, difficiles ou fortement expos\u00e9s, n\u00e9cessitant des appareils robustes et durables.<\/p>\n<h2 data-v-md-heading=\"specifications\" data-v-md-line=\"16\">Caract\u00e9ristiques<\/h2>\n<ul data-v-md-line=\"17\">\n<li>M\u00e9canique (type de suivi, capacit\u00e9 des lots, classe de vent\/neige, dimensions, poids, produit, dur\u00e9e de vie) : axe unique ; 64 panneaux ; emplacement des supports 105 \u2013 125 m DEUX ; taille du module 1650 \u00d7 992 mm ou 1956 \u00d7 992 mm ; poids \u2265 2200 kg ; acier Q235, galvanisation \u00e0 chaud ; dur\u00e9e de vie nominale \u2265 25 ans.<\/li>\n<li>\u00c9lectrique (type de module, puissance des composants) : Prend en charge les modules PV commerciaux, 250 \u00e0 300 W par panneau.<\/li>\n<li>Environnement (Anti-corrosion, emballage) : Galvanisation \u00e0 chaud ; fourni sous film \u00e0 bulles pour protection.<\/li>\n<li>Garantie et service (dur\u00e9e de vie pr\u00e9vue) : \u2265 25 ans.<\/li>\n<\/ul>\n<h2 data-v-md-heading=\"technical-support\" data-v-md-line=\"22\">Support technique<\/h2>\n<p data-v-md-line=\"23\">Nous fournissons une assistance technologique compl\u00e8te, compos\u00e9e de versions CAO, de fiches techniques et de repr\u00e9sentations de c\u00e2blage \u00e9lectrique pour garantir une assimilation fluide dans votre projet.<\/p>\n<h2 data-v-md-heading=\"conclusion\" data-v-md-line=\"25\">Conclusion<\/h2>\n<p data-v-md-line=\"26\">Choisir SolPath signifie que vous choisissez une qualit\u00e9, une technologie et une int\u00e9grit\u00e9 de pointe sur le march\u00e9.<\/p>\n<p><script src=\"chrome-extension:\/\/fpelahbljekknahkcaegamhcndkfpfnc\/iFrame.js\" type=\"text\/javascript\"><\/script><\/p>\n<p><script src=\"chrome-extension:\/\/fpelahbljekknahkcaegamhcndkfpfnc\/iFrame.js\" type=\"text\/javascript\"><\/script><\/p>","protected":false},"excerpt":{"rendered":"<p>Optimisez le rendement de votre projet solaire avec le Single Axis-64P. Ce rack de suivi commercial robuste de 64 panneaux offre une dur\u00e9e de vie de plus de 25 ans.<\/p>\n<p><script src=\"chrome-extension:\/\/fpelahbljekknahkcaegamhcndkfpfnc\/iFrame.js\" type=\"text\/javascript\"><\/script><\/p>\n<p><script src=\"chrome-extension:\/\/fpelahbljekknahkcaegamhcndkfpfnc\/iFrame.js\" type=\"text\/javascript\"><\/script><\/p>","protected":false},"featured_media":3524,"template":"","meta":{"_kad_post_transparent":"default","_kad_post_title":"","_kad_post_layout":"default","_kad_post_sidebar_id":"","_kad_post_content_style":"default","_kad_post_vertical_padding":"default","_kad_post_feature":"","_kad_post_feature_position":"","_kad_post_header":false,"_kad_post_footer":false,"_kad_post_classname":""},"product_brand":[707],"product_cat":[587,697,695,692,686,702,688,687,680,684,691,694],"product_tag":[742,726,733],"class_list":{"0":"post-3446","1":"product","2":"type-product","3":"status-publish","4":"has-post-thumbnail","6":"product_brand-solpath","7":"product_cat-solar-tracker-by-type","8":"product_cat-agricultural-tracker","9":"product_cat-commercial-tracker","10":"product_cat-ground-mount-tracker","11":"product_cat-hydraulic-tracker","12":"product_cat-installation-maintenance","13":"product_cat-linear-actuator-tracker","14":"product_cat-mechanical-tracker","15":"product_cat-single-axis-tracker","16":"product_cat-smart-tracker","17":"product_cat-solar-tracker-by-solutions","18":"product_cat-utility-scale-tracker","19":"product_tag-64-panel","20":"product_tag-commercial","21":"product_tag-pv-tracking","23":"first","24":"instock","25":"shipping-taxable","26":"product-type-simple","27":"entry","28":"content-bg","29":"loop-entry"},"_links":{"self":[{"href":"https:\/\/solartrackersystem.com\/fr\/wp-json\/wp\/v2\/product\/3446","targetHints":{"allow":["GET"]}}],"collection":[{"href":"https:\/\/solartrackersystem.com\/fr\/wp-json\/wp\/v2\/product"}],"about":[{"href":"https:\/\/solartrackersystem.com\/fr\/wp-json\/wp\/v2\/types\/product"}],"wp:featuredmedia":[{"embeddable":true,"href":"https:\/\/solartrackersystem.com\/fr\/wp-json\/wp\/v2\/media\/3524"}],"wp:attachment":[{"href":"https:\/\/solartrackersystem.com\/fr\/wp-json\/wp\/v2\/media?parent=3446"}],"wp:term":[{"taxonomy":"product_brand","embeddable":true,"href":"https:\/\/solartrackersystem.com\/fr\/wp-json\/wp\/v2\/product_brand?post=3446"},{"taxonomy":"product_cat","embeddable":true,"href":"https:\/\/solartrackersystem.com\/fr\/wp-json\/wp\/v2\/product_cat?post=3446"},{"taxonomy":"product_tag","embeddable":true,"href":"https:\/\/solartrackersystem.com\/fr\/wp-json\/wp\/v2\/product_tag?post=3446"}],"curies":[{"name":"wp","href":"https:\/\/api.w.org\/{rel}","templated":true}]}}