{"id":3445,"date":"2025-08-08T16:47:46","date_gmt":"2025-08-08T08:47:46","guid":{"rendered":"https:\/\/solartrackersystem.com\/?post_type=product&#038;p=3445"},"modified":"2025-09-08T20:49:18","modified_gmt":"2025-09-08T12:49:18","slug":"dual-axis-40p-40-panel-heavy-duty-2-axis-tracker","status":"publish","type":"product","link":"https:\/\/solartrackersystem.com\/fr\/dual-axis-40p-40-panel-heavy-duty-2-axis-tracker\/","title":{"rendered":"Dual Axis-40P\u00a0: Tracker 2 axes robuste \u00e0 40 panneaux"},"content":{"rendered":"<p data-v-md-line=\"4\">Obtenez jusqu&#039;\u00e0 40 % d&#039;\u00e9nergie suppl\u00e9mentaire par rayon de soleil gr\u00e2ce au tracker 2 axes robuste Dual Axis-40P. D\u00e9velopp\u00e9 pour les travaux n\u00e9cessitant des panneaux solaires, ce syst\u00e8me sophistiqu\u00e9 maintient votre gamme de 40 panneaux parfaitement align\u00e9e avec le soleil, pour un rendement accru et un retour sur investissement plus rapide, le tout avec une fiabilit\u00e9 \u00e9prouv\u00e9e.<\/p>\n<h2 data-v-md-heading=\"features-and-benefits\" data-v-md-line=\"6\">Caract\u00e9ristiques et avantages<\/h2>\n<ul data-v-md-line=\"7\">\n<li>Construction robuste : Fabriqu\u00e9 en acier Q235 de qualit\u00e9 sup\u00e9rieure avec galvanisation \u00e0 chaud, ce tracker \u00e9limine la corrosion et la d\u00e9t\u00e9rioration pour une dur\u00e9e de vie beaucoup plus longue et sans stress.<\/li>\n<li>Conception robuste : peut contenir jusqu&#039;\u00e0 40 panneaux et 66 m\u00b2 de surface de composants - con\u00e7u pour fonctionner dans des t\u00e2ches massives o\u00f9 la robustesse et l&#039;endurance sont importantes.<\/li>\n<li>Pr\u00e9cision \u00e0 double axe : suit \u00e0 la fois l&#039;azimut et l&#039;altitude (\u2212 120 \u00b0 \u00e0 +120 \u00b0, 0 \u00b0 \u00e0 60 \u00b0) avec une pr\u00e9cision \u2264 1 \u00b0, optimisant la production quotidienne et saisonni\u00e8re de votre site Web.<\/li>\n<li>Protection intelligente contre les intemp\u00e9ries : r\u00e9siste aux vents r\u00e9guliers jusqu&#039;\u00e0 17 m\/s et offre des fonctions de s\u00e9curit\u00e9 et de protection contre le vent en option, pour que vous restiez connect\u00e9 \u00e0 Internet, m\u00eame lorsque le temps devient rude.<\/li>\n<li>Fonctionnement fiable et n\u00e9cessitant peu d&#039;entretien : la protection IP65 contre la salet\u00e9 et l&#039;eau signifie des performances ext\u00e9rieures fiables, des gel\u00e9es de -40 \u00b0C aux vagues de chaleur de +70 \u00b0C. - Confiance certifi\u00e9e : Conforme aux normes CE, CQC, ISO9001, ISO14001, OHSAS18001 pour une s\u00e9curit\u00e9 et une qualit\u00e9 test\u00e9es auxquelles vous pouvez faire confiance.<\/li>\n<li>Utilisation efficace de l&#039;\u00e9nergie : consomme simplement \u2264 0,5 kWh, ce qui r\u00e9duit les d\u00e9penses d&#039;exploitation, d&#039;entretien et auxiliaires.<\/li>\n<\/ul>\n<h2 data-v-md-heading=\"wide-applications\" data-v-md-line=\"14\">Applications larges<\/h2>\n<p data-v-md-line=\"15\">Ce tracker \u00e0 2 axes est excellent pour les centrales photovolta\u00efques \u00e0 grande \u00e9chelle, les parcs solaires au sol et les travaux sur terrain difficile o\u00f9 vous avez besoin d&#039;options robustes, \u00e9volutives et \u00e0 haut rendement.<\/p>\n<h2 data-v-md-heading=\"specifications\" data-v-md-line=\"17\">Caract\u00e9ristiques<\/h2>\n<ul data-v-md-line=\"18\">\n<li>M\u00e9canique (type de suivi, capacit\u00e9 en tonnes, trajectoire du vent\/de la neige, dimensions, poids, mat\u00e9riau, dur\u00e9e de vie des roulements)<\/li>\n<li>Type de suivi : Double axe.<\/li>\n<li>Num\u00e9ro de module : 40.<\/li>\n<li>Taille du module : 1650 mm \u00d7 992 mm.<\/li>\n<li>Emplacement du support : 66 m DEUX.<\/li>\n<li>Poids : \u2265 2360 kg.<\/li>\n<li>Mat\u00e9riau : acier Q235, galvanis\u00e9 \u00e0 chaud.<\/li>\n<li>Dur\u00e9e de vie pr\u00e9vue : \u2265 25 ans.<\/li>\n<li>\u00c9lectrique (type et puissance du moteur, consommation d&#039;\u00e9nergie, plage de tension, vari\u00e9t\u00e9 d&#039;inclinaison, vitesse de suivi, boost de retour)<\/li>\n<li>Consommation \u00e9lectrique : \u2264 0,5 kWh.<\/li>\n<li>R\u00e9seau de suivi : Azimut \u2212 120 \u00b0 \u00e0 +120 \u00b0, \u00c9l\u00e9vation 0 \u00b0 \u00e0 60 \u00b0<br \/>\n\u2013 Pr\u00e9cision de suivi : \u2264 1 \u00b0<br \/>\n\u2013 Augmentation \u00e9nerg\u00e9tique : 20 \u00e0 40 % par rapport aux syst\u00e8mes trait\u00e9s.<\/li>\n<li>Environnement (niveau de temp\u00e9rature de fonctionnement, indice IP, humidit\u00e9, r\u00e9sistance aux UV et \u00e0 la rouille)<\/li>\n<li>Temp\u00e9rature de fonctionnement : \u2212 40 \u00b0C \u00e0 +70 \u00b0C.<\/li>\n<li>Niveau de protection : IP65.<\/li>\n<li>Performances (augmentation d&#039;\u00e9nergie par rapport \u00e0 r\u00e9par\u00e9, MTBF, int\u00e9grit\u00e9 (% de disponibilit\u00e9), param\u00e8tres de d\u00e9faillance)<\/li>\n<li>Augmentation d&#039;\u00e9nergie : 20-40% vs. fixe.<\/li>\n<li>Communications (protocoles (Modbus, TCP\/IP, MQTT), d\u00e9bogage \u00e0 distance, mise \u00e0 niveau OTA, acc\u00e8s API)<\/li>\n<li>Interface : RS485-MODBUS.<\/li>\n<li>S\u00e9curit\u00e9 et certifications (crit\u00e8res IEC, CE\/UL\/ROHS, verrouillages de s\u00e9curit\u00e9, protection contre la foudre)<\/li>\n<li>Certifications : CE, CQC, ISO9001, ISO14001, OHSAS18001.<\/li>\n<\/ul>\n<h2 data-v-md-heading=\"technical-support\" data-v-md-line=\"40\">Support technique<\/h2>\n<p data-v-md-line=\"41\">Nous offrons un support technologique complet, y compris des conceptions CAO, des fiches techniques et des sch\u00e9mas de c\u00e2blage pour rendre votre combinaison de syst\u00e8mes transparente.<\/p>\n<h2 data-v-md-heading=\"conclusion\" data-v-md-line=\"43\">Conclusion<\/h2>\n<p data-v-md-line=\"44\">Lorsque vous choisissez SolPath, vous s\u00e9lectionnez une qualit\u00e9 con\u00e7ue pour votre assurance : un suivi sophistiqu\u00e9 \u00e0 2 axes, une r\u00e9silience robuste et une augmentation des retours solaires qui fait briller chaque t\u00e2che.<\/p>\n<p><script src=\"chrome-extension:\/\/fpelahbljekknahkcaegamhcndkfpfnc\/iFrame.js\" type=\"text\/javascript\"><\/script><\/p>\n<p><script src=\"chrome-extension:\/\/fpelahbljekknahkcaegamhcndkfpfnc\/iFrame.js\" type=\"text\/javascript\"><\/script><\/p>\n<p><script src=\"chrome-extension:\/\/fpelahbljekknahkcaegamhcndkfpfnc\/iFrame.js\" type=\"text\/javascript\"><\/script><\/p>","protected":false},"excerpt":{"rendered":"<p>Augmentez votre rendement solaire jusqu&#039;\u00e0 40 % avec le Dual Axis-40P. Ce tracker 2 axes robuste pour 40 panneaux offre un suivi solaire pr\u00e9cis et fiable.<\/p>\n<p><script src=\"chrome-extension:\/\/fpelahbljekknahkcaegamhcndkfpfnc\/iFrame.js\" type=\"text\/javascript\"><\/script><\/p>\n<p><script src=\"chrome-extension:\/\/fpelahbljekknahkcaegamhcndkfpfnc\/iFrame.js\" type=\"text\/javascript\"><\/script><\/p>\n<p><script src=\"chrome-extension:\/\/fpelahbljekknahkcaegamhcndkfpfnc\/iFrame.js\" type=\"text\/javascript\"><\/script><\/p>\n<p><script src=\"chrome-extension:\/\/fpelahbljekknahkcaegamhcndkfpfnc\/iFrame.js\" type=\"text\/javascript\"><\/script><\/p>","protected":false},"featured_media":3572,"template":"","meta":{"_kad_post_transparent":"default","_kad_post_title":"","_kad_post_layout":"default","_kad_post_sidebar_id":"","_kad_post_content_style":"default","_kad_post_vertical_padding":"default","_kad_post_feature":"","_kad_post_feature_position":"","_kad_post_header":false,"_kad_post_footer":false,"_kad_post_classname":""},"product_brand":[707],"product_cat":[587,695,681,687,691,694],"product_tag":[751,735,748],"class_list":{"0":"post-3445","1":"product","2":"type-product","3":"status-publish","4":"has-post-thumbnail","6":"product_brand-solpath","7":"product_cat-solar-tracker-by-type","8":"product_cat-commercial-tracker","9":"product_cat-dual-axis-tracker","10":"product_cat-mechanical-tracker","11":"product_cat-solar-tracker-by-solutions","12":"product_cat-utility-scale-tracker","13":"product_tag-2-axis-tracker","14":"product_tag-40-panel","15":"product_tag-heavy-duty","17":"first","18":"instock","19":"shipping-taxable","20":"product-type-simple","21":"entry","22":"content-bg","23":"loop-entry"},"_links":{"self":[{"href":"https:\/\/solartrackersystem.com\/fr\/wp-json\/wp\/v2\/product\/3445","targetHints":{"allow":["GET"]}}],"collection":[{"href":"https:\/\/solartrackersystem.com\/fr\/wp-json\/wp\/v2\/product"}],"about":[{"href":"https:\/\/solartrackersystem.com\/fr\/wp-json\/wp\/v2\/types\/product"}],"wp:featuredmedia":[{"embeddable":true,"href":"https:\/\/solartrackersystem.com\/fr\/wp-json\/wp\/v2\/media\/3572"}],"wp:attachment":[{"href":"https:\/\/solartrackersystem.com\/fr\/wp-json\/wp\/v2\/media?parent=3445"}],"wp:term":[{"taxonomy":"product_brand","embeddable":true,"href":"https:\/\/solartrackersystem.com\/fr\/wp-json\/wp\/v2\/product_brand?post=3445"},{"taxonomy":"product_cat","embeddable":true,"href":"https:\/\/solartrackersystem.com\/fr\/wp-json\/wp\/v2\/product_cat?post=3445"},{"taxonomy":"product_tag","embeddable":true,"href":"https:\/\/solartrackersystem.com\/fr\/wp-json\/wp\/v2\/product_tag?post=3445"}],"curies":[{"name":"wp","href":"https:\/\/api.w.org\/{rel}","templated":true}]}}