{"id":3443,"date":"2025-08-08T16:47:43","date_gmt":"2025-08-08T08:47:43","guid":{"rendered":"https:\/\/solartrackersystem.com\/?post_type=product&#038;p=3443"},"modified":"2025-09-08T20:48:29","modified_gmt":"2025-09-08T12:48:29","slug":"single-axis-industrial-single-axis-pv-tracker","status":"publish","type":"product","link":"https:\/\/solartrackersystem.com\/fr\/single-axis-industrial-single-axis-pv-tracker\/","title":{"rendered":"Axe unique : Tracker PV industriel \u00e0 axe unique"},"content":{"rendered":"<p data-v-md-line=\"4\">Am\u00e9liorez les performances de votre t\u00e2che solaire avec le tracker PV industriel \u00e0 axe unique - un service robuste con\u00e7u pour optimiser l&#039;efficacit\u00e9 du suivi PV industriel et optimiser votre r\u00e9colte d&#039;\u00e9nergie \u00e0 chaque saison.<\/p>\n<h2 data-v-md-heading=\"features-and-benefits\" data-v-md-line=\"6\">Caract\u00e9ristiques et avantages<\/h2>\n<ul data-v-md-line=\"7\">\n<li>Suivi astronomique et bas\u00e9 sur des capteurs : exploitez \u00e0 la fois d&#039;\u00e9normes algorithmes et des unit\u00e9s de d\u00e9tection de position en boucle ferm\u00e9e pour un suivi solaire extr\u00eamement pr\u00e9cis et des am\u00e9liorations continues du rendement.<\/li>\n<li>Algorithme de retour en arri\u00e8re et anti-ombre : \u00e9liminez l&#039;ombrage rang\u00e9e par rang\u00e9e, afin de maintenir une production d&#039;\u00e9nergie id\u00e9ale m\u00eame dans les plages fortement charg\u00e9es.<\/li>\n<li>Construction robuste : Fabriqu\u00e9 en acier Q235B\/Q355B et compl\u00e9t\u00e9 par une galvanisation \u00e0 chaud pour une r\u00e9sistance sup\u00e9rieure \u00e0 la rouille et une dur\u00e9e de vie qui s&#039;\u00e9tend au-del\u00e0 de 25 ans.<\/li>\n<li>Adaptabilit\u00e9 aux conditions m\u00e9t\u00e9orologiques extr\u00eames : Comptez sur une s\u00e9curit\u00e9 \u00e9prouv\u00e9e contre le vent, une r\u00e9sistance aux amas de neige et des r\u00e9glages optionnels de nettoyage en cas de forte pluie pour un fonctionnement toute l&#039;ann\u00e9e, m\u00eame lorsque les \u00e9l\u00e9ments deviennent difficiles.<\/li>\n<li>Surveillance \u00e0 distance et mises \u00e0 niveau intelligentes : profitez d&#039;une int\u00e9gration de contr\u00f4le transparente via WiFi, LoRa ou ZigBee, connectez-vous \u00e0 distance via RS485 ou 4G et b\u00e9n\u00e9ficiez de la compatibilit\u00e9 SCADA, des mises \u00e0 niveau \u00e0 distance en une seule touche et des mises \u00e0 jour OTA sans fil.<\/li>\n<li>Enti\u00e8rement automatique : le tracker d\u00e9tecte et s&#039;adapte de mani\u00e8re autonome aux vents forts, \u00e0 la neige ou \u00e0 la pluie, r\u00e9duisant ainsi votre besoin d&#039;intervention sur site.<\/li>\n<li>Protection IP65 : Con\u00e7u pour r\u00e9sister \u00e0 la poussi\u00e8re et \u00e0 l&#039;eau, votre investissement reste s\u00fbr et fiable dans des conditions ext\u00e9rieures difficiles.<\/li>\n<li>Augmentation significative du rendement : capturez jusqu&#039;\u00e0 40 % d&#039;\u00e9nergie suppl\u00e9mentaire par an par rapport \u00e0 un montage PV fixe gr\u00e2ce \u00e0 une orientation constante de la lumi\u00e8re du soleil et \u00e0 un raisonnement de suivi avanc\u00e9.<\/li>\n<li>Syst\u00e8me modulaire et facile \u00e0 installer : le montage horizontal axial et la disposition modulaire simplifient la configuration et maintiennent la maintenance continue au minimum.<\/li>\n<\/ul>\n<h2 data-v-md-heading=\"wide-applications\" data-v-md-line=\"17\">Applications larges<\/h2>\n<p data-v-md-line=\"18\">Ce tracker PV industriel \u00e0 axe unique est la solution id\u00e9ale pour les ranchs solaires \u00e0 grande \u00e9chelle, les installations PV au sol et les grandes t\u00e2ches commerciales ou industrielles, en particulier celles n\u00e9cessitant une r\u00e9silience dans les atmosph\u00e8res d\u00e9sertiques, \u00e0 vent fort ou \u00e0 forte humidit\u00e9.<\/p>\n<h2 data-v-md-heading=\"specifications\" data-v-md-line=\"20\">Caract\u00e9ristiques<\/h2>\n<ul data-v-md-line=\"21\">\n<li>M\u00e9canique (Type de suivi : axe unique, R\u00e9seau de suivi : -60 \u00b0 \u00e0 +60 \u00b0, Inclinaison flexible, Mat\u00e9riaux : Acier Q235B\/Q355B, Galvanis\u00e9 \u00e0 chaud, Dur\u00e9e de vie : 25 ans et plus, Charge de neige : 0,8-1,1 KN\/m DEUX).<\/li>\n<li>\u00c9lectrique (Pr\u00e9cision de suivi : \u2264 1\u00b0, R\u00e9sistance au vent : Vitesse du vent de protection 17-22 m\/s, Vitesse du vent de survie jusqu&#039;\u00e0 50 m\/s (personnalis\u00e9e), Alimentation : CLIMATISEUR 90-305V ou String 250-1500V, Batterie de secours : en option).<\/li>\n<li>Environnemental (Niveau de temp\u00e9rature de fonctionnement : -30 \u00b0C \u00e0 +70 \u00b0C, s\u00e9curit\u00e9 IP65 pour la poussi\u00e8re\/l&#039;eau, con\u00e7u pour la neige, le vent et la pluie).<\/li>\n<li>Performances (Gain d&#039;\u00e9nergie annuel : environ 40 % par rapport \u00e0 la consommation trait\u00e9e, Fonctionnement automatique, Logique de retour en arri\u00e8re).<\/li>\n<li>Communications (locales : WiFi, LoRa, ZigBee, \u00e0 distance : RS485, WiFi, 4G, compatible SCADA, d\u00e9bogage \u00e0 distance, mise \u00e0 niveau OTA sans fil).<\/li>\n<li>S\u00e9curit\u00e9 et certifications (forte d\u00e9fense contre le vent, algorithme anti-ombre, surveillance au niveau du syst\u00e8me).<\/li>\n<li>Options suppl\u00e9mentaires (batterie de secours, robot de nettoyage, modes d&#039;\u00e9limination de la pluie\/neige, r\u00e9seau de suivi\/inclinaison r\u00e9glable).<\/li>\n<\/ul>\n<h2 data-v-md-heading=\"technical-support\" data-v-md-line=\"29\">Support technique<\/h2>\n<p data-v-md-line=\"30\">Nous fournissons une assistance technique compl\u00e8te, des conceptions CAO et des fiches techniques aux sch\u00e9mas de c\u00e2blage \u00e9lectrique finaux, afin que vous puissiez vous int\u00e9grer de mani\u00e8re transparente et en toute confiance.<\/p>\n<h2 data-v-md-heading=\"conclusion\" data-v-md-line=\"32\">Conclusion<\/h2>\n<p data-v-md-line=\"33\">Choisir SolPath implique que vous achetez des options de suivi solaire \u00e9prouv\u00e9es, innovantes et fiables, offrant une disponibilit\u00e9, une efficacit\u00e9 et un confort maximum pour vos travaux PV les plus exigeants.<\/p>\n<p><script src=\"chrome-extension:\/\/fpelahbljekknahkcaegamhcndkfpfnc\/iFrame.js\" type=\"text\/javascript\"><\/script><\/p>\n<p><script src=\"chrome-extension:\/\/fpelahbljekknahkcaegamhcndkfpfnc\/iFrame.js\" type=\"text\/javascript\"><\/script><\/p>\n<p><script src=\"chrome-extension:\/\/fpelahbljekknahkcaegamhcndkfpfnc\/iFrame.js\" type=\"text\/javascript\"><\/script><\/p>","protected":false},"excerpt":{"rendered":"<p>Optimisez les performances de votre projet solaire gr\u00e2ce \u00e0 notre tracker photovolta\u00efque industriel mono-axe robuste. Il optimise la production d&#039;\u00e9nergie gr\u00e2ce \u00e0 un suivi intelligent, quelles que soient les conditions m\u00e9t\u00e9orologiques.<\/p>\n<p><script src=\"chrome-extension:\/\/fpelahbljekknahkcaegamhcndkfpfnc\/iFrame.js\" type=\"text\/javascript\"><\/script><\/p>\n<p><script src=\"chrome-extension:\/\/fpelahbljekknahkcaegamhcndkfpfnc\/iFrame.js\" type=\"text\/javascript\"><\/script><\/p>","protected":false},"featured_media":3514,"template":"","meta":{"_kad_post_transparent":"default","_kad_post_title":"","_kad_post_layout":"default","_kad_post_sidebar_id":"","_kad_post_content_style":"default","_kad_post_vertical_padding":"default","_kad_post_feature":"","_kad_post_feature_position":"","_kad_post_header":false,"_kad_post_footer":false,"_kad_post_classname":""},"product_brand":[707],"product_cat":[587,695,680,691,694],"product_tag":[749,745,714],"class_list":{"0":"post-3443","1":"product","2":"type-product","3":"status-publish","4":"has-post-thumbnail","6":"product_brand-solpath","7":"product_cat-solar-tracker-by-type","8":"product_cat-commercial-tracker","9":"product_cat-single-axis-tracker","10":"product_cat-solar-tracker-by-solutions","11":"product_cat-utility-scale-tracker","12":"product_tag-industrial","13":"product_tag-pv-tracker","14":"product_tag-single-axis","16":"first","17":"instock","18":"shipping-taxable","19":"product-type-simple","20":"entry","21":"content-bg","22":"loop-entry"},"_links":{"self":[{"href":"https:\/\/solartrackersystem.com\/fr\/wp-json\/wp\/v2\/product\/3443","targetHints":{"allow":["GET"]}}],"collection":[{"href":"https:\/\/solartrackersystem.com\/fr\/wp-json\/wp\/v2\/product"}],"about":[{"href":"https:\/\/solartrackersystem.com\/fr\/wp-json\/wp\/v2\/types\/product"}],"wp:featuredmedia":[{"embeddable":true,"href":"https:\/\/solartrackersystem.com\/fr\/wp-json\/wp\/v2\/media\/3514"}],"wp:attachment":[{"href":"https:\/\/solartrackersystem.com\/fr\/wp-json\/wp\/v2\/media?parent=3443"}],"wp:term":[{"taxonomy":"product_brand","embeddable":true,"href":"https:\/\/solartrackersystem.com\/fr\/wp-json\/wp\/v2\/product_brand?post=3443"},{"taxonomy":"product_cat","embeddable":true,"href":"https:\/\/solartrackersystem.com\/fr\/wp-json\/wp\/v2\/product_cat?post=3443"},{"taxonomy":"product_tag","embeddable":true,"href":"https:\/\/solartrackersystem.com\/fr\/wp-json\/wp\/v2\/product_tag?post=3443"}],"curies":[{"name":"wp","href":"https:\/\/api.w.org\/{rel}","templated":true}]}}