{"id":3440,"date":"2025-08-08T16:47:37","date_gmt":"2025-08-08T08:47:37","guid":{"rendered":"https:\/\/solartrackersystem.com\/?post_type=product&#038;p=3440"},"modified":"2025-09-08T20:50:38","modified_gmt":"2025-09-08T12:50:38","slug":"10-15kw-panels-gps-solar-panel-tracking-system","status":"publish","type":"product","link":"https:\/\/solartrackersystem.com\/fr\/10-15kw-panels-gps-solar-panel-tracking-system\/","title":{"rendered":"PANNEAUX 10-15 kW\u00a0: Syst\u00e8me de suivi GPS des panneaux solaires"},"content":{"rendered":"<p data-v-md-line=\"4\">D\u00e9couvrez une approche plus intelligente de l&#039;\u00e9nergie solaire gr\u00e2ce \u00e0 notre syst\u00e8me de suivi GPS des panneaux solaires. Vous b\u00e9n\u00e9ficiez d&#039;un positionnement pr\u00e9cis et en temps r\u00e9el de la lumi\u00e8re du soleil pour une puissance optimale, une long\u00e9vit\u00e9 accrue et un contr\u00f4le fluide, le tout con\u00e7u pour simplifier vos op\u00e9rations et optimiser votre retour sur investissement.<\/p>\n<h2 data-v-md-heading=\"features-and-benefits\" data-v-md-line=\"6\">Caract\u00e9ristiques et avantages<\/h2>\n<ul data-v-md-line=\"7\">\n<li>Contr\u00f4le de l&#039;algorithme astronomique : offre un suivi solaire extr\u00eamement pr\u00e9cis afin que vos panneaux rencontrent r\u00e9guli\u00e8rement l&#039;angle id\u00e9al pour une efficacit\u00e9 optimale.<\/li>\n<li>Construction de haute qualit\u00e9 pour environnements difficiles\u00a0: Fabriqu\u00e9 en acier Q235 et peint ou galvanis\u00e9 \u00e0 chaud pour une r\u00e9sistance accrue \u00e0 la rouille, il garantit une efficacit\u00e9 optimale dans les environnements ext\u00e9rieurs difficiles, ann\u00e9e apr\u00e8s ann\u00e9e.<\/li>\n<li>Positionnement GPS (en option) : B\u00e9n\u00e9ficiez d&#039;un alignement pr\u00e9cis dans des conditions r\u00e9elles, afin de r\u00e9colter chaque watt possible, m\u00eame sur un terrain difficile.<\/li>\n<li>Retour en arri\u00e8re intelligent : l&#039;algorithme int\u00e9gr\u00e9 emp\u00eache l&#039;ombrage des panneaux en changeant imm\u00e9diatement les angles, s\u00e9curisant ainsi votre sortie dans les formats de vari\u00e9t\u00e9 encombr\u00e9s.<\/li>\n<li>Large plage de suivi \u00e0 360\u00b0 : suit de mani\u00e8re flexible le soleil sur toute la perspective, am\u00e9liorant ainsi les performances quotidiennes de vos panneaux photovolta\u00efques.<\/li>\n<li>Indice de protection IP65 : la r\u00e9sistance \u00e0 la poussi\u00e8re et \u00e0 l&#039;eau prot\u00e8ge votre syst\u00e8me contre les pluies, les temp\u00eates et l&#039;exposition directe aux particules, garantissant ainsi son ad\u00e9quation aux installations expos\u00e9es et distantes.<\/li>\n<li>Fonctionnalit\u00e9 de contr\u00f4le \u00e0 distance (en option) : surveillez, diagnostiquez et am\u00e9liorez votre syst\u00e8me depuis n&#039;importe o\u00f9, r\u00e9duisant ainsi les temps d&#039;arr\u00eat et rationalisant les op\u00e9rations.<\/li>\n<li>Protection des limites et retour d&#039;angle : les verrouillages de s\u00e9curit\u00e9 int\u00e9gr\u00e9s et les r\u00e9ponses en temps r\u00e9el maintiennent votre syst\u00e8me de suivi synchronis\u00e9 de mani\u00e8re fiable tout en le prot\u00e9geant contre les dommages involontaires.<\/li>\n<li>Protection contre le vent robuste : r\u00e9siste \u00e0 des vitesses de vent typiques jusqu&#039;\u00e0 27 m\/s, affrontant les configurations en rafales en toute confiance.<\/li>\n<li>Longue dur\u00e9e de vie : Con\u00e7u pour l&#039;int\u00e9grit\u00e9 avec une dur\u00e9e de vie de 25 ans, garantissant des rendements stables tout au long de la dur\u00e9e de vie du syst\u00e8me.<\/li>\n<\/ul>\n<h2 data-v-md-heading=\"wide-applications\" data-v-md-line=\"18\">Applications larges<\/h2>\n<p data-v-md-line=\"19\">Ce tracker solaire est id\u00e9al pour les centrales photovolta\u00efques industrielles, les fermes solaires au sol, les toits commerciaux et tout site web n\u00e9cessitant un suivi sp\u00e9cifique des panneaux solaires. Il a \u00e9t\u00e9 test\u00e9 dans des environnements vari\u00e9s, des installations baln\u00e9aires tr\u00e8s humides aux d\u00e9serts difficiles et expos\u00e9s au vent.<\/p>\n<h2 data-v-md-heading=\"specifications\" data-v-md-line=\"21\">Caract\u00e9ristiques<\/h2>\n<ul data-v-md-line=\"22\">\n<li>M\u00e9canique (type de suivi, capacit\u00e9 de charge, parcours vent\/neige, dimensions, poids, mat\u00e9riau, dur\u00e9e de vie du roulement)<\/li>\n<li>Type de suivi : Formule astronomique.<\/li>\n<li>Angle d&#039;inclinaison : 20 \u00b0<br \/>\n\u2013 Port\u00e9e de suivi : 360 \u00b0<br \/>\n\u2013 R\u00e9sistance au vent : 27 m\/s.<\/li>\n<li>Capacit\u00e9 du module : 21 panneaux (500 \u2013 650 W chacun).<\/li>\n<li>Taille du module : 2100 mm \u00d7 1300 mm.<\/li>\n<li>Superficie du support : 60 m\u00b2.<\/li>\n<li>Poids : \u2265 1300 kg.<\/li>\n<li>Mat\u00e9riau : acier Q235 (peinture\/galvanisation \u00e0 chaud).<\/li>\n<li>\u00c9lectrique (type et puissance du moteur, consommation \u00e9lectrique, vari\u00e9t\u00e9 de tension, plage d&#039;inclinaison, taux de suivi, mont\u00e9e de retour)<\/li>\n<li>Tension d&#039;entr\u00e9e : 24 V CC.<\/li>\n<li>R\u00e9troaction d&#039;angle : Oui.<\/li>\n<li>Environmental( Operating temperature, IP rating, humidity, UV &amp; deterioration resistance)<\/li>\n<li>Operating Temperature: -40 \u00b0 C ~ +70 \u00b0 C.- Protection Degree: IP65.<\/li>\n<li>Anti-Corrosion: Painting\/Hot Galvanizing.<\/li>\n<li>Performance( Energy boost vs. fixed, MTBF, reliability (% uptime), failing modes)<\/li>\n<li>Control Accuracy: \u2264 5 \u00b0.<\/li>\n<li>Dur\u00e9e de vie pr\u00e9vue : \u2265 25 ans.<\/li>\n<li>Communications( Protocols (Modbus, TCP\/IP, MQTT), remote debugging, OTA upgrade, API access)<\/li>\n<li>Protocols: RS485-MODBUS, Bluetooth.<\/li>\n<li>Fonction \u00e0 distance : en option.<\/li>\n<li>Safety &amp; Certifications( IEC criteria, CE\/UL\/ROHS, safety interlocks, lightning defense)<\/li>\n<li>Protection limite : Oui.<\/li>\n<li>Norme : GBT 29320-2012.<\/li>\n<li>Protection contre le vent : en option.<\/li>\n<li>Warranty &amp; Service( Warranty period, efficiency warranty, spare\u2011parts kit, training, solution contracts)<\/li>\n<li>Protection des donn\u00e9es : Oui.<\/li>\n<li>Optional Extras( Brackets, foundation packages, battery back-up, cleaning up robots, lightning arresters)<\/li>\n<li>Positionnement GPS : en option.<\/li>\n<li>Protection contre le vent : en option.<\/li>\n<\/ul>\n<h2 data-v-md-heading=\"technical-support\" data-v-md-line=\"54\">Support technique<\/h2>\n<p data-v-md-line=\"55\">We offer comprehensive technical assistance \u2013 consisting of CAD designs, datasheets, and circuitry representations \u2013 to make certain smooth integration and simple and easy arrangement of your solar tracking system.<\/p>\n<h2 data-v-md-heading=\"conclusion\" data-v-md-line=\"57\">Conclusion<\/h2>\n<p data-v-md-line=\"58\">When you choose SolPath, you choose development, strength, and maximized efficiency. Allow us assist you recognize the complete capacity of your solar financial investment.<\/p>\n<p><script src=\"chrome-extension:\/\/fpelahbljekknahkcaegamhcndkfpfnc\/iFrame.js\" type=\"text\/javascript\"><\/script><\/p>\n<p><script src=\"chrome-extension:\/\/fpelahbljekknahkcaegamhcndkfpfnc\/iFrame.js\" type=\"text\/javascript\"><\/script><\/p>\n<p><script src=\"chrome-extension:\/\/fpelahbljekknahkcaegamhcndkfpfnc\/iFrame.js\" type=\"text\/javascript\"><\/script><\/p>\n<p><script src=\"chrome-extension:\/\/fpelahbljekknahkcaegamhcndkfpfnc\/iFrame.js\" type=\"text\/javascript\"><\/script><\/p>\n<p><script src=\"chrome-extension:\/\/fpelahbljekknahkcaegamhcndkfpfnc\/iFrame.js\" type=\"text\/javascript\"><\/script><\/p>","protected":false},"excerpt":{"rendered":"<p>Boostez votre retour sur investissement solaire. Notre traceur GPS offre un positionnement solaire pr\u00e9cis pour une puissance maximale, une durabilit\u00e9 accrue et un contr\u00f4le fluide pour simplifier vos op\u00e9rations.<\/p>\n<p><script src=\"chrome-extension:\/\/fpelahbljekknahkcaegamhcndkfpfnc\/iFrame.js\" type=\"text\/javascript\"><\/script><\/p>\n<p><script src=\"chrome-extension:\/\/fpelahbljekknahkcaegamhcndkfpfnc\/iFrame.js\" type=\"text\/javascript\"><\/script><\/p>\n<p><script src=\"chrome-extension:\/\/fpelahbljekknahkcaegamhcndkfpfnc\/iFrame.js\" type=\"text\/javascript\"><\/script><\/p>\n<p><script src=\"chrome-extension:\/\/fpelahbljekknahkcaegamhcndkfpfnc\/iFrame.js\" type=\"text\/javascript\"><\/script><\/p>","protected":false},"featured_media":3626,"template":"","meta":{"_kad_post_transparent":"default","_kad_post_title":"","_kad_post_layout":"default","_kad_post_sidebar_id":"","_kad_post_content_style":"default","_kad_post_vertical_padding":"default","_kad_post_feature":"","_kad_post_feature_position":"","_kad_post_header":false,"_kad_post_footer":false,"_kad_post_classname":""},"product_brand":[707],"product_cat":[587,682,695,685,684,691],"product_tag":[753,705,706],"class_list":{"0":"post-3440","1":"product","2":"type-product","3":"status-publish","4":"has-post-thumbnail","6":"product_brand-solpath","7":"product_cat-solar-tracker-by-type","8":"product_cat-active-tracker","9":"product_cat-commercial-tracker","10":"product_cat-gps-tracker","11":"product_cat-smart-tracker","12":"product_cat-solar-tracker-by-solutions","13":"product_tag-gps","14":"product_tag-solar-panel","15":"product_tag-tracking-system","17":"first","18":"instock","19":"shipping-taxable","20":"product-type-simple","21":"entry","22":"content-bg","23":"loop-entry"},"_links":{"self":[{"href":"https:\/\/solartrackersystem.com\/fr\/wp-json\/wp\/v2\/product\/3440","targetHints":{"allow":["GET"]}}],"collection":[{"href":"https:\/\/solartrackersystem.com\/fr\/wp-json\/wp\/v2\/product"}],"about":[{"href":"https:\/\/solartrackersystem.com\/fr\/wp-json\/wp\/v2\/types\/product"}],"wp:featuredmedia":[{"embeddable":true,"href":"https:\/\/solartrackersystem.com\/fr\/wp-json\/wp\/v2\/media\/3626"}],"wp:attachment":[{"href":"https:\/\/solartrackersystem.com\/fr\/wp-json\/wp\/v2\/media?parent=3440"}],"wp:term":[{"taxonomy":"product_brand","embeddable":true,"href":"https:\/\/solartrackersystem.com\/fr\/wp-json\/wp\/v2\/product_brand?post=3440"},{"taxonomy":"product_cat","embeddable":true,"href":"https:\/\/solartrackersystem.com\/fr\/wp-json\/wp\/v2\/product_cat?post=3440"},{"taxonomy":"product_tag","embeddable":true,"href":"https:\/\/solartrackersystem.com\/fr\/wp-json\/wp\/v2\/product_tag?post=3440"}],"curies":[{"name":"wp","href":"https:\/\/api.w.org\/{rel}","templated":true}]}}