{"id":3436,"date":"2025-08-08T16:40:10","date_gmt":"2025-08-08T08:40:10","guid":{"rendered":"https:\/\/solartrackersystem.com\/?post_type=product&#038;p=3436"},"modified":"2025-09-08T20:46:18","modified_gmt":"2025-09-08T12:46:18","slug":"horizontal-single-axis-horizontal-solar-tracker-system","status":"publish","type":"product","link":"https:\/\/solartrackersystem.com\/fr\/horizontal-single-axis-horizontal-solar-tracker-system\/","title":{"rendered":"Axe unique horizontal\u00a0: syst\u00e8me de suivi solaire horizontal"},"content":{"rendered":"<p data-v-md-line=\"4\">Optimisez votre rendement \u00e9nerg\u00e9tique solaire avec notre syst\u00e8me de suivi solaire \u00e0 axe unique horizontal, con\u00e7u pour des performances et une r\u00e9silience in\u00e9gal\u00e9es dans les travaux commerciaux, industriels ou de qualit\u00e9 utilitaire.<\/p>\n<h2 data-v-md-heading=\"features-and-benefits\" data-v-md-line=\"6\">Caract\u00e9ristiques et avantages<\/h2>\n<ul data-v-md-line=\"7\">\n<li>Suivi intelligent du soleil : exploitez les algorithmes astronomiques et le contr\u00f4le de suivi intelligent pour maintenir vos panneaux align\u00e9s avec le soleil toute la journ\u00e9e, augmentant ainsi la production d&#039;\u00e9nergie annuelle d&#039;au moins 40 % par rapport aux syst\u00e8mes pris en charge.<\/li>\n<li>Construction robuste et durable\u00a0: vous b\u00e9n\u00e9ficiez d&#039;une durabilit\u00e9 accrue gr\u00e2ce \u00e0 des mat\u00e9riaux de haute qualit\u00e9 comme le Q235B, le Q355B ou le ZAM. Cela t\u00e9moigne d&#039;une fiabilit\u00e9 \u00e9prouv\u00e9e et d&#039;une r\u00e9sistance \u00e0 la d\u00e9t\u00e9rioration, garanties par une dur\u00e9e de vie de 25\u00a0ans.<\/li>\n<li>Plage de suivi flexible : personnalisez la plage horizontale de -45 \u00b0 \u00e0 +45 \u00b0 ou de -60 \u00b0 \u00e0 +60 \u00b0, garantissant une capture id\u00e9ale dans chaque atmosph\u00e8re.<\/li>\n<li>Pr\u00e9cision de pr\u00e9cision : B\u00e9n\u00e9ficiez d&#039;une pr\u00e9cision de suivi \u00e0 \u2264 1 \u00b0, pour que votre syst\u00e8me offre un r\u00e9sultat optimal, qu&#039;il pleuve ou qu&#039;il fasse beau.<\/li>\n<li>Protection avanc\u00e9e contre les intemp\u00e9ries\u00a0: profitez des param\u00e8tres int\u00e9gr\u00e9s de gestion du vent, de la neige et des pr\u00e9cipitations. Le tracker g\u00e8re automatiquement les conditions climatiques difficiles, assurant ainsi un fonctionnement fluide.<\/li>\n<li>Protection IP65 \u00e9lev\u00e9e : soyez tranquille en sachant que votre syst\u00e8me est prot\u00e9g\u00e9 contre la salet\u00e9 et l&#039;eau - pr\u00eat pour un fonctionnement ext\u00e9rieur robuste, quel que soit le climat.<\/li>\n<li>Communication et contr\u00f4le transparents : connectez-vous localement avec WiFi, LoRa ou ZigBee et surveillez \u00e0 distance via RS485, WiFi ou 4G. L&#039;assimilation SCADA intelligente est un crit\u00e8re.<\/li>\n<li>Facilit\u00e9 d&#039;entretien : la disposition r\u00e9duit les pi\u00e8ces mobiles, ce qui vous permet de b\u00e9n\u00e9ficier d&#039;un bruit r\u00e9duit, d&#039;un entretien sans tracas et d&#039;une installation simple.<\/li>\n<\/ul>\n<h2 data-v-md-heading=\"wide-applications\" data-v-md-line=\"16\">Applications larges<\/h2>\n<p data-v-md-line=\"17\">Ce syst\u00e8me de suivi solaire est optimal pour les ranchs solaires au sol, les centrales photovolta\u00efques \u00e0 grande \u00e9chelle, les grands toits C&amp;I et les installations agrivolta\u00efques, en particulier lorsque les surfaces dures et les vents forts n\u00e9cessitent une durabilit\u00e9 accrue.<\/p>\n<h2 data-v-md-heading=\"specifications\" data-v-md-line=\"19\">Caract\u00e9ristiques<\/h2>\n<ul data-v-md-line=\"20\">\n<li>M\u00e9canique (type de suivi, capacit\u00e9 des lots, classe de vent\/neige, mesures, poids, mat\u00e9riau, dur\u00e9e de vie des roulements)<\/li>\n<li>Axe unique horizontal, personnalisable -45\u00b0 \u00e0 +45\u00b0 ou -60\u00b0 \u00e0 +60\u00b0 vari\u00e9t\u00e9 de suivi.- Mat\u00e9riaux : Q235B, Q355B, ZAM.<\/li>\n<li>Chutes de neige : 0,8 ~ 1,1 KN\/m\u00b2.<\/li>\n<li>R\u00e9sistance au vent : 17 ~ 22 m\/s (op\u00e9rationnel), 37 ~ 50 m\/s (survie).<\/li>\n<li>Dur\u00e9e de vie pr\u00e9vue : 25 ans.<\/li>\n<li>\u00c9lectrique (type et puissance du moteur, consommation d&#039;\u00e9nergie, r\u00e9seau de tension, r\u00e9seau d&#039;inclinaison, vitesse de suivi, augmentation du rendement)<\/li>\n<li>Entra\u00eenements de rotation ou actionneurs directs.<\/li>\n<li>Alimentation : A\/C (90 ~ 305V), cha\u00eene (250 ~ 1500V), batterie polym\u00e8re.<\/li>\n<li>Augmentation de l\u2019efficacit\u00e9 de la production d\u2019\u00e9nergie : \u2265 40 %.<\/li>\n<li>Environnement (niveau de temp\u00e9rature de fonctionnement, indice IP, r\u00e9sistance \u00e0 l&#039;humidit\u00e9, aux UV et \u00e0 la rouille)<\/li>\n<li>Niveau de temp\u00e9rature de fonctionnement : -30 \u00b0C \u00e0 +70 \u00b0C (personnalisable jusqu&#039;\u00e0 -50 \u00b0C- 85 \u00b0C).<\/li>\n<li>Class\u00e9 IP65.<\/li>\n<li>Performances (augmentation d&#039;\u00e9nergie par rapport \u00e0 la prise en charge, MTBF, int\u00e9grit\u00e9 (% de disponibilit\u00e9), param\u00e8tres d\u00e9faillants)<\/li>\n<li>Pr\u00e9cision de suivi : \u2264 1\u00b0.<\/li>\n<li>L&#039;algorithme de r\u00e9tro-suivi intelligent \u00e9vite les pertes de blindage.<\/li>\n<li>Communications (protocoles, d\u00e9bogage \u00e0 distance, mise \u00e0 niveau OTA, accessibilit\u00e9 API)<\/li>\n<li>Local : Wi-Fi, LoRa, ZigBee.<\/li>\n<li>T\u00e9l\u00e9commande : RS485, WiFi, 4G.<\/li>\n<li>Int\u00e9gration du syst\u00e8me SCADA.<\/li>\n<li>S\u00e9curit\u00e9 et certifications (normes IEC, CE\/UL\/ROHS, verrouillages de s\u00e9curit\u00e9 et de s\u00fbret\u00e9, protection contre la foudre)<\/li>\n<li>Modes de d\u00e9fense automatique contre le vent, la neige et la pluie.<\/li>\n<li>Garantie et service (dur\u00e9e de la garantie, assurance d&#039;efficacit\u00e9, kit de pi\u00e8ces de rechange, formation, contrats de service)<\/li>\n<li>Dur\u00e9e de vie du dispositif m\u00e9canique : 25 ans.<\/li>\n<li>Options suppl\u00e9mentaires (supports, ensembles de structures, batterie de secours, robot de nettoyage, parafoudres)<\/li>\n<li>Compatible avec les modules bifaciaux.<\/li>\n<li>Disponible pour de nombreuses configurations de capacit\u00e9 (formats 2P, 22kW-80kW\/pile).<\/li>\n<\/ul>\n<h2 data-v-md-heading=\"technical-support\" data-v-md-line=\"47\">Support technique<\/h2>\n<p data-v-md-line=\"48\">Nous fournissons une assistance technologique compl\u00e8te \u2013 y compris des mod\u00e8les CAO, des fiches techniques et des repr\u00e9sentations de c\u00e2blage \u00e9lectrique \u2013 pour vous aider \u00e0 int\u00e9grer parfaitement notre syst\u00e8me \u00e0 votre t\u00e2che.<\/p>\n<h2 data-v-md-heading=\"conclusion\" data-v-md-line=\"50\">Conclusion<\/h2>\n<p data-v-md-line=\"51\">Choisir SolPath implique d\u2019investir dans un syst\u00e8me de suivi solaire reconnu pour ses hautes performances, son contr\u00f4le intelligent et son service fiable, quel que soit l\u2019endroit o\u00f9 vous construisez.<\/p>\n<p><script src=\"chrome-extension:\/\/fpelahbljekknahkcaegamhcndkfpfnc\/iFrame.js\" type=\"text\/javascript\"><\/script><\/p>\n<p><script src=\"chrome-extension:\/\/fpelahbljekknahkcaegamhcndkfpfnc\/iFrame.js\" type=\"text\/javascript\"><\/script><\/p>\n<p><script src=\"chrome-extension:\/\/fpelahbljekknahkcaegamhcndkfpfnc\/iFrame.js\" type=\"text\/javascript\"><\/script><\/p>\n<p><script src=\"chrome-extension:\/\/fpelahbljekknahkcaegamhcndkfpfnc\/iFrame.js\" type=\"text\/javascript\"><\/script><\/p>","protected":false},"excerpt":{"rendered":"<p>Optimisez votre rendement solaire gr\u00e2ce \u00e0 notre tracker horizontal \u00e0 axe unique. Con\u00e7u pour son efficacit\u00e9 et sa durabilit\u00e9, il augmente sa production d&#039;\u00e9lectricit\u00e9 de plus de 40 %.<\/p>\n<p><script src=\"chrome-extension:\/\/fpelahbljekknahkcaegamhcndkfpfnc\/iFrame.js\" type=\"text\/javascript\"><\/script><\/p>\n<p><script src=\"chrome-extension:\/\/fpelahbljekknahkcaegamhcndkfpfnc\/iFrame.js\" type=\"text\/javascript\"><\/script><\/p>\n<p><script src=\"chrome-extension:\/\/fpelahbljekknahkcaegamhcndkfpfnc\/iFrame.js\" type=\"text\/javascript\"><\/script><\/p>","protected":false},"featured_media":3506,"template":"","meta":{"_kad_post_transparent":"default","_kad_post_title":"","_kad_post_layout":"default","_kad_post_sidebar_id":"","_kad_post_content_style":"default","_kad_post_vertical_padding":"default","_kad_post_feature":"","_kad_post_feature_position":"","_kad_post_header":false,"_kad_post_footer":false,"_kad_post_classname":""},"product_brand":[707],"product_cat":[587,680,691],"product_tag":[743,712,722],"class_list":{"0":"post-3436","1":"product","2":"type-product","3":"status-publish","4":"has-post-thumbnail","6":"product_brand-solpath","7":"product_cat-solar-tracker-by-type","8":"product_cat-single-axis-tracker","9":"product_cat-solar-tracker-by-solutions","10":"product_tag-horizontal","11":"product_tag-solar-tracker","12":"product_tag-system","14":"first","15":"instock","16":"shipping-taxable","17":"product-type-simple","18":"entry","19":"content-bg","20":"loop-entry"},"_links":{"self":[{"href":"https:\/\/solartrackersystem.com\/fr\/wp-json\/wp\/v2\/product\/3436","targetHints":{"allow":["GET"]}}],"collection":[{"href":"https:\/\/solartrackersystem.com\/fr\/wp-json\/wp\/v2\/product"}],"about":[{"href":"https:\/\/solartrackersystem.com\/fr\/wp-json\/wp\/v2\/types\/product"}],"wp:featuredmedia":[{"embeddable":true,"href":"https:\/\/solartrackersystem.com\/fr\/wp-json\/wp\/v2\/media\/3506"}],"wp:attachment":[{"href":"https:\/\/solartrackersystem.com\/fr\/wp-json\/wp\/v2\/media?parent=3436"}],"wp:term":[{"taxonomy":"product_brand","embeddable":true,"href":"https:\/\/solartrackersystem.com\/fr\/wp-json\/wp\/v2\/product_brand?post=3436"},{"taxonomy":"product_cat","embeddable":true,"href":"https:\/\/solartrackersystem.com\/fr\/wp-json\/wp\/v2\/product_cat?post=3436"},{"taxonomy":"product_tag","embeddable":true,"href":"https:\/\/solartrackersystem.com\/fr\/wp-json\/wp\/v2\/product_tag?post=3436"}],"curies":[{"name":"wp","href":"https:\/\/api.w.org\/{rel}","templated":true}]}}