{"id":3433,"date":"2025-08-08T16:40:04","date_gmt":"2025-08-08T08:40:04","guid":{"rendered":"https:\/\/solartrackersystem.com\/?post_type=product&#038;p=3433"},"modified":"2025-09-08T20:45:07","modified_gmt":"2025-09-08T12:45:07","slug":"single-axis-30p-30-panel-solar-panel-tracking-mount","status":"publish","type":"product","link":"https:\/\/solartrackersystem.com\/fr\/single-axis-30p-30-panel-solar-panel-tracking-mount\/","title":{"rendered":"Single Axis-30P\u00a0: support de suivi pour panneaux solaires \u00e0 30\u00a0panneaux"},"content":{"rendered":"<p data-v-md-line=\"4\">Optimisez votre rendement \u00e9nerg\u00e9tique et optimisez chaque rayon de soleil gr\u00e2ce au support de suivi de panneau solaire Single Axis-30P. Con\u00e7u pour une fiabilit\u00e9 \u00e0 toute \u00e9preuve, ce support de suivi sophistiqu\u00e9 vous permet de tirer le meilleur parti de votre investissement en panneaux solaires, quelle que soit l&#039;utilisation et l&#039;environnement.<\/p>\n<h2 data-v-md-heading=\"features-and-benefits\" data-v-md-line=\"6\">Caract\u00e9ristiques et avantages<\/h2>\n<ul data-v-md-line=\"7\">\n<li>Peut accueillir 30 panneaux solaires : rationalisez votre installation solaire avec un syst\u00e8me robuste con\u00e7u pour accueillir 30 panneaux, chacun mesurant 1650 x 992 mm et 250 \u00e0 300 W.<\/li>\n<li>B\u00e2timent en acier galvanis\u00e9 \u00e0 chaud Q235 : reconnu pour sa robustesse et sa r\u00e9sistance \u00e0 la corrosion de qualit\u00e9 sup\u00e9rieure, garantissant des performances dans des conditions ext\u00e9rieures extr\u00eames et une dur\u00e9e de vie de 25 ans.<\/li>\n<li>Contr\u00f4le de suivi de grande pr\u00e9cision : Votre syst\u00e8me s&#039;adapte parfaitement \u00e0 la lumi\u00e8re du soleil, avec une pr\u00e9cision de suivi \u2264 1\u00b0 pour une production d&#039;\u00e9nergie maximis\u00e9e tout au long de la journ\u00e9e.<\/li>\n<li>Algorithmes de r\u00e9tro-suivi \u00e9prouv\u00e9s : \u00e9vitez l&#039;ombrage et am\u00e9liorez le rendement m\u00eame dans les conceptions difficiles ou tout au long des heures du matin et de la nuit.<\/li>\n<li>Grande vari\u00e9t\u00e9 d&#039;inclinaison et de suivi : le suivi de -45\u00b0 \u00e0 +45\u00b0 garantit que les panneaux s&#039;adaptent aux r\u00e9glages de l&#039;angle du soleil, tandis qu&#039;une inclinaison r\u00e9par\u00e9e de 20\u00b0 contribue \u00e0 la s\u00e9curit\u00e9 et \u00e0 la vitesse d&#039;installation.<\/li>\n<li>Style r\u00e9sistant au vent : r\u00e9siste \u00e0 des vitesses de vent typiques jusqu&#039;\u00e0 17 m\/s, vous pouvez donc monter en toute confiance dans les r\u00e9gions \u00e0 fort vent.<\/li>\n<li>Performances toutes saisons : Fonctionne en douceur de -40 \u00b0C \u00e0 +70 \u00b0C, garantissant une fiabilit\u00e9 malgr\u00e9 des niveaux de temp\u00e9rature et des saisons extr\u00eames.<\/li>\n<li>Faible consommation d&#039;\u00e9nergie : Consomme \u2264 0,25 kWh tout au long du suivi, ce qui r\u00e9duit vos co\u00fbts fonctionnels.<\/li>\n<li>D\u00e9fense anticorrosion compl\u00e8te : l&#039;emballage sous film \u00e0 bulles et la galvanisation \u00e0 chaud offrent une r\u00e9sistance renforc\u00e9e de l&#039;usine au terrain.<\/li>\n<li>Indice de protection IP65 : Enti\u00e8rement \u00e9tanche \u00e0 la poussi\u00e8re et \u00e0 l&#039;eau, ce support de suivi est indiqu\u00e9 pour les atmosph\u00e8res ext\u00e9rieures o\u00f9 l&#039;int\u00e9grit\u00e9 ne peut \u00eatre mise en danger.<\/li>\n<li>Surveillance \u00e0 distance \u00e9volutive : le placement GPS en option, les interactions RS485-MODBUS et les performances \u00e0 distance facilitent la combinaison, le d\u00e9bogage et les mises \u00e0 niveau.<\/li>\n<li>Tranquillit\u00e9 d&#039;esprit certifi\u00e9e : Enti\u00e8rement certifi\u00e9 selon les normes CE, CQC, ISO9001, ISO14001 et OHSAS18001 pour la conformit\u00e9 en mati\u00e8re de s\u00e9curit\u00e9, de qualit\u00e9 et de durabilit\u00e9.<\/li>\n<\/ul>\n<h2 data-v-md-heading=\"wide-applications\" data-v-md-line=\"20\">Applications larges<\/h2>\n<p data-v-md-line=\"21\">Ce support de suivi solaire est adapt\u00e9 aux parcs solaires au sol, aux centrales photovolta\u00efques industrielles et aux installations commerciales cherchant \u00e0 optimiser la production d&#039;\u00e9nergie gr\u00e2ce \u00e0 des gammes de 30 panneaux. Il est parfaitement adapt\u00e9 aux sites d\u00e9sertiques, c\u00f4tiers ou \u00e0 forte humidit\u00e9, ainsi qu&#039;aux formats adaptatifs au terrain o\u00f9 durabilit\u00e9 et performances sont primordiales.<\/p>\n<h2 data-v-md-heading=\"specifications\" data-v-md-line=\"23\">Caract\u00e9ristiques<\/h2>\n<ul data-v-md-line=\"24\">\n<li>M\u00e9canique (type de suivi, capacit\u00e9 en tonnes, parcours vent\/neige, mesures, poids, produit, dur\u00e9e de vie des roulements) : suivi co\u00fbteux \u00e0 axe unique, emplacement \u00e0 deux supports ~ 50 m, poids \u2265 750 kg, acier Q235 avec galvanisation \u00e0 chaud ; supporte 30 panneaux \u00d7 1650x992 mm ; dur\u00e9e de vie de la disposition de 25 ans.<\/li>\n<li>\u00c9lectrique (type et puissance du moteur, consommation \u00e9lectrique, plage de tension, plage d&#039;inclinaison, vitesse de suivi, mont\u00e9e de retour) : consommation \u2264 0,25 kWh, plage de suivi de -45\u00b0 \u00e0 +45\u00b0, inclinaison r\u00e9par\u00e9e de 20\u00b0, pr\u00e9cision de suivi \u2264 1\u00b0.<\/li>\n<li>Environnement (temp\u00e9rature de fonctionnement, indice IP, r\u00e9sistance \u00e0 l&#039;humidit\u00e9, aux UV et \u00e0 la corrosion) : gamme de temp\u00e9ratures de -40 \u00b0C \u00e0 +70 \u00b0C, protection contre la poussi\u00e8re\/l&#039;eau IP65, conception anti-corrosion.<\/li>\n<li>Performances (augmentation d&#039;\u00e9nergie par rapport au fixe, MTBF, fiabilit\u00e9 (% de disponibilit\u00e9), param\u00e8tres de d\u00e9faillance) : l&#039;algorithme de r\u00e9tro-suivi am\u00e9liore le r\u00e9sultat \u00e9nerg\u00e9tique et r\u00e9duit l&#039;ombrage.<\/li>\n<li>Communications (Protocoles (Modbus, TCP\/IP, MQTT), d\u00e9bogage \u00e0 distance, mise \u00e0 niveau OTA, acc\u00e8s API) : RS485-MODBUS, positionnement GPS en option, capacit\u00e9 de proc\u00e9dure \u00e0 distance.<\/li>\n<li>S\u00e9curit\u00e9 et certifications (normes IEC, CE\/UL\/ROHS, verrouillages de s\u00e9curit\u00e9 et de s\u00fbret\u00e9, s\u00e9curit\u00e9 foudre) : CE, CQC, ISO9001, ISO14001, OHSAS18001.<\/li>\n<li>Garantie et service (p\u00e9riode de garantie, garantie de performance, kit de pi\u00e8ces de rechange, formation, contrats de service) : non d\u00e9fini.<\/li>\n<li>Options suppl\u00e9mentaires (supports, ensembles de structures, batterie de secours, robots de nettoyage, parafoudres) : Positionnement GPS en option.<\/li>\n<\/ul>\n<h2 data-v-md-heading=\"technical-support\" data-v-md-line=\"33\">Support technique<\/h2>\n<p data-v-md-line=\"34\">Nous fournissons un support technique complet compos\u00e9 de versions CAO, de fiches techniques et de repr\u00e9sentations de c\u00e2blage \u00e9lectrique, vous garantissant ainsi une combinaison fluide et une proc\u00e9dure sans tracas.<\/p>\n<h2 data-v-md-heading=\"conclusion\" data-v-md-line=\"36\">Conclusion<\/h2>\n<p data-v-md-line=\"37\">Lorsque vous choisissez SolPath, vous s\u00e9lectionnez une robustesse \u00e9prouv\u00e9e, une innovation de suivi solaire avanc\u00e9e et un support total - offrant une valeur optimale pour votre investissement dans le support de suivi de panneau solaire.<\/p>\n<p><script src=\"chrome-extension:\/\/fpelahbljekknahkcaegamhcndkfpfnc\/iFrame.js\" type=\"text\/javascript\"><\/script><\/p>\n<p><script src=\"chrome-extension:\/\/fpelahbljekknahkcaegamhcndkfpfnc\/iFrame.js\" type=\"text\/javascript\"><\/script><\/p>\n<p><script src=\"chrome-extension:\/\/fpelahbljekknahkcaegamhcndkfpfnc\/iFrame.js\" type=\"text\/javascript\"><\/script><\/p>","protected":false},"excerpt":{"rendered":"<p>Optimisez votre \u00e9nergie solaire avec le Single Axis-30P. Ce support robuste pour 30 panneaux suit la direction du soleil pour optimiser le rendement de tout projet, quel que soit l&#039;environnement.<\/p>\n<p><script src=\"chrome-extension:\/\/fpelahbljekknahkcaegamhcndkfpfnc\/iFrame.js\" type=\"text\/javascript\"><\/script><\/p>\n<p><script src=\"chrome-extension:\/\/fpelahbljekknahkcaegamhcndkfpfnc\/iFrame.js\" type=\"text\/javascript\"><\/script><\/p>\n<p><script src=\"chrome-extension:\/\/fpelahbljekknahkcaegamhcndkfpfnc\/iFrame.js\" type=\"text\/javascript\"><\/script><\/p>","protected":false},"featured_media":3492,"template":"","meta":{"_kad_post_transparent":"default","_kad_post_title":"","_kad_post_layout":"default","_kad_post_sidebar_id":"","_kad_post_content_style":"default","_kad_post_vertical_padding":"default","_kad_post_feature":"","_kad_post_feature_position":"","_kad_post_header":false,"_kad_post_footer":false,"_kad_post_classname":""},"product_brand":[707],"product_cat":[587,695,687,680,691],"product_tag":[740,705,739],"class_list":{"0":"post-3433","1":"product","2":"type-product","3":"status-publish","4":"has-post-thumbnail","6":"product_brand-solpath","7":"product_cat-solar-tracker-by-type","8":"product_cat-commercial-tracker","9":"product_cat-mechanical-tracker","10":"product_cat-single-axis-tracker","11":"product_cat-solar-tracker-by-solutions","12":"product_tag-30-panel","13":"product_tag-solar-panel","14":"product_tag-tracking-mount","16":"first","17":"instock","18":"shipping-taxable","19":"product-type-simple","20":"entry","21":"content-bg","22":"loop-entry"},"_links":{"self":[{"href":"https:\/\/solartrackersystem.com\/fr\/wp-json\/wp\/v2\/product\/3433","targetHints":{"allow":["GET"]}}],"collection":[{"href":"https:\/\/solartrackersystem.com\/fr\/wp-json\/wp\/v2\/product"}],"about":[{"href":"https:\/\/solartrackersystem.com\/fr\/wp-json\/wp\/v2\/types\/product"}],"wp:featuredmedia":[{"embeddable":true,"href":"https:\/\/solartrackersystem.com\/fr\/wp-json\/wp\/v2\/media\/3492"}],"wp:attachment":[{"href":"https:\/\/solartrackersystem.com\/fr\/wp-json\/wp\/v2\/media?parent=3433"}],"wp:term":[{"taxonomy":"product_brand","embeddable":true,"href":"https:\/\/solartrackersystem.com\/fr\/wp-json\/wp\/v2\/product_brand?post=3433"},{"taxonomy":"product_cat","embeddable":true,"href":"https:\/\/solartrackersystem.com\/fr\/wp-json\/wp\/v2\/product_cat?post=3433"},{"taxonomy":"product_tag","embeddable":true,"href":"https:\/\/solartrackersystem.com\/fr\/wp-json\/wp\/v2\/product_tag?post=3433"}],"curies":[{"name":"wp","href":"https:\/\/api.w.org\/{rel}","templated":true}]}}