{"id":3432,"date":"2025-08-08T16:40:02","date_gmt":"2025-08-08T08:40:02","guid":{"rendered":"https:\/\/solartrackersystem.com\/?post_type=product&#038;p=3432"},"modified":"2025-09-08T20:44:47","modified_gmt":"2025-09-08T12:44:47","slug":"single-axis-20p-20-panel-1-axis-solar-tracking-system","status":"publish","type":"product","link":"https:\/\/solartrackersystem.com\/fr\/single-axis-20p-20-panel-1-axis-solar-tracking-system\/","title":{"rendered":"Single Axis-20P\u00a0: Syst\u00e8me de suivi solaire mono-axe \u00e0 20 panneaux"},"content":{"rendered":"<p data-v-md-line=\"4\">B\u00e9n\u00e9ficiez d&#039;un rendement \u00e9nerg\u00e9tique jusqu&#039;\u00e0 30 % sup\u00e9rieur sur votre investissement solaire gr\u00e2ce \u00e0 notre syst\u00e8me de suivi solaire \u00e0 axe unique 20P. Con\u00e7u pour un suivi solaire mono-axe, ce syst\u00e8me robuste \u00e0 20 panneaux maintient vos modules align\u00e9s avec la lumi\u00e8re du soleil pour des performances optimales, m\u00eame dans des conditions ext\u00e9rieures difficiles.<\/p>\n<h2 data-v-md-heading=\"features-and-benefits\" data-v-md-line=\"6\">Caract\u00e9ristiques et avantages<\/h2>\n<ul data-v-md-line=\"7\">\n<li>Suivi solaire 1 axe de haute pr\u00e9cision : notre formule co\u00fbteuse garantit que vos panneaux suivent la lumi\u00e8re du soleil avec une pr\u00e9cision \u2264 1 \u00b0, augmentant ainsi la puissance de sortie et le rendement.<\/li>\n<li>Construction robuste : la structure utilise de l&#039;acier Q235, galvanis\u00e9 \u00e0 chaud pour une r\u00e9sistance sup\u00e9rieure \u00e0 la d\u00e9t\u00e9rioration - construite pour prosp\u00e9rer \u00e0 l&#039;ext\u00e9rieur pendant 25 ans.<\/li>\n<li>Optimis\u00e9 pour les d\u00e9ploiements de 20 panneaux : prend en charge les panneaux (250-300 W, 1650 x 992 mm) sur un emplacement de support de 33 m\u00b2, offrant un style adaptable pour diverses conceptions de sites Web.<\/li>\n<li>R\u00e9sistance au vent am\u00e9lior\u00e9e : con\u00e7u pour r\u00e9sister au vent jusqu&#039;\u00e0 17 m\/s avec protection contre le vent en option.<\/li>\n<li>Rendement constamment \u00e9lev\u00e9 : offre une augmentation d&#039;\u00e9nergie de 15 \u00e0 30 % par rapport \u00e0 une installation r\u00e9par\u00e9e, maximisant ainsi le retour sur investissement de votre travail.<\/li>\n<li>Contr\u00f4le pr\u00e9cis et efficace : angle d&#039;inclinaison pris en charge \u00e0 20\u00b0, avec une plage de suivi de -45\u00b0 \u00e0 +45\u00b0 pour des performances r\u00e9put\u00e9es et adapt\u00e9es \u00e0 la saison.<\/li>\n<li>Faibles d\u00e9penses fonctionnelles : Consomme \u2264 0,25 kWh tout en offrant un mouvement et une stabilit\u00e9 constants.<\/li>\n<li>Confort certifi\u00e9 : Conforme aux exigences CE, CQC, ISO9001, ISO14001 et OHSAS18001 pour garantir la s\u00e9curit\u00e9 et la qualit\u00e9.<\/li>\n<li>Pr\u00eat pour la surveillance \u00e0 distance : \u00e9quip\u00e9 d&#039;une interface RS485-MODBUS pour une combinaison directe dans les syst\u00e8mes de gestion des centrales solaires contemporains.<\/li>\n<\/ul>\n<h2 data-v-md-heading=\"wide-applications\" data-v-md-line=\"17\">Applications larges<\/h2>\n<p data-v-md-line=\"18\">Ce syst\u00e8me de suivi solaire mono-axe est id\u00e9al pour les fermes solaires au sol, les installations photovolta\u00efques industrielles et les toitures commerciales, o\u00f9 l&#039;optimisation du rendement quotidien fait toute la diff\u00e9rence. Sa construction robuste et ses capacit\u00e9s de suivi pr\u00e9cis le rendent parfaitement adapt\u00e9 \u00e0 divers climats, des d\u00e9serts aux r\u00e9gions \u00e0 vents forts.<\/p>\n<h2 data-v-md-heading=\"specifications\" data-v-md-line=\"20\">Caract\u00e9ristiques<\/h2>\n<ul data-v-md-line=\"21\">\n<li>M\u00e9canique (type de suivi, capacit\u00e9 de charge, classe de vent\/neige, dimensions, poids, produit, dur\u00e9e de vie du roulement) : suivi 1 axe, capacit\u00e9 de 20 panneaux (250 \u00e0 300 W chacun), dimensions du panneau : 1\u00a0650 x 992 mm, surface du support : 33 m TWO, acier Q235 avec galvanisation \u00e0 chaud, environ 500 kg, dur\u00e9e de vie nominale : 25 ans<\/li>\n<li>\u00c9lectrique (type et puissance du moteur, consommation \u00e9lectrique, plage de tension, r\u00e9seau d&#039;inclinaison, taux de suivi, boost de retour) : Consommation \u00e9lectrique \u2264 0,25 kWh, angle d&#039;inclinaison 20 \u00b0, plage de suivi -45 \u00b0 \u00e0 +45 \u00b0, augmentation du rendement 15-30 %.<\/li>\n<li>Environnement (Temp\u00e9rature de fonctionnement, indice IP, r\u00e9sistance \u00e0 l&#039;humidit\u00e9, aux UV et \u00e0 la corrosion) : Fonctionne de -40\u00b0C \u00e0 +70\u00b0C, anti-corrosion avec galvanisation \u00e0 chaud.<\/li>\n<li>Performances (augmentation d&#039;\u00e9nergie par rapport au fixe, MTBF, fiabilit\u00e9 (% de disponibilit\u00e9), param\u00e8tres de panne) : Augmentation d&#039;\u00e9nergie de 15 \u00e0 30 % par rapport au fixe.<\/li>\n<li>Communications (Protocoles (Modbus, TCP\/IP, MQTT), d\u00e9bogage \u00e0 distance, mise \u00e0 niveau OTA, accessibilit\u00e9 API) : proc\u00e9dure RS485-MODBUS pour le suivi et le contr\u00f4le.<\/li>\n<li>S\u00e9curit\u00e9 et certifications (exigences IEC, CE\/UL\/ROHS, verrouillages de s\u00e9curit\u00e9, d\u00e9fense contre la foudre) : accr\u00e9dit\u00e9 CE, CQC, ISO9001, ISO14001, OHSAS18001.<\/li>\n<\/ul>\n<h2 data-v-md-heading=\"technical-support\" data-v-md-line=\"28\">Support technique<\/h2>\n<p data-v-md-line=\"29\">Nous vous accompagnons dans votre travail \u00e0 chaque \u00e9tape, en fournissant des versions CAO compl\u00e8tes, des fiches techniques et des repr\u00e9sentations de circuits pour une combinaison fluide et facile.<\/p>\n<h2 data-v-md-heading=\"conclusion\" data-v-md-line=\"31\">Conclusion<\/h2>\n<p data-v-md-line=\"32\">Lorsque vous choisissez SolPath, vous acqu\u00e9rez non seulement un tracker solaire haute performance, mais \u00e9galement des ann\u00e9es de qualit\u00e9 de conception et de d\u00e9vouement au service ax\u00e9s sur votre r\u00e9ussite \u00e0 long terme.<\/p>\n<p><script src=\"chrome-extension:\/\/fpelahbljekknahkcaegamhcndkfpfnc\/iFrame.js\" type=\"text\/javascript\"><\/script><\/p>\n<p><script src=\"chrome-extension:\/\/fpelahbljekknahkcaegamhcndkfpfnc\/iFrame.js\" type=\"text\/javascript\"><\/script><\/p>\n<p><script src=\"chrome-extension:\/\/fpelahbljekknahkcaegamhcndkfpfnc\/iFrame.js\" type=\"text\/javascript\"><\/script><\/p>\n<p><script src=\"chrome-extension:\/\/fpelahbljekknahkcaegamhcndkfpfnc\/iFrame.js\" type=\"text\/javascript\"><\/script><\/p>","protected":false},"excerpt":{"rendered":"<p>Optimisez votre investissement solaire avec le Single Axis-20P. Ce tracker robuste \u00e0 20 panneaux et 1 axe augmente le rendement \u00e9nerg\u00e9tique jusqu&#039;\u00e0 30 % dans tous les environnements.<\/p>\n<p><script src=\"chrome-extension:\/\/fpelahbljekknahkcaegamhcndkfpfnc\/iFrame.js\" type=\"text\/javascript\"><\/script><\/p>\n<p><script src=\"chrome-extension:\/\/fpelahbljekknahkcaegamhcndkfpfnc\/iFrame.js\" type=\"text\/javascript\"><\/script><\/p>\n<p><script src=\"chrome-extension:\/\/fpelahbljekknahkcaegamhcndkfpfnc\/iFrame.js\" type=\"text\/javascript\"><\/script><\/p>","protected":false},"featured_media":3487,"template":"","meta":{"_kad_post_transparent":"default","_kad_post_title":"","_kad_post_layout":"default","_kad_post_sidebar_id":"","_kad_post_content_style":"default","_kad_post_vertical_padding":"default","_kad_post_feature":"","_kad_post_feature_position":"","_kad_post_header":false,"_kad_post_footer":false,"_kad_post_classname":""},"product_brand":[707],"product_cat":[587,695,680,691],"product_tag":[738,731,709],"class_list":{"0":"post-3432","1":"product","2":"type-product","3":"status-publish","4":"has-post-thumbnail","6":"product_brand-solpath","7":"product_cat-solar-tracker-by-type","8":"product_cat-commercial-tracker","9":"product_cat-single-axis-tracker","10":"product_cat-solar-tracker-by-solutions","11":"product_tag-1-axis","12":"product_tag-20-panel","13":"product_tag-solar-tracking","15":"first","16":"instock","17":"shipping-taxable","18":"product-type-simple","19":"entry","20":"content-bg","21":"loop-entry"},"_links":{"self":[{"href":"https:\/\/solartrackersystem.com\/fr\/wp-json\/wp\/v2\/product\/3432","targetHints":{"allow":["GET"]}}],"collection":[{"href":"https:\/\/solartrackersystem.com\/fr\/wp-json\/wp\/v2\/product"}],"about":[{"href":"https:\/\/solartrackersystem.com\/fr\/wp-json\/wp\/v2\/types\/product"}],"wp:featuredmedia":[{"embeddable":true,"href":"https:\/\/solartrackersystem.com\/fr\/wp-json\/wp\/v2\/media\/3487"}],"wp:attachment":[{"href":"https:\/\/solartrackersystem.com\/fr\/wp-json\/wp\/v2\/media?parent=3432"}],"wp:term":[{"taxonomy":"product_brand","embeddable":true,"href":"https:\/\/solartrackersystem.com\/fr\/wp-json\/wp\/v2\/product_brand?post=3432"},{"taxonomy":"product_cat","embeddable":true,"href":"https:\/\/solartrackersystem.com\/fr\/wp-json\/wp\/v2\/product_cat?post=3432"},{"taxonomy":"product_tag","embeddable":true,"href":"https:\/\/solartrackersystem.com\/fr\/wp-json\/wp\/v2\/product_tag?post=3432"}],"curies":[{"name":"wp","href":"https:\/\/api.w.org\/{rel}","templated":true}]}}