{"id":3429,"date":"2025-08-08T16:39:57","date_gmt":"2025-08-08T08:39:57","guid":{"rendered":"https:\/\/solartrackersystem.com\/?post_type=product&#038;p=3429"},"modified":"2025-09-08T20:43:23","modified_gmt":"2025-09-08T12:43:23","slug":"dual-axis-24p-24-panel-dual-axis-pv-tracking-system","status":"publish","type":"product","link":"https:\/\/solartrackersystem.com\/fr\/dual-axis-24p-24-panel-dual-axis-pv-tracking-system\/","title":{"rendered":"Dual Axis-24P\u00a0: Syst\u00e8me de suivi PV \u00e0 deux axes \u00e0 24 panneaux"},"content":{"rendered":"<p data-v-md-line=\"4\">Augmentez votre rendement solaire jusqu&#039;\u00e0 40 % avec le Dual Axis-24P, votre solution de suivi photovolta\u00efque haute performance \u00e0 double axe pour 24 panneaux. Si vous recherchez fiabilit\u00e9, contr\u00f4le intelligent et robustesse, ce tracker solaire vous offre des r\u00e9sultats de pointe directement sur votre chantier.<\/p>\n<h2 data-v-md-heading=\"features-and-benefits\" data-v-md-line=\"6\">Caract\u00e9ristiques et avantages<\/h2>\n<ul data-v-md-line=\"7\">\n<li>Suivi solaire \u00e0 deux axes : vous obtenez un suivi PV optimis\u00e9 tout au long de la journ\u00e9e lorsque le syst\u00e8me change d&#039;azimut et d&#039;altitude, exploitant chaque watt suppl\u00e9mentaire de l&#039;aube au coucher du soleil.<\/li>\n<li>Augmentation prouv\u00e9e du rendement\u00a0: Attendez-vous \u00e0 une augmentation r\u00e9elle de la puissance de 20 \u00e0 40\u00a0% par rapport aux syst\u00e8mes photovolta\u00efques conventionnels. Nos algorithmes sophistiqu\u00e9s et notre raisonnement anti-ombre optimisent l&#039;efficacit\u00e9 de chaque panneau.<\/li>\n<li>Construction robuste : Fabriqu\u00e9 en acier Q235 galvanis\u00e9 \u00e0 chaud, le cadre r\u00e9siste \u00e0 la corrosion et aux conditions ext\u00e9rieures extr\u00eames, notamment aux vents violents et aux fortes pluies. La durabilit\u00e9 est un atout majeur pour un investissement durable.<\/li>\n<li>Protection IP65 : ce tracker emp\u00eache l&#039;intrusion de salet\u00e9 et d&#039;eau, ce qui en fait un choix parfait pour les climats difficiles et les installations \u00e0 distance.<\/li>\n<li>Protection intelligente : des capteurs de vent et de neige, des protections contre les surintensit\u00e9s et les surchauffes et une r\u00e9sistance robuste au vent maintiennent votre syst\u00e8me en s\u00e9curit\u00e9 \u2013 et votre esprit en s\u00e9curit\u00e9.<\/li>\n<li>Surveillance \u00e0 distance et compatibilit\u00e9 SCADA\u00a0: int\u00e9gration transparente aux syst\u00e8mes SCADA de l&#039;usine pour des donn\u00e9es en ligne, un contr\u00f4le des stocks et un d\u00e9pannage en tout lieu. Mises \u00e0 niveau sans fil 4G\/Wi-Fi disponibles en option.<\/li>\n<li>Suivi de pr\u00e9cision : Avec une pr\u00e9cision bien sup\u00e9rieure \u00e0 1\u00b0, vos panneaux restent fix\u00e9s sur la cible \u00e0 tout moment, tous les jours.<\/li>\n<li>Facilit\u00e9 d&#039;entretien : des options de conception intelligentes et des \u00e9l\u00e9ments r\u00e9put\u00e9s indiquent beaucoup moins de temps d&#039;arr\u00eat, des co\u00fbts de service r\u00e9duits et une tranquillit\u00e9 d&#039;esprit dans vos proc\u00e9dures.<\/li>\n<\/ul>\n<h2 data-v-md-heading=\"wide-applications\" data-v-md-line=\"16\">Applications larges<\/h2>\n<p data-v-md-line=\"17\">Ce syst\u00e8me de suivi PV \u00e0 deux axes est con\u00e7u pour les centrales photovolta\u00efques industrielles n\u00e9cessitant des parcs solaires au sol, des toitures industrielles et industrielles, ainsi que des syst\u00e8mes agrivolta\u00efques. Adaptez-vous en toute confiance aux sites d\u00e9sertiques, aux zones \u00e0 vents forts et aux surfaces complexes, partout o\u00f9 une efficacit\u00e9 solaire optimale est essentielle.<\/p>\n<h2 data-v-md-heading=\"specifications\" data-v-md-line=\"19\">Caract\u00e9ristiques<\/h2>\n<ul data-v-md-line=\"20\">\n<li>M\u00e9canique (type de suivi, capacit\u00e9 de charge, classe de vent\/neige, dimensions, poids, produit, dur\u00e9e de vie des roulements)<\/li>\n<li>Type de suivi : Double axe (azimut : -120\u00b0 \u00e0 +120\u00b0, altitude : 0\u00b0 \u00e0 60\u00b0).<\/li>\n<li>Nombre de panneaux : 24.<\/li>\n<li>Puissance du panneau : 250 \u2013 300 W par panneau.<\/li>\n<li>Dimensions du panneau : 1650 mm x 992 mm.<\/li>\n<li>Superficie du support : 40 m\u00b2.<\/li>\n<li>Mat\u00e9riau : acier Q235, galvanis\u00e9 \u00e0 chaud.<\/li>\n<li>Poids : environ 1 150 kg.<\/li>\n<li>Dur\u00e9e de vie pr\u00e9vue : \u2265 25 ans.<\/li>\n<li>\u00c9lectrique (type et puissance du moteur, consommation d&#039;\u00e9nergie, plage de tension, plage d&#039;inclinaison, vitesse de suivi, augmentation du rendement)<\/li>\n<li>Consommation \u00e9lectrique : \u2264 0,5 kWh\/jour.<\/li>\n<li>Tension d&#039;entr\u00e9e : CLIMATISEUR 220V, 50\/60 Hz.<\/li>\n<li>Technique de contr\u00f4le : Algorithme astronomique, GPS en option.<\/li>\n<li>Pr\u00e9cision de suivi : \u2264 1 \u00b0<br \/>\n\u2013 Environnement (niveau de temp\u00e9rature de fonctionnement, indice IP, humidit\u00e9, r\u00e9sistance aux UV et \u00e0 la d\u00e9t\u00e9rioration)<\/li>\n<li>Temp\u00e9rature de fonctionnement : -40\u00b0C \u00e0 +70\u00b0C.- Indice IP : IP65.<\/li>\n<li>Performances (augmentation d&#039;\u00e9nergie par rapport \u00e0 r\u00e9par\u00e9, MTBF, fiabilit\u00e9 (% de disponibilit\u00e9), param\u00e8tres d\u00e9faillants)<\/li>\n<li>Augmentation du rendement PV : 20 \u00e0 40 % par rapport aux s\u00e9lections trait\u00e9es.<\/li>\n<li>Communications (protocoles, d\u00e9bogage \u00e0 distance, mises \u00e0 niveau OTA, acc\u00e8s API)<\/li>\n<li>RS485-MODBUS.<\/li>\n<li>Communication \u00e0 distance en option : 4G\/WiFi.<\/li>\n<li>Assimilation SCADA.<\/li>\n<li>S\u00e9curit\u00e9 et certifications (crit\u00e8res IEC, CE\/UL\/ROHS, verrouillages de s\u00e9curit\u00e9, s\u00e9curit\u00e9 foudre)<\/li>\n<li>CE, CQC, ISO9001, ISO14001, OHSAS18001.<\/li>\n<li>D\u00e9fense intelligente contre le vent et la neige.<\/li>\n<li>Garantie et service (p\u00e9riode de garantie, assurance d&#039;efficacit\u00e9, kit de pi\u00e8ces de rechange, formation, accords de solution)<\/li>\n<li>Dur\u00e9e de vie pr\u00e9vue : \u2265 25 ans.<\/li>\n<li>Options suppl\u00e9mentaires (supports, kits de structure, batterie de secours, robot de nettoyage, parafoudres)<\/li>\n<li>Protection contre le vent en option.<\/li>\n<\/ul>\n<h2 data-v-md-heading=\"technical-support\" data-v-md-line=\"49\">Support technique<\/h2>\n<p data-v-md-line=\"50\">Nous fournissons une assistance technique compl\u00e8te \u2013 compos\u00e9e de mod\u00e8les CAO, de fiches techniques et de repr\u00e9sentations de c\u00e2blage \u00e9lectrique \u2013 afin que vous puissiez int\u00e9grer ce syst\u00e8me de suivi PV \u00e0 deux axes dans votre t\u00e2che en toute confiance.<\/p>\n<h2 data-v-md-heading=\"conclusion\" data-v-md-line=\"52\">Conclusion<\/h2>\n<p data-v-md-line=\"53\">Choisir SolPath signifie que vous achetez des services de suivi solaire durables et innovants qui offrent une efficacit\u00e9 et une int\u00e9grit\u00e9 exceptionnelles dans le monde r\u00e9el, saison apr\u00e8s saison.<\/p>\n<p><script src=\"chrome-extension:\/\/fpelahbljekknahkcaegamhcndkfpfnc\/iFrame.js\" type=\"text\/javascript\"><\/script><\/p>\n<p><script src=\"chrome-extension:\/\/fpelahbljekknahkcaegamhcndkfpfnc\/iFrame.js\" type=\"text\/javascript\"><\/script><\/p>\n<p><script src=\"chrome-extension:\/\/fpelahbljekknahkcaegamhcndkfpfnc\/iFrame.js\" type=\"text\/javascript\"><\/script><\/p>\n<p><script src=\"chrome-extension:\/\/fpelahbljekknahkcaegamhcndkfpfnc\/iFrame.js\" type=\"text\/javascript\"><\/script><\/p>","protected":false},"excerpt":{"rendered":"<p>Augmentez votre rendement solaire jusqu&#039;\u00e0 40 % avec le Dual Axis-24P. Ce tracker robuste \u00e0 24 panneaux offre un suivi solaire intelligent et performant.<\/p>\n<p><script src=\"chrome-extension:\/\/fpelahbljekknahkcaegamhcndkfpfnc\/iFrame.js\" type=\"text\/javascript\"><\/script><\/p>\n<p><script src=\"chrome-extension:\/\/fpelahbljekknahkcaegamhcndkfpfnc\/iFrame.js\" type=\"text\/javascript\"><\/script><\/p>\n<p><script src=\"chrome-extension:\/\/fpelahbljekknahkcaegamhcndkfpfnc\/iFrame.js\" type=\"text\/javascript\"><\/script><\/p>","protected":false},"featured_media":3557,"template":"","meta":{"_kad_post_transparent":"default","_kad_post_title":"","_kad_post_layout":"default","_kad_post_sidebar_id":"","_kad_post_content_style":"default","_kad_post_vertical_padding":"default","_kad_post_feature":"","_kad_post_feature_position":"","_kad_post_header":false,"_kad_post_footer":false,"_kad_post_classname":""},"product_brand":[707],"product_cat":[587,695,681,691],"product_tag":[734,711,733],"class_list":{"0":"post-3429","1":"product","2":"type-product","3":"status-publish","4":"has-post-thumbnail","6":"product_brand-solpath","7":"product_cat-solar-tracker-by-type","8":"product_cat-commercial-tracker","9":"product_cat-dual-axis-tracker","10":"product_cat-solar-tracker-by-solutions","11":"product_tag-24-panel","12":"product_tag-dual-axis","13":"product_tag-pv-tracking","15":"first","16":"instock","17":"shipping-taxable","18":"product-type-simple","19":"entry","20":"content-bg","21":"loop-entry"},"_links":{"self":[{"href":"https:\/\/solartrackersystem.com\/fr\/wp-json\/wp\/v2\/product\/3429","targetHints":{"allow":["GET"]}}],"collection":[{"href":"https:\/\/solartrackersystem.com\/fr\/wp-json\/wp\/v2\/product"}],"about":[{"href":"https:\/\/solartrackersystem.com\/fr\/wp-json\/wp\/v2\/types\/product"}],"wp:featuredmedia":[{"embeddable":true,"href":"https:\/\/solartrackersystem.com\/fr\/wp-json\/wp\/v2\/media\/3557"}],"wp:attachment":[{"href":"https:\/\/solartrackersystem.com\/fr\/wp-json\/wp\/v2\/media?parent=3429"}],"wp:term":[{"taxonomy":"product_brand","embeddable":true,"href":"https:\/\/solartrackersystem.com\/fr\/wp-json\/wp\/v2\/product_brand?post=3429"},{"taxonomy":"product_cat","embeddable":true,"href":"https:\/\/solartrackersystem.com\/fr\/wp-json\/wp\/v2\/product_cat?post=3429"},{"taxonomy":"product_tag","embeddable":true,"href":"https:\/\/solartrackersystem.com\/fr\/wp-json\/wp\/v2\/product_tag?post=3429"}],"curies":[{"name":"wp","href":"https:\/\/api.w.org\/{rel}","templated":true}]}}