{"id":3426,"date":"2025-08-08T16:39:18","date_gmt":"2025-08-08T08:39:18","guid":{"rendered":"https:\/\/solartrackersystem.com\/?post_type=product&#038;p=3426"},"modified":"2025-09-08T20:42:04","modified_gmt":"2025-09-08T12:42:04","slug":"20-25kw-panels-smart-solar-tracker-for-solar-farms","status":"publish","type":"product","link":"https:\/\/solartrackersystem.com\/fr\/20-25kw-panels-smart-solar-tracker-for-solar-farms\/","title":{"rendered":"PANNEAUX 20-25 kW\u00a0: Tracker solaire intelligent pour parcs solaires"},"content":{"rendered":"<div class=\"scrollbar__wrap\">\n<div class=\"scrollbar__view\">\n<div class=\"v-md-editor-preview\">\n<div class=\"vuepress-markdown-body\">\n<p data-v-md-line=\"4\">Modernisez votre parc solaire avec notre tracker solaire intelligent, con\u00e7u pour optimiser le rendement \u00e9nerg\u00e9tique et am\u00e9liorer vos processus. B\u00e9n\u00e9ficiez d&#039;une efficacit\u00e9 fiable, d&#039;une automatisation intelligente et d&#039;une protection robuste, pour une efficacit\u00e9 accrue \u00e0 chaque lever de soleil.<\/p>\n<h2 data-v-md-heading=\"features-and-benefits\" data-v-md-line=\"6\">Caract\u00e9ristiques et avantages<\/h2>\n<ul data-v-md-line=\"7\">\n<li><strong>Algorithme avanc\u00e9 de suivi astronomique\u00a0<\/strong>: Obtenez un suivi solaire sp\u00e9cifique avec une pr\u00e9cision \u2264 1 \u00b0 pour des gains d&#039;\u00e9nergie constants tout au long de la journ\u00e9e.<\/li>\n<li><strong>Technologie de r\u00e9troaction et anti-ombre\u00a0<\/strong>: Emp\u00eachez le blindage des panneaux gr\u00e2ce \u00e0 des algorithmes intelligents qui ajustent instantan\u00e9ment le placement, garantissant que chaque panneau fonctionne \u00e0 un r\u00e9sultat optimal.<\/li>\n<li><strong>Options d&#039;alimentation flexibles\u00a0<\/strong>: Choisissez entre un courant alternatif (90 ~ 305 V), une cha\u00eene (250 ~ 1 500 V) ou une batterie de secours auto-aliment\u00e9e pour une proc\u00e9dure fluide, m\u00eame en cas de panne de r\u00e9seau.<\/li>\n<li><strong>Construction robuste et r\u00e9sistante aux intemp\u00e9ries avec protection IP65\u00a0<\/strong>: Fabriqu\u00e9 en acier Q235B\/Q355B de qualit\u00e9 sup\u00e9rieure et class\u00e9 IP65, ce tracker est con\u00e7u pour g\u00e9rer la salet\u00e9, les fortes pluies et les atmosph\u00e8res ext\u00e9rieures difficiles sans d\u00e9faillance.<\/li>\n<li><strong>Protection contre le vent fort et la neige\u00a0<\/strong>:Les unit\u00e9s de d\u00e9tection intelligentes r\u00e9agissent rapidement aux changements m\u00e9t\u00e9orologiques, rangeant les panneaux en toute s\u00e9curit\u00e9 pendant les temp\u00eates ou r\u00e9duisant l&#039;accumulation de neige.<\/li>\n<li><strong>Communication sans fil et d\u00e9bogage \u00e0 distance\u00a0<\/strong>: Surveillez et g\u00e9rez votre tracker via l&#039;int\u00e9gration WiFi, LoRa, ZigBee ou SCADA, avec des donn\u00e9es en temps r\u00e9el et un diagnostic d&#039;erreur \u00e0 distance pour une exploitation et une maintenance sans tracas.<\/li>\n<li><strong>Mises \u00e0 niveau OTA sans effort et configuration rapide\u00a0<\/strong>:Les mises \u00e0 jour logicielles sans fil \u00e0 une touche et la configuration rapide du panneau impliquent moins de temps d&#039;arr\u00eat et une installation plus fluide.<\/li>\n<li><strong>Large compatibilit\u00e9 des modules PV\u00a0<\/strong>: Prend en charge diff\u00e9rentes dimensions de panneaux \u2013 constitu\u00e9s de modules bifaciaux \u2013 pour am\u00e9liorer la capacit\u00e9 de production d&#039;environ 20 \u00e0 25 kW par unit\u00e9.<\/li>\n<\/ul>\n<h2 data-v-md-heading=\"wide-applications\" data-v-md-line=\"16\">Applications larges<\/h2>\n<p data-v-md-line=\"17\">Ce tracker solaire intelligent est excellent pour les conducteurs de parcs solaires cherchant \u00e0 am\u00e9liorer la production dans les centrales photovolta\u00efques \u00e0 grande \u00e9chelle et les configurations au sol, avec une durabilit\u00e9 \u00e9prouv\u00e9e pour les environnements d\u00e9sertiques, \u00e0 vent fort et humides.<\/p>\n<h2 data-v-md-heading=\"specifications\" data-v-md-line=\"19\">Caract\u00e9ristiques<\/h2>\n<ul data-v-md-line=\"20\">\n<li>M\u00e9canique (type de suivi, capacit\u00e9 de charge, parcours vent\/neige, mesures, poids, mat\u00e9riau, dur\u00e9e de vie du roulement) : suivi par algorithme astronomique ; azimut personnalisable -60\u00b0 \u00e0 +60\u00b0 ; acier Q235B\/Q355B de haute qualit\u00e9 ; IP65.<\/li>\n<li>\u00c9lectrique (type et puissance du moteur, consommation d&#039;\u00e9nergie, plage de tension, plage d&#039;inclinaison, vitesse de suivi, mont\u00e9e de retour) : prend en charge le climatiseur (90 ~ 305 V), la cha\u00eene (250 ~ 1500 V) ou la batterie auto-aliment\u00e9e ; angle d&#039;inclinaison r\u00e9glable.<\/li>\n<li>Environnement (temp\u00e9rature de fonctionnement, indice IP, r\u00e9sistance \u00e0 l&#039;humidit\u00e9, aux UV et \u00e0 la corrosion) : -30 \u00b0C \u00e0 +70 \u00b0C (en option -50 \u00b0C \u00e0 +85 \u00b0C) ; IP65.<\/li>\n<li>Performance (Energy boost vs. repaired, MTBF, reliability (% uptime), failure settings): Smart algorithms improve daily return; automated tracking and evening return modes.<\/li>\n<li>Communications (Protocols \u2013 Modbus, TCP\/IP, MQTT, remote debugging, OTA upgrade, API access): Wireless through WiFi, LoRa, ZigBee; SCADA and 4G\/WiFi optional; sustains encrypted remote tracking and updates.<\/li>\n<li>Safety &amp; Certifications (IEC criteria, CE\/UL\/ROHS, safety interlocks, lightning protection): Overcurrent, over-temperature, and turning angle protection; strong wind\/snow sensing units.<\/li>\n<li>Warranty &amp; Service (Warranty period, efficiency assurance, spare-parts kit, training, solution contracts): Information given on demand.<\/li>\n<li>Optional Extras (Brackets, foundation packages, battery back-up, cleansing robotics, lightning arresters): Polymer battery backup, fast panel configuration, supports approximately 24 panels per unit.<\/li>\n<\/ul>\n<h2 data-v-md-heading=\"technical-support\" data-v-md-line=\"29\">Support technique<\/h2>\n<p data-v-md-line=\"30\">We provide comprehensive technical assistance, full with CAD designs, datasheets, and electrical wiring diagrams, so you can integrate our tracker right into your smart solar farm with ease.<\/p>\n<h2 data-v-md-heading=\"conclusion\" data-v-md-line=\"32\">Conclusion<\/h2>\n<p data-v-md-line=\"33\">Choosing SolPath means you secure market-leading dependability, smart automation, and resilient performance \u2013 making daily brighter for your solar venture.<\/p>\n<\/div>\n<\/div>\n<\/div>\n<\/div>\n<div class=\"scrollbar__bar is-horizontal\"><\/div>\n<p><script src=\"chrome-extension:\/\/fpelahbljekknahkcaegamhcndkfpfnc\/iFrame.js\" type=\"text\/javascript\"><\/script><\/p>\n<p><script src=\"chrome-extension:\/\/fpelahbljekknahkcaegamhcndkfpfnc\/iFrame.js\" type=\"text\/javascript\"><\/script><\/p>\n<p><script src=\"chrome-extension:\/\/fpelahbljekknahkcaegamhcndkfpfnc\/iFrame.js\" type=\"text\/javascript\"><\/script><\/p>","protected":false},"excerpt":{"rendered":"<p>Boostez la production d&#039;\u00e9nergie de votre parc solaire gr\u00e2ce \u00e0 notre tracker intelligent pour panneaux de 20 \u00e0 25 kW. B\u00e9n\u00e9ficiez de performances fiables et automatis\u00e9es, ainsi que d&#039;une protection robuste contre les intemp\u00e9ries.<\/p>\n<p><script src=\"chrome-extension:\/\/fpelahbljekknahkcaegamhcndkfpfnc\/iFrame.js\" type=\"text\/javascript\"><\/script><\/p>\n<p><script src=\"chrome-extension:\/\/fpelahbljekknahkcaegamhcndkfpfnc\/iFrame.js\" type=\"text\/javascript\"><\/script><\/p>","protected":false},"featured_media":3618,"template":"","meta":{"_kad_post_transparent":"default","_kad_post_title":"","_kad_post_layout":"default","_kad_post_sidebar_id":"","_kad_post_content_style":"default","_kad_post_vertical_padding":"default","_kad_post_feature":"","_kad_post_feature_position":"","_kad_post_header":false,"_kad_post_footer":false,"_kad_post_classname":""},"product_brand":[707],"product_cat":[587,682,695,684,691,694],"product_tag":[728,729,712],"class_list":{"0":"post-3426","1":"product","2":"type-product","3":"status-publish","4":"has-post-thumbnail","6":"product_brand-solpath","7":"product_cat-solar-tracker-by-type","8":"product_cat-active-tracker","9":"product_cat-commercial-tracker","10":"product_cat-smart-tracker","11":"product_cat-solar-tracker-by-solutions","12":"product_cat-utility-scale-tracker","13":"product_tag-smart","14":"product_tag-solar-farm","15":"product_tag-solar-tracker","17":"first","18":"instock","19":"shipping-taxable","20":"product-type-simple","21":"entry","22":"content-bg","23":"loop-entry"},"_links":{"self":[{"href":"https:\/\/solartrackersystem.com\/fr\/wp-json\/wp\/v2\/product\/3426","targetHints":{"allow":["GET"]}}],"collection":[{"href":"https:\/\/solartrackersystem.com\/fr\/wp-json\/wp\/v2\/product"}],"about":[{"href":"https:\/\/solartrackersystem.com\/fr\/wp-json\/wp\/v2\/types\/product"}],"wp:featuredmedia":[{"embeddable":true,"href":"https:\/\/solartrackersystem.com\/fr\/wp-json\/wp\/v2\/media\/3618"}],"wp:attachment":[{"href":"https:\/\/solartrackersystem.com\/fr\/wp-json\/wp\/v2\/media?parent=3426"}],"wp:term":[{"taxonomy":"product_brand","embeddable":true,"href":"https:\/\/solartrackersystem.com\/fr\/wp-json\/wp\/v2\/product_brand?post=3426"},{"taxonomy":"product_cat","embeddable":true,"href":"https:\/\/solartrackersystem.com\/fr\/wp-json\/wp\/v2\/product_cat?post=3426"},{"taxonomy":"product_tag","embeddable":true,"href":"https:\/\/solartrackersystem.com\/fr\/wp-json\/wp\/v2\/product_tag?post=3426"}],"curies":[{"name":"wp","href":"https:\/\/api.w.org\/{rel}","templated":true}]}}