{"id":3424,"date":"2025-08-08T16:13:35","date_gmt":"2025-08-08T08:13:35","guid":{"rendered":"https:\/\/solartrackersystem.com\/?post_type=product&#038;p=3424"},"modified":"2025-09-08T20:59:11","modified_gmt":"2025-09-08T12:59:11","slug":"single-axis-complete-solar-tracker-kit","status":"publish","type":"product","link":"https:\/\/solartrackersystem.com\/fr\/single-axis-complete-solar-tracker-kit\/","title":{"rendered":"Axe unique\u00a0: kit complet de suivi solaire \u00e0 axe unique"},"content":{"rendered":"<p data-v-md-line=\"4\">B\u00e9n\u00e9ficiez d&#039;un rendement sup\u00e9rieur et d&#039;un fonctionnement sans faille gr\u00e2ce \u00e0 notre kit complet de suivi solaire \u00e0 axe unique\u00a0: un suivi solaire innovant pour votre projet, optimisant la puissance de chaque panneau avec une fiabilit\u00e9 \u00e0 toute \u00e9preuve. D\u00e9couvrez la diff\u00e9rence que conf\u00e8rent un positionnement intelligent, une conception robuste et une int\u00e9gration fluide \u00e0 votre installation solaire.<\/p>\n<h2 data-v-md-heading=\"features-and-benefits\" data-v-md-line=\"6\">Caract\u00e9ristiques et avantages<\/h2>\n<ul data-v-md-line=\"7\">\n<li>Syst\u00e8me de contr\u00f4le de pr\u00e9cision : vous obtenez un suivi solaire ultra-fiable avec des formules intelligentes et co\u00fbteuses et un retour d&#039;information de l&#039;unit\u00e9 de d\u00e9tection de placement, ce qui permet une production d&#039;\u00e9nergie encore plus coh\u00e9rente et am\u00e9lior\u00e9e, m\u00eame sur une surface difficile.<\/li>\n<li>Construction robuste : Con\u00e7u \u00e0 partir d&#039;acier Q235B\/Q355B de qualit\u00e9 sup\u00e9rieure et s\u00e9curis\u00e9 par galvanisation \u00e0 chaud, ce kit r\u00e9siste \u00e0 la rouille et aux atmosph\u00e8res ext\u00e9rieures difficiles, garantissant plus de 25 ans de service.<\/li>\n<li>Alimentation \u00e9lectrique polyvalente : profitez d&#039;une installation adaptable avec assistance pour la climatisation, les cha\u00eenes ou les options d&#039;auto-alimentation solaire + batterie - vous pouvez ainsi d\u00e9ployer ce tracker solaire sur ou hors r\u00e9seau, partout dans le monde.<\/li>\n<li>Protection avanc\u00e9e de l&#039;actionneur : le d\u00e9marrage progressif int\u00e9gr\u00e9, la pr\u00e9vention des surcharges et les modifications des limites du logiciel et de l&#039;\u00e9quipement prot\u00e8gent votre syst\u00e8me contre les probl\u00e8mes d&#039;erreur, vous offrant ainsi une tranquillit\u00e9 d&#039;esprit et moins de temps d&#039;arr\u00eat.<\/li>\n<li>Surveillance et mises \u00e0 niveau \u00e0 distance sans effort : la compatibilit\u00e9 SCADA transparente, la connectivit\u00e9 WiFi\/4G\/LoRa\/ZigBee, les mises \u00e0 niveau sans fil et le d\u00e9bogage en une seule touche simplifient le fonctionnement, la maintenance et les mises \u00e0 jour en temps r\u00e9el, m\u00eame \u00e0 distance.<\/li>\n<li>Adaptabilit\u00e9 intelligente par tous les temps : les formules anti-ombre et anti-retour, les modes automatiques de neige et de pluie et les routines de vent fort am\u00e9liorent la disponibilit\u00e9 et le rendement \u00e9nerg\u00e9tique \u00e0 chaque p\u00e9riode.<\/li>\n<li>Garantie de pointe : 5 ans de protection sur l&#039;ensemble du syst\u00e8me et une d\u00e9cennie sur la structure en acier soulignent notre confiance dans une fiabilit\u00e9 durable.<\/li>\n<\/ul>\n<h2 data-v-md-heading=\"wide-applications\" data-v-md-line=\"15\">Applications larges<\/h2>\n<p data-v-md-line=\"16\">Ce kit de suivi solaire \u00e0 axe unique est excellent pour les centrales photovolta\u00efques au sol \u00e0 grande \u00e9chelle, les zones solaires C&amp;I, l&#039;agrivolta\u00efque, les tests de paysages d\u00e9sertiques, les zones humides ou baln\u00e9aires, et partout o\u00f9 le suivi solaire de pr\u00e9cision ouvre des rendements plus \u00e9lev\u00e9s sur votre investissement financier.<\/p>\n<h2 data-v-md-heading=\"specifications\" data-v-md-line=\"18\">Caract\u00e9ristiques<\/h2>\n<ul data-v-md-line=\"19\">\n<li>M\u00e9canique (type de suivi, capacit\u00e9 des lots, parcours du vent\/neige, mesures, poids, mat\u00e9riau, dur\u00e9e de vie des roulements)<\/li>\n<li>Suivi \u00e0 axe unique, acier Q235B\/Q355B, galvanis\u00e9 \u00e0 chaud, r\u00e9sistance au vent 17 \u2013 22 m\/s, charge de neige 0,8 \u2013 1,1 kN\/m\u00b2, dur\u00e9e de vie &gt; 25 ans.<\/li>\n<li>\u00c9lectrique (type et puissance du moteur, consommation d&#039;\u00e9nergie, plage de tension, plage d&#039;inclinaison, vitesse de suivi, augmentation du rendement)<\/li>\n<li>Prend en charge la climatisation 90-305V, l&#039;alimentation en cha\u00eene 250-1500V ou l&#039;auto-alimentation (solaire + batterie) ; plage d&#039;azimut - 60\u00b0 \u00e0 +60\u00b0 ; pr\u00e9cision de suivi \u2264 1\u00b0.<\/li>\n<li>Environnement (temp\u00e9rature de fonctionnement, indice IP, r\u00e9sistance \u00e0 l&#039;humidit\u00e9, aux UV et \u00e0 la d\u00e9t\u00e9rioration)<\/li>\n<li>Con\u00e7u pour une utilisation ext\u00e9rieure intensive ; excellente r\u00e9sistance \u00e0 la d\u00e9t\u00e9rioration ; indice IP particulier non propos\u00e9.<\/li>\n<li>Performance (augmentation de l'\u00e9nergie par rapport \u00e0 la valeur fixe, MTBF, fiabilit\u00e9 [% uptime], param\u00e8tres de d\u00e9faillance)<\/li>\n<li>Les algorithmes de r\u00e9tro-suivi et d&#039;anti-ombre am\u00e9liorent les r\u00e9sultats et minimisent les pertes d&#039;ombrage.<\/li>\n<li>Communications (protocoles [Modbus, TCP\/IP, MQTT], d\u00e9bogage \u00e0 distance, mise \u00e0 jour OTA, accessibilit\u00e9 API)<\/li>\n<li>WiFi\/LoRa\/ZigBee pour la communication locale, 4G\/RS485\/WiFi pour la communication \u00e0 distance ; compatible SCADA ; prend en charge les mises \u00e0 niveau sans fil et le d\u00e9bogage en une seule touche.<\/li>\n<li>S\u00e9curit\u00e9 et certifications (normes IEC, CE\/UL\/ROHS, verrouillages de s\u00e9curit\u00e9, protection contre la foudre)<\/li>\n<li>Application logicielle int\u00e9gr\u00e9e et d\u00e9fense contre les restrictions d&#039;\u00e9quipement, protection contre les surcharges ; certifications sur demande.<\/li>\n<li>Garantie et service (dur\u00e9e de la garantie, assurance d&#039;efficacit\u00e9, kit de pi\u00e8ces de rechange, formation, contrats de solution)<\/li>\n<li>Garantie de service syst\u00e8me complet de 5 ans, garantie cadre de 10 ans (excluant les dommages humains\/de force majeure).<\/li>\n<li>Options suppl\u00e9mentaires (supports, ensembles de structures, batterie de secours, robot de nettoyage, parafoudres)<\/li>\n<li>Compatible avec les robots de nettoyage\u00a0; mises \u00e0 niveau intelligentes de la m\u00e9t\u00e9o\/adaptabilit\u00e9 en option propos\u00e9es.<\/li>\n<\/ul>\n<h2 data-v-md-heading=\"technical-support\" data-v-md-line=\"36\">Support technique.<\/h2>\n<p data-v-md-line=\"37\">Nous fournissons un support technique complet \u2013 comprenant des versions CAO, des fiches techniques et des repr\u00e9sentations de c\u00e2blage \u00e9lectrique \u2013 pour simplifier votre configuration et vous permettre de produire de l&#039;\u00e9nergie plus rapidement.<\/p>\n<h2 data-v-md-heading=\"conclusion\" data-v-md-line=\"39\">Conclusion.<\/h2>\n<p data-v-md-line=\"40\">En choisissant SolPath, vous investissez dans un syst\u00e8me de suivi solaire de qualit\u00e9 \u00e9prouv\u00e9e, une ing\u00e9nierie de pointe et un support client irr\u00e9prochable. R\u00e9alisez vos projets photovolta\u00efques avec un kit con\u00e7u pour des performances r\u00e9elles et une garantie durable.<\/p>\n<p><script src=\"chrome-extension:\/\/fpelahbljekknahkcaegamhcndkfpfnc\/iFrame.js\" type=\"text\/javascript\"><\/script><\/p>\n<p><script src=\"chrome-extension:\/\/fpelahbljekknahkcaegamhcndkfpfnc\/iFrame.js\" type=\"text\/javascript\"><\/script><\/p>\n<p><script src=\"chrome-extension:\/\/fpelahbljekknahkcaegamhcndkfpfnc\/iFrame.js\" type=\"text\/javascript\"><\/script><\/p>\n<p><script src=\"chrome-extension:\/\/fpelahbljekknahkcaegamhcndkfpfnc\/iFrame.js\" type=\"text\/javascript\"><\/script><\/p>","protected":false},"excerpt":{"rendered":"<p>Obtenez des rendements plus \u00e9lev\u00e9s gr\u00e2ce \u00e0 notre kit complet de trackers solaires \u00e0 axe unique. Robuste et intelligent, il optimise la production d&#039;\u00e9nergie gr\u00e2ce \u00e0 des performances fiables par tous les temps.<\/p>\n<p><script src=\"chrome-extension:\/\/fpelahbljekknahkcaegamhcndkfpfnc\/iFrame.js\" type=\"text\/javascript\"><\/script><\/p>\n<p><script src=\"chrome-extension:\/\/fpelahbljekknahkcaegamhcndkfpfnc\/iFrame.js\" type=\"text\/javascript\"><\/script><\/p>\n<p><script src=\"chrome-extension:\/\/fpelahbljekknahkcaegamhcndkfpfnc\/iFrame.js\" type=\"text\/javascript\"><\/script><\/p>\n<p><script src=\"chrome-extension:\/\/fpelahbljekknahkcaegamhcndkfpfnc\/iFrame.js\" type=\"text\/javascript\"><\/script><\/p>","protected":false},"featured_media":3477,"template":"","meta":{"_kad_post_transparent":"default","_kad_post_title":"","_kad_post_layout":"default","_kad_post_sidebar_id":"","_kad_post_content_style":"default","_kad_post_vertical_padding":"default","_kad_post_feature":"","_kad_post_feature_position":"","_kad_post_header":false,"_kad_post_footer":false,"_kad_post_classname":""},"product_brand":[707],"product_cat":[587,697,703,690,699,702,688,698,689,693,680,691,701],"product_tag":[715,714,712],"class_list":{"0":"post-3424","1":"product","2":"type-product","3":"status-publish","4":"has-post-thumbnail","6":"product_brand-solpath","7":"product_cat-solar-tracker-by-type","8":"product_cat-agricultural-tracker","9":"product_cat-custom-omdm-tracker","10":"product_cat-diy-tracker-kit","11":"product_cat-eco-friendly-tracker","12":"product_cat-installation-maintenance","13":"product_cat-linear-actuator-tracker","14":"product_cat-offgrid-tracker","15":"product_cat-portable-tracker","16":"product_cat-roof-mount-tracker","17":"product_cat-single-axis-tracker","18":"product_cat-solar-tracker-by-solutions","19":"product_cat-tracker-components","20":"product_tag-kit","21":"product_tag-single-axis","22":"product_tag-solar-tracker","24":"first","25":"instock","26":"shipping-taxable","27":"product-type-simple","28":"entry","29":"content-bg","30":"loop-entry"},"_links":{"self":[{"href":"https:\/\/solartrackersystem.com\/fr\/wp-json\/wp\/v2\/product\/3424","targetHints":{"allow":["GET"]}}],"collection":[{"href":"https:\/\/solartrackersystem.com\/fr\/wp-json\/wp\/v2\/product"}],"about":[{"href":"https:\/\/solartrackersystem.com\/fr\/wp-json\/wp\/v2\/types\/product"}],"wp:featuredmedia":[{"embeddable":true,"href":"https:\/\/solartrackersystem.com\/fr\/wp-json\/wp\/v2\/media\/3477"}],"wp:attachment":[{"href":"https:\/\/solartrackersystem.com\/fr\/wp-json\/wp\/v2\/media?parent=3424"}],"wp:term":[{"taxonomy":"product_brand","embeddable":true,"href":"https:\/\/solartrackersystem.com\/fr\/wp-json\/wp\/v2\/product_brand?post=3424"},{"taxonomy":"product_cat","embeddable":true,"href":"https:\/\/solartrackersystem.com\/fr\/wp-json\/wp\/v2\/product_cat?post=3424"},{"taxonomy":"product_tag","embeddable":true,"href":"https:\/\/solartrackersystem.com\/fr\/wp-json\/wp\/v2\/product_tag?post=3424"}],"curies":[{"name":"wp","href":"https:\/\/api.w.org\/{rel}","templated":true}]}}