{"id":3422,"date":"2025-08-08T16:13:32","date_gmt":"2025-08-08T08:13:32","guid":{"rendered":"https:\/\/solartrackersystem.com\/?post_type=product&#038;p=3422"},"modified":"2025-09-08T20:40:24","modified_gmt":"2025-09-08T12:40:24","slug":"4-7kw-panels-automatic-solar-power-tracker-system","status":"publish","type":"product","link":"https:\/\/solartrackersystem.com\/fr\/4-7kw-panels-automatic-solar-power-tracker-system\/","title":{"rendered":"PANNEAUX 4-7 kW : Syst\u00e8me de suivi automatique de l&#039;\u00e9nergie solaire"},"content":{"rendered":"<p data-v-md-line=\"4\">Lib\u00e9rez le potentiel r\u00e9el de votre investissement en \u00e9nergie solaire gr\u00e2ce \u00e0 notre syst\u00e8me de suivi automatique de l&#039;\u00e9nergie solaire. Ce syst\u00e8me de suivi avanc\u00e9 suit les mouvements du soleil avec une pr\u00e9cision absolue, offrant le rendement \u00e9nerg\u00e9tique et la fiabilit\u00e9 n\u00e9cessaires pour des rendements constants.<\/p>\n<h2 data-v-md-heading=\"features-and-benefits\" data-v-md-line=\"6\">Caract\u00e9ristiques et avantages<\/h2>\n<ul data-v-md-line=\"7\">\n<li><strong>Suivi astronomique automatique\u00a0<\/strong>:Le syst\u00e8me utilise un algorithme innovant et \u00e9norme pour maintenir vos panneaux photovolta\u00efques compl\u00e8tement align\u00e9s avec le soleil, augmentant ainsi le r\u00e9sultat \u00e9nerg\u00e9tique et l&#039;efficacit\u00e9.<\/li>\n<li><strong>Algorithme de retour en arri\u00e8re sans ombre\u00a0<\/strong>:Le retour arri\u00e8re int\u00e9gr\u00e9 garantit que vos panneaux \u00e9vitent de s&#039;ombrager les uns les autres, vous offrant ainsi des performances id\u00e9ales tout au long de la journ\u00e9e, m\u00eame dans des zones tr\u00e8s denses.<\/li>\n<li><strong>Conception robuste et r\u00e9sistante\u00a0<\/strong>:Con\u00e7u \u00e0 partir d&#039;acier Q235 de pointe, compl\u00e9t\u00e9 par des th\u00e9rapies anticorrosion sp\u00e9cialis\u00e9es pour une fiabilit\u00e9 durable dans des environnements ext\u00e9rieurs extr\u00eames.<\/li>\n<li><strong>Large plage de temp\u00e9ratures de fonctionnement\u00a0<\/strong>:Fonctionne parfaitement de -40 \u2103 \u00e0 +70 \u2103, ce qui le rend id\u00e9al pour les d\u00e9serts, les zones c\u00f4ti\u00e8res et les climats rigoureux.<\/li>\n<li><strong>Protection IP65\u00a0<\/strong>:\u00c9tanche \u00e0 la poussi\u00e8re et prot\u00e9g\u00e9 contre les jets d&#039;eau puissants, ce syst\u00e8me de suivi \u00e9limine la poussi\u00e8re, la pluie et les conditions climatiques exigeantes afin que vous n&#039;ayez pas \u00e0 vous soucier des temps d&#039;arr\u00eat.<\/li>\n<li><strong>Surveillance et contr\u00f4le \u00e0 distance\u00a0<\/strong>:La connexion RS485-MODBUS et Bluetooth en option vous permet de suivre, de contr\u00f4ler et de d\u00e9boguer le syst\u00e8me sans fil, vous offrant ainsi une tranquillit\u00e9 d&#039;esprit et r\u00e9duisant les efforts de maintenance.<\/li>\n<li><strong>Limite int\u00e9gr\u00e9e et protection contre le vent\u00a0<\/strong>:Les attributs de s\u00e9curit\u00e9 intelligents, notamment la capacit\u00e9 de rangement contre le vent et les boutons de limite sp\u00e9cifiques, prot\u00e8gent votre investissement contre les temp\u00eates et les surcharges.<\/li>\n<li><strong>Dur\u00e9e de vie de 25 ans\u00a0<\/strong>:Con\u00e7u pour une endurance exceptionnelle, vous obtenez ainsi une valeur durable et tr\u00e8s peu de cycles de remplacement.<\/li>\n<\/ul>\n<h2 data-v-md-heading=\"wide-applications\" data-v-md-line=\"16\">Applications larges<\/h2>\n<p data-v-md-line=\"17\">Ce syst\u00e8me de suivi solaire est votre excellent choix pour les installations de toit \u00e0 grande \u00e9chelle, les ranchs solaires au sol, les am\u00e9nagements commerciaux et industriels et les travaux adaptatifs au terrain n\u00e9cessitant des performances informatis\u00e9es durables dans tous les probl\u00e8mes.<\/p>\n<h2 data-v-md-heading=\"specifications\" data-v-md-line=\"19\">Caract\u00e9ristiques<\/h2>\n<ul data-v-md-line=\"20\">\n<li>M\u00e9canique (type de suivi, capacit\u00e9 des lots, classe vent\/neige, mesures, poids, mat\u00e9riau, dur\u00e9e de vie des roulements) : suivi astronomique ; r\u00e9sistance au vent normale 27 m\/s ; emplacement du support 30 ; nombre de composants 8 \u00e0 12 ordinateurs ; dimension du module 2100 \u00d7 1300 mm ; poids \u2265 400 kg ; construction en acier Q235 ; dur\u00e9e de vie de la disposition \u2265 25 ans.<\/li>\n<li>\u00c9lectrique (type et puissance du moteur, consommation d&#039;\u00e9nergie, plage de tension, plage d&#039;inclinaison, taux de suivi, boost de retour) : Tension d&#039;entr\u00e9e 24 V CC ; vari\u00e9t\u00e9 de suivi 360 \u00b0 ; angle d&#039;inclinaison 30 \u00b0 ; puissance du module 500-650 W.<\/li>\n<li>Environnement (temp\u00e9rature de fonctionnement, indice IP, humidit\u00e9, r\u00e9sistance aux UV et \u00e0 la corrosion) : -40 \u2103 \u00e0 +70 \u2103 ; IP65 ; anti-corrosion (peinture\/galvanisation \u00e0 chaud).<\/li>\n<li>Performances (Boost \u00e9nerg\u00e9tique vs. fixe, MTBF, fiabilit\u00e9 (% uptime), param\u00e8tres d\u00e9faillants) : Haute pr\u00e9cision (pr\u00e9cision \u2264 5\u00b0) ; retour d&#039;angle ; formule de retour arri\u00e8re ; d\u00e9fense des informations.<\/li>\n<li>Communications (Protocols (Modbus, TCP\/IP, MQTT), remote debugging, OTA upgrade, API accessibility): RS485-MODBUS, Bluetooth; optional remote function.<\/li>\n<li>Safety &amp; Certifications (IEC requirements, CE\/UL\/ROHS, safety interlocks, lightning security): Limit defense; wind defense (optional); GBT 29320-2012 basic compliance; optional GPS positioning.<\/li>\n<li>Warranty &amp; Service (Warranty duration, performance assurance, spare-parts kit, training, solution contracts): Package includes wooden box with bubble film; extra information offered upon demand.<\/li>\n<li>Optional Extras (Brackets, foundation packages, battery backup, cleaning up robots, lightning arresters): GPS placing, wind defense, remote surveillance.<\/li>\n<\/ul>\n<h2 data-v-md-heading=\"technical-support\" data-v-md-line=\"29\">Support technique<\/h2>\n<p data-v-md-line=\"30\">We supply full technological support, from CAD designs to datasheets and circuitry layouts, helping you incorporate our tracker effortlessly right into your project.<\/p>\n<h2 data-v-md-heading=\"conclusion\" data-v-md-line=\"32\">Conclusion<\/h2>\n<p data-v-md-line=\"33\">With SolPath, you are purchasing a solar tracking option that establishes the standard for advancement, reliability, and uncomplicated energy return. Let us power your progress with advanced solar technology.<\/p>\n<p><script src=\"chrome-extension:\/\/fpelahbljekknahkcaegamhcndkfpfnc\/iFrame.js\" type=\"text\/javascript\"><\/script><\/p>\n<p><script src=\"chrome-extension:\/\/fpelahbljekknahkcaegamhcndkfpfnc\/iFrame.js\" type=\"text\/javascript\"><\/script><\/p>\n<p><script src=\"chrome-extension:\/\/fpelahbljekknahkcaegamhcndkfpfnc\/iFrame.js\" type=\"text\/javascript\"><\/script><\/p>","protected":false},"excerpt":{"rendered":"<p>Boostez votre \u00e9nergie solaire gr\u00e2ce \u00e0 notre tracker automatique. Son algorithme intelligent suit pr\u00e9cis\u00e9ment le soleil pour maximiser la puissance. Robuste, fiable et con\u00e7u pour durer 25 ans.<\/p>\n<p><script src=\"chrome-extension:\/\/fpelahbljekknahkcaegamhcndkfpfnc\/iFrame.js\" type=\"text\/javascript\"><\/script><\/p>\n<p><script src=\"chrome-extension:\/\/fpelahbljekknahkcaegamhcndkfpfnc\/iFrame.js\" type=\"text\/javascript\"><\/script><\/p>\n<p><script src=\"chrome-extension:\/\/fpelahbljekknahkcaegamhcndkfpfnc\/iFrame.js\" type=\"text\/javascript\"><\/script><\/p>","protected":false},"featured_media":3599,"template":"","meta":{"_kad_post_transparent":"default","_kad_post_title":"","_kad_post_layout":"default","_kad_post_sidebar_id":"","_kad_post_content_style":"default","_kad_post_vertical_padding":"default","_kad_post_feature":"","_kad_post_feature_position":"","_kad_post_header":false,"_kad_post_footer":false,"_kad_post_classname":""},"product_brand":[707],"product_cat":[587,682,695,696,691],"product_tag":[718,719,720],"class_list":{"0":"post-3422","1":"product","2":"type-product","3":"status-publish","4":"has-post-thumbnail","6":"product_brand-solpath","7":"product_cat-solar-tracker-by-type","8":"product_cat-active-tracker","9":"product_cat-commercial-tracker","10":"product_cat-residential-tracker","11":"product_cat-solar-tracker-by-solutions","12":"product_tag-automatic","13":"product_tag-solar-power","14":"product_tag-tracker-system","16":"first","17":"instock","18":"shipping-taxable","19":"product-type-simple","20":"entry","21":"content-bg","22":"loop-entry"},"_links":{"self":[{"href":"https:\/\/solartrackersystem.com\/fr\/wp-json\/wp\/v2\/product\/3422","targetHints":{"allow":["GET"]}}],"collection":[{"href":"https:\/\/solartrackersystem.com\/fr\/wp-json\/wp\/v2\/product"}],"about":[{"href":"https:\/\/solartrackersystem.com\/fr\/wp-json\/wp\/v2\/types\/product"}],"wp:featuredmedia":[{"embeddable":true,"href":"https:\/\/solartrackersystem.com\/fr\/wp-json\/wp\/v2\/media\/3599"}],"wp:attachment":[{"href":"https:\/\/solartrackersystem.com\/fr\/wp-json\/wp\/v2\/media?parent=3422"}],"wp:term":[{"taxonomy":"product_brand","embeddable":true,"href":"https:\/\/solartrackersystem.com\/fr\/wp-json\/wp\/v2\/product_brand?post=3422"},{"taxonomy":"product_cat","embeddable":true,"href":"https:\/\/solartrackersystem.com\/fr\/wp-json\/wp\/v2\/product_cat?post=3422"},{"taxonomy":"product_tag","embeddable":true,"href":"https:\/\/solartrackersystem.com\/fr\/wp-json\/wp\/v2\/product_tag?post=3422"}],"curies":[{"name":"wp","href":"https:\/\/api.w.org\/{rel}","templated":true}]}}