{"id":3420,"date":"2025-08-08T16:13:30","date_gmt":"2025-08-08T08:13:30","guid":{"rendered":"https:\/\/solartrackersystem.com\/?post_type=product&#038;p=3420"},"modified":"2025-09-08T20:41:18","modified_gmt":"2025-09-08T12:41:18","slug":"10-15kw-panels-high-efficiency-solar-array-tracking","status":"publish","type":"product","link":"https:\/\/solartrackersystem.com\/fr\/10-15kw-panels-high-efficiency-solar-array-tracking\/","title":{"rendered":"PANNEAUX 10-15 kW\u00a0: Suivi de panneaux solaires \u00e0 haut rendement"},"content":{"rendered":"<p data-v-md-line=\"4\">B\u00e9n\u00e9ficiez d&#039;un rendement toujours plus \u00e9lev\u00e9 gr\u00e2ce \u00e0 notre syst\u00e8me de suivi de panneaux solaires haute performance, con\u00e7u pour maintenir vos panneaux parfaitement align\u00e9s avec la lumi\u00e8re du soleil. En optimisant chaque rayon, vous b\u00e9n\u00e9ficiez d&#039;une efficacit\u00e9 reconnue et d&#039;un meilleur retour sur investissement solaire.<\/p>\n<h2 data-v-md-heading=\"features-and-benefits\" data-v-md-line=\"6\">Caract\u00e9ristiques et avantages<\/h2>\n<ul data-v-md-line=\"7\">\n<li>Suivi astronomique avanc\u00e9 : le contr\u00f4le de pr\u00e9cision (pr\u00e9cision \u2264 5 \u00b0) garantit que votre panneau solaire adh\u00e8re au soleil toute la journ\u00e9e, am\u00e9liorant ainsi le r\u00e9sultat \u00e9nerg\u00e9tique avec une uniformit\u00e9 r\u00e9put\u00e9e.<\/li>\n<li>Algorithme de r\u00e9troaction : minimise l&#039;obscurit\u00e9 entre les panneaux et appuie sur chaque baisse de g\u00e9n\u00e9ration de votre syst\u00e8me, m\u00eame lorsque la lumi\u00e8re du soleil change.<\/li>\n<li>Structure robuste anticorrosion : construite avec des mat\u00e9riaux repeints ou galvanis\u00e9s \u00e0 chaud de haute qualit\u00e9 pour une durabilit\u00e9 renforc\u00e9e - prend soin des atmosph\u00e8res ext\u00e9rieures difficiles pendant de nombreuses ann\u00e9es.<\/li>\n<li>R\u00e9sistance au vent et aux intemp\u00e9ries : Con\u00e7u pour une acc\u00e9l\u00e9ration typique du vent jusqu&#039;\u00e0 27 m\/s et un fonctionnement fiable de -40 \u00b0C \u00e0 +70 \u00b0C, vous pouvez donc lui faire confiance dans les climats difficiles.<\/li>\n<li>Support de panneau modulaire : s&#039;adapte facilement jusqu&#039;\u00e0 21 composants (500-650 W chacun), avec un emplacement de support g\u00e9n\u00e9reux de 60 m\u00b2 - adapt\u00e9 \u00e0 la mise \u00e0 l&#039;\u00e9chelle des gammes solaires \u00e0 haut rendement.<\/li>\n<li>Surveillance et contr\u00f4le \u00e0 distance : b\u00e9n\u00e9ficiez des communications Bluetooth, RS485-MODBUS et du positionnement GPS en option pour des r\u00e9glages simples et une protection des informations o\u00f9 que vous soyez.<\/li>\n<li>Longue dur\u00e9e de vie : Con\u00e7u pour au moins 25 ans de solution \u00e0 haut rendement continu, pr\u00e9servant ainsi la s\u00e9curit\u00e9 de votre investissement.<\/li>\n<\/ul>\n<h2 data-v-md-heading=\"wide-applications\" data-v-md-line=\"15\">Applications larges<\/h2>\n<p data-v-md-line=\"16\">Ce tracker solaire est id\u00e9al pour les installations photovolta\u00efques \u00e0 grande \u00e9chelle, les ranchs solaires au sol et les travaux adaptatifs au terrain o\u00f9 un suivi fiable et \u00e0 haut rendement des panneaux solaires offre des gains mesurables en termes de production d&#039;\u00e9nergie, \u00e9galement dans des conditions de temp\u00e9rature ou de vent extr\u00eames.<\/p>\n<h2 data-v-md-heading=\"specifications\" data-v-md-line=\"18\">Caract\u00e9ristiques<\/h2>\n<ul data-v-md-line=\"19\">\n<li>M\u00e9canique (type de suivi, capacit\u00e9 de charge, classe de vent, mesures, poids, mat\u00e9riau, dur\u00e9e de vie du roulement) : suivi astronomique ; la capacit\u00e9 de tonnes prend en charge 21 panneaux de 500 \u00e0 650 W ; r\u00e9sistance au vent jusqu&#039;\u00e0 27 m\/s ; taille du composant 2100 x 1300 mm ; zone de support ~ 60 m DEUX ; poids \u2265 1300 kg ; finition galvanis\u00e9e \u00e0 chaud\/peinte ; dur\u00e9e de vie nominale \u2265 25 ans.<\/li>\n<li>\u00c9lectrique (type et puissance du moteur, consommation \u00e9lectrique, plage de tension, r\u00e9seau d&#039;inclinaison, taux de suivi, augmentation du rendement) : Pr\u00e9cision de suivi \u2264 5 \u00b0 ; angle d&#039;inclinaison 20 \u00b0 ; plage de suivi 360 \u00b0 ; maintient un rendement \u00e9nerg\u00e9tique \u00e0 haut rendement.<\/li>\n<li>Environnement (Niveau de temp\u00e9rature de fonctionnement, indice IP, r\u00e9sistance \u00e0 l&#039;humidit\u00e9, aux UV et \u00e0 la corrosion) : Fonctionne de -40 \u00b0C \u00e0 +70 \u00b0C ; conception anticorrosion robuste.<\/li>\n<li>Communications (Protocoles, d\u00e9bogage \u00e0 distance, mise \u00e0 niveau OTA, accessibilit\u00e9 API) : Interaction RS485-MODBUS, Bluetooth en option ; positionnement GPS ; d\u00e9fense des donn\u00e9es ; assimilation de la s\u00e9curit\u00e9 du vent en option.<\/li>\n<li>S\u00e9curit\u00e9 et certifications (exigences de la CEI, CE\/UL\/ROHS, verrouillages de s\u00e9curit\u00e9, protection contre la foudre) : [Garantie et service (dur\u00e9e de la garantie, assurance des performances, kit de pi\u00e8ces d\u00e9tach\u00e9es, formation, contrats de service) :) Dur\u00e9e de vie th\u00e9orique \u2265 25 ans.<\/li>\n<li>Extras optionnels (supports, ensembles de fondations, batteries de secours, robots nettoyeurs, parafoudres) : [Ne pas tenir compte des autres \u00e9l\u00e9ments existants]<\/li>\n<\/ul>\n<h2 data-v-md-heading=\"technical-support\" data-v-md-line=\"25\">Support technique<\/h2>\n<p data-v-md-line=\"26\">Nous fournissons une assistance technologique compl\u00e8te, compos\u00e9e de mod\u00e8les CAO, de fiches techniques et de sch\u00e9mas de c\u00e2blage \u00e9lectrique pour vous aider \u00e0 passer de l&#039;id\u00e9e \u00e0 l&#039;ach\u00e8vement sans d\u00e9lai.<\/p>\n<h2 data-v-md-heading=\"conclusion\" data-v-md-line=\"28\">Conclusion<\/h2>\n<p data-v-md-line=\"29\">En choisissant SolPath, vous obtenez des services de suivi solaire \u00e9prouv\u00e9s sur le terrain, con\u00e7us pour une int\u00e9grit\u00e9, une technologie et une valeur optimales dans le monde r\u00e9el, afin que votre r\u00e9seau solaire \u00e0 haut rendement fonctionne de mani\u00e8re optimale, \u00e0 chaque fois.<\/p>\n<p><script src=\"chrome-extension:\/\/fpelahbljekknahkcaegamhcndkfpfnc\/iFrame.js\" type=\"text\/javascript\"><\/script><\/p>\n<p><script src=\"chrome-extension:\/\/fpelahbljekknahkcaegamhcndkfpfnc\/iFrame.js\" type=\"text\/javascript\"><\/script><\/p>\n<p><script src=\"chrome-extension:\/\/fpelahbljekknahkcaegamhcndkfpfnc\/iFrame.js\" type=\"text\/javascript\"><\/script><\/p>","protected":false},"excerpt":{"rendered":"<p>Boostez votre rendement solaire gr\u00e2ce \u00e0 notre tracker haute performance pour panneaux de 10 \u00e0 15 kW. Il suit le soleil pour maximiser l&#039;\u00e9nergie et garantir un meilleur retour sur investissement.<\/p>\n<p><script src=\"chrome-extension:\/\/fpelahbljekknahkcaegamhcndkfpfnc\/iFrame.js\" type=\"text\/javascript\"><\/script><\/p>\n<p><script src=\"chrome-extension:\/\/fpelahbljekknahkcaegamhcndkfpfnc\/iFrame.js\" type=\"text\/javascript\"><\/script><\/p>","protected":false},"featured_media":3609,"template":"","meta":{"_kad_post_transparent":"default","_kad_post_title":"","_kad_post_layout":"default","_kad_post_sidebar_id":"","_kad_post_content_style":"default","_kad_post_vertical_padding":"default","_kad_post_feature":"","_kad_post_feature_position":"","_kad_post_header":false,"_kad_post_footer":false,"_kad_post_classname":""},"product_brand":[707],"product_cat":[587,695,691],"product_tag":[723,724,725],"class_list":{"0":"post-3420","1":"product","2":"type-product","3":"status-publish","4":"has-post-thumbnail","6":"product_brand-solpath","7":"product_cat-solar-tracker-by-type","8":"product_cat-commercial-tracker","9":"product_cat-solar-tracker-by-solutions","10":"product_tag-high-efficiency","11":"product_tag-solar-array","12":"product_tag-tracking","14":"first","15":"instock","16":"shipping-taxable","17":"product-type-simple","18":"entry","19":"content-bg","20":"loop-entry"},"_links":{"self":[{"href":"https:\/\/solartrackersystem.com\/fr\/wp-json\/wp\/v2\/product\/3420","targetHints":{"allow":["GET"]}}],"collection":[{"href":"https:\/\/solartrackersystem.com\/fr\/wp-json\/wp\/v2\/product"}],"about":[{"href":"https:\/\/solartrackersystem.com\/fr\/wp-json\/wp\/v2\/types\/product"}],"wp:featuredmedia":[{"embeddable":true,"href":"https:\/\/solartrackersystem.com\/fr\/wp-json\/wp\/v2\/media\/3609"}],"wp:attachment":[{"href":"https:\/\/solartrackersystem.com\/fr\/wp-json\/wp\/v2\/media?parent=3420"}],"wp:term":[{"taxonomy":"product_brand","embeddable":true,"href":"https:\/\/solartrackersystem.com\/fr\/wp-json\/wp\/v2\/product_brand?post=3420"},{"taxonomy":"product_cat","embeddable":true,"href":"https:\/\/solartrackersystem.com\/fr\/wp-json\/wp\/v2\/product_cat?post=3420"},{"taxonomy":"product_tag","embeddable":true,"href":"https:\/\/solartrackersystem.com\/fr\/wp-json\/wp\/v2\/product_tag?post=3420"}],"curies":[{"name":"wp","href":"https:\/\/api.w.org\/{rel}","templated":true}]}}