{"id":3418,"date":"2025-08-08T16:13:14","date_gmt":"2025-08-08T08:13:14","guid":{"rendered":"https:\/\/solartrackersystem.com\/?post_type=product&#038;p=3418"},"modified":"2025-09-08T20:59:55","modified_gmt":"2025-09-08T12:59:55","slug":"2-4kw-panels-small-solar-tracking-system","status":"publish","type":"product","link":"https:\/\/solartrackersystem.com\/fr\/2-4kw-panels-small-solar-tracking-system\/","title":{"rendered":"PANNEAUX 2-4 kW\u00a0: Petit syst\u00e8me de suivi solaire pour la maison"},"content":{"rendered":"<p data-v-md-line=\"4\">Optimisez l&#039;efficacit\u00e9 de votre installation solaire domestique gr\u00e2ce \u00e0 ce petit syst\u00e8me de suivi solaire con\u00e7u pour exploiter pleinement le rendement \u00e9nerg\u00e9tique. SolPath offre un suivi solaire pr\u00e9cis pour les toits r\u00e9sidentiels, les petites installations au sol ou les installations hors r\u00e9seau, vous permettant ainsi d&#039;exploiter chaque rayon de soleil.<\/p>\n<h2 data-v-md-heading=\"features-and-benefits\" data-v-md-line=\"6\">Caract\u00e9ristiques et avantages<\/h2>\n<ul data-v-md-line=\"7\">\n<li>Suivi \u00e0 deux axes : suit le soleil sur une gamme compl\u00e8te de 360 \u200b\u200b\u00b0, capturant encore plus d&#039;\u00e9nergie tout au long de la journ\u00e9e pour votre maison.<\/li>\n<li>Algorithme de contr\u00f4le intelligent : calcule et r\u00e9ajuste l&#039;angle de suivi optimal, augmentant ainsi la r\u00e9colte d&#039;\u00e9nergie, en particulier en cas de changement de temps.<\/li>\n<li>Construction robuste en acier Q235 : con\u00e7ue pour r\u00e9sister aux probl\u00e8mes ext\u00e9rieurs exigeants, avec galvanisation \u00e0 chaud pour une r\u00e9sistance \u00e0 la d\u00e9t\u00e9rioration test\u00e9e et une dur\u00e9e de vie de plus de 25 ans.<\/li>\n<li>Protection IP65 : Con\u00e7u pour une utilisation en ext\u00e9rieur \u2013 prot\u00e8ge contre la poussi\u00e8re et les projections d&#039;eau dans les atmosph\u00e8res difficiles.<\/li>\n<li>Contr\u00f4le astronomique pr\u00e9cis : atteint une pr\u00e9cision de suivi du soleil \u00e0 5\u00b0 pr\u00e8s, vous ne laissez donc pas d&#039;\u00e9nergie sur la table.<\/li>\n<li>Forte r\u00e9sistance au vent et \u00e0 la neige : con\u00e7u pour fonctionner en toute s\u00e9curit\u00e9 jusqu&#039;\u00e0 27 m\/s, avec un angle de vent de z\u00e9ro degr\u00e9 pour une protection robuste contre les temp\u00eates.<\/li>\n<li>Protection de limite int\u00e9gr\u00e9e : emp\u00eache la sur-rotation pour un fonctionnement plus s\u00fbr et sans stress.<\/li>\n<li>Fonctionnement et surveillance \u00e0 distance : la connectivit\u00e9 Bluetooth\/RS485 Modbus en option prend en charge les diagnostics \u00e0 distance et les mises \u00e0 jour du syst\u00e8me.<\/li>\n<\/ul>\n<h2 data-v-md-heading=\"wide-applications\" data-v-md-line=\"16\">Applications larges<\/h2>\n<p data-v-md-line=\"17\">Ce petit syst\u00e8me de suivi solaire ma\u00eetrise le suivi solaire r\u00e9sidentiel, compos\u00e9 de toits de ville, de cabanes isol\u00e9es, de petits sites agricoles ou de tout type de maison n\u00e9cessitant une option solaire efficace et adaptable.<\/p>\n<h2 data-v-md-heading=\"specifications\" data-v-md-line=\"19\">Caract\u00e9ristiques<\/h2>\n<ul data-v-md-line=\"20\">\n<li>M\u00e9canique (type de suivi, capacit\u00e9 des lots, parcours vent\/neige, dimensions, poids, produit, dur\u00e9e de vie des roulements) : Double axe, 4 \u00e0 6 panneaux (2\u00a0100 \u00d7 1\u00a0300 mm chacun), 15 zones de renfort, poids \u2265 300 kg, acier Q235, dur\u00e9e de vie nominale \u2265 25 ans<\/li>\n<li>\u00c9lectrique (type et puissance du moteur, consommation \u00e9lectrique, plage de tension, plage d&#039;inclinaison, vitesse de suivi, augmentation du rendement) : Tension d&#039;entr\u00e9e 24 V CC, plage de suivi 360 \u00b0, angle d&#039;inclinaison 30 \u00b0, retour en arri\u00e8re soutenu<\/li>\n<li>Environnement (Niveau de temp\u00e9rature de fonctionnement, indice IP, humidit\u00e9, r\u00e9sistance aux UV et \u00e0 la corrosion) : \u2013 40 \u00b0C \u00e0 +70 \u00b0C, IP65, peinture anticorrosion\/galvanisation \u00e0 chaud<\/li>\n<li>Performances (Boost \u00e9nerg\u00e9tique vs. pris en charge, MTBF, int\u00e9grit\u00e9 (% uptime), param\u00e8tres d\u00e9faillants) : Pr\u00e9cision de suivi \u2264 5\u00b0.<\/li>\n<li>Communications (protocoles (Modbus, TCP\/IP, MQTT), d\u00e9bogage \u00e0 distance, mise \u00e0 niveau OTA, acc\u00e8s API) : RS485-Modbus, Bluetooth, fonctionnalit\u00e9s \u00e0 distance en option, retour d&#039;angle, GPS en option.<\/li>\n<li>S\u00e9curit\u00e9 et certifications (exigences IEC, CE\/UL\/ROHS, verrouillages de s\u00e9curit\u00e9 et de s\u00fbret\u00e9, s\u00e9curit\u00e9 foudre) : GBT 29320-2012, s\u00e9curit\u00e9 de limitation int\u00e9gr\u00e9e, s\u00e9curit\u00e9 vent en option.<\/li>\n<li>Garantie et service (dur\u00e9e de garantie, garantie d&#039;efficacit\u00e9, kit de pi\u00e8ces de rechange, formation, contrats de service) : Dur\u00e9e de vie nominale \u2265 25 ans.<\/li>\n<li>Options suppl\u00e9mentaires (supports, packs de fondation, batterie de secours, robots de nettoyage, parafoudres) : Plusieurs alternatives de structure, prise en charge de la robotique de nettoyage.<\/li>\n<\/ul>\n<h2 data-v-md-heading=\"technical-support\" data-v-md-line=\"29\">Support technique<\/h2>\n<p data-v-md-line=\"30\">Nous fournissons une assistance technique compl\u00e8te, y compris des conceptions CAO, des fiches techniques et des repr\u00e9sentations de circuits pour garantir une int\u00e9gration fluide dans votre projet.<\/p>\n<h2 data-v-md-heading=\"conclusion\" data-v-md-line=\"32\">Conclusion<\/h2>\n<p data-v-md-line=\"33\">Choisir SolPath signifie que vous optez pour une qualit\u00e9, une innovation et une int\u00e9grit\u00e9 de premier ordre sur le march\u00e9.<\/p>\n<p><script src=\"chrome-extension:\/\/fpelahbljekknahkcaegamhcndkfpfnc\/iFrame.js\" type=\"text\/javascript\"><\/script><\/p>\n<p><script src=\"chrome-extension:\/\/fpelahbljekknahkcaegamhcndkfpfnc\/iFrame.js\" type=\"text\/javascript\"><\/script><\/p>\n<p><script src=\"chrome-extension:\/\/fpelahbljekknahkcaegamhcndkfpfnc\/iFrame.js\" type=\"text\/javascript\"><\/script><\/p>","protected":false},"excerpt":{"rendered":"<p>Optimisez l&#039;efficacit\u00e9 solaire de votre maison. Le petit tracker \u00e0 deux axes de SolPath optimise l&#039;\u00e9nergie pour les installations sur toit, au sol ou hors r\u00e9seau.<\/p>\n<p><script src=\"chrome-extension:\/\/fpelahbljekknahkcaegamhcndkfpfnc\/iFrame.js\" type=\"text\/javascript\"><\/script><\/p>\n<p><script src=\"chrome-extension:\/\/fpelahbljekknahkcaegamhcndkfpfnc\/iFrame.js\" type=\"text\/javascript\"><\/script><\/p>","protected":false},"featured_media":3467,"template":"","meta":{"_kad_post_transparent":"default","_kad_post_title":"","_kad_post_layout":"default","_kad_post_sidebar_id":"","_kad_post_content_style":"default","_kad_post_vertical_padding":"default","_kad_post_feature":"","_kad_post_feature_position":"","_kad_post_header":false,"_kad_post_footer":false,"_kad_post_classname":""},"product_brand":[707],"product_cat":[587,697,700,703,690,699,692,686,702,688,683,689,696,693,684,691],"product_tag":[710,708,709],"class_list":{"0":"post-3418","1":"product","2":"type-product","3":"status-publish","4":"has-post-thumbnail","6":"product_brand-solpath","7":"product_cat-solar-tracker-by-type","8":"product_cat-agricultural-tracker","9":"product_cat-cost-effective-tracker","10":"product_cat-custom-omdm-tracker","11":"product_cat-diy-tracker-kit","12":"product_cat-eco-friendly-tracker","13":"product_cat-ground-mount-tracker","14":"product_cat-hydraulic-tracker","15":"product_cat-installation-maintenance","16":"product_cat-linear-actuator-tracker","17":"product_cat-passive-tracker","18":"product_cat-portable-tracker","19":"product_cat-residential-tracker","20":"product_cat-roof-mount-tracker","21":"product_cat-smart-tracker","22":"product_cat-solar-tracker-by-solutions","23":"product_tag-for-home","24":"product_tag-small-solar-tracking-system","25":"product_tag-solar-tracking","27":"first","28":"instock","29":"shipping-taxable","30":"product-type-simple","31":"entry","32":"content-bg","33":"loop-entry"},"_links":{"self":[{"href":"https:\/\/solartrackersystem.com\/fr\/wp-json\/wp\/v2\/product\/3418","targetHints":{"allow":["GET"]}}],"collection":[{"href":"https:\/\/solartrackersystem.com\/fr\/wp-json\/wp\/v2\/product"}],"about":[{"href":"https:\/\/solartrackersystem.com\/fr\/wp-json\/wp\/v2\/types\/product"}],"wp:featuredmedia":[{"embeddable":true,"href":"https:\/\/solartrackersystem.com\/fr\/wp-json\/wp\/v2\/media\/3467"}],"wp:attachment":[{"href":"https:\/\/solartrackersystem.com\/fr\/wp-json\/wp\/v2\/media?parent=3418"}],"wp:term":[{"taxonomy":"product_brand","embeddable":true,"href":"https:\/\/solartrackersystem.com\/fr\/wp-json\/wp\/v2\/product_brand?post=3418"},{"taxonomy":"product_cat","embeddable":true,"href":"https:\/\/solartrackersystem.com\/fr\/wp-json\/wp\/v2\/product_cat?post=3418"},{"taxonomy":"product_tag","embeddable":true,"href":"https:\/\/solartrackersystem.com\/fr\/wp-json\/wp\/v2\/product_tag?post=3418"}],"curies":[{"name":"wp","href":"https:\/\/api.w.org\/{rel}","templated":true}]}}