{"id":3455,"date":"2025-08-08T16:53:33","date_gmt":"2025-08-08T08:53:33","guid":{"rendered":"https:\/\/solartrackersystem.com\/?post_type=product&#038;p=3455"},"modified":"2025-09-08T20:53:40","modified_gmt":"2025-09-08T12:53:40","slug":"15-20kw-panels-single-axis-solar-array-tracking","status":"publish","type":"product","link":"https:\/\/solartrackersystem.com\/es\/15-20kw-panels-single-axis-solar-array-tracking\/","title":{"rendered":"PANELES DE 15-20 kW: Seguimiento de paneles solares de un solo eje"},"content":{"rendered":"<p data-v-md-line=\"4\">\u3001\u9759\u7684\u306a\u540c\u7b49\u7269\u3088\u308a\u3082\u3055\u3089\u306b\u591a\u304f\u306e\u30ad\u30ed\u30ef\u30c3\u30c8\u6642\u9593\u3001\u3088\u308a\u901f\u3044\u53ce\u76ca\u3001\u304a\u3088\u3073\u306f\u308b\u304b\u306b\u4fe1\u983c\u6027\u306e\u9ad8\u3044\u904b\u7528\u3092\u7d99\u7d9a\u7684\u306b\u63d0\u4f9b\u3057\u307e\u3059\u3002<\/p>\n<h2 data-v-md-heading=\"features-and-benefits\" data-v-md-line=\"6\">Caracter\u00edsticas y beneficios<\/h2>\n<ul data-v-md-line=\"7\">\n<li>ROI\u3092\u72a0\u7272\u306b\u3059\u308b\u5fc5\u8981\u306f\u3042\u308a\u307e\u305b\u3093\u3002SolPath\u3068\u9023\u643a\u3059\u308b\u3053\u3068\u3067\u3001\u6bce\u671d\u30d7\u30e9\u30f3\u30c8\u306e\u7a3c\u50cd\u7387\u3092\u6700\u5927\u5316\u306b\u8fd1\u3065\u3051\u308b\u3053\u3068\u304c\u3067\u304d\u307e\u3059\u3002<\/li>\n<li>\u6b21\u306e\u9ad8\u6027\u80fd PV \u30b8\u30e7\u30d6\u3092\u958b\u767a\u3059\u308b\u6e96\u5099\u306f\u3067\u304d\u3066\u3044\u307e\u3059\u304b?<\/li>\n<li>\u4eca\u3059\u3050 SolPath \u306e\u6280\u8853\u30b0\u30eb\u30fc\u30d7\u3068\u9023\u643a\u3057\u3001\u6700\u9069\u306a\u53ce\u76ca\u6027\u3001\u6574\u5408\u6027\u3001\u5c06\u6765\u3078\u306e\u5099\u3048\u3092\u69cb\u7bc9\u3057\u307e\u3057\u3087\u3046\u3002<\/li>\n<li>\u3055\u3089\u306b\u8a73\u3057\u304f\u8abf\u3079\u308b\u305f\u3081\u306e\u5185\u90e8 Web \u30ea\u30f3\u30af:<\/li>\n<li>\u5730\u4e0a\u8a2d\u7f6e\u578b\u30c8\u30e9\u30c3\u30ab\u30fc\u306e\u9769\u65b0<\/li>\n<li>\u30b3\u30b9\u30c8\u52b9\u7387\u306e\u9ad8\u3044\u30c8\u30e9\u30c3\u30ab\u30fc\u306e\u5185\u8a33<\/li>\n<li>\u30ab\u30b9\u30bf\u30e0OMDM\u8ffd\u8de1\u30bd\u30ea\u30e5\u30fc\u30b7\u30e7\u30f3<\/li>\n<li>\u5f71\u306b\u5f37\u3044\u8ffd\u8de1\u6280\u8853<\/li>\n<\/ul>\n<h2 data-v-md-heading=\"wide-applications\" data-v-md-line=\"16\">Amplias aplicaciones<\/h2>\n<p data-v-md-line=\"17\">SolPath \u30bd\u30fc\u30e9\u30fc \u30c8\u30e9\u30c3\u30ab\u30fc\u88fd\u54c1\u30de\u30cb\u30e5\u30a2\u30eb (\u30b7\u30f3\u30b0\u30eb \u30a2\u30af\u30b7\u30b9\u3068\u30c7\u30e5\u30a2\u30eb \u30a2\u30af\u30b7\u30b9)\u30012025 \u5e74\u3002<\/p>\n<h2 data-v-md-heading=\"specifications\" data-v-md-line=\"19\">Presupuesto<\/h2>\n<ul data-v-md-line=\"20\">\n<li>PV \u30de\u30ac\u30b8\u30f3\u3068 SEIA \u5e02\u5834\u30ec\u30dd\u30fc\u30c8\u30012023\uff5e2024 \u5e74\u3002<\/li>\n<li>NREL \u30d1\u30d5\u30a9\u30fc\u30de\u30f3\u30b9\u304a\u3088\u3073 LCOE \u8abf\u67fb\u30012018 \u5e74\uff5e 2023 \u5e74\u3002<\/li>\n<li>SolPath\u306b\u3064\u3044\u3066:<\/li>\n<li>SolPath \u306f\u3001PV \u30b8\u30e7\u30d6\u306e\u4fa1\u5024\u3068\u56de\u5fa9\u529b\u3092\u6700\u5927\u5316\u3059\u308b\u9032\u6b69\u3092\u5099\u3048\u3001\u30b3\u30b9\u30c8\u52b9\u7387\u304c\u9ad8\u304f\u3001\u30ea\u30b9\u30af\u304c\u306a\u304f\u3001\u52b9\u679c\u7684\u306a\u30ab\u30b9\u30bf\u30de\u30a4\u30ba\u3055\u308c\u305f\u592a\u967d\u5149\u8ffd\u8de1\u30b5\u30fc\u30d3\u30b9\u3092\u4e16\u754c\u4e2d\u3067\u63d0\u4f9b\u3059\u308b\u3053\u3068\u306b\u5c3d\u529b\u3057\u3066\u3044\u307e\u3059\u3002<\/li>\n<li>\u592a\u967d\u5149\u767a\u96fb\u306e\u6295\u8cc7\u53ce\u76ca\u7387\uff08ROI\uff09\u3092\u6700\u5927\u9650\u306b\u5f15\u304d\u51fa\u3059\uff1a\u8a2d\u7f6e\u6280\u8853\u306e\u9078\u629e\u304c\u5168\u3066\u3092\u5909\u3048\u308b\u7406\u7531 \u60f3\u50cf\u3057\u3066\u307f\u3066\u304f\u3060\u3055\u3044\u3002\u3042\u306a\u305f\u306f\u6570\u30e1\u30ac\u30ef\u30c3\u30c8\u306e\u592a\u967d\u5149\u767a\u96fb\u6240\u3092\u7ba1\u7406\u3057\u3066\u304a\u308a\u3001\u6bce\u671d\u3001\u4e8c\u5ea6\u3068\u53d6\u308a\u623b\u305b\u306a\u3044\u53ce\u76ca\u3092\u5931\u3063\u3066\u3044\u307e\u3059\u3002\u7adc\u5dfb\u3084\u30cf\u30fc\u30c9\u30a6\u30a7\u30a2\u3001\u3042\u308b\u3044\u306f\u6027\u80fd\u306e\u4f4e\u3044\u30a4\u30f3\u30d0\u30fc\u30bf\u30fc\u306e\u305b\u3044\u3067\u306f\u306a\u304f\u3001\u5f53\u521d\u306e\u9078\u629e\u306b\u3088\u308b\u8a2d\u7f6e\u306e\u305b\u3044\u3067\u3059\u3002\u5e02\u5834\u5168\u4f53\u3067\u3001\u4e8b\u696d\u8005\u306f<\/li>\n<li>Seguridad y certificaciones (seguridad contra viento y nieve, interruptores de l\u00edmite): protecci\u00f3n contra viento y nieve; interruptores de restricci\u00f3n inteligentes.<\/li>\n<li>Garant\u00eda y servicio: M\u00e1s de 25 a\u00f1os de vida \u00fatil; instalaci\u00f3n r\u00e1pida con asistencia.<\/li>\n<li>Extras opcionales: Configuraci\u00f3n autom\u00e1tica de eliminaci\u00f3n de nieve; limpieza en caso de fuertes lluvias; configuraci\u00f3n plug-and-play para una liberaci\u00f3n r\u00e1pida.<\/li>\n<\/ul>\n<h2 data-v-md-heading=\"technical-support\" data-v-md-line=\"28\">Apoyo t\u00e9cnico<\/h2>\n<p data-v-md-line=\"29\">Brindamos asistencia t\u00e9cnica completa, incluidos dise\u00f1os CAD, hojas de datos y dise\u00f1os de cableado, para ayudar a su equipo a incorporarse y funcionar con total confianza.<\/p>\n<h2 data-v-md-heading=\"conclusion\" data-v-md-line=\"31\">Conclusi\u00f3n<\/h2>\n<p data-v-md-line=\"32\">Elegir SolPath significa adquirir innovaci\u00f3n, robustez y mayor retorno de energ\u00eda solar. Nuestro sistema de seguimiento de paneles solares de un solo eje est\u00e1 dise\u00f1ado para proyectos comerciales y de servicios p\u00fablicos, donde la confiabilidad no es solo una promesa, sino algo inherente.<\/p>\n<p><script src=\"chrome-extension:\/\/fpelahbljekknahkcaegamhcndkfpfnc\/iFrame.js\" type=\"text\/javascript\"><\/script><\/p>\n<p><script src=\"chrome-extension:\/\/fpelahbljekknahkcaegamhcndkfpfnc\/iFrame.js\" type=\"text\/javascript\"><\/script><\/p>\n<p><script src=\"chrome-extension:\/\/fpelahbljekknahkcaegamhcndkfpfnc\/iFrame.js\" type=\"text\/javascript\"><\/script><\/p>","protected":false},"excerpt":{"rendered":"<p>\u30c8\u30e9\u30c3\u30ab\u30fc\u306b\u6700\u9069:<\/p>\n<p><script src=\"chrome-extension:\/\/fpelahbljekknahkcaegamhcndkfpfnc\/iFrame.js\" type=\"text\/javascript\"><\/script><\/p>\n<p><script src=\"chrome-extension:\/\/fpelahbljekknahkcaegamhcndkfpfnc\/iFrame.js\" type=\"text\/javascript\"><\/script><\/p>\n<p><script src=\"chrome-extension:\/\/fpelahbljekknahkcaegamhcndkfpfnc\/iFrame.js\" type=\"text\/javascript\"><\/script><\/p>","protected":false},"featured_media":3531,"template":"","meta":{"_kad_post_transparent":"default","_kad_post_title":"","_kad_post_layout":"default","_kad_post_sidebar_id":"","_kad_post_content_style":"default","_kad_post_vertical_padding":"default","_kad_post_feature":"","_kad_post_feature_position":"","_kad_post_header":false,"_kad_post_footer":false,"_kad_post_classname":""},"product_brand":[707],"product_cat":[587,695,680,691],"product_tag":[714,724,725],"class_list":{"0":"post-3455","1":"product","2":"type-product","3":"status-publish","4":"has-post-thumbnail","6":"product_brand-solpath","7":"product_cat-solar-tracker-by-type","8":"product_cat-commercial-tracker","9":"product_cat-single-axis-tracker","10":"product_cat-solar-tracker-by-solutions","11":"product_tag-single-axis","12":"product_tag-solar-array","13":"product_tag-tracking","15":"first","16":"instock","17":"shipping-taxable","18":"product-type-simple","19":"entry","20":"content-bg","21":"loop-entry"},"_links":{"self":[{"href":"https:\/\/solartrackersystem.com\/es\/wp-json\/wp\/v2\/product\/3455","targetHints":{"allow":["GET"]}}],"collection":[{"href":"https:\/\/solartrackersystem.com\/es\/wp-json\/wp\/v2\/product"}],"about":[{"href":"https:\/\/solartrackersystem.com\/es\/wp-json\/wp\/v2\/types\/product"}],"wp:featuredmedia":[{"embeddable":true,"href":"https:\/\/solartrackersystem.com\/es\/wp-json\/wp\/v2\/media\/3531"}],"wp:attachment":[{"href":"https:\/\/solartrackersystem.com\/es\/wp-json\/wp\/v2\/media?parent=3455"}],"wp:term":[{"taxonomy":"product_brand","embeddable":true,"href":"https:\/\/solartrackersystem.com\/es\/wp-json\/wp\/v2\/product_brand?post=3455"},{"taxonomy":"product_cat","embeddable":true,"href":"https:\/\/solartrackersystem.com\/es\/wp-json\/wp\/v2\/product_cat?post=3455"},{"taxonomy":"product_tag","embeddable":true,"href":"https:\/\/solartrackersystem.com\/es\/wp-json\/wp\/v2\/product_tag?post=3455"}],"curies":[{"name":"wp","href":"https:\/\/api.w.org\/{rel}","templated":true}]}}