{"id":3454,"date":"2025-08-08T16:53:30","date_gmt":"2025-08-08T08:53:30","guid":{"rendered":"https:\/\/solartrackersystem.com\/?post_type=product&#038;p=3454"},"modified":"2025-09-08T20:53:22","modified_gmt":"2025-09-08T12:53:22","slug":"4-7kw-panels-residential-dual-axis-solar-tracker","status":"publish","type":"product","link":"https:\/\/solartrackersystem.com\/es\/4-7kw-panels-residential-dual-axis-solar-tracker\/","title":{"rendered":"PANELES DE 4-7kW: Seguidor solar residencial de doble eje"},"content":{"rendered":"<p data-v-md-line=\"4\">Eficiencia solar en altura abierta en casa con nuestro seguidor solar residencial de doble eje. Dise\u00f1ado para paneles de 4 a 7 kW, este sistema duradero maximiza su retorno energ\u00e9tico diario, independientemente de la \u00e9poca del a\u00f1o o del clima.<\/p>\n<h2 data-v-md-heading=\"features-and-benefits\" data-v-md-line=\"6\">Caracter\u00edsticas y beneficios<\/h2>\n<ul data-v-md-line=\"7\">\n<li>Seguimiento de doble eje: rastrea continuamente la luz solar tanto en acimut como en altitud, lo que aumenta el rendimiento de la energ\u00eda solar hasta en un 40 % en comparaci\u00f3n con los sistemas fijos est\u00e1ndar.<\/li>\n<li>Construcci\u00f3n robusta: fabricado en acero Q235, galvanizado en caliente o repintado, este seguidor solar resiste s\u00f3lidamente las condiciones m\u00e1s duras y ofrece una vida \u00fatil de m\u00e1s de 25 a\u00f1os.<\/li>\n<li>Amplio rango operativo: Funciona de manera confiable desde -40 \u00b0C hasta +70 \u00b0C. Dise\u00f1ado para funcionar en inviernos helados y veranos abrasadores.<\/li>\n<li>Algoritmos de control avanzados: La tecnolog\u00eda de seguimiento solar astron\u00f3mico, con GPS opcional, garantiza la colocaci\u00f3n exacta de los paneles y una mayor cosecha incluso en d\u00edas oscuros.<\/li>\n<li>Protecci\u00f3n contra viento y l\u00edmites: soporta velocidades de hasta 27 m\/s y cuenta con botones de l\u00edmite integrados para un funcionamiento seguro.<\/li>\n<li>Monitoreo y control remotos: Gestione su sistema con total confianza mediante conectividad RS485-MODBUS o Bluetooth. Las funciones remotas opcionales le permiten supervisar y reajustar el rendimiento en tiempo real.<\/li>\n<li>Protecci\u00f3n IP65: La resistencia al polvo y al agua proporciona tranquilidad para una instalaci\u00f3n duradera en exteriores.<\/li>\n<\/ul>\n<h2 data-v-md-heading=\"wide-applications\" data-v-md-line=\"15\">Amplias aplicaciones<\/h2>\n<p data-v-md-line=\"16\">Este seguidor solar de dos ejes es perfecto para tejados residenciales, sistemas de paneles solares en el suelo y peque\u00f1os sistemas comerciales donde se busca el m\u00e1ximo rendimiento energ\u00e9tico y un rendimiento inteligente y resistente a la intemperie. Ideal para usuarios que exigen integridad y eficiencia en su inversi\u00f3n solar.<\/p>\n<h2 data-v-md-heading=\"specifications\" data-v-md-line=\"18\">Presupuesto<\/h2>\n<ul data-v-md-line=\"19\">\n<li>Mec\u00e1nica (tipo de seguimiento, capacidad de lotes, trayectoria de viento\/nieve, medidas, peso, producto, vida \u00fatil del rodamiento)<\/li>\n<li>Tipo de seguimiento: Doble eje, astron\u00f3mico.<\/li>\n<li>\u00c1rea del soporte: 30.<\/li>\n<li>Capacidad del m\u00f3dulo: 4-7kW (8-12 m\u00f3dulos, 500-650W cada uno).<\/li>\n<li>Tama\u00f1o del m\u00f3dulo: 2100 mm x 1300 mm.<\/li>\n<li>Resistencia al viento: 27m\/s.<\/li>\n<li>Peso: \u2265 400kg.<\/li>\n<li>Material: Acero Q235 (Pintura\/Galvanizado en caliente).<\/li>\n<li>Vida \u00fatil del dise\u00f1o: \u2265 25 a\u00f1os.<\/li>\n<li>El\u00e9ctrico (tipo y potencia del motor, consumo de energ\u00eda, rango de voltaje, rango de inclinaci\u00f3n, velocidad de seguimiento, aumento del rendimiento)<\/li>\n<li>Voltaje de entrada: 24 V CC.<\/li>\n<li>\u00c1ngulo de inclinaci\u00f3n: 30\u00b0<br \/>\n\u2013 Rango de seguimiento: 360\u00b0<br \/>\n\u2013 Precisi\u00f3n: \u2264 5\u00b0<br \/>\n\u2013 Aumento de potencia: 20 \u2013 40% vs instalaci\u00f3n reparada.<\/li>\n<li>Ambiental (nivel de temperatura de funcionamiento, clasificaci\u00f3n IP, resistencia a la humedad, a los rayos UV y al deterioro)<\/li>\n<li>Temperatura de funcionamiento: -40\u00b0C a +70\u00b0C.- Grado de protecci\u00f3n: IP65.<\/li>\n<li>Anticorrosi\u00f3n: S\u00ed (Pintura\/Galvanizado en caliente).<\/li>\n<li>Rendimiento (aumento de energ\u00eda vs. mantenido, MTBF, integridad (% de tiempo de actividad), modos de falla)<\/li>\n<li>Ganancia de potencia: 20-40%.<\/li>\n<li>Protecci\u00f3n de datos: S\u00ed.<\/li>\n<li>Comunicaciones (protocolos, depuraci\u00f3n remota, actualizaci\u00f3n OTA, accesibilidad API)<\/li>\n<li>RS485-MODBUS, Bluetooth.<\/li>\n<li>Funci\u00f3n remota: Opcional.<\/li>\n<li>Posicionamiento GPS: Opcional.<\/li>\n<li>Seguridad y certificaciones (criterios IEC, CE\/UL\/ROHS, enclavamientos de seguridad, protecci\u00f3n contra rayos)<\/li>\n<li>Protecci\u00f3n l\u00edmite: S\u00ed.<\/li>\n<li>Norma: GBT 29320-2012.<\/li>\n<li>Garant\u00eda y servicio (per\u00edodo de garant\u00eda, garant\u00eda de rendimiento, kit de repuestos, capacitaci\u00f3n, contratos de servicio)<\/li>\n<li>Paquete: Caja de madera con pel\u00edcula de burbujas (para seguridad del transporte).<\/li>\n<li>Extras opcionales<\/li>\n<li>Protecci\u00f3n contra el viento: opcional.<\/li>\n<li>Posicionamiento GPS: Opcional.<\/li>\n<li>Monitoreo Remoto: Opcional.<\/li>\n<\/ul>\n<h2 data-v-md-heading=\"technical-support\" data-v-md-line=\"54\">Apoyo t\u00e9cnico<\/h2>\n<p data-v-md-line=\"55\">Ofrecemos soporte t\u00e9cnico integral, que incluye versiones CAD, hojas de datos y dise\u00f1os de cableado, para que la integraci\u00f3n en su tarea sea sencilla y sin problemas.<\/p>\n<h2 data-v-md-heading=\"conclusion\" data-v-md-line=\"57\">Conclusi\u00f3n<\/h2>\n<p data-v-md-line=\"58\">Elegir SolPath significa obtener un seguidor solar residencial dise\u00f1ado para brindar confiabilidad, rendimiento y valor a largo plazo. Aproveche toda la energ\u00eda del sol con confianza, d\u00eda tras d\u00eda, a\u00f1o tras a\u00f1o.<\/p>\n<p><script src=\"chrome-extension:\/\/fpelahbljekknahkcaegamhcndkfpfnc\/iFrame.js\" type=\"text\/javascript\"><\/script><\/p>\n<p><script src=\"chrome-extension:\/\/fpelahbljekknahkcaegamhcndkfpfnc\/iFrame.js\" type=\"text\/javascript\"><\/script><\/p>","protected":false},"excerpt":{"rendered":"<p>Obtenga hasta un 40 % m\u00e1s de energ\u00eda solar en su hogar. Este seguidor de doble eje para paneles de 4 a 7 kW sigue autom\u00e1ticamente la direcci\u00f3n del sol, maximizando su energ\u00eda durante todo el a\u00f1o.<\/p>\n<p><script src=\"chrome-extension:\/\/fpelahbljekknahkcaegamhcndkfpfnc\/iFrame.js\" type=\"text\/javascript\"><\/script><\/p>\n<p><script src=\"chrome-extension:\/\/fpelahbljekknahkcaegamhcndkfpfnc\/iFrame.js\" type=\"text\/javascript\"><\/script><\/p>\n<p><script src=\"chrome-extension:\/\/fpelahbljekknahkcaegamhcndkfpfnc\/iFrame.js\" type=\"text\/javascript\"><\/script><\/p>","protected":false},"featured_media":3583,"template":"","meta":{"_kad_post_transparent":"default","_kad_post_title":"","_kad_post_layout":"default","_kad_post_sidebar_id":"","_kad_post_content_style":"default","_kad_post_vertical_padding":"default","_kad_post_feature":"","_kad_post_feature_position":"","_kad_post_header":false,"_kad_post_footer":false,"_kad_post_classname":""},"product_brand":[707],"product_cat":[587,681,696,691],"product_tag":[711,759,712],"class_list":{"0":"post-3454","1":"product","2":"type-product","3":"status-publish","4":"has-post-thumbnail","6":"product_brand-solpath","7":"product_cat-solar-tracker-by-type","8":"product_cat-dual-axis-tracker","9":"product_cat-residential-tracker","10":"product_cat-solar-tracker-by-solutions","11":"product_tag-dual-axis","12":"product_tag-residential","13":"product_tag-solar-tracker","15":"first","16":"instock","17":"shipping-taxable","18":"product-type-simple","19":"entry","20":"content-bg","21":"loop-entry"},"_links":{"self":[{"href":"https:\/\/solartrackersystem.com\/es\/wp-json\/wp\/v2\/product\/3454","targetHints":{"allow":["GET"]}}],"collection":[{"href":"https:\/\/solartrackersystem.com\/es\/wp-json\/wp\/v2\/product"}],"about":[{"href":"https:\/\/solartrackersystem.com\/es\/wp-json\/wp\/v2\/types\/product"}],"wp:featuredmedia":[{"embeddable":true,"href":"https:\/\/solartrackersystem.com\/es\/wp-json\/wp\/v2\/media\/3583"}],"wp:attachment":[{"href":"https:\/\/solartrackersystem.com\/es\/wp-json\/wp\/v2\/media?parent=3454"}],"wp:term":[{"taxonomy":"product_brand","embeddable":true,"href":"https:\/\/solartrackersystem.com\/es\/wp-json\/wp\/v2\/product_brand?post=3454"},{"taxonomy":"product_cat","embeddable":true,"href":"https:\/\/solartrackersystem.com\/es\/wp-json\/wp\/v2\/product_cat?post=3454"},{"taxonomy":"product_tag","embeddable":true,"href":"https:\/\/solartrackersystem.com\/es\/wp-json\/wp\/v2\/product_tag?post=3454"}],"curies":[{"name":"wp","href":"https:\/\/api.w.org\/{rel}","templated":true}]}}