{"id":3453,"date":"2025-08-08T16:53:29","date_gmt":"2025-08-08T08:53:29","guid":{"rendered":"https:\/\/solartrackersystem.com\/?post_type=product&#038;p=3453"},"modified":"2025-09-08T20:53:04","modified_gmt":"2025-09-08T12:53:04","slug":"6-10kw-panels-active-solar-tracking-system-mount","status":"publish","type":"product","link":"https:\/\/solartrackersystem.com\/es\/6-10kw-panels-active-solar-tracking-system-mount\/","title":{"rendered":"PANELES DE 6-10kW: Montaje del sistema de seguimiento solar activo"},"content":{"rendered":"<p data-v-md-line=\"4\">Maximice su rendimiento solar con nuestro sistema de seguimiento solar activo de 6 a 10 kW. Obtendr\u00e1 tecnolog\u00eda de vanguardia dise\u00f1ada para m\u00e1xima eficiencia, durabilidad sin complicaciones y una integraci\u00f3n perfecta con cualquier instalaci\u00f3n solar moderna.<\/p>\n<h2 data-v-md-heading=\"features-and-benefits\" data-v-md-line=\"6\">Caracter\u00edsticas y beneficios<\/h2>\n<ul data-v-md-line=\"7\">\n<li>Algoritmo de seguimiento inteligente: Nuestro algoritmo astron\u00f3mico avanzado garantiza que sus paneles sigan al sol con precisi\u00f3n milim\u00e9trica, produciendo m\u00e1s energ\u00eda durante todo el d\u00eda.<\/li>\n<li>Rango de seguimiento personalizable: disfrute de un seguimiento solar que se adapta a su sitio, con un rango de eje \u00fanico horizontal generalmente ajustable de \u00b150\u00b0 a \u00b160\u00b0, para que pueda capturar el \u00e1ngulo \u00f3ptimo de la luz solar.<\/li>\n<li>Construcci\u00f3n robusta y resistente a la corrosi\u00f3n: Construcci\u00f3n de acero Q235 de alta resistencia, galvanizado en caliente y dise\u00f1ado para funcionar durante m\u00e1s de 25 a\u00f1os, soporta las condiciones exteriores m\u00e1s duras: sal, sol, nieve y lluvia.<\/li>\n<li>Protecci\u00f3n multimodo: detecci\u00f3n de viento fuerte, lluvia y nieve, adem\u00e1s de protecci\u00f3n contra sombreado y sobrecorriente\/sobretemperatura, mantienen su inversi\u00f3n segura y en l\u00ednea, incluso cuando el clima cambia.<\/li>\n<li>Opciones de energ\u00eda flexibles: Haga funcionar su sistema de manera confiable con CC (250\u20131500 V), CA (90\u2013305 V) o descon\u00e9ctese de la red con una bater\u00eda de pol\u00edmero de respaldo de 6 Ah, lo que garantiza un seguimiento solar ininterrumpido.<\/li>\n<li>Monitoreo y control remotos: con RS485, LoRa y 4G\/WiFi opcional, obtiene adquisici\u00f3n de datos en tiempo real, resoluci\u00f3n de problemas remota y compatibilidad total con cualquier sistema SCADA o aplicaci\u00f3n m\u00f3vil.<\/li>\n<li>Listo para la altitud: dise\u00f1ado para funcionar sin problemas hasta 4000 m de altitud, por lo que incluso los sitios a gran altitud siguen siendo productivos.<\/li>\n<\/ul>\n<h2 data-v-md-heading=\"wide-applications\" data-v-md-line=\"15\">Amplias aplicaciones<\/h2>\n<p data-v-md-line=\"16\">Este soporte para sistema de seguimiento solar activo es ideal para una amplia gama de proyectos solares: plantas fotovoltaicas a gran escala, parques solares sobre suelo, tejados comerciales e industriales, y terrenos complejos con terrenos variables o climas rigurosos. Aumente el rendimiento y el ahorro energ\u00e9tico dondequiera que implemente el seguimiento solar activo.<\/p>\n<h2 data-v-md-heading=\"specifications\" data-v-md-line=\"18\">Presupuesto<\/h2>\n<ul data-v-md-line=\"19\">\n<li>Mec\u00e1nica (tipo de seguimiento, capacidad de carga, clase de viento\/nieve, dimensiones, peso, material, vida \u00fatil del cojinete): Eje \u00fanico horizontal, acero Q235, galvanizado en caliente, vida \u00fatil de dise\u00f1o de 25 a\u00f1os, velocidad del viento de hasta 18 m\/s (configurable)<\/li>\n<li>El\u00e9ctrico (tipo y potencia del motor, consumo de energ\u00eda, rango de tensi\u00f3n, rango de inclinaci\u00f3n, velocidad de seguimiento, aumento del rendimiento): CA 90-305 V o CC 250-1500 V, bater\u00eda de pol\u00edmero de 6 Ah opcional, rango de seguimiento de \u00b150\u00b0 a \u00b160\u00b0, precisi\u00f3n de seguimiento &lt;1<\/li>\n<li>Ambiental (temperatura de funcionamiento, clasificaci\u00f3n IP, humedad, resistencia a los rayos UV y a la corrosi\u00f3n): Funciona de \u221230 \u00b0C a 70 \u00b0C, materiales anticorrosi\u00f3n<\/li>\n<li>Rendimiento (aumento de energ\u00eda vs. fijo, MTBF, confiabilidad (% de tiempo de actividad), modos de falla): seguimiento inteligente para maximizar el rendimiento, protecci\u00f3n s\u00f3lida para un alto tiempo de actividad<\/li>\n<li>Comunicaciones (Protocolos: Modbus, TCP\/IP, MQTT, depuraci\u00f3n remota, actualizaci\u00f3n OTA, acceso API): RS485, LoRa, 4G\/WiFi opcional, adquisici\u00f3n y monitoreo remoto de datos<\/li>\n<li>Seguridad y certificaciones (normas IEC, CE\/UL\/ROHS, enclavamientos de seguridad, protecci\u00f3n contra rayos): protecci\u00f3n multimodo, antisombreado, sobrecorriente\/sobretemperatura<\/li>\n<li>Garant\u00eda y servicio (per\u00edodo de garant\u00eda, garant\u00eda de rendimiento, kit de repuestos, capacitaci\u00f3n, contratos de servicio): Vida \u00fatil de dise\u00f1o de 25 a\u00f1os<\/li>\n<li>Extras opcionales (soportes, kits de cimentaci\u00f3n, bater\u00eda de respaldo, robots de limpieza, pararrayos): Bater\u00eda de respaldo opcional de 6 Ah<\/li>\n<\/ul>\n<h2 data-v-md-heading=\"technical-support\" data-v-md-line=\"28\">Apoyo t\u00e9cnico<\/h2>\n<p data-v-md-line=\"29\">Ofrecemos soporte t\u00e9cnico completo para que pueda centrarse en lo importante: implementaci\u00f3n r\u00e1pida, funcionamiento fluido y mantenimiento sin complicaciones. Acceda a modelos CAD, hojas de datos y diagramas de cableado a su alcance.<\/p>\n<h2 data-v-md-heading=\"conclusion\" data-v-md-line=\"31\">Conclusi\u00f3n<\/h2>\n<p data-v-md-line=\"32\">Elija SolPath para obtener soluciones de seguimiento solar comprobadas, donde la durabilidad se combina con la innovaci\u00f3n y su rendimiento energ\u00e9tico supera al del resto.<\/p>\n<p><script src=\"chrome-extension:\/\/fpelahbljekknahkcaegamhcndkfpfnc\/iFrame.js\" type=\"text\/javascript\"><\/script><\/p>\n<p><script src=\"chrome-extension:\/\/fpelahbljekknahkcaegamhcndkfpfnc\/iFrame.js\" type=\"text\/javascript\"><\/script><\/p>\n<p><script src=\"chrome-extension:\/\/fpelahbljekknahkcaegamhcndkfpfnc\/iFrame.js\" type=\"text\/javascript\"><\/script><\/p>","protected":false},"excerpt":{"rendered":"<p>Maximice su rendimiento solar con nuestro sistema de seguimiento activo de 6-10 kW. Dise\u00f1ado para m\u00e1xima eficiencia, una durabilidad de 25 a\u00f1os y una integraci\u00f3n perfecta.<\/p>\n<p><script src=\"chrome-extension:\/\/fpelahbljekknahkcaegamhcndkfpfnc\/iFrame.js\" type=\"text\/javascript\"><\/script><\/p>\n<p><script src=\"chrome-extension:\/\/fpelahbljekknahkcaegamhcndkfpfnc\/iFrame.js\" type=\"text\/javascript\"><\/script><\/p>","protected":false},"featured_media":3644,"template":"","meta":{"_kad_post_transparent":"default","_kad_post_title":"","_kad_post_layout":"default","_kad_post_sidebar_id":"","_kad_post_content_style":"default","_kad_post_vertical_padding":"default","_kad_post_feature":"","_kad_post_feature_position":"","_kad_post_header":false,"_kad_post_footer":false,"_kad_post_classname":""},"product_brand":[707],"product_cat":[587,682,695,687,696,691],"product_tag":[757,709,758],"class_list":{"0":"post-3453","1":"product","2":"type-product","3":"status-publish","4":"has-post-thumbnail","6":"product_brand-solpath","7":"product_cat-solar-tracker-by-type","8":"product_cat-active-tracker","9":"product_cat-commercial-tracker","10":"product_cat-mechanical-tracker","11":"product_cat-residential-tracker","12":"product_cat-solar-tracker-by-solutions","13":"product_tag-active","14":"product_tag-solar-tracking","15":"product_tag-system-mount","17":"first","18":"instock","19":"shipping-taxable","20":"product-type-simple","21":"entry","22":"content-bg","23":"loop-entry"},"_links":{"self":[{"href":"https:\/\/solartrackersystem.com\/es\/wp-json\/wp\/v2\/product\/3453","targetHints":{"allow":["GET"]}}],"collection":[{"href":"https:\/\/solartrackersystem.com\/es\/wp-json\/wp\/v2\/product"}],"about":[{"href":"https:\/\/solartrackersystem.com\/es\/wp-json\/wp\/v2\/types\/product"}],"wp:featuredmedia":[{"embeddable":true,"href":"https:\/\/solartrackersystem.com\/es\/wp-json\/wp\/v2\/media\/3644"}],"wp:attachment":[{"href":"https:\/\/solartrackersystem.com\/es\/wp-json\/wp\/v2\/media?parent=3453"}],"wp:term":[{"taxonomy":"product_brand","embeddable":true,"href":"https:\/\/solartrackersystem.com\/es\/wp-json\/wp\/v2\/product_brand?post=3453"},{"taxonomy":"product_cat","embeddable":true,"href":"https:\/\/solartrackersystem.com\/es\/wp-json\/wp\/v2\/product_cat?post=3453"},{"taxonomy":"product_tag","embeddable":true,"href":"https:\/\/solartrackersystem.com\/es\/wp-json\/wp\/v2\/product_tag?post=3453"}],"curies":[{"name":"wp","href":"https:\/\/api.w.org\/{rel}","templated":true}]}}