{"id":3451,"date":"2025-08-08T16:51:23","date_gmt":"2025-08-08T08:51:23","guid":{"rendered":"https:\/\/solartrackersystem.com\/?post_type=product&#038;p=3451"},"modified":"2025-09-08T20:51:55","modified_gmt":"2025-09-08T12:51:55","slug":"single-solar-tracker-controller-1-axis-solar-tracking-controller-kit","status":"publish","type":"product","link":"https:\/\/solartrackersystem.com\/es\/single-solar-tracker-controller-1-axis-solar-tracking-controller-kit\/","title":{"rendered":"Single Solar tracker controller: 1-Axis Solar Tracking Controller Kit"},"content":{"rendered":"<p data-v-md-line=\"4\">Obtenga un mejor rendimiento solar con nuestro innovador controlador de seguimiento solar de un eje. Disfrute de un seguimiento solar inteligente que aumenta su retorno fotovoltaico, mientras que nosotros nos encargamos de la robustez, la fiabilidad y el control con solo pulsar un bot\u00f3n, lo que facilita enormemente la configuraci\u00f3n y el funcionamiento continuo.<\/p>\n<h2 data-v-md-heading=\"features-and-benefits\" data-v-md-line=\"6\">Caracter\u00edsticas y beneficios<\/h2>\n<ul data-v-md-line=\"7\">\n<li>F\u00f3rmula inteligente de seguimiento costoso: maximiza la cosecha de energ\u00eda solar alineando constantemente sus paneles con el sol, aumentando el rendimiento de su inversi\u00f3n.<\/li>\n<li>Rango de \u00e1ngulo personalizable (\u00b1 50\u00b0 a \u00b1 60\u00b0): adapte su seguimiento solar a las demandas de la superficie o la tarea y garantice que cada panel funcione de manera ideal.<\/li>\n<li>Precisi\u00f3n ultraalta (\u2264 1\u00b0): disfruta de un seguimiento incre\u00edblemente preciso, lo que implica que aprovechas cada vatio adicional de tu sistema.<\/li>\n<li>Robustez robusta, defensa IP65: el controlador de \u00faltima generaci\u00f3n, resistente a la intemperie, repele el polvo, la lluvia y las condiciones externas extremas, incluso en temperaturas extremas de -30 \u00b0 C aproximadamente +70 \u00b0 C, para que pueda seguir generando energ\u00eda todos los d\u00edas.<\/li>\n<li>Adaptaci\u00f3n inteligente a las condiciones clim\u00e1ticas: las funciones integradas de prevenci\u00f3n del viento, la lluvia, la nieve y la oscuridad protegen su sistema en todos los climas.<\/li>\n<li>Alternativas de suministro de energ\u00eda flexibles: haga funcionar el controlador desde el aire acondicionado, la energ\u00eda de cadena de CC o paneles solares independientes con respaldo de bater\u00eda de litio, lo que garantiza el tiempo de actividad incluso durante fallas.<\/li>\n<li>Potente dise\u00f1o plug-and-play: Ahorre tiempo y evite configuraciones complejas. Estar\u00e1 listo para funcionar mucho m\u00e1s r\u00e1pido, con seguimiento y mantenimiento remotos que reducen las visitas al sitio y las frustraciones.<\/li>\n<li>Conexi\u00f3n remota (RS485, LoRa, ZigBee, WiFi o 4G): supervise, depure y actualice su sistema desde cualquier lugar utilizando SCADA o una aplicaci\u00f3n m\u00f3vil, sin necesidad de estar en el sitio.<\/li>\n<li>Sensor de \u00e1ngulo de 9 ejes integrado y unidad de detecci\u00f3n de velocidad del viento: ofrece comentarios de posici\u00f3n en tiempo real y protecci\u00f3n robusta contra el viento para mejorar la seguridad y el control.<\/li>\n<li>Controles confiables del actuador y del mecanismo de giro: Las modificaciones de elevaci\u00f3n y azimut se manejan con suavidad, lo que garantiza una respuesta exacta a los ajustes del \u00e1ngulo solar.<\/li>\n<\/ul>\n<h2 data-v-md-heading=\"wide-applications\" data-v-md-line=\"18\">Amplias aplicaciones<\/h2>\n<p data-v-md-line=\"19\">Este controlador de seguidores est\u00e1 dise\u00f1ado para instalaciones solares de alto rendimiento: plantas fotovoltaicas a gran escala, parques solares sobre suelo y sistemas de tejados comerciales. Est\u00e1 dise\u00f1ado para entornos donde es fundamental optimizar la generaci\u00f3n de energ\u00eda: sitios con alta concentraci\u00f3n solar, terrenos dif\u00edciles y regiones con condiciones clim\u00e1ticas severas.<\/p>\n<h2 data-v-md-heading=\"specifications\" data-v-md-line=\"21\">Presupuesto<\/h2>\n<ul data-v-md-line=\"22\">\n<li>-Mec\u00e1nico (Tipo de seguimiento, matriz de \u00e1ngulos, longevidad): Seguimiento de 1 eje, \u00b1 50 \u00b0 a \u00b1 60 \u00b0 personalizable; defensa IP65; nivel de temperatura de funcionamiento -30 \u00b0 C a +70 \u00b0 C. -El\u00e9ctrico (Fuente de alimentaci\u00f3n, respaldo): AIRE ACONDICIONADO (90-305V), DC (250-1500V), entrada de panel solar con respaldo de bater\u00eda de litio.<\/li>\n<li>Ambiental (adaptaci\u00f3n clim\u00e1tica): Defensa inteligente contra viento, lluvia, nieve y sombras, adecuada para entornos dif\u00edciles.<\/li>\n<li>Rendimiento (Precisi\u00f3n de seguimiento): \u2264 1\u00b0.<\/li>\n<li>Comunicaciones (Protocolos, acceso remoto): RS485, LoRa, ZigBee, WiFi, 4G; compatibilidad con SCADA y aplicaciones m\u00f3viles.<\/li>\n<li>Caracter\u00edsticas (sensores): sensor de \u00e1ngulo de 9 ejes; sensor de velocidad del viento.<\/li>\n<li>Seguridad (Seguridad clim\u00e1tica): Fuerte defensa contra vientos; seguimiento antisombras.<\/li>\n<li>Instalaci\u00f3n (facilidad de uso): Unidad controladora plug-and-play para una r\u00e1pida configuraci\u00f3n.<\/li>\n<li>Bono opcional (personalizaci\u00f3n): controles de accionamiento de giro y actuador lineal.<\/li>\n<li>Estructura (especificaciones del actuador): Integrada para una modificaci\u00f3n suave del panel.<\/li>\n<\/ul>\n<h2 data-v-md-heading=\"technical-support\" data-v-md-line=\"32\">Apoyo t\u00e9cnico<\/h2>\n<p data-v-md-line=\"33\">Le entregamos todo lo necesario (documentos CAD, diagramas de cableado y hojas de datos) para garantizar una integraci\u00f3n fluida. Nuestros profesionales est\u00e1n listos para ayudarle antes, durante y despu\u00e9s de la instalaci\u00f3n.<\/p>\n<h2 data-v-md-heading=\"conclusion\" data-v-md-line=\"35\">Conclusi\u00f3n<\/h2>\n<p data-v-md-line=\"36\">Elija SolPath para sus trabajos de seguimiento solar y disfrute de un avance comprobado en el mercado, una ingenier\u00eda robusta y una soluci\u00f3n centrada en el cliente, impulsando su inversi\u00f3n financiera en energ\u00eda fotovoltaica con confianza y satisfacci\u00f3n.<\/p>\n<p><script src=\"chrome-extension:\/\/fpelahbljekknahkcaegamhcndkfpfnc\/iFrame.js\" type=\"text\/javascript\"><\/script><\/p>\n<p><script src=\"chrome-extension:\/\/fpelahbljekknahkcaegamhcndkfpfnc\/iFrame.js\" type=\"text\/javascript\"><\/script><\/p>","protected":false},"excerpt":{"rendered":"<p>Aumente su rendimiento fotovoltaico con nuestro seguidor solar de un eje. Ofrece seguimiento solar preciso e inteligente, durabilidad IP65 y f\u00e1cil control remoto para una m\u00e1xima eficiencia.<\/p>\n<p><script src=\"chrome-extension:\/\/fpelahbljekknahkcaegamhcndkfpfnc\/iFrame.js\" type=\"text\/javascript\"><\/script><\/p>\n<p><script src=\"chrome-extension:\/\/fpelahbljekknahkcaegamhcndkfpfnc\/iFrame.js\" type=\"text\/javascript\"><\/script><\/p>\n<p><script src=\"chrome-extension:\/\/fpelahbljekknahkcaegamhcndkfpfnc\/iFrame.js\" type=\"text\/javascript\"><\/script><\/p>","protected":false},"featured_media":3637,"template":"","meta":{"_kad_post_transparent":"default","_kad_post_title":"","_kad_post_layout":"default","_kad_post_sidebar_id":"","_kad_post_content_style":"default","_kad_post_vertical_padding":"default","_kad_post_feature":"","_kad_post_feature_position":"","_kad_post_header":false,"_kad_post_footer":false,"_kad_post_classname":""},"product_brand":[707],"product_cat":[587,691,701],"product_tag":[738,754,709],"class_list":{"0":"post-3451","1":"product","2":"type-product","3":"status-publish","4":"has-post-thumbnail","6":"product_brand-solpath","7":"product_cat-solar-tracker-by-type","8":"product_cat-solar-tracker-by-solutions","9":"product_cat-tracker-components","10":"product_tag-1-axis","11":"product_tag-controller","12":"product_tag-solar-tracking","14":"first","15":"instock","16":"shipping-taxable","17":"product-type-simple","18":"entry","19":"content-bg","20":"loop-entry"},"_links":{"self":[{"href":"https:\/\/solartrackersystem.com\/es\/wp-json\/wp\/v2\/product\/3451","targetHints":{"allow":["GET"]}}],"collection":[{"href":"https:\/\/solartrackersystem.com\/es\/wp-json\/wp\/v2\/product"}],"about":[{"href":"https:\/\/solartrackersystem.com\/es\/wp-json\/wp\/v2\/types\/product"}],"wp:featuredmedia":[{"embeddable":true,"href":"https:\/\/solartrackersystem.com\/es\/wp-json\/wp\/v2\/media\/3637"}],"wp:attachment":[{"href":"https:\/\/solartrackersystem.com\/es\/wp-json\/wp\/v2\/media?parent=3451"}],"wp:term":[{"taxonomy":"product_brand","embeddable":true,"href":"https:\/\/solartrackersystem.com\/es\/wp-json\/wp\/v2\/product_brand?post=3451"},{"taxonomy":"product_cat","embeddable":true,"href":"https:\/\/solartrackersystem.com\/es\/wp-json\/wp\/v2\/product_cat?post=3451"},{"taxonomy":"product_tag","embeddable":true,"href":"https:\/\/solartrackersystem.com\/es\/wp-json\/wp\/v2\/product_tag?post=3451"}],"curies":[{"name":"wp","href":"https:\/\/api.w.org\/{rel}","templated":true}]}}