{"id":3450,"date":"2025-08-08T16:51:22","date_gmt":"2025-08-08T08:51:22","guid":{"rendered":"https:\/\/solartrackersystem.com\/?post_type=product&#038;p=3450"},"modified":"2025-09-08T20:51:38","modified_gmt":"2025-09-08T12:51:38","slug":"dual-solar-tracker-controller-smart-dual-axis-tracker-controller","status":"publish","type":"product","link":"https:\/\/solartrackersystem.com\/es\/dual-solar-tracker-controller-smart-dual-axis-tracker-controller\/","title":{"rendered":"Dual Solar tracker controller: Smart Dual Axis Tracker Controller"},"content":{"rendered":"<p data-v-md-line=\"4\">Drive up your solar yield with a smart, dual axis tracker controller crafted to keep your panels flawlessly positioned all day, daily. With SolPath, you maximize effectiveness \u2013 automatically.<\/p>\n<h2 data-v-md-heading=\"features-and-benefits\" data-v-md-line=\"6\">Caracter\u00edsticas y beneficios<\/h2>\n<ul data-v-md-line=\"7\">\n<li>Astronomical formula: Calculates the sunlight\u2019s course using your website\u2019s exact longitude and latitude for real-time tracking that means you constantly catch complete daytime.<\/li>\n<li>Automatic tracking: Issues exact activity commands to your photovoltaic panels so they remain secured onto the sun from sunrise to sunset.<\/li>\n<li>Backtracking formula: Prevents trailing in between panels, providing you a tried and tested boost in power generation.<\/li>\n<li>Rugged style: Crafted from hot-dip galvanized Q235 steel, this controller disregards rust and extreme weather for a style life of 25+ years.<\/li>\n<li>All-weather flexibility: Built-in wind, rainfall, and snow defense changes to safe mode automatically, maintaining your financial investment secure.<\/li>\n<li>IP65 defense: Sealed against dirt and water \u2013 you\u2019ll get trusted operation in even the harshest exterior atmospheres.<\/li>\n<li>High precision: Tracks with \u2264 1 \u00b0 accuracy; you obtain ideal sun placement and higher electrical output.<\/li>\n<li>Remote surveillance and control: Integrated with RS485-MODBUS and optional 4G\/WiFi, so you tweak settings, debug, or upgrade software program wirelessly \u2013 no requirement for site brows through.<\/li>\n<li>Retroalimentaci\u00f3n de \u00e1ngulo y protecci\u00f3n de datos: el control de bucle cerrado en tiempo real garantiza que no se pierdan movimientos; la recuperaci\u00f3n autom\u00e1tica de datos extiende el tiempo de actividad cuando ocurre lo imprevisto.<\/li>\n<li>Actualizaciones inal\u00e1mbricas: las actualizaciones de aplicaciones de software OTA con un solo clic y la depuraci\u00f3n remota mejoran el mantenimiento y la optimizaci\u00f3n del sistema.<\/li>\n<\/ul>\n<h2 data-v-md-heading=\"wide-applications\" data-v-md-line=\"18\">Amplias aplicaciones<\/h2>\n<p data-v-md-line=\"19\">Este controlador inteligente de seguidores es excelente para plantas fotovoltaicas a gran escala, grandes techos solares comerciales, parques solares sobre el terreno y sistemas agrovoltaicos. Ya sea que su sitio se enfrente a tormentas de arena, vientos fuertes o superficies variables, nuestra tecnolog\u00eda moderna le permite seguir avanzando.<\/p>\n<h2 data-v-md-heading=\"specifications\" data-v-md-line=\"21\">Presupuesto<\/h2>\n<ul data-v-md-line=\"22\">\n<li>Mec\u00e1nica (Tipo de seguimiento, capacidad de toneladas, trayectoria de viento\/nieve, medidas, peso, material, vida \u00fatil)<\/li>\n<li>Rango de seguimiento: Acimut -120\u00b0 a +120\u00b0, Elevaci\u00f3n 0\u00b0<br \/>\nhasta 60\u00b0<\/li>\n<li>Material: Acero Q235, galvanizado en caliente.<\/li>\n<li>Vida \u00fatil de dise\u00f1o: &gt; 25 a\u00f1os.<\/li>\n<li>El\u00e9ctrico (tipo y potencia del motor, consumo de energ\u00eda, variedad de voltaje, variedad de inclinaci\u00f3n, velocidad de seguimiento, aumento de rendimiento)<\/li>\n<li>Voltaje de entrada: A\/C 220V, 50\/60Hz.<\/li>\n<li>Power Consumption: \u2264 0.5 kWh\/day.<\/li>\n<li>Ambiental (temperatura de funcionamiento, clasificaci\u00f3n IP, humedad, resistencia a los rayos UV y al deterioro)<\/li>\n<li>Temperatura de funcionamiento: -40\u00b0C ~ +70\u00b0C.- Nivel de protecci\u00f3n: IP65 (herm\u00e9tico al polvo, resistente al agua).<\/li>\n<li>Rendimiento (aumento de energ\u00eda vs. fijo, MTBF, confiabilidad (% de tiempo de actividad), configuraciones fallidas)<\/li>\n<li>Precisi\u00f3n de seguimiento: \u2264 1\u00b0.<\/li>\n<li>Comunicaciones (protocolos, depuraci\u00f3n remota, actualizaci\u00f3n OTA, acceso a API)<\/li>\n<li>RS485-MODBUS, 4G\/WiFi opcional; actualizaciones remotas, posicionamiento GPS.<\/li>\n<li>Seguridad y certificaciones (criterios IEC, CE\/UL\/ROHS, enclavamientos de seguridad, protecci\u00f3n contra rayos)<\/li>\n<li>Defensa automatizada contra el viento, resistencia a los golpes.<\/li>\n<li>Garant\u00eda y servicio (per\u00edodo de garant\u00eda, garant\u00eda de rendimiento, kit de repuestos, capacitaci\u00f3n, acuerdos de soluci\u00f3n)<\/li>\n<li>Vida \u00fatil de dise\u00f1o: &gt; 25 a\u00f1os.<\/li>\n<li>Extras opcionales (soportes, kits de cimentaci\u00f3n, bater\u00edas de respaldo, robots de limpieza, pararrayos)<\/li>\n<li>Sistema de retroalimentaci\u00f3n de \u00e1ngulo, actualizaciones inal\u00e1mbricas.<\/li>\n<\/ul>\n<h2 data-v-md-heading=\"technical-support\" data-v-md-line=\"42\">Apoyo t\u00e9cnico<\/h2>\n<p data-v-md-line=\"43\">Brindamos asistencia tecnol\u00f3gica completa, incluidos dise\u00f1os CAD, hojas de datos y diagramas de circuitos, para ayudarlo a incorporar su controlador de manera eficiente y mantener su sistema funcionando a su m\u00e1ximo rendimiento.<\/p>\n<h2 data-v-md-heading=\"conclusion\" data-v-md-line=\"45\">Conclusi\u00f3n<\/h2>\n<p data-v-md-line=\"46\">Elija SolPath para un seguimiento solar que funcione tan duro como usted: brindando control inteligente, confiabilidad constante y tecnolog\u00eda preparada para el futuro justo donde la necesita.<\/p>\n<p><script src=\"chrome-extension:\/\/fpelahbljekknahkcaegamhcndkfpfnc\/iFrame.js\" type=\"text\/javascript\"><\/script><\/p>\n<p><script src=\"chrome-extension:\/\/fpelahbljekknahkcaegamhcndkfpfnc\/iFrame.js\" type=\"text\/javascript\"><\/script><\/p>\n<p><script src=\"chrome-extension:\/\/fpelahbljekknahkcaegamhcndkfpfnc\/iFrame.js\" type=\"text\/javascript\"><\/script><\/p>\n<p><script src=\"chrome-extension:\/\/fpelahbljekknahkcaegamhcndkfpfnc\/iFrame.js\" type=\"text\/javascript\"><\/script><\/p>","protected":false},"excerpt":{"rendered":"<p>Maximize your solar yield with our smart dual-axis tracker. It automatically positions panels for peak efficiency from sunrise to sunset.<\/p>\n<p><script src=\"chrome-extension:\/\/fpelahbljekknahkcaegamhcndkfpfnc\/iFrame.js\" type=\"text\/javascript\"><\/script><\/p>\n<p><script src=\"chrome-extension:\/\/fpelahbljekknahkcaegamhcndkfpfnc\/iFrame.js\" type=\"text\/javascript\"><\/script><\/p>\n<p><script src=\"chrome-extension:\/\/fpelahbljekknahkcaegamhcndkfpfnc\/iFrame.js\" type=\"text\/javascript\"><\/script><\/p>\n<p><script src=\"chrome-extension:\/\/fpelahbljekknahkcaegamhcndkfpfnc\/iFrame.js\" type=\"text\/javascript\"><\/script><\/p>","protected":false},"featured_media":3589,"template":"","meta":{"_kad_post_transparent":"default","_kad_post_title":"","_kad_post_layout":"default","_kad_post_sidebar_id":"","_kad_post_content_style":"default","_kad_post_vertical_padding":"default","_kad_post_feature":"","_kad_post_feature_position":"","_kad_post_header":false,"_kad_post_footer":false,"_kad_post_classname":""},"product_brand":[707],"product_cat":[587,684,691,701],"product_tag":[711,728,755],"class_list":{"0":"post-3450","1":"product","2":"type-product","3":"status-publish","4":"has-post-thumbnail","6":"product_brand-solpath","7":"product_cat-solar-tracker-by-type","8":"product_cat-smart-tracker","9":"product_cat-solar-tracker-by-solutions","10":"product_cat-tracker-components","11":"product_tag-dual-axis","12":"product_tag-smart","13":"product_tag-tracker-controller","15":"first","16":"instock","17":"shipping-taxable","18":"product-type-simple","19":"entry","20":"content-bg","21":"loop-entry"},"_links":{"self":[{"href":"https:\/\/solartrackersystem.com\/es\/wp-json\/wp\/v2\/product\/3450","targetHints":{"allow":["GET"]}}],"collection":[{"href":"https:\/\/solartrackersystem.com\/es\/wp-json\/wp\/v2\/product"}],"about":[{"href":"https:\/\/solartrackersystem.com\/es\/wp-json\/wp\/v2\/types\/product"}],"wp:featuredmedia":[{"embeddable":true,"href":"https:\/\/solartrackersystem.com\/es\/wp-json\/wp\/v2\/media\/3589"}],"wp:attachment":[{"href":"https:\/\/solartrackersystem.com\/es\/wp-json\/wp\/v2\/media?parent=3450"}],"wp:term":[{"taxonomy":"product_brand","embeddable":true,"href":"https:\/\/solartrackersystem.com\/es\/wp-json\/wp\/v2\/product_brand?post=3450"},{"taxonomy":"product_cat","embeddable":true,"href":"https:\/\/solartrackersystem.com\/es\/wp-json\/wp\/v2\/product_cat?post=3450"},{"taxonomy":"product_tag","embeddable":true,"href":"https:\/\/solartrackersystem.com\/es\/wp-json\/wp\/v2\/product_tag?post=3450"}],"curies":[{"name":"wp","href":"https:\/\/api.w.org\/{rel}","templated":true}]}}