{"id":3445,"date":"2025-08-08T16:47:46","date_gmt":"2025-08-08T08:47:46","guid":{"rendered":"https:\/\/solartrackersystem.com\/?post_type=product&#038;p=3445"},"modified":"2025-09-08T20:49:18","modified_gmt":"2025-09-08T12:49:18","slug":"dual-axis-40p-40-panel-heavy-duty-2-axis-tracker","status":"publish","type":"product","link":"https:\/\/solartrackersystem.com\/es\/dual-axis-40p-40-panel-heavy-duty-2-axis-tracker\/","title":{"rendered":"Dual Axis-40P: Rastreador de 2 ejes de alta resistencia con 40 paneles"},"content":{"rendered":"<p data-v-md-line=\"4\">Obtenga hasta un 40 % m\u00e1s de energ\u00eda de cada rayo de sol con el seguidor solar de 2 ejes Dual Axis-40P de alta resistencia. Dise\u00f1ado para proyectos solares exigentes, este sofisticado sistema mantiene su gama de 40 paneles perfectamente alineados con el sol, para que obtenga un mayor rendimiento y un retorno de la inversi\u00f3n m\u00e1s r\u00e1pido, todo con una fiabilidad comprobada.<\/p>\n<h2 data-v-md-heading=\"features-and-benefits\" data-v-md-line=\"6\">Caracter\u00edsticas y beneficios<\/h2>\n<ul data-v-md-line=\"7\">\n<li>Construcci\u00f3n robusta: construido con acero Q235 de primera calidad con galvanizaci\u00f3n por inmersi\u00f3n en caliente, este rastreador protege contra la corrosi\u00f3n y el deterioro para una vida \u00fatil mucho m\u00e1s prolongada y sin estr\u00e9s.<\/li>\n<li>Dise\u00f1o resistente: admite hasta 40 paneles y 66 m2 de \u00e1rea de componentes; dise\u00f1ado para funcionar en tareas masivas donde la robustez y la resistencia son importantes.<\/li>\n<li>Precisi\u00f3n de doble eje: rastrea tanto el acimut como la altitud (\u2212120\u00b0 a +120\u00b0, 0\u00b0 a 60\u00b0) con una precisi\u00f3n de \u2264 1\u00b0, optimizando la producci\u00f3n diaria y estacional de su sitio web.<\/li>\n<li>Protecci\u00f3n clim\u00e1tica inteligente: Resiste vientos de hasta 17 m\/s y ofrece funciones opcionales de seguridad y protecci\u00f3n contra el viento, para que puedas permanecer conectado a Internet incluso cuando el clima se pone duro.<\/li>\n<li>Funcionamiento fiable y de bajo mantenimiento: La protecci\u00f3n IP65 contra la suciedad y el agua significa un rendimiento exterior fiable, desde heladas de -40 \u00b0C hasta olas de calor de +70 \u00b0C. Confianza certificada: Cumple con CE, CQC, ISO9001, ISO14001, OHSAS18001 para una seguridad probada y una calidad en la que puede confiar.<\/li>\n<li>Uso eficiente de energ\u00eda: consume simplemente \u2264 0,5 kWh, lo que reduce los gastos de operaci\u00f3n y mantenimiento y auxiliares.<\/li>\n<\/ul>\n<h2 data-v-md-heading=\"wide-applications\" data-v-md-line=\"14\">Amplias aplicaciones<\/h2>\n<p data-v-md-line=\"15\">Este seguidor de 2 ejes es excelente para plantas fotovoltaicas a gran escala, parques solares montados en el suelo y trabajos que presentan terrenos desafiantes donde se requieren opciones resistentes, escalables y de alto rendimiento.<\/p>\n<h2 data-v-md-heading=\"specifications\" data-v-md-line=\"17\">Presupuesto<\/h2>\n<ul data-v-md-line=\"18\">\n<li>Mec\u00e1nica (Tipo de seguimiento, capacidad de toneladas, trayectoria de viento\/nieve, dimensiones, peso, material, vida \u00fatil del rodamiento)<\/li>\n<li>Tipo de seguimiento: Doble eje.<\/li>\n<li>N\u00famero de m\u00f3dulo: 40.<\/li>\n<li>Tama\u00f1o del m\u00f3dulo: 1650 mm \u00d7 992 mm.<\/li>\n<li>Ubicaci\u00f3n del soporte: 66 m DOS.<\/li>\n<li>Peso: \u2265 2360 kg.<\/li>\n<li>Material: Acero Q235, galvanizado en caliente.<\/li>\n<li>Vida \u00fatil de dise\u00f1o: \u2265 25 a\u00f1os.<\/li>\n<li>El\u00e9ctrico (tipo y potencia del motor, consumo de energ\u00eda, rango de voltaje, variedad de inclinaci\u00f3n, velocidad de seguimiento, refuerzo de retorno)<\/li>\n<li>Consumo de energ\u00eda: \u2264 0,5 kWh.<\/li>\n<li>Matriz de seguimiento: Azimut \u2212 120\u00b0 a +120\u00b0, Elevaci\u00f3n 0\u00b0 a 60\u00b0<br \/>\n\u2013 Precisi\u00f3n de seguimiento: \u2264 1\u00b0<br \/>\n\u2013 Incremento energ\u00e9tico: 20-40% sobre los sistemas tratados.<\/li>\n<li>Ambiental (nivel de temperatura de funcionamiento, clasificaci\u00f3n IP, humedad, resistencia a los rayos UV y al \u00f3xido)<\/li>\n<li>Temperatura de funcionamiento: \u2212 40 \u00b0 C a +70 \u00b0 C.<\/li>\n<li>Nivel de protecci\u00f3n: IP65.<\/li>\n<li>Rendimiento (aumento de energ\u00eda vs. reparado, MTBF, integridad (% de tiempo de actividad), configuraciones de falla)<\/li>\n<li>Aumento de energ\u00eda: 20-40% vs. fijo.<\/li>\n<li>Comunicaciones (Protocolos (Modbus, TCP\/IP, MQTT), depuraci\u00f3n remota, actualizaci\u00f3n OTA, acceso a API)<\/li>\n<li>Interfaz: RS485-MODBUS.<\/li>\n<li>Seguridad y certificaciones (criterios IEC, CE\/UL\/ROHS, enclavamientos de seguridad, protecci\u00f3n contra rayos)<\/li>\n<li>Certificaciones: CE, CQC, ISO9001, ISO14001, OHSAS18001.<\/li>\n<\/ul>\n<h2 data-v-md-heading=\"technical-support\" data-v-md-line=\"40\">Apoyo t\u00e9cnico<\/h2>\n<p data-v-md-line=\"41\">Brindamos amplio soporte tecnol\u00f3gico, incluidos dise\u00f1os CAD, hojas de datos y dise\u00f1os de cableado para que la combinaci\u00f3n de sus sistemas sea perfecta.<\/p>\n<h2 data-v-md-heading=\"conclusion\" data-v-md-line=\"43\">Conclusi\u00f3n<\/h2>\n<p data-v-md-line=\"44\">Cuando elige SolPath, elige calidad dise\u00f1ada para su tranquilidad: seguimiento sofisticado de dos ejes, resistencia robusta y un aumento en el retorno solar que hace que cada tarea brille.<\/p>\n<p><script src=\"chrome-extension:\/\/fpelahbljekknahkcaegamhcndkfpfnc\/iFrame.js\" type=\"text\/javascript\"><\/script><\/p>\n<p><script src=\"chrome-extension:\/\/fpelahbljekknahkcaegamhcndkfpfnc\/iFrame.js\" type=\"text\/javascript\"><\/script><\/p>\n<p><script src=\"chrome-extension:\/\/fpelahbljekknahkcaegamhcndkfpfnc\/iFrame.js\" type=\"text\/javascript\"><\/script><\/p>","protected":false},"excerpt":{"rendered":"<p>Aumente su rendimiento solar hasta en un 40 % con el Dual Axis-40P. Este robusto seguidor de 2 ejes para 40 paneles ofrece un seguimiento solar preciso y fiable.<\/p>\n<p><script src=\"chrome-extension:\/\/fpelahbljekknahkcaegamhcndkfpfnc\/iFrame.js\" type=\"text\/javascript\"><\/script><\/p>\n<p><script src=\"chrome-extension:\/\/fpelahbljekknahkcaegamhcndkfpfnc\/iFrame.js\" type=\"text\/javascript\"><\/script><\/p>\n<p><script src=\"chrome-extension:\/\/fpelahbljekknahkcaegamhcndkfpfnc\/iFrame.js\" type=\"text\/javascript\"><\/script><\/p>\n<p><script src=\"chrome-extension:\/\/fpelahbljekknahkcaegamhcndkfpfnc\/iFrame.js\" type=\"text\/javascript\"><\/script><\/p>","protected":false},"featured_media":3572,"template":"","meta":{"_kad_post_transparent":"default","_kad_post_title":"","_kad_post_layout":"default","_kad_post_sidebar_id":"","_kad_post_content_style":"default","_kad_post_vertical_padding":"default","_kad_post_feature":"","_kad_post_feature_position":"","_kad_post_header":false,"_kad_post_footer":false,"_kad_post_classname":""},"product_brand":[707],"product_cat":[587,695,681,687,691,694],"product_tag":[751,735,748],"class_list":{"0":"post-3445","1":"product","2":"type-product","3":"status-publish","4":"has-post-thumbnail","6":"product_brand-solpath","7":"product_cat-solar-tracker-by-type","8":"product_cat-commercial-tracker","9":"product_cat-dual-axis-tracker","10":"product_cat-mechanical-tracker","11":"product_cat-solar-tracker-by-solutions","12":"product_cat-utility-scale-tracker","13":"product_tag-2-axis-tracker","14":"product_tag-40-panel","15":"product_tag-heavy-duty","17":"first","18":"instock","19":"shipping-taxable","20":"product-type-simple","21":"entry","22":"content-bg","23":"loop-entry"},"_links":{"self":[{"href":"https:\/\/solartrackersystem.com\/es\/wp-json\/wp\/v2\/product\/3445","targetHints":{"allow":["GET"]}}],"collection":[{"href":"https:\/\/solartrackersystem.com\/es\/wp-json\/wp\/v2\/product"}],"about":[{"href":"https:\/\/solartrackersystem.com\/es\/wp-json\/wp\/v2\/types\/product"}],"wp:featuredmedia":[{"embeddable":true,"href":"https:\/\/solartrackersystem.com\/es\/wp-json\/wp\/v2\/media\/3572"}],"wp:attachment":[{"href":"https:\/\/solartrackersystem.com\/es\/wp-json\/wp\/v2\/media?parent=3445"}],"wp:term":[{"taxonomy":"product_brand","embeddable":true,"href":"https:\/\/solartrackersystem.com\/es\/wp-json\/wp\/v2\/product_brand?post=3445"},{"taxonomy":"product_cat","embeddable":true,"href":"https:\/\/solartrackersystem.com\/es\/wp-json\/wp\/v2\/product_cat?post=3445"},{"taxonomy":"product_tag","embeddable":true,"href":"https:\/\/solartrackersystem.com\/es\/wp-json\/wp\/v2\/product_tag?post=3445"}],"curies":[{"name":"wp","href":"https:\/\/api.w.org\/{rel}","templated":true}]}}