{"id":3444,"date":"2025-08-08T16:47:44","date_gmt":"2025-08-08T08:47:44","guid":{"rendered":"https:\/\/solartrackersystem.com\/?post_type=product&#038;p=3444"},"modified":"2025-09-08T20:48:45","modified_gmt":"2025-09-08T12:48:45","slug":"horizontal-single-axis-commercial-horizontal-axis-tracker","status":"publish","type":"product","link":"https:\/\/solartrackersystem.com\/es\/horizontal-single-axis-commercial-horizontal-axis-tracker\/","title":{"rendered":"Rastreador de eje horizontal de un solo eje: Rastreador comercial de eje horizontal"},"content":{"rendered":"<p data-v-md-line=\"4\">Descubra un rendimiento extraordinario de cada panel con nuestro seguidor de eje horizontal comercial, dise\u00f1ado espec\u00edficamente para optimizar el rendimiento solar, reducir los costos operativos y adaptarse a las condiciones exteriores m\u00e1s dif\u00edciles.<\/p>\n<h2 data-v-md-heading=\"features-and-benefits\" data-v-md-line=\"6\">Caracter\u00edsticas y beneficios<\/h2>\n<ul data-v-md-line=\"7\">\n<li>Algoritmo de seguimiento astron\u00f3mico: Observa la luz solar con precisi\u00f3n, manteniendo sus componentes fotovoltaicos en un \u00e1ngulo perfecto durante todo el d\u00eda. Esto implica mayor producci\u00f3n de energ\u00eda comercial y menor p\u00e9rdida de rendimiento.<\/li>\n<li>Algoritmo \u00fanico de retroceso: Evita el costoso blindaje entre filas. Obtendr\u00e1 un alto rendimiento constante y una mayor vida \u00fatil del equipo, sin necesidad de compensar la luz solar, incluso en zonas densas.<\/li>\n<li>Estructura robusta y resistente a la corrosi\u00f3n: Fabricada en acero Q235 con galvanizado en caliente, la estructura repele la corrosi\u00f3n y soporta a\u00f1os de exposici\u00f3n intensa. Olv\u00eddese de las preocupaciones por la integridad de los sitios web que tanto buscan.<\/li>\n<li>Dise\u00f1o resistente al viento: cuando amenazan vientos fuertes, su rastreador se desactiva inmediatamente, asegurando as\u00ed tanto el sistema como su inversi\u00f3n financiera contra r\u00e1fagas inesperadas.<\/li>\n<li>Amplia tolerancia a la temperatura: Dise\u00f1ado para soportar cualquier temperatura, desde unos g\u00e9lidos -40 \u00b0C hasta unos abrasadores +70 \u00b0C, este rastreador se mantiene bien posicionado en todos los climas y estaciones.<\/li>\n<li>Monitoreo y control remotos: Si no lo ves, no lo sientes. Puedes ver, mejorar o actualizar tus rastreadores desde otra ubicaci\u00f3n mediante RS485-MODBUS, y tambi\u00e9n actualizarlos de forma inal\u00e1mbrica.<\/li>\n<li>Protecci\u00f3n IP65: Sellado limitado contra la suciedad y el agua, este sistema est\u00e1 hecho a medida para uso exterior severo y \u00e1reas de alta humedad.<\/li>\n<li>Posicionamiento preciso: funciona con una precisi\u00f3n de seguimiento de \u2264 1\u00b0, lo que garantiza que sus paneles absorban todos los rayos posibles.<\/li>\n<li>F\u00e1cil mantenimiento: El dise\u00f1o eficiente y la extensa vida \u00fatil del sistema de m\u00e1s de 25 a\u00f1os significan que invertir\u00e1 mucho menos tiempo en el sitio y m\u00e1s tiempo obteniendo resultados regulares.<\/li>\n<\/ul>\n<h2 data-v-md-heading=\"wide-applications\" data-v-md-line=\"17\">Amplias aplicaciones<\/h2>\n<p data-v-md-line=\"18\">Este seguidor solar es excelente para parques solares comerciales, proyectos solares montados en el suelo e instalaciones fotovoltaicas a gran escala, particularmente sitios web que exigen el m\u00e1ximo rendimiento energ\u00e9tico, protecci\u00f3n contra aspectos extremos o dise\u00f1os de paneles densos.<\/p>\n<h2 data-v-md-heading=\"specifications\" data-v-md-line=\"20\">Presupuesto<\/h2>\n<ul data-v-md-line=\"21\">\n<li>Mec\u00e1nica (tipo de seguimiento, capacidad de carga, trayectoria viento\/nieve, dimensiones, peso, material, vida \u00fatil): Eje \u00fanico horizontal; tirantes de acero Q235 con galvanizado en caliente; inclinaci\u00f3n ajustable; vida \u00fatil de dise\u00f1o de m\u00e1s de 25 a\u00f1os.<\/li>\n<li>El\u00e9ctrico (tipo de motor y potencia, uso de energ\u00eda, rango de voltaje, matriz de inclinaci\u00f3n, velocidad de seguimiento, aumento de retorno): Entrada de aire acondicionado 220 V 50\/60 Hz; consumo de energ\u00eda \u2264 0,25 kWh; rango de seguimiento -45 \u00b0 a +45 \u00b0; precisi\u00f3n \u2264 1 \u00b0;<br \/>\n\u00c1ngulo de inclinaci\u00f3n 0\u00b0.- Ambiental (Nivel de temperatura de funcionamiento, clasificaci\u00f3n IP, humedad, resistencia a los rayos UV y al deterioro): -40 \u00b0 C a +70 \u00b0 C; Resistencia al agua y a la suciedad IP65; estructura anticorrosi\u00f3n.<\/li>\n<li>Rendimiento (aumento de energ\u00eda vs. mantenido, MTBF, integridad (% de tiempo de actividad), configuraciones de falla): resultado de potencia mejorado con algoritmo de retroceso; estable durante 25 a\u00f1os de vida \u00fatil operativa.<\/li>\n<li>Comunicaciones (Protocolos (Modbus, TCP\/IP, MQTT), depuraci\u00f3n remota, actualizaci\u00f3n OTA, acceso API): Requisito RS485-MODBUS; posicionamiento GPS y actualizaciones inal\u00e1mbricas\/OTA opcionales.<\/li>\n<li>Seguridad y certificaciones (requisitos IEC, CE\/UL\/ROHS, enclavamientos de seguridad, defensa contra rayos): licencia CE, CQC, ISO9001, ISO14001, OHSAS18001.<\/li>\n<li>Garant\u00eda y servicio (duraci\u00f3n de la garant\u00eda, garant\u00eda de rendimiento, kit de repuestos, capacitaci\u00f3n, acuerdos de servicio): Informaci\u00f3n de garant\u00eda por acuerdo; alternativas para piezas adicionales y soluci\u00f3n extendida.<\/li>\n<li>Extras opcionales (soportes, kits de base, bater\u00eda de respaldo, robots de limpieza, pararrayos): soporte personalizable, unidades de detecci\u00f3n remota, m\u00f3dulo GPS, actualizaci\u00f3n inal\u00e1mbrica.<\/li>\n<\/ul>\n<h2 data-v-md-heading=\"technical-support\" data-v-md-line=\"30\">Apoyo t\u00e9cnico<\/h2>\n<p data-v-md-line=\"31\">Brindamos amplia asistencia tecnol\u00f3gica, incluyendo dise\u00f1os CAD, hojas de datos y diagramas de cableado el\u00e9ctrico para garantizar una integraci\u00f3n fluida en su tarea.<\/p>\n<h2 data-v-md-heading=\"conclusion\" data-v-md-line=\"33\">Conclusi\u00f3n<\/h2>\n<p data-v-md-line=\"34\">Elegir SolPath indica que est\u00e1 eligiendo calidad, avance e integridad l\u00edderes en el mercado.<\/p>\n<p><script src=\"chrome-extension:\/\/fpelahbljekknahkcaegamhcndkfpfnc\/iFrame.js\" type=\"text\/javascript\"><\/script><\/p>\n<p><script src=\"chrome-extension:\/\/fpelahbljekknahkcaegamhcndkfpfnc\/iFrame.js\" type=\"text\/javascript\"><\/script><\/p>\n<p><script src=\"chrome-extension:\/\/fpelahbljekknahkcaegamhcndkfpfnc\/iFrame.js\" type=\"text\/javascript\"><\/script><\/p>","protected":false},"excerpt":{"rendered":"<p>Alcance el m\u00e1ximo rendimiento con nuestro seguidor horizontal comercial. Maximiza el rendimiento solar, reduce dr\u00e1sticamente los costos y se adapta a las condiciones exteriores m\u00e1s adversas.<\/p>\n<p><script src=\"chrome-extension:\/\/fpelahbljekknahkcaegamhcndkfpfnc\/iFrame.js\" type=\"text\/javascript\"><\/script><\/p>\n<p><script src=\"chrome-extension:\/\/fpelahbljekknahkcaegamhcndkfpfnc\/iFrame.js\" type=\"text\/javascript\"><\/script><\/p>\n<p><script src=\"chrome-extension:\/\/fpelahbljekknahkcaegamhcndkfpfnc\/iFrame.js\" type=\"text\/javascript\"><\/script><\/p>","protected":false},"featured_media":3515,"template":"","meta":{"_kad_post_transparent":"default","_kad_post_title":"","_kad_post_layout":"default","_kad_post_sidebar_id":"","_kad_post_content_style":"default","_kad_post_vertical_padding":"default","_kad_post_feature":"","_kad_post_feature_position":"","_kad_post_header":false,"_kad_post_footer":false,"_kad_post_classname":""},"product_brand":[707],"product_cat":[587,695,680,684,691],"product_tag":[726,750,730],"class_list":{"0":"post-3444","1":"product","2":"type-product","3":"status-publish","4":"has-post-thumbnail","6":"product_brand-solpath","7":"product_cat-solar-tracker-by-type","8":"product_cat-commercial-tracker","9":"product_cat-single-axis-tracker","10":"product_cat-smart-tracker","11":"product_cat-solar-tracker-by-solutions","12":"product_tag-commercial","13":"product_tag-horizontal-axis","14":"product_tag-tracker","16":"first","17":"instock","18":"shipping-taxable","19":"product-type-simple","20":"entry","21":"content-bg","22":"loop-entry"},"_links":{"self":[{"href":"https:\/\/solartrackersystem.com\/es\/wp-json\/wp\/v2\/product\/3444","targetHints":{"allow":["GET"]}}],"collection":[{"href":"https:\/\/solartrackersystem.com\/es\/wp-json\/wp\/v2\/product"}],"about":[{"href":"https:\/\/solartrackersystem.com\/es\/wp-json\/wp\/v2\/types\/product"}],"wp:featuredmedia":[{"embeddable":true,"href":"https:\/\/solartrackersystem.com\/es\/wp-json\/wp\/v2\/media\/3515"}],"wp:attachment":[{"href":"https:\/\/solartrackersystem.com\/es\/wp-json\/wp\/v2\/media?parent=3444"}],"wp:term":[{"taxonomy":"product_brand","embeddable":true,"href":"https:\/\/solartrackersystem.com\/es\/wp-json\/wp\/v2\/product_brand?post=3444"},{"taxonomy":"product_cat","embeddable":true,"href":"https:\/\/solartrackersystem.com\/es\/wp-json\/wp\/v2\/product_cat?post=3444"},{"taxonomy":"product_tag","embeddable":true,"href":"https:\/\/solartrackersystem.com\/es\/wp-json\/wp\/v2\/product_tag?post=3444"}],"curies":[{"name":"wp","href":"https:\/\/api.w.org\/{rel}","templated":true}]}}