{"id":3443,"date":"2025-08-08T16:47:43","date_gmt":"2025-08-08T08:47:43","guid":{"rendered":"https:\/\/solartrackersystem.com\/?post_type=product&#038;p=3443"},"modified":"2025-09-08T20:48:29","modified_gmt":"2025-09-08T12:48:29","slug":"single-axis-industrial-single-axis-pv-tracker","status":"publish","type":"product","link":"https:\/\/solartrackersystem.com\/es\/single-axis-industrial-single-axis-pv-tracker\/","title":{"rendered":"Un solo eje: Seguidor fotovoltaico industrial de un solo eje"},"content":{"rendered":"<p data-v-md-line=\"4\">Mejore el rendimiento de su proyecto solar con el seguidor fotovoltaico industrial de un solo eje: un servicio robusto dise\u00f1ado para impulsar la eficacia del seguimiento fotovoltaico industrial y optimizar su cosecha de energ\u00eda en todas las estaciones.<\/p>\n<h2 data-v-md-heading=\"features-and-benefits\" data-v-md-line=\"6\">Caracter\u00edsticas y beneficios<\/h2>\n<ul data-v-md-line=\"7\">\n<li>Seguimiento astron\u00f3mico y basado en sensores: aproveche algoritmos enormes y unidades de detecci\u00f3n de posici\u00f3n de circuito cerrado para lograr un seguimiento solar extremadamente preciso y mejoras continuas en el rendimiento.<\/li>\n<li>Algoritmo de retroceso y antisombra: elimina el sombreado de fila a fila, por lo que mantiene una producci\u00f3n de energ\u00eda ideal incluso en rangos firmemente cargados.<\/li>\n<li>Construcci\u00f3n resistente: construida con acero Q235B\/Q355B y terminada con galvanizado en caliente para una resistencia superior al \u00f3xido y una vida \u00fatil que se extiende m\u00e1s all\u00e1 de los 25 a\u00f1os.<\/li>\n<li>Adaptabilidad a condiciones clim\u00e1ticas extremas: conf\u00ede en la seguridad comprobada contra el viento, la resistencia a la nieve y las configuraciones opcionales de limpieza ante fuertes lluvias para un funcionamiento durante todo el a\u00f1o, incluso cuando los climas se tornan dif\u00edciles.<\/li>\n<li>Monitoreo remoto y actualizaciones inteligentes: disfrute de una integraci\u00f3n de control perfecta a trav\u00e9s de WiFi, LoRa o ZigBee, vinc\u00falese de forma remota a trav\u00e9s de RS485 o 4G y benef\u00edciese de la compatibilidad con SCADA, actualizaciones remotas con una sola tecla y actualizaciones OTA inal\u00e1mbricas.<\/li>\n<li>Completamente autom\u00e1tico: el rastreador detecta y se ajusta a vientos fuertes, nieve o lluvia de forma aut\u00f3noma, lo que reduce la necesidad de intervenci\u00f3n en el sitio.<\/li>\n<li>Protecci\u00f3n IP65: dise\u00f1ado para resistir el polvo y el agua: su inversi\u00f3n permanece segura y confiable en condiciones exteriores adversas.<\/li>\n<li>Aumento significativo del rendimiento: capture hasta un 40 % m\u00e1s de energ\u00eda al a\u00f1o en comparaci\u00f3n con el montaje fotovoltaico fijo gracias a la orientaci\u00f3n constante de la luz solar y al razonamiento de seguimiento avanzado.<\/li>\n<li>Sistema modular y f\u00e1cil de instalar: el montaje horizontal axial y el dise\u00f1o modular simplifican la configuraci\u00f3n y mantienen el mantenimiento continuo al m\u00ednimo.<\/li>\n<\/ul>\n<h2 data-v-md-heading=\"wide-applications\" data-v-md-line=\"17\">Amplias aplicaciones<\/h2>\n<p data-v-md-line=\"18\">Este seguidor fotovoltaico industrial de un solo eje es la soluci\u00f3n ideal para parques solares a gran escala, instalaciones fotovoltaicas montadas en el suelo y grandes tareas comerciales o industriales, en particular aquellas que requieren resiliencia en atm\u00f3sferas des\u00e9rticas, con vientos fuertes o mucha humedad.<\/p>\n<h2 data-v-md-heading=\"specifications\" data-v-md-line=\"20\">Presupuesto<\/h2>\n<ul data-v-md-line=\"21\">\n<li>Mec\u00e1nico (Tipo de seguimiento: eje \u00fanico, Matriz de seguimiento: -60\u00b0 a +60\u00b0, Inclinaci\u00f3n flexible, Materiales: Acero Q235B\/Q355B, Galvanizado en caliente, Vida \u00fatil: m\u00e1s de 25 a\u00f1os, Carga de nieve: 0,8-1,1 KN\/m DOS).<\/li>\n<li>El\u00e9ctrico (Precisi\u00f3n de seguimiento: \u2264 1 \u00b0, Resistencia al viento: Velocidad del viento de protecci\u00f3n 17-22 m\/s, Velocidad del viento de supervivencia hasta 50 m\/s (personalizada), Fuente de alimentaci\u00f3n: AIRE ACONDICIONADO 90-305V o String 250-1500V, Bater\u00eda de respaldo: opcional).<\/li>\n<li>Ambiental (Nivel de temperatura de funcionamiento: -30 \u00b0 C a +70 \u00b0 C, seguridad IP65 para polvo\/agua, construido para nieve, viento y lluvia).<\/li>\n<li>Rendimiento (aumento de energ\u00eda anual: aproximadamente un 40 % sobre el total gestionado, funcionamiento autom\u00e1tico, l\u00f3gica de retroceso).<\/li>\n<li>Comunicaciones (Local: WiFi, LoRa, ZigBee, Remotas: RS485, WiFi, 4G, SCADA compatible, Depuraci\u00f3n remota, Actualizaci\u00f3n inal\u00e1mbrica OTA).<\/li>\n<li>Seguridad y certificaciones (defensa contra vientos fuertes, algoritmo anti-sombra, vigilancia a nivel de sistema).<\/li>\n<li>Extras opcionales (bater\u00eda de respaldo, robot de limpieza, modos de eliminaci\u00f3n de lluvia\/nieve, conjunto de seguimiento\/inclinaci\u00f3n ajustable).<\/li>\n<\/ul>\n<h2 data-v-md-heading=\"technical-support\" data-v-md-line=\"29\">Apoyo t\u00e9cnico<\/h2>\n<p data-v-md-line=\"30\">Brindamos amplia asistencia t\u00e9cnica, desde dise\u00f1os CAD y hojas de datos hasta diagramas de cableado el\u00e9ctrico terminados, para que pueda integrarse sin problemas y con confianza.<\/p>\n<h2 data-v-md-heading=\"conclusion\" data-v-md-line=\"32\">Conclusi\u00f3n<\/h2>\n<p data-v-md-line=\"33\">Elegir SolPath implica adquirir opciones de seguimiento solar probadas, innovadoras y confiables, que ofrecen m\u00e1ximo tiempo de funcionamiento, eficacia y comodidad para sus trabajos fotovoltaicos m\u00e1s exigentes.<\/p>\n<p><script src=\"chrome-extension:\/\/fpelahbljekknahkcaegamhcndkfpfnc\/iFrame.js\" type=\"text\/javascript\"><\/script><\/p>\n<p><script src=\"chrome-extension:\/\/fpelahbljekknahkcaegamhcndkfpfnc\/iFrame.js\" type=\"text\/javascript\"><\/script><\/p>\n<p><script src=\"chrome-extension:\/\/fpelahbljekknahkcaegamhcndkfpfnc\/iFrame.js\" type=\"text\/javascript\"><\/script><\/p>","protected":false},"excerpt":{"rendered":"<p>Aumente el rendimiento de su proyecto solar con nuestro robusto seguidor fotovoltaico industrial de un solo eje. Maximiza la captaci\u00f3n de energ\u00eda con un seguimiento inteligente en cualquier clima.<\/p>\n<p><script src=\"chrome-extension:\/\/fpelahbljekknahkcaegamhcndkfpfnc\/iFrame.js\" type=\"text\/javascript\"><\/script><\/p>\n<p><script src=\"chrome-extension:\/\/fpelahbljekknahkcaegamhcndkfpfnc\/iFrame.js\" type=\"text\/javascript\"><\/script><\/p>","protected":false},"featured_media":3514,"template":"","meta":{"_kad_post_transparent":"default","_kad_post_title":"","_kad_post_layout":"default","_kad_post_sidebar_id":"","_kad_post_content_style":"default","_kad_post_vertical_padding":"default","_kad_post_feature":"","_kad_post_feature_position":"","_kad_post_header":false,"_kad_post_footer":false,"_kad_post_classname":""},"product_brand":[707],"product_cat":[587,695,680,691,694],"product_tag":[749,745,714],"class_list":{"0":"post-3443","1":"product","2":"type-product","3":"status-publish","4":"has-post-thumbnail","6":"product_brand-solpath","7":"product_cat-solar-tracker-by-type","8":"product_cat-commercial-tracker","9":"product_cat-single-axis-tracker","10":"product_cat-solar-tracker-by-solutions","11":"product_cat-utility-scale-tracker","12":"product_tag-industrial","13":"product_tag-pv-tracker","14":"product_tag-single-axis","16":"first","17":"instock","18":"shipping-taxable","19":"product-type-simple","20":"entry","21":"content-bg","22":"loop-entry"},"_links":{"self":[{"href":"https:\/\/solartrackersystem.com\/es\/wp-json\/wp\/v2\/product\/3443","targetHints":{"allow":["GET"]}}],"collection":[{"href":"https:\/\/solartrackersystem.com\/es\/wp-json\/wp\/v2\/product"}],"about":[{"href":"https:\/\/solartrackersystem.com\/es\/wp-json\/wp\/v2\/types\/product"}],"wp:featuredmedia":[{"embeddable":true,"href":"https:\/\/solartrackersystem.com\/es\/wp-json\/wp\/v2\/media\/3514"}],"wp:attachment":[{"href":"https:\/\/solartrackersystem.com\/es\/wp-json\/wp\/v2\/media?parent=3443"}],"wp:term":[{"taxonomy":"product_brand","embeddable":true,"href":"https:\/\/solartrackersystem.com\/es\/wp-json\/wp\/v2\/product_brand?post=3443"},{"taxonomy":"product_cat","embeddable":true,"href":"https:\/\/solartrackersystem.com\/es\/wp-json\/wp\/v2\/product_cat?post=3443"},{"taxonomy":"product_tag","embeddable":true,"href":"https:\/\/solartrackersystem.com\/es\/wp-json\/wp\/v2\/product_tag?post=3443"}],"curies":[{"name":"wp","href":"https:\/\/api.w.org\/{rel}","templated":true}]}}