{"id":3442,"date":"2025-08-08T16:47:41","date_gmt":"2025-08-08T08:47:41","guid":{"rendered":"https:\/\/solartrackersystem.com\/?post_type=product&#038;p=3442"},"modified":"2025-09-08T20:48:07","modified_gmt":"2025-09-08T12:48:07","slug":"dual-axis-heavy-duty-dual-axis-solar-tracker","status":"publish","type":"product","link":"https:\/\/solartrackersystem.com\/es\/dual-axis-heavy-duty-dual-axis-solar-tracker\/","title":{"rendered":"Doble eje: seguidor solar de doble eje de alta resistencia"},"content":{"rendered":"<p data-v-md-line=\"4\">Maximice su inversi\u00f3n en energ\u00eda solar con nuestro seguidor solar de doble eje de alta resistencia. Dise\u00f1ado para ofrecer un mayor rendimiento energ\u00e9tico, este sistema avanzado mantiene sus paneles en el \u00e1ngulo \u00f3ptimo en todo momento, aumentando la eficiencia incluso en las condiciones m\u00e1s adversas.<\/p>\n<h2 data-v-md-heading=\"features-and-benefits\" data-v-md-line=\"6\">Caracter\u00edsticas y beneficios<\/h2>\n<ul data-v-md-line=\"7\">\n<li>Seguimiento solar de alta precisi\u00f3n: Nuestro sistema utiliza una f\u00f3rmula enorme y duradera y un microcontrolador de alto rendimiento (n\u00facleo DSP) para un seguimiento preciso de doble eje, de modo que sus paneles fotovoltaicos se orienten constantemente hacia las instrucciones \u00f3ptimas.<\/li>\n<li>Control de retroalimentaci\u00f3n en tiempo real: gracias al sensor de inclinaci\u00f3n integrado, el rastreador se reajusta instant\u00e1neamente a lo largo del d\u00eda, sin necesidad de intervenci\u00f3n manual, lo que garantiza una optimizaci\u00f3n continua y confiable.<\/li>\n<li>Anti-sombra y retroceso comprobados: minimice las p\u00e9rdidas de energ\u00eda con algoritmos de retroceso inteligentes que reducen el sombreado entre los paneles, lo que le permite abrir cada vatio posible.<\/li>\n<li>Dise\u00f1o robusto y de alta resistencia: Fabricado con acero Q235 y galvanizado por inmersi\u00f3n en caliente, este rastreador ofrece m\u00e1s de 25 a\u00f1os de servicio confiable. Resiste la oxidaci\u00f3n, las inclemencias del tiempo y el desgaste diario.<\/li>\n<li>Amplio rango operativo: ya sea que se encuentre en veranos abrasadores o inviernos helados, puede confiar en un procedimiento suave de -40 \u00b0 C a + 70 \u00b0 C.<\/li>\n<li>Protecci\u00f3n contra viento y nieve: la funci\u00f3n autom\u00e1tica de \u201calmacenamiento contra viento\u201d y las entradas de la unidad de detecci\u00f3n ambiental protegen su inversi\u00f3n financiera cuando el clima se torna severo.<\/li>\n<li>Escalable para cualquier proyecto: inst\u00e1lelo con confianza en grandes plantas fotovoltaicas, soportando hasta 40 m\u00f3dulos y manejando pesos de m\u00e1s de 2000 kg para las aplicaciones m\u00e1s pesadas.<\/li>\n<li>Monitoreo y control inteligentes: administre, realice un seguimiento y actualice la configuraci\u00f3n desde otra ubicaci\u00f3n haciendo uso de un sistema SCADA integrado y una selecci\u00f3n de m\u00e9todos RS485, WiFi o 4G.<\/li>\n<li>Extras inteligentes opcionales: Aumente la confiabilidad con las capacidades ofrecidas de remoci\u00f3n autom\u00e1tica de nieve, limpieza bajo lluvia y defensa contra vientos fuertes.<\/li>\n<\/ul>\n<h2 data-v-md-heading=\"wide-applications\" data-v-md-line=\"16\">Amplias aplicaciones<\/h2>\n<p data-v-md-line=\"17\">Este seguidor solar de doble eje para trabajo pesado es la elecci\u00f3n \u00f3ptima para plantas de energ\u00eda nuclear fotovoltaica a gran escala, superficies desafiantes, sitios agrovoltaicos y cualquier tipo de lugar que requiera m\u00e1xima eficiencia a pesar de condiciones clim\u00e1ticas extremas, como desiertos, fuertes vientos o regiones con fuertes nevadas.<\/p>\n<h2 data-v-md-heading=\"specifications\" data-v-md-line=\"19\">Presupuesto<\/h2>\n<ul data-v-md-line=\"20\">\n<li>Mec\u00e1nica (tipo de seguimiento, capacidad de carga, trayectoria de viento\/nieve, medidas, peso, producto, vida \u00fatil): Seguimiento de doble eje; admite hasta 40 componentes por seguidor; acero galvanizado en caliente Q235; ubicaci\u00f3n del soporte aproximadamente a 66 m DOS; peso superior a 2000 kg; vida \u00fatil de dise\u00f1o &gt; 25 a\u00f1os.<\/li>\n<li>El\u00e9ctrico (tipo y potencia del motor, consumo de energ\u00eda, variedad de voltaje, variedad de inclinaci\u00f3n, tasa de seguimiento, aumento de retorno): Microcontrolador de alta precisi\u00f3n; rendimiento energ\u00e9tico aumentado entre un 20 y un 40 % en comparaci\u00f3n con la inclinaci\u00f3n fija; admite componentes bifaciales.<\/li>\n<li>Ambiental (nivel de temperatura de funcionamiento, clasificaci\u00f3n IP, humedad, resistencia a los rayos UV y a la corrosi\u00f3n): Funciona de -40 \u00b0 C a +70 \u00b0 C; construcci\u00f3n y edificaci\u00f3n anticorrosi\u00f3n.<\/li>\n<li>Rendimiento (aumento de energ\u00eda vs. mantenimiento, MTBF, integridad (% tiempo de actividad), modos de falla): 20-40 % m\u00e1s de energ\u00eda en instalaciones tratadas; alta confiabilidad.<\/li>\n<li>Comunicaciones (Protocolos (Modbus, TCP\/IP, MQTT), depuraci\u00f3n remota, actualizaci\u00f3n OTA, acceso API): Seguimiento y control remoto a trav\u00e9s de SCADA; RS485, WiFi, 4G sostenido.<\/li>\n<li>Seguridad y certificaciones (requisitos IEC, CE\/UL\/ROHS, enclavamientos de seguridad, defensa contra rayos): Interfaz de seguridad de velocidad del viento; funciones de almacenamiento autom\u00e1tico.<\/li>\n<li>Extras Opcionales (Soportes, paquetes de estructura, bater\u00edas de respaldo, robots de limpieza, pararrayos): Eliminaci\u00f3n autom\u00e1tica de nieve, limpieza por lluvia, componentes de seguridad contra vientos fuertes.<\/li>\n<\/ul>\n<h2 data-v-md-heading=\"technical-support\" data-v-md-line=\"28\">Apoyo t\u00e9cnico<\/h2>\n<p data-v-md-line=\"29\">Ofrecemos asistencia tecnol\u00f3gica detallada, incluidos dise\u00f1os CAD, hojas de datos y diagramas de cableado el\u00e9ctrico, para que la combinaci\u00f3n con su trabajo energ\u00e9tico sea efectiva y sin preocupaciones.<\/p>\n<h2 data-v-md-heading=\"conclusion\" data-v-md-line=\"31\">Conclusi\u00f3n<\/h2>\n<p data-v-md-line=\"32\">Elegir SolPath significa elegir precisi\u00f3n, resistencia y tecnolog\u00eda irresistibles. Obtendr\u00e1 un seguidor solar de doble eje de alta resistencia, l\u00edder en eficiencia y resistencia, que permitir\u00e1 que su proyecto solar brille una y otra vez.<\/p>\n<p><script src=\"chrome-extension:\/\/fpelahbljekknahkcaegamhcndkfpfnc\/iFrame.js\" type=\"text\/javascript\"><\/script><\/p>\n<p><script src=\"chrome-extension:\/\/fpelahbljekknahkcaegamhcndkfpfnc\/iFrame.js\" type=\"text\/javascript\"><\/script><\/p>\n<p><script src=\"chrome-extension:\/\/fpelahbljekknahkcaegamhcndkfpfnc\/iFrame.js\" type=\"text\/javascript\"><\/script><\/p>\n<p><script src=\"chrome-extension:\/\/fpelahbljekknahkcaegamhcndkfpfnc\/iFrame.js\" type=\"text\/javascript\"><\/script><\/p>","protected":false},"excerpt":{"rendered":"<p>Maximice su producci\u00f3n solar con nuestro robusto seguidor de doble eje. Aumenta la eficiencia y garantiza un rendimiento fiable, incluso en las condiciones m\u00e1s adversas.<\/p>\n<p><script src=\"chrome-extension:\/\/fpelahbljekknahkcaegamhcndkfpfnc\/iFrame.js\" type=\"text\/javascript\"><\/script><\/p>\n<p><script src=\"chrome-extension:\/\/fpelahbljekknahkcaegamhcndkfpfnc\/iFrame.js\" type=\"text\/javascript\"><\/script><\/p>","protected":false},"featured_media":3564,"template":"","meta":{"_kad_post_transparent":"default","_kad_post_title":"","_kad_post_layout":"default","_kad_post_sidebar_id":"","_kad_post_content_style":"default","_kad_post_vertical_padding":"default","_kad_post_feature":"","_kad_post_feature_position":"","_kad_post_header":false,"_kad_post_footer":false,"_kad_post_classname":""},"product_brand":[707],"product_cat":[587,703,681,687,691],"product_tag":[711,748,712],"class_list":{"0":"post-3442","1":"product","2":"type-product","3":"status-publish","4":"has-post-thumbnail","6":"product_brand-solpath","7":"product_cat-solar-tracker-by-type","8":"product_cat-custom-omdm-tracker","9":"product_cat-dual-axis-tracker","10":"product_cat-mechanical-tracker","11":"product_cat-solar-tracker-by-solutions","12":"product_tag-dual-axis","13":"product_tag-heavy-duty","14":"product_tag-solar-tracker","16":"first","17":"instock","18":"shipping-taxable","19":"product-type-simple","20":"entry","21":"content-bg","22":"loop-entry"},"_links":{"self":[{"href":"https:\/\/solartrackersystem.com\/es\/wp-json\/wp\/v2\/product\/3442","targetHints":{"allow":["GET"]}}],"collection":[{"href":"https:\/\/solartrackersystem.com\/es\/wp-json\/wp\/v2\/product"}],"about":[{"href":"https:\/\/solartrackersystem.com\/es\/wp-json\/wp\/v2\/types\/product"}],"wp:featuredmedia":[{"embeddable":true,"href":"https:\/\/solartrackersystem.com\/es\/wp-json\/wp\/v2\/media\/3564"}],"wp:attachment":[{"href":"https:\/\/solartrackersystem.com\/es\/wp-json\/wp\/v2\/media?parent=3442"}],"wp:term":[{"taxonomy":"product_brand","embeddable":true,"href":"https:\/\/solartrackersystem.com\/es\/wp-json\/wp\/v2\/product_brand?post=3442"},{"taxonomy":"product_cat","embeddable":true,"href":"https:\/\/solartrackersystem.com\/es\/wp-json\/wp\/v2\/product_cat?post=3442"},{"taxonomy":"product_tag","embeddable":true,"href":"https:\/\/solartrackersystem.com\/es\/wp-json\/wp\/v2\/product_tag?post=3442"}],"curies":[{"name":"wp","href":"https:\/\/api.w.org\/{rel}","templated":true}]}}