{"id":3440,"date":"2025-08-08T16:47:37","date_gmt":"2025-08-08T08:47:37","guid":{"rendered":"https:\/\/solartrackersystem.com\/?post_type=product&#038;p=3440"},"modified":"2025-09-08T20:50:38","modified_gmt":"2025-09-08T12:50:38","slug":"10-15kw-panels-gps-solar-panel-tracking-system","status":"publish","type":"product","link":"https:\/\/solartrackersystem.com\/es\/10-15kw-panels-gps-solar-panel-tracking-system\/","title":{"rendered":"PANELES DE 10-15 kW: Sistema de seguimiento de paneles solares GPS"},"content":{"rendered":"<p data-v-md-line=\"4\">Experimente una t\u00e9cnica m\u00e1s inteligente para la energ\u00eda solar con nuestro sistema de rastreo GPS para paneles solares. Obtendr\u00e1 la posici\u00f3n exacta de la luz solar en tiempo real para aprovechar al m\u00e1ximo el retorno de energ\u00eda, una larga vida \u00fatil y un control perfecto, todo dise\u00f1ado para simplificar su proceso y optimizar su retorno de la inversi\u00f3n.<\/p>\n<h2 data-v-md-heading=\"features-and-benefits\" data-v-md-line=\"6\">Caracter\u00edsticas y beneficios<\/h2>\n<ul data-v-md-line=\"7\">\n<li>Control de algoritmo astron\u00f3mico: ofrece un seguimiento solar extremadamente preciso para que sus paneles encuentren regularmente el \u00e1ngulo ideal para una eficacia \u00f3ptima.<\/li>\n<li>Construcci\u00f3n de alta calidad para entornos exigentes: Fabricado con acero Q235 y acabado con pintura o galvanizado en caliente para una mayor resistencia a la oxidaci\u00f3n. Esto garantiza una eficiencia inquebrantable en exteriores hostiles, a\u00f1o tras a\u00f1o.<\/li>\n<li>Posicionamiento GPS (opcional): disfrute de la alineaci\u00f3n de identificaci\u00f3n en condiciones del mundo real, para aprovechar cada vatio posible, incluso en terrenos dif\u00edciles.<\/li>\n<li>Retroceso inteligente: el algoritmo incorporado evita el sombreado del panel al cambiar los \u00e1ngulos de inmediato, lo que asegura su salida en formatos de variedad congestionados.<\/li>\n<li>Amplio rango de seguimiento de 360\u00b0: sigue al sol de forma flexible a trav\u00e9s de la perspectiva, lo que aumenta el rendimiento diario de sus paneles fotovoltaicos.<\/li>\n<li>Clasificaci\u00f3n de protecci\u00f3n IP65: La resistencia al polvo y al agua protege su sistema contra la lluvia, las tormentas y la exposici\u00f3n directa a part\u00edculas, lo que garantiza la idoneidad para instalaciones expuestas y remotas.<\/li>\n<li>Funcionalidad de control remoto (opcional): supervise, diagnostique y mejore su sistema desde cualquier lugar, reduciendo el tiempo de inactividad y agilizando las operaciones.<\/li>\n<li>Protecci\u00f3n l\u00edmite y retroalimentaci\u00f3n de \u00e1ngulo: los enclavamientos de seguridad integrados y las respuestas en tiempo real mantienen su sistema de seguimiento sincronizado de manera confiable mientras lo protegen contra da\u00f1os no deseados.<\/li>\n<li>Protecci\u00f3n resistente contra el viento: soporta velocidades de viento t\u00edpicas de hasta 27 m\/s, lo que le permite afrontar configuraciones racheadas con confianza.<\/li>\n<li>Larga vida \u00fatil: dise\u00f1ado para brindar integridad con una vida \u00fatil de 25 a\u00f1os, lo que garantiza rendimientos estables durante la vida \u00fatil del sistema.<\/li>\n<\/ul>\n<h2 data-v-md-heading=\"wide-applications\" data-v-md-line=\"18\">Amplias aplicaciones<\/h2>\n<p data-v-md-line=\"19\">Este seguidor solar es ideal para plantas fotovoltaicas a gran escala, parques solares en suelo, tejados comerciales y cualquier sitio que requiera un seguimiento espec\u00edfico de los paneles solares. Se ha comprobado su eficacia en entornos que var\u00edan desde instalaciones costeras con alta humedad hasta desiertos dif\u00edciles y ventosos.<\/p>\n<h2 data-v-md-heading=\"specifications\" data-v-md-line=\"21\">Presupuesto<\/h2>\n<ul data-v-md-line=\"22\">\n<li>Mec\u00e1nica (tipo de seguimiento, capacidad de carga, trayectoria de viento\/nieve, dimensiones, peso, material, vida \u00fatil del rodamiento)<\/li>\n<li>Tipo de seguimiento: F\u00f3rmula astron\u00f3mica.<\/li>\n<li>\u00c1ngulo de inclinaci\u00f3n: 20\u00b0<br \/>\n\u2013 Rango de seguimiento: 360\u00b0<br \/>\n\u2013 Resistencia al viento: 27m\/s.<\/li>\n<li>Capacidad del m\u00f3dulo: 21 paneles (500 \u2013 650W cada uno).<\/li>\n<li>Tama\u00f1o del m\u00f3dulo: 2100 mm \u00d7 1300 mm.<\/li>\n<li>Superficie del soporte: 60 m\u00b2.<\/li>\n<li>Peso: \u2265 1300 kg.<\/li>\n<li>Material: acero Q235 (pintura\/galvanizado en caliente).<\/li>\n<li>El\u00e9ctrico (tipo y potencia del motor, consumo de energ\u00eda, variedad de voltaje, rango de inclinaci\u00f3n, velocidad de seguimiento, subida de retorno)<\/li>\n<li>Voltaje de entrada: 24 V CC.<\/li>\n<li>Retroalimentaci\u00f3n de \u00e1ngulo: S\u00ed.<\/li>\n<li>Ambiental (temperatura de funcionamiento, clasificaci\u00f3n IP, humedad, resistencia a los rayos UV y al deterioro)<\/li>\n<li>Temperatura de funcionamiento: -40\u00b0C ~ +70\u00b0C.- Grado de protecci\u00f3n: IP65.<\/li>\n<li>Anticorrosi\u00f3n: Pintura\/Galvanizado en caliente.<\/li>\n<li>Rendimiento (aumento de energ\u00eda vs. fijo, MTBF, confiabilidad (% de tiempo de actividad), modos de falla)<\/li>\n<li>Precisi\u00f3n de control: \u2264 5\u00b0.<\/li>\n<li>Vida \u00fatil del dise\u00f1o: \u2265 25 a\u00f1os.<\/li>\n<li>Comunicaciones (protocolos (Modbus, TCP\/IP, MQTT), depuraci\u00f3n remota, actualizaci\u00f3n OTA, acceso API)<\/li>\n<li>Protocolos: RS485-MODBUS, Bluetooth.<\/li>\n<li>Funci\u00f3n remota: Opcional.<\/li>\n<li>Seguridad y certificaciones (criterios IEC, CE\/UL\/ROHS, enclavamientos de seguridad, protecci\u00f3n contra rayos)<\/li>\n<li>Protecci\u00f3n l\u00edmite: S\u00ed.<\/li>\n<li>Norma: GBT 29320-2012.<\/li>\n<li>Protecci\u00f3n contra el viento: opcional.<\/li>\n<li>Garant\u00eda y servicio (per\u00edodo de garant\u00eda, garant\u00eda de eficiencia, kit de repuestos, capacitaci\u00f3n, contratos de soluci\u00f3n)<\/li>\n<li>Protecci\u00f3n de datos: S\u00ed.<\/li>\n<li>Extras opcionales (soportes, paquetes de base, bater\u00edas de respaldo, robots de limpieza, pararrayos)<\/li>\n<li>Posicionamiento GPS: Opcional.<\/li>\n<li>Protecci\u00f3n contra el viento: opcional.<\/li>\n<\/ul>\n<h2 data-v-md-heading=\"technical-support\" data-v-md-line=\"54\">Apoyo t\u00e9cnico<\/h2>\n<p data-v-md-line=\"55\">Ofrecemos asistencia t\u00e9cnica integral, que incluye dise\u00f1os CAD, hojas de datos y representaciones de circuitos, para garantizar una integraci\u00f3n fluida y una configuraci\u00f3n sencilla y f\u00e1cil de su sistema de seguimiento solar.<\/p>\n<h2 data-v-md-heading=\"conclusion\" data-v-md-line=\"57\">Conclusi\u00f3n<\/h2>\n<p data-v-md-line=\"58\">Al elegir SolPath, elige desarrollo, solidez y m\u00e1xima eficiencia. Perm\u00edtanos ayudarle a aprovechar al m\u00e1ximo su inversi\u00f3n en energ\u00eda solar.<\/p>\n<p><script src=\"chrome-extension:\/\/fpelahbljekknahkcaegamhcndkfpfnc\/iFrame.js\" type=\"text\/javascript\"><\/script><\/p>\n<p><script src=\"chrome-extension:\/\/fpelahbljekknahkcaegamhcndkfpfnc\/iFrame.js\" type=\"text\/javascript\"><\/script><\/p>\n<p><script src=\"chrome-extension:\/\/fpelahbljekknahkcaegamhcndkfpfnc\/iFrame.js\" type=\"text\/javascript\"><\/script><\/p>\n<p><script src=\"chrome-extension:\/\/fpelahbljekknahkcaegamhcndkfpfnc\/iFrame.js\" type=\"text\/javascript\"><\/script><\/p>\n<p><script src=\"chrome-extension:\/\/fpelahbljekknahkcaegamhcndkfpfnc\/iFrame.js\" type=\"text\/javascript\"><\/script><\/p>","protected":false},"excerpt":{"rendered":"<p>Aumente el rendimiento de su inversi\u00f3n en energ\u00eda solar. Nuestro rastreador GPS ofrece posicionamiento solar preciso para m\u00e1xima potencia, gran durabilidad y un control perfecto para simplificar sus operaciones.<\/p>\n<p><script src=\"chrome-extension:\/\/fpelahbljekknahkcaegamhcndkfpfnc\/iFrame.js\" type=\"text\/javascript\"><\/script><\/p>\n<p><script src=\"chrome-extension:\/\/fpelahbljekknahkcaegamhcndkfpfnc\/iFrame.js\" type=\"text\/javascript\"><\/script><\/p>\n<p><script src=\"chrome-extension:\/\/fpelahbljekknahkcaegamhcndkfpfnc\/iFrame.js\" type=\"text\/javascript\"><\/script><\/p>\n<p><script src=\"chrome-extension:\/\/fpelahbljekknahkcaegamhcndkfpfnc\/iFrame.js\" type=\"text\/javascript\"><\/script><\/p>","protected":false},"featured_media":3626,"template":"","meta":{"_kad_post_transparent":"default","_kad_post_title":"","_kad_post_layout":"default","_kad_post_sidebar_id":"","_kad_post_content_style":"default","_kad_post_vertical_padding":"default","_kad_post_feature":"","_kad_post_feature_position":"","_kad_post_header":false,"_kad_post_footer":false,"_kad_post_classname":""},"product_brand":[707],"product_cat":[587,682,695,685,684,691],"product_tag":[753,705,706],"class_list":{"0":"post-3440","1":"product","2":"type-product","3":"status-publish","4":"has-post-thumbnail","6":"product_brand-solpath","7":"product_cat-solar-tracker-by-type","8":"product_cat-active-tracker","9":"product_cat-commercial-tracker","10":"product_cat-gps-tracker","11":"product_cat-smart-tracker","12":"product_cat-solar-tracker-by-solutions","13":"product_tag-gps","14":"product_tag-solar-panel","15":"product_tag-tracking-system","17":"first","18":"instock","19":"shipping-taxable","20":"product-type-simple","21":"entry","22":"content-bg","23":"loop-entry"},"_links":{"self":[{"href":"https:\/\/solartrackersystem.com\/es\/wp-json\/wp\/v2\/product\/3440","targetHints":{"allow":["GET"]}}],"collection":[{"href":"https:\/\/solartrackersystem.com\/es\/wp-json\/wp\/v2\/product"}],"about":[{"href":"https:\/\/solartrackersystem.com\/es\/wp-json\/wp\/v2\/types\/product"}],"wp:featuredmedia":[{"embeddable":true,"href":"https:\/\/solartrackersystem.com\/es\/wp-json\/wp\/v2\/media\/3626"}],"wp:attachment":[{"href":"https:\/\/solartrackersystem.com\/es\/wp-json\/wp\/v2\/media?parent=3440"}],"wp:term":[{"taxonomy":"product_brand","embeddable":true,"href":"https:\/\/solartrackersystem.com\/es\/wp-json\/wp\/v2\/product_brand?post=3440"},{"taxonomy":"product_cat","embeddable":true,"href":"https:\/\/solartrackersystem.com\/es\/wp-json\/wp\/v2\/product_cat?post=3440"},{"taxonomy":"product_tag","embeddable":true,"href":"https:\/\/solartrackersystem.com\/es\/wp-json\/wp\/v2\/product_tag?post=3440"}],"curies":[{"name":"wp","href":"https:\/\/api.w.org\/{rel}","templated":true}]}}