{"id":3436,"date":"2025-08-08T16:40:10","date_gmt":"2025-08-08T08:40:10","guid":{"rendered":"https:\/\/solartrackersystem.com\/?post_type=product&#038;p=3436"},"modified":"2025-09-08T20:46:18","modified_gmt":"2025-09-08T12:46:18","slug":"horizontal-single-axis-horizontal-solar-tracker-system","status":"publish","type":"product","link":"https:\/\/solartrackersystem.com\/es\/horizontal-single-axis-horizontal-solar-tracker-system\/","title":{"rendered":"Eje \u00fanico horizontal: Sistema de seguimiento solar horizontal"},"content":{"rendered":"<p data-v-md-line=\"4\">Maximice el rendimiento de su energ\u00eda solar con nuestro sistema de seguimiento solar horizontal de un solo eje, dise\u00f1ado para brindar un rendimiento y una resistencia inigualables en trabajos comerciales, industriales o de servicios p\u00fablicos.<\/p>\n<h2 data-v-md-heading=\"features-and-benefits\" data-v-md-line=\"6\">Caracter\u00edsticas y beneficios<\/h2>\n<ul data-v-md-line=\"7\">\n<li>Seguimiento solar inteligente: aproveche los algoritmos astron\u00f3micos y el control de seguimiento inteligente para mantener sus paneles alineados con el sol durante todo el d\u00eda, aumentando la generaci\u00f3n de energ\u00eda anual en al menos un 40 % con respecto a los sistemas convencionales.<\/li>\n<li>Construcci\u00f3n robusta y duradera: Obtendr\u00e1 soporte duradero gracias a materiales de alta calidad como Q235B, Q355B o ZAM. Esto implica una fiabilidad comprobada y resistencia al deterioro, respaldada por una vida \u00fatil de dise\u00f1o de 25 a\u00f1os.<\/li>\n<li>Rango de seguimiento flexible: personalice el rango horizontal de -45\u00b0 a +45\u00b0 o de -60\u00b0 a +60\u00b0, garantizando una captura ideal en cualquier atm\u00f3sfera.<\/li>\n<li>Precisi\u00f3n de precisi\u00f3n: disfrute de una precisi\u00f3n de seguimiento de \u2264 1 \u00b0, para que su sistema ofrezca un resultado \u00f3ptimo, llueva o truene.<\/li>\n<li>Protecci\u00f3n clim\u00e1tica avanzada: Benef\u00edciate de la configuraci\u00f3n integrada para viento, nieve y lluvia. El rastreador gestiona autom\u00e1ticamente las condiciones clim\u00e1ticas adversas, manteniendo un funcionamiento fluido.<\/li>\n<li>Alta protecci\u00f3n IP65: qu\u00e9dese tranquilo sabiendo que su sistema est\u00e1 protegido contra la suciedad y el agua, preparado para un funcionamiento resistente en exteriores, a pesar del clima.<\/li>\n<li>Comunicaci\u00f3n y control sin interrupciones: Con\u00e9ctese localmente mediante Wi-Fi, LoRa o ZigBee y monitoree remotamente mediante RS485, Wi-Fi o 4G. Integraci\u00f3n inteligente con SCADA.<\/li>\n<li>F\u00e1cil mantenimiento: el dise\u00f1o reduce las partes m\u00f3viles, por lo que experimenta menos ruido, un mantenimiento sin complicaciones y una instalaci\u00f3n sencilla.<\/li>\n<\/ul>\n<h2 data-v-md-heading=\"wide-applications\" data-v-md-line=\"16\">Amplias aplicaciones<\/h2>\n<p data-v-md-line=\"17\">Este sistema de seguimiento solar es \u00f3ptimo para parques solares montados en el suelo, plantas fotovoltaicas a gran escala, grandes techos comerciales e industriales e instalaciones agrovoltaicas, especialmente donde las superficies duras y los vientos fuertes requieren mayor durabilidad.<\/p>\n<h2 data-v-md-heading=\"specifications\" data-v-md-line=\"19\">Presupuesto<\/h2>\n<ul data-v-md-line=\"20\">\n<li>Mec\u00e1nica (tipo de seguimiento, capacidad de lotes, clase de viento\/nieve, medidas, peso, material, vida \u00fatil del rodamiento)<\/li>\n<li>Eje \u00fanico horizontal, personalizable, variedad de seguimiento de -45\u00b0 a +45\u00b0 o -60\u00b0 a +60\u00b0.- Materiales: Q235B, Q355B, ZAM.<\/li>\n<li>Lotes de nieve: 0,8 ~ 1,1 KN\/m\u00b2.<\/li>\n<li>Resistencia al viento: 17 ~ 22 m\/s (operacional), 37 ~ 50 m\/s (supervivencia).<\/li>\n<li>Vida \u00fatil del dise\u00f1o: 25 a\u00f1os.<\/li>\n<li>El\u00e9ctrico (tipo y potencia del motor, consumo de energ\u00eda, matriz de voltaje, matriz de inclinaci\u00f3n, velocidad de seguimiento, aumento de retorno)<\/li>\n<li>Accionamientos de giro o actuadores directos.<\/li>\n<li>Fuente de alimentaci\u00f3n: A\/C (90 ~ 305 V), cadena (250 ~ 1500 V), bater\u00eda de pol\u00edmero.<\/li>\n<li>Aumento de la eficiencia de generaci\u00f3n de energ\u00eda: \u2265 40%.<\/li>\n<li>Ambiental (nivel de temperatura de funcionamiento, clasificaci\u00f3n IP, resistencia a la humedad, a los rayos UV y al \u00f3xido)<\/li>\n<li>Nivel de temperatura de funcionamiento: -30 \u00b0 C a +70 \u00b0 C (personalizable hasta -50 \u00b0 C - 85 \u00b0 C).<\/li>\n<li>Clasificaci\u00f3n IP65.<\/li>\n<li>Rendimiento (aumento de energ\u00eda vs. mantenido, MTBF, integridad (% de tiempo de actividad), configuraciones fallidas)<\/li>\n<li>Precisi\u00f3n de seguimiento: \u2264 1\u00b0.<\/li>\n<li>El algoritmo de retroceso inteligente evita p\u00e9rdidas de protecci\u00f3n.<\/li>\n<li>Comunicaciones (protocolos, depuraci\u00f3n remota, actualizaci\u00f3n OTA, accesibilidad API)<\/li>\n<li>Local: WiFi, LoRa, ZigBee.<\/li>\n<li>Control remoto: RS485, WiFi, 4G.<\/li>\n<li>Integraci\u00f3n de sistemas SCADA.<\/li>\n<li>Seguridad y certificaciones (normas IEC, CE\/UL\/ROHS, enclavamientos de seguridad, protecci\u00f3n contra rayos)<\/li>\n<li>Modos autom\u00e1ticos de defensa contra viento, nieve y lluvia.<\/li>\n<li>Garant\u00eda y servicio (duraci\u00f3n de la garant\u00eda, garant\u00eda de eficiencia, kit de repuestos, capacitaci\u00f3n, acuerdos de servicio)<\/li>\n<li>Vida \u00fatil del dise\u00f1o mec\u00e1nico: 25 a\u00f1os.<\/li>\n<li>Extras opcionales (soportes, conjuntos de estructuras, bater\u00edas de respaldo, rob\u00f3tica de limpieza, pararrayos)<\/li>\n<li>Compatible con m\u00f3dulos bifaciales.<\/li>\n<li>Disponible para numerosos arreglos de capacidad (formatos 2P, 22kW-80kW\/pila).<\/li>\n<\/ul>\n<h2 data-v-md-heading=\"technical-support\" data-v-md-line=\"47\">Apoyo t\u00e9cnico<\/h2>\n<p data-v-md-line=\"48\">Proporcionamos asistencia tecnol\u00f3gica completa, incluidos modelos CAD, hojas de datos y representaciones de cableado el\u00e9ctrico, para ayudarlo a integrar nuestro sistema perfectamente con su tarea.<\/p>\n<h2 data-v-md-heading=\"conclusion\" data-v-md-line=\"50\">Conclusi\u00f3n<\/h2>\n<p data-v-md-line=\"51\">Elegir SolPath implica invertir en un sistema de seguimiento solar demostrado por su alto rendimiento, control inteligente y servicio confiable, sin importar d\u00f3nde construya.<\/p>\n<p><script src=\"chrome-extension:\/\/fpelahbljekknahkcaegamhcndkfpfnc\/iFrame.js\" type=\"text\/javascript\"><\/script><\/p>\n<p><script src=\"chrome-extension:\/\/fpelahbljekknahkcaegamhcndkfpfnc\/iFrame.js\" type=\"text\/javascript\"><\/script><\/p>\n<p><script src=\"chrome-extension:\/\/fpelahbljekknahkcaegamhcndkfpfnc\/iFrame.js\" type=\"text\/javascript\"><\/script><\/p>\n<p><script src=\"chrome-extension:\/\/fpelahbljekknahkcaegamhcndkfpfnc\/iFrame.js\" type=\"text\/javascript\"><\/script><\/p>","protected":false},"excerpt":{"rendered":"<p>Maximice su rendimiento solar con nuestro seguidor horizontal de un solo eje. Dise\u00f1ado para brindar eficiencia y durabilidad, aumenta la generaci\u00f3n de energ\u00eda en m\u00e1s del 40 %.<\/p>\n<p><script src=\"chrome-extension:\/\/fpelahbljekknahkcaegamhcndkfpfnc\/iFrame.js\" type=\"text\/javascript\"><\/script><\/p>\n<p><script src=\"chrome-extension:\/\/fpelahbljekknahkcaegamhcndkfpfnc\/iFrame.js\" type=\"text\/javascript\"><\/script><\/p>\n<p><script src=\"chrome-extension:\/\/fpelahbljekknahkcaegamhcndkfpfnc\/iFrame.js\" type=\"text\/javascript\"><\/script><\/p>","protected":false},"featured_media":3506,"template":"","meta":{"_kad_post_transparent":"default","_kad_post_title":"","_kad_post_layout":"default","_kad_post_sidebar_id":"","_kad_post_content_style":"default","_kad_post_vertical_padding":"default","_kad_post_feature":"","_kad_post_feature_position":"","_kad_post_header":false,"_kad_post_footer":false,"_kad_post_classname":""},"product_brand":[707],"product_cat":[587,680,691],"product_tag":[743,712,722],"class_list":{"0":"post-3436","1":"product","2":"type-product","3":"status-publish","4":"has-post-thumbnail","6":"product_brand-solpath","7":"product_cat-solar-tracker-by-type","8":"product_cat-single-axis-tracker","9":"product_cat-solar-tracker-by-solutions","10":"product_tag-horizontal","11":"product_tag-solar-tracker","12":"product_tag-system","14":"first","15":"instock","16":"shipping-taxable","17":"product-type-simple","18":"entry","19":"content-bg","20":"loop-entry"},"_links":{"self":[{"href":"https:\/\/solartrackersystem.com\/es\/wp-json\/wp\/v2\/product\/3436","targetHints":{"allow":["GET"]}}],"collection":[{"href":"https:\/\/solartrackersystem.com\/es\/wp-json\/wp\/v2\/product"}],"about":[{"href":"https:\/\/solartrackersystem.com\/es\/wp-json\/wp\/v2\/types\/product"}],"wp:featuredmedia":[{"embeddable":true,"href":"https:\/\/solartrackersystem.com\/es\/wp-json\/wp\/v2\/media\/3506"}],"wp:attachment":[{"href":"https:\/\/solartrackersystem.com\/es\/wp-json\/wp\/v2\/media?parent=3436"}],"wp:term":[{"taxonomy":"product_brand","embeddable":true,"href":"https:\/\/solartrackersystem.com\/es\/wp-json\/wp\/v2\/product_brand?post=3436"},{"taxonomy":"product_cat","embeddable":true,"href":"https:\/\/solartrackersystem.com\/es\/wp-json\/wp\/v2\/product_cat?post=3436"},{"taxonomy":"product_tag","embeddable":true,"href":"https:\/\/solartrackersystem.com\/es\/wp-json\/wp\/v2\/product_tag?post=3436"}],"curies":[{"name":"wp","href":"https:\/\/api.w.org\/{rel}","templated":true}]}}