{"id":3432,"date":"2025-08-08T16:40:02","date_gmt":"2025-08-08T08:40:02","guid":{"rendered":"https:\/\/solartrackersystem.com\/?post_type=product&#038;p=3432"},"modified":"2025-09-08T20:44:47","modified_gmt":"2025-09-08T12:44:47","slug":"single-axis-20p-20-panel-1-axis-solar-tracking-system","status":"publish","type":"product","link":"https:\/\/solartrackersystem.com\/es\/single-axis-20p-20-panel-1-axis-solar-tracking-system\/","title":{"rendered":"Single Axis-20P: Sistema de seguimiento solar de 1 eje y 20 paneles"},"content":{"rendered":"<p data-v-md-line=\"4\">Aumente la rentabilidad de su inversi\u00f3n en energ\u00eda solar hasta en un 30 % con nuestro sistema de seguimiento solar de un solo eje 20P. Dise\u00f1ado para seguimiento solar de un eje, este robusto sistema de 20 paneles mantiene sus m\u00f3dulos alineados con la luz solar para un rendimiento \u00f3ptimo, incluso en condiciones exteriores adversas.<\/p>\n<h2 data-v-md-heading=\"features-and-benefits\" data-v-md-line=\"6\">Caracter\u00edsticas y beneficios<\/h2>\n<ul data-v-md-line=\"7\">\n<li>Seguimiento solar de 1 eje de alta precisi\u00f3n: nuestra costosa f\u00f3rmula garantiza que sus paneles rastreen la luz solar con una precisi\u00f3n de \u2264 1\u00b0, lo que aumenta la potencia de salida y el rendimiento.<\/li>\n<li>Construcci\u00f3n resistente: la estructura utiliza acero Q235, galvanizado en caliente para una resistencia superior al deterioro, construido para prosperar al aire libre durante 25 a\u00f1os.<\/li>\n<li>Optimizado para implementaciones de 20 paneles: admite paneles (250-300 W, 1650 x 992 mm) en una ubicaci\u00f3n de soporte de 33 m\u00b2, lo que brinda un estilo adaptable para diversos dise\u00f1os de sitios web.<\/li>\n<li>Resistencia al viento mejorada: dise\u00f1ado para soportar una aceleraci\u00f3n del viento de hasta 17 m\/s con defensa contra el viento opcional.<\/li>\n<li>Alto rendimiento constante: ofrece un aumento de energ\u00eda del 15 al 30 % en comparaci\u00f3n con una instalaci\u00f3n reparada, lo que maximiza el rendimiento de su trabajo.<\/li>\n<li>Control preciso y eficaz: \u00e1ngulo de inclinaci\u00f3n controlado a 20\u00b0, con un rango de seguimiento de -45\u00b0 a +45\u00b0 para un rendimiento confiable y adaptable a cada estaci\u00f3n.<\/li>\n<li>Bajos gastos funcionales: consume \u2264 0,25 kWh manteniendo un movimiento y estabilidad constantes.<\/li>\n<li>Comodidad certificada: Cumple con los requisitos CE, CQC, ISO9001, ISO14001 y OHSAS18001 para garantizar la seguridad y la calidad.<\/li>\n<li>Listo para monitoreo remoto: Equipado con interfaz RS485-MODBUS para combinaci\u00f3n directa con sistemas contempor\u00e1neos de gesti\u00f3n de plantas solares.<\/li>\n<\/ul>\n<h2 data-v-md-heading=\"wide-applications\" data-v-md-line=\"17\">Amplias aplicaciones<\/h2>\n<p data-v-md-line=\"18\">Este sistema de seguimiento solar de un eje es ideal para parques solares sobre el terreno, instalaciones fotovoltaicas a gran escala y techos comerciales donde optimizar el rendimiento diario marca la diferencia. Su construcci\u00f3n robusta y su capacidad de seguimiento preciso lo hacen ideal para diversos climas, desde desiertos hasta regiones con vientos fuertes.<\/p>\n<h2 data-v-md-heading=\"specifications\" data-v-md-line=\"20\">Presupuesto<\/h2>\n<ul data-v-md-line=\"21\">\n<li>Mec\u00e1nica (tipo de seguimiento, capacidad de carga, clase de viento\/nieve, dimensiones, peso, producto, vida \u00fatil del cojinete): seguimiento de 1 eje, capacidad para 20 paneles (250 \u2013 300 W cada uno), dimensi\u00f3n del panel: 1650 x 992 mm, \u00e1rea del soporte: 33 m DOS, acero Q235 con galvanizado en caliente, aprox. 500 kg, vida \u00fatil de dise\u00f1o: 25 a\u00f1os<\/li>\n<li>El\u00e9ctrico (tipo y potencia del motor, uso de energ\u00eda, rango de voltaje, matriz de inclinaci\u00f3n, tasa de seguimiento, impulso de retorno): Consumo de energ\u00eda \u2264 0,25 kWh, \u00e1ngulo de inclinaci\u00f3n 20\u00b0, rango de seguimiento -45\u00b0 a +45\u00b0, aumento de rendimiento 15-30%.<\/li>\n<li>Ambiental (temperatura de funcionamiento, clasificaci\u00f3n IP, humedad, resistencia a los rayos UV y a la corrosi\u00f3n): Funciona de -40 \u00b0 C a +70 \u00b0 C, anticorrosi\u00f3n con galvanizado en caliente.<\/li>\n<li>Rendimiento (aumento de energ\u00eda vs. fijo, MTBF, confiabilidad (% tiempo de actividad), configuraciones de falla): aumento de energ\u00eda del 15 al 30 % vs. fijo.<\/li>\n<li>Comunicaciones (Protocolos (Modbus, TCP\/IP, MQTT), depuraci\u00f3n remota, actualizaci\u00f3n OTA, accesibilidad API): Procedimiento RS485-MODBUS para seguimiento y control.<\/li>\n<li>Seguridad y certificaciones (requisitos IEC, CE\/UL\/ROHS, enclavamientos de seguridad, defensa contra rayos): acreditado por CE, CQC, ISO9001, ISO14001, OHSAS18001.<\/li>\n<\/ul>\n<h2 data-v-md-heading=\"technical-support\" data-v-md-line=\"28\">Apoyo t\u00e9cnico<\/h2>\n<p data-v-md-line=\"29\">Apoyamos su trabajo en cada paso, proporcion\u00e1ndole versiones CAD completas, hojas de datos y representaciones de circuitos para una combinaci\u00f3n sencilla y fluida.<\/p>\n<h2 data-v-md-heading=\"conclusion\" data-v-md-line=\"31\">Conclusi\u00f3n<\/h2>\n<p data-v-md-line=\"32\">Cuando elige SolPath, no solo adquiere un seguidor solar de alto rendimiento, sino tambi\u00e9n a\u00f1os de calidad de dise\u00f1o y dedicaci\u00f3n de servicio enfocados en su \u00e9xito a largo plazo.<\/p>\n<p><script src=\"chrome-extension:\/\/fpelahbljekknahkcaegamhcndkfpfnc\/iFrame.js\" type=\"text\/javascript\"><\/script><\/p>\n<p><script src=\"chrome-extension:\/\/fpelahbljekknahkcaegamhcndkfpfnc\/iFrame.js\" type=\"text\/javascript\"><\/script><\/p>\n<p><script src=\"chrome-extension:\/\/fpelahbljekknahkcaegamhcndkfpfnc\/iFrame.js\" type=\"text\/javascript\"><\/script><\/p>\n<p><script src=\"chrome-extension:\/\/fpelahbljekknahkcaegamhcndkfpfnc\/iFrame.js\" type=\"text\/javascript\"><\/script><\/p>","protected":false},"excerpt":{"rendered":"<p>Maximice su inversi\u00f3n solar con el Single Axis-20P. Este robusto seguidor de 1 eje y 20 paneles aumenta la producci\u00f3n energ\u00e9tica hasta en un 30 % en cualquier entorno.<\/p>\n<p><script src=\"chrome-extension:\/\/fpelahbljekknahkcaegamhcndkfpfnc\/iFrame.js\" type=\"text\/javascript\"><\/script><\/p>\n<p><script src=\"chrome-extension:\/\/fpelahbljekknahkcaegamhcndkfpfnc\/iFrame.js\" type=\"text\/javascript\"><\/script><\/p>\n<p><script src=\"chrome-extension:\/\/fpelahbljekknahkcaegamhcndkfpfnc\/iFrame.js\" type=\"text\/javascript\"><\/script><\/p>","protected":false},"featured_media":3487,"template":"","meta":{"_kad_post_transparent":"default","_kad_post_title":"","_kad_post_layout":"default","_kad_post_sidebar_id":"","_kad_post_content_style":"default","_kad_post_vertical_padding":"default","_kad_post_feature":"","_kad_post_feature_position":"","_kad_post_header":false,"_kad_post_footer":false,"_kad_post_classname":""},"product_brand":[707],"product_cat":[587,695,680,691],"product_tag":[738,731,709],"class_list":{"0":"post-3432","1":"product","2":"type-product","3":"status-publish","4":"has-post-thumbnail","6":"product_brand-solpath","7":"product_cat-solar-tracker-by-type","8":"product_cat-commercial-tracker","9":"product_cat-single-axis-tracker","10":"product_cat-solar-tracker-by-solutions","11":"product_tag-1-axis","12":"product_tag-20-panel","13":"product_tag-solar-tracking","15":"first","16":"instock","17":"shipping-taxable","18":"product-type-simple","19":"entry","20":"content-bg","21":"loop-entry"},"_links":{"self":[{"href":"https:\/\/solartrackersystem.com\/es\/wp-json\/wp\/v2\/product\/3432","targetHints":{"allow":["GET"]}}],"collection":[{"href":"https:\/\/solartrackersystem.com\/es\/wp-json\/wp\/v2\/product"}],"about":[{"href":"https:\/\/solartrackersystem.com\/es\/wp-json\/wp\/v2\/types\/product"}],"wp:featuredmedia":[{"embeddable":true,"href":"https:\/\/solartrackersystem.com\/es\/wp-json\/wp\/v2\/media\/3487"}],"wp:attachment":[{"href":"https:\/\/solartrackersystem.com\/es\/wp-json\/wp\/v2\/media?parent=3432"}],"wp:term":[{"taxonomy":"product_brand","embeddable":true,"href":"https:\/\/solartrackersystem.com\/es\/wp-json\/wp\/v2\/product_brand?post=3432"},{"taxonomy":"product_cat","embeddable":true,"href":"https:\/\/solartrackersystem.com\/es\/wp-json\/wp\/v2\/product_cat?post=3432"},{"taxonomy":"product_tag","embeddable":true,"href":"https:\/\/solartrackersystem.com\/es\/wp-json\/wp\/v2\/product_tag?post=3432"}],"curies":[{"name":"wp","href":"https:\/\/api.w.org\/{rel}","templated":true}]}}