{"id":3427,"date":"2025-08-08T16:39:54","date_gmt":"2025-08-08T08:39:54","guid":{"rendered":"https:\/\/solartrackersystem.com\/?post_type=product&#038;p=3427"},"modified":"2025-09-08T20:42:23","modified_gmt":"2025-09-08T12:42:23","slug":"dual-axis-18p-18-panel-dual-axis-tracker-ground-mount","status":"publish","type":"product","link":"https:\/\/solartrackersystem.com\/es\/dual-axis-18p-18-panel-dual-axis-tracker-ground-mount\/","title":{"rendered":"Dual Axis-18P: Rastreador de doble eje de 18 paneles con montaje en tierra"},"content":{"rendered":"<p data-v-md-line=\"4\">Maximice el rendimiento de su instalaci\u00f3n solar en el suelo con el seguidor de doble eje 18P. Al seguir la luz solar en ambos ejes, obtendr\u00e1 energ\u00eda adicional, aumentar\u00e1 su retorno de la inversi\u00f3n y disfrutar\u00e1 de un funcionamiento fiable y sin intervenci\u00f3n a diario.<\/p>\n<h2 data-v-md-heading=\"features-and-benefits\" data-v-md-line=\"6\">Caracter\u00edsticas y beneficios<\/h2>\n<ul data-v-md-line=\"7\">\n<li>Seguimiento de precisi\u00f3n de doble eje: logre una generaci\u00f3n de energ\u00eda entre un 20 % y un 40 % mayor que los sistemas convencionales, ya que la actividad precisa de azimut y elevaci\u00f3n mantiene sus paneles orientados directamente hacia la luz solar, desde el amanecer hasta el anochecer.<\/li>\n<li>Construcci\u00f3n robusta: Construido con acero Q235 de alto grado con galvanizado en caliente para una robustez probada y una notable resistencia al \u00f3xido en atm\u00f3sferas exteriores hostiles.<\/li>\n<li>Amplio rango de seguimiento: movimiento azimutal de -120\u00b0 a +120\u00b0, altitud de 0\u00b0 a 60\u00b0, proporcionando una exposici\u00f3n solar \u00f3ptima en cada per\u00edodo.<\/li>\n<li>Capacidad de carga para trabajos pesados: Soporta de forma segura 18 paneles por rango con un dise\u00f1o de soporte robusto que se extiende 30 m2 y un peso del sistema de \u2265 800 kg.<\/li>\n<li>Rendimiento confiable: la precisi\u00f3n del rastreador de \u2264 1\u00b0 garantiza una eficiencia constante y una vida \u00fatil de dise\u00f1o de m\u00e1s de 25 a\u00f1os para una tranquilidad duradera.<\/li>\n<li>Monitoreo remoto: La interfaz de usuario est\u00e1ndar RS485-MODBUS proporciona una interacci\u00f3n perfecta para el seguimiento de las condiciones en tiempo real y el diagn\u00f3stico remoto.<\/li>\n<li>Rango de funcionamiento en todo tipo de clima: sigue funcionando con \u00e9xito desde -40 \u00b0 C hasta +70 \u00b0 C con resistencia al viento incorporada y protecci\u00f3n contra el viento opcional.<\/li>\n<\/ul>\n<h2 data-v-md-heading=\"wide-applications\" data-v-md-line=\"15\">Amplias aplicaciones<\/h2>\n<p data-v-md-line=\"16\">Este avanzado seguidor de dos ejes es \u00f3ptimo para parques solares montados en el suelo, instalaciones fotovoltaicas a gran escala, conjuntos adaptables al terreno y entornos dif\u00edciles donde la m\u00e1xima luz solar y una alta eficiencia son cruciales.<\/p>\n<h2 data-v-md-heading=\"specifications\" data-v-md-line=\"18\">Presupuesto<\/h2>\n<ul data-v-md-line=\"19\">\n<li>Mec\u00e1nica (tipo de seguimiento, capacidad de carga, clase de viento\/nieve, dimensiones, peso, producto, vida \u00fatil del cojinete): Doble eje, 18 paneles, inmune a la velocidad del viento hasta 17 m\/s, soporte de 30 m\u00b2, peso \u2265 800 kg, acero Q235, galvanizado en caliente, vida \u00fatil del dise\u00f1o \u2265 25 a\u00f1os.<\/li>\n<li>El\u00e9ctrico (tipo de motor y potencia, consumo de energ\u00eda, rango de voltaje, rango de inclinaci\u00f3n, velocidad de seguimiento, aumento de rendimiento): consumo de energ\u00eda \u2264 0,5 kWh\/d\u00eda, seguimiento de acimut \u2212 120\u00b0 \u2013 +120\u00b0, altitud 0\u00b0-60\u00b0, aumento de retorno 20-40% vs. manejado.<\/li>\n<li>Ambiental (nivel de temperatura de funcionamiento, clasificaci\u00f3n IP, humedad, resistencia a los rayos UV y a la corrosi\u00f3n): Funciona de - 40 \u00b0 C a + 70 \u00b0 C, galvanizado por inmersi\u00f3n en caliente para resistencia a la corrosi\u00f3n.<\/li>\n<li>Rendimiento (aumento de energ\u00eda vs. mantenido, MTBF, confiabilidad (% de tiempo de actividad), configuraciones de falla): aumento de energ\u00eda del 20-40 % vs. mantenido.<\/li>\n<li>Comunicaciones (Protocolos (Modbus, TCP\/IP, MQTT), depuraci\u00f3n remota, actualizaci\u00f3n OTA, accesibilidad API): Interfaz com\u00fan RS485-MODBUS para vigilancia remota.<\/li>\n<li>Seguridad y certificaciones (requisitos IEC, CE\/UL\/ROHS, enclavamientos de seguridad, protecci\u00f3n contra rayos): certificaciones CE, CQC, ISO9001, ISO14001, OHSAS18001.<\/li>\n<li>Garant\u00eda y servicio (duraci\u00f3n de la garant\u00eda, garant\u00eda de rendimiento, kit de repuestos, capacitaci\u00f3n, contratos de servicio): No especificado.<\/li>\n<li>Extras opcionales (soportes, kits de cimentaci\u00f3n, bater\u00edas de respaldo, rob\u00f3tica de limpieza, pararrayos): Se ofrecen funciones de defensa contra el viento.<\/li>\n<\/ul>\n<h2 data-v-md-heading=\"technical-support\" data-v-md-line=\"28\">Apoyo t\u00e9cnico<\/h2>\n<p data-v-md-line=\"29\">Brindamos asistencia tecnol\u00f3gica integral, incluyendo modelos CAD, hojas de datos y diagramas de circuitos para garantizar una integraci\u00f3n fluida en su proyecto.<\/p>\n<h2 data-v-md-heading=\"conclusion\" data-v-md-line=\"31\">Conclusi\u00f3n<\/h2>\n<p data-v-md-line=\"32\">Seleccionar SolPath implica que usted est\u00e1 eligiendo calidad, desarrollo y confiabilidad l\u00edderes en el mercado.<\/p>\n<p><script src=\"chrome-extension:\/\/fpelahbljekknahkcaegamhcndkfpfnc\/iFrame.js\" type=\"text\/javascript\"><\/script><\/p>\n<p><script src=\"chrome-extension:\/\/fpelahbljekknahkcaegamhcndkfpfnc\/iFrame.js\" type=\"text\/javascript\"><\/script><\/p>\n<p><script src=\"chrome-extension:\/\/fpelahbljekknahkcaegamhcndkfpfnc\/iFrame.js\" type=\"text\/javascript\"><\/script><\/p>","protected":false},"excerpt":{"rendered":"<p>Aproveche al m\u00e1ximo la energ\u00eda solar. El soporte de suelo Dual Axis-18P sigue la direcci\u00f3n del sol en ambos ejes, lo que aumenta el rendimiento entre un 20 % y un 40 % en comparaci\u00f3n con los sistemas fijos, lo que permite un mayor retorno de la inversi\u00f3n (ROI).<\/p>\n<p><script src=\"chrome-extension:\/\/fpelahbljekknahkcaegamhcndkfpfnc\/iFrame.js\" type=\"text\/javascript\"><\/script><\/p>\n<p><script src=\"chrome-extension:\/\/fpelahbljekknahkcaegamhcndkfpfnc\/iFrame.js\" type=\"text\/javascript\"><\/script><\/p>","protected":false},"featured_media":3546,"template":"","meta":{"_kad_post_transparent":"default","_kad_post_title":"","_kad_post_layout":"default","_kad_post_sidebar_id":"","_kad_post_content_style":"default","_kad_post_vertical_padding":"default","_kad_post_feature":"","_kad_post_feature_position":"","_kad_post_header":false,"_kad_post_footer":false,"_kad_post_classname":""},"product_brand":[707],"product_cat":[587,695,681,692,691],"product_tag":[711,721,730],"class_list":{"0":"post-3427","1":"product","2":"type-product","3":"status-publish","4":"has-post-thumbnail","6":"product_brand-solpath","7":"product_cat-solar-tracker-by-type","8":"product_cat-commercial-tracker","9":"product_cat-dual-axis-tracker","10":"product_cat-ground-mount-tracker","11":"product_cat-solar-tracker-by-solutions","12":"product_tag-dual-axis","13":"product_tag-ground-mount","14":"product_tag-tracker","16":"first","17":"instock","18":"shipping-taxable","19":"product-type-simple","20":"entry","21":"content-bg","22":"loop-entry"},"_links":{"self":[{"href":"https:\/\/solartrackersystem.com\/es\/wp-json\/wp\/v2\/product\/3427","targetHints":{"allow":["GET"]}}],"collection":[{"href":"https:\/\/solartrackersystem.com\/es\/wp-json\/wp\/v2\/product"}],"about":[{"href":"https:\/\/solartrackersystem.com\/es\/wp-json\/wp\/v2\/types\/product"}],"wp:featuredmedia":[{"embeddable":true,"href":"https:\/\/solartrackersystem.com\/es\/wp-json\/wp\/v2\/media\/3546"}],"wp:attachment":[{"href":"https:\/\/solartrackersystem.com\/es\/wp-json\/wp\/v2\/media?parent=3427"}],"wp:term":[{"taxonomy":"product_brand","embeddable":true,"href":"https:\/\/solartrackersystem.com\/es\/wp-json\/wp\/v2\/product_brand?post=3427"},{"taxonomy":"product_cat","embeddable":true,"href":"https:\/\/solartrackersystem.com\/es\/wp-json\/wp\/v2\/product_cat?post=3427"},{"taxonomy":"product_tag","embeddable":true,"href":"https:\/\/solartrackersystem.com\/es\/wp-json\/wp\/v2\/product_tag?post=3427"}],"curies":[{"name":"wp","href":"https:\/\/api.w.org\/{rel}","templated":true}]}}