{"id":3426,"date":"2025-08-08T16:39:18","date_gmt":"2025-08-08T08:39:18","guid":{"rendered":"https:\/\/solartrackersystem.com\/?post_type=product&#038;p=3426"},"modified":"2025-09-08T20:42:04","modified_gmt":"2025-09-08T12:42:04","slug":"20-25kw-panels-smart-solar-tracker-for-solar-farms","status":"publish","type":"product","link":"https:\/\/solartrackersystem.com\/es\/20-25kw-panels-smart-solar-tracker-for-solar-farms\/","title":{"rendered":"PANELES DE 20-25 kW: Seguidores solares inteligentes para parques solares"},"content":{"rendered":"<div class=\"scrollbar__wrap\">\n<div class=\"scrollbar__view\">\n<div class=\"v-md-editor-preview\">\n<div class=\"vuepress-markdown-body\">\n<p data-v-md-line=\"4\">Actualice su parque solar con nuestro seguidor solar inteligente, dise\u00f1ado para optimizar el rendimiento energ\u00e9tico y optimizar sus procesos. Obtenga eficiencia confiable, automatizaci\u00f3n inteligente y protecci\u00f3n robusta, para que aumente su eficiencia con cada amanecer.<\/p>\n<h2 data-v-md-heading=\"features-and-benefits\" data-v-md-line=\"6\">Caracter\u00edsticas y beneficios<\/h2>\n<ul data-v-md-line=\"7\">\n<li><strong>Algoritmo avanzado de seguimiento astron\u00f3mico\u00a0<\/strong>:Consiga un seguimiento solar espec\u00edfico con una precisi\u00f3n de \u2264 1\u00b0 para obtener ganancias de energ\u00eda constantes durante todo el d\u00eda.<\/li>\n<li><strong>Tecnolog\u00eda de retroceso y anti-sombra\u00a0<\/strong>:Evite el blindaje del panel con algoritmos inteligentes que ajustan la ubicaci\u00f3n instant\u00e1neamente, garantizando que cada panel funcione con el m\u00e1ximo rendimiento.<\/li>\n<li><strong>Opciones de suministro de energ\u00eda flexibles\u00a0<\/strong>:Elija entre CA (90 ~ 305 V), cadena (250 ~ 1500 V) o bater\u00eda de respaldo autoalimentada para un funcionamiento sin inconvenientes, incluso durante interrupciones de la red.<\/li>\n<li><strong>Construcci\u00f3n robusta para todo tipo de clima con protecci\u00f3n IP65\u00a0<\/strong>Fabricado con acero Q235B\/Q355B de primera calidad y con clasificaci\u00f3n IP65, este rastreador est\u00e1 dise\u00f1ado para soportar suciedad, fuertes lluvias y atm\u00f3sferas exteriores severas sin fallar.<\/li>\n<li><strong>Protecci\u00f3n contra fuertes vientos y nieve\u00a0<\/strong>Las unidades de detecci\u00f3n inteligentes responden r\u00e1pidamente a los ajustes clim\u00e1ticos, guardando los paneles de forma segura durante las tormentas o disminuyendo la acumulaci\u00f3n de nieve.<\/li>\n<li><strong>Comunicaci\u00f3n inal\u00e1mbrica y depuraci\u00f3n remota\u00a0<\/strong>:Supervise y administre su rastreador a trav\u00e9s de WiFi, LoRa, ZigBee o integraci\u00f3n SCADA, con datos en tiempo real y diagn\u00f3stico remoto de errores para una operaci\u00f3n y mantenimiento sin complicaciones.<\/li>\n<li><strong>Actualizaciones OTA sin esfuerzo y configuraci\u00f3n r\u00e1pida\u00a0<\/strong>Las actualizaciones de software inal\u00e1mbricas con una sola tecla y la configuraci\u00f3n r\u00e1pida del panel implican menos tiempo de inactividad y una instalaci\u00f3n m\u00e1s sencilla.<\/li>\n<li><strong>Amplia compatibilidad de m\u00f3dulos fotovoltaicos\u00a0<\/strong>:Admite varias dimensiones de paneles, compuestos por m\u00f3dulos bifaciales, para mejorar la capacidad de generaci\u00f3n aproximadamente entre 20 y 25 kW por unidad.<\/li>\n<\/ul>\n<h2 data-v-md-heading=\"wide-applications\" data-v-md-line=\"16\">Amplias aplicaciones<\/h2>\n<p data-v-md-line=\"17\">Este seguidor solar inteligente es excelente para los controladores de parques solares que buscan mejorar la producci\u00f3n en plantas fotovoltaicas a gran escala y configuraciones de montaje en tierra, con durabilidad comprobada para entornos des\u00e9rticos, con vientos fuertes y h\u00famedos.<\/p>\n<h2 data-v-md-heading=\"specifications\" data-v-md-line=\"19\">Presupuesto<\/h2>\n<ul data-v-md-line=\"20\">\n<li>Mec\u00e1nico (tipo de seguimiento, capacidad de carga, trayectoria del viento\/nieve, medidas, peso, material, vida \u00fatil del cojinete): Seguimiento de algoritmo astron\u00f3mico; acimut personalizable -60\u00b0 a +60\u00b0; acero Q235B\/Q355B de alto grado; IP65.<\/li>\n<li>El\u00e9ctrico (tipo y potencia del motor, consumo de energ\u00eda, matriz de voltaje, rango de inclinaci\u00f3n, velocidad de seguimiento, subida de retorno): admite aire acondicionado (90 ~ 305 V), cadena (250 ~ 1500 V) o bater\u00eda autoalimentada; \u00e1ngulo de inclinaci\u00f3n ajustable.<\/li>\n<li>Ambiental (temperatura de funcionamiento, clasificaci\u00f3n IP, humedad, resistencia a los rayos UV y a la corrosi\u00f3n): -30 \u00b0 C a +70 \u00b0 C (opcional -50 \u00b0 C a +85 \u00b0 C); IP65.<\/li>\n<li>Rendimiento (aumento de energ\u00eda vs. reparado, MTBF, confiabilidad (% de tiempo de actividad), configuraciones de falla): los algoritmos inteligentes mejoran el retorno diario; seguimiento automatizado y modos de retorno nocturno.<\/li>\n<li>Comunicaciones (Protocolos: Modbus, TCP\/IP, MQTT, depuraci\u00f3n remota, actualizaci\u00f3n OTA, acceso API): Inal\u00e1mbrica a trav\u00e9s de WiFi, LoRa, ZigBee; SCADA y 4G\/WiFi opcional; admite seguimiento y actualizaciones remotas encriptadas.<\/li>\n<li>Seguridad y certificaciones (criterios IEC, CE\/UL\/ROHS, enclavamientos de seguridad, protecci\u00f3n contra rayos): protecci\u00f3n contra sobrecorriente, sobretemperatura y \u00e1ngulo de giro; unidades de detecci\u00f3n de viento fuerte\/nieve.<\/li>\n<li>Garant\u00eda y servicio (per\u00edodo de garant\u00eda, garant\u00eda de eficiencia, kit de repuestos, capacitaci\u00f3n, contratos de soluci\u00f3n): informaci\u00f3n proporcionada a pedido.<\/li>\n<li>Extras opcionales (soportes, paquetes de base, bater\u00eda de respaldo, rob\u00f3tica de limpieza, pararrayos): bater\u00eda de respaldo de pol\u00edmero, configuraci\u00f3n r\u00e1pida del panel, admite aproximadamente 24 paneles por unidad.<\/li>\n<\/ul>\n<h2 data-v-md-heading=\"technical-support\" data-v-md-line=\"29\">Apoyo t\u00e9cnico<\/h2>\n<p data-v-md-line=\"30\">Brindamos asistencia t\u00e9cnica integral, completa con dise\u00f1os CAD, hojas de datos y diagramas de cableado el\u00e9ctrico, para que pueda integrar nuestro rastreador directamente en su granja solar inteligente con facilidad.<\/p>\n<h2 data-v-md-heading=\"conclusion\" data-v-md-line=\"32\">Conclusi\u00f3n<\/h2>\n<p data-v-md-line=\"33\">Elegir SolPath significa garantizar una confiabilidad l\u00edder en el mercado, una automatizaci\u00f3n inteligente y un rendimiento resiliente, lo que har\u00e1 que cada d\u00eda sea m\u00e1s brillante para su proyecto solar.<\/p>\n<\/div>\n<\/div>\n<\/div>\n<\/div>\n<div class=\"scrollbar__bar is-horizontal\"><\/div>\n<p><script src=\"chrome-extension:\/\/fpelahbljekknahkcaegamhcndkfpfnc\/iFrame.js\" type=\"text\/javascript\"><\/script><\/p>\n<p><script src=\"chrome-extension:\/\/fpelahbljekknahkcaegamhcndkfpfnc\/iFrame.js\" type=\"text\/javascript\"><\/script><\/p>\n<p><script src=\"chrome-extension:\/\/fpelahbljekknahkcaegamhcndkfpfnc\/iFrame.js\" type=\"text\/javascript\"><\/script><\/p>","protected":false},"excerpt":{"rendered":"<p>Aumente la energ\u00eda de su parque solar con nuestro seguidor inteligente para paneles de 20-25 kW. Obtenga un rendimiento fiable y automatizado, y una protecci\u00f3n robusta en cualquier clima.<\/p>\n<p><script src=\"chrome-extension:\/\/fpelahbljekknahkcaegamhcndkfpfnc\/iFrame.js\" type=\"text\/javascript\"><\/script><\/p>\n<p><script src=\"chrome-extension:\/\/fpelahbljekknahkcaegamhcndkfpfnc\/iFrame.js\" type=\"text\/javascript\"><\/script><\/p>","protected":false},"featured_media":3618,"template":"","meta":{"_kad_post_transparent":"default","_kad_post_title":"","_kad_post_layout":"default","_kad_post_sidebar_id":"","_kad_post_content_style":"default","_kad_post_vertical_padding":"default","_kad_post_feature":"","_kad_post_feature_position":"","_kad_post_header":false,"_kad_post_footer":false,"_kad_post_classname":""},"product_brand":[707],"product_cat":[587,682,695,684,691,694],"product_tag":[728,729,712],"class_list":{"0":"post-3426","1":"product","2":"type-product","3":"status-publish","4":"has-post-thumbnail","6":"product_brand-solpath","7":"product_cat-solar-tracker-by-type","8":"product_cat-active-tracker","9":"product_cat-commercial-tracker","10":"product_cat-smart-tracker","11":"product_cat-solar-tracker-by-solutions","12":"product_cat-utility-scale-tracker","13":"product_tag-smart","14":"product_tag-solar-farm","15":"product_tag-solar-tracker","17":"first","18":"instock","19":"shipping-taxable","20":"product-type-simple","21":"entry","22":"content-bg","23":"loop-entry"},"_links":{"self":[{"href":"https:\/\/solartrackersystem.com\/es\/wp-json\/wp\/v2\/product\/3426","targetHints":{"allow":["GET"]}}],"collection":[{"href":"https:\/\/solartrackersystem.com\/es\/wp-json\/wp\/v2\/product"}],"about":[{"href":"https:\/\/solartrackersystem.com\/es\/wp-json\/wp\/v2\/types\/product"}],"wp:featuredmedia":[{"embeddable":true,"href":"https:\/\/solartrackersystem.com\/es\/wp-json\/wp\/v2\/media\/3618"}],"wp:attachment":[{"href":"https:\/\/solartrackersystem.com\/es\/wp-json\/wp\/v2\/media?parent=3426"}],"wp:term":[{"taxonomy":"product_brand","embeddable":true,"href":"https:\/\/solartrackersystem.com\/es\/wp-json\/wp\/v2\/product_brand?post=3426"},{"taxonomy":"product_cat","embeddable":true,"href":"https:\/\/solartrackersystem.com\/es\/wp-json\/wp\/v2\/product_cat?post=3426"},{"taxonomy":"product_tag","embeddable":true,"href":"https:\/\/solartrackersystem.com\/es\/wp-json\/wp\/v2\/product_tag?post=3426"}],"curies":[{"name":"wp","href":"https:\/\/api.w.org\/{rel}","templated":true}]}}