{"id":3423,"date":"2025-08-08T16:13:33","date_gmt":"2025-08-08T08:13:33","guid":{"rendered":"https:\/\/solartrackersystem.com\/?post_type=product&#038;p=3423"},"modified":"2025-09-08T20:39:47","modified_gmt":"2025-09-08T12:39:47","slug":"12-panel-dual-axis-sun-tracking-system","status":"publish","type":"product","link":"https:\/\/solartrackersystem.com\/es\/12-panel-dual-axis-sun-tracking-system\/","title":{"rendered":"Dual Axis-12P: 12-Panel Dual Axis Sun Tracking System"},"content":{"rendered":"<p data-v-md-line=\"4\">Obtenga hasta un 40 % m\u00e1s de energ\u00eda solar de su sitio: nuestro sistema Dual Axis-12P mantiene 12 paneles perfectamente orientados hacia la luz solar durante todo el d\u00eda con seguimiento avanzado de doble eje. Obtendr\u00e1 el m\u00e1ximo rendimiento, una larga vida \u00fatil y una rentabilidad comprobada, independientemente de su entorno.<\/p>\n<h2 data-v-md-heading=\"features-and-benefits\" data-v-md-line=\"6\">Caracter\u00edsticas y beneficios<\/h2>\n<ul data-v-md-line=\"7\">\n<li>Seguimiento de doble eje: ofrece entre un 20 % y un 40 % m\u00e1s de cosecha solar en comparaci\u00f3n con los sistemas est\u00e1ndar, lo que aumenta el rendimiento energ\u00e9tico y el retorno de la inversi\u00f3n del proyecto.<\/li>\n<li>Control de algoritmo astron\u00f3mico: mantiene la orientaci\u00f3n precisa del panel durante el d\u00eda, para que su sistema funcione de forma m\u00e1s inteligente, incluso en condiciones clim\u00e1ticas cambiantes.<\/li>\n<li>Construcci\u00f3n resistente: construido con acero de alto grado Q235 y galvanizado por inmersi\u00f3n en caliente, este seguidor solar resiste el \u00f3xido y los problemas exteriores desafiantes durante m\u00e1s de 25 a\u00f1os.<\/li>\n<li>Nivel de protecci\u00f3n IP65: Totalmente sellado contra el polvo y el agua, lo que lo hace ideal para instalaciones en el desierto, la costa o bajo la lluvia.<\/li>\n<li>Amplio rango de seguimiento: Azimut \u00b1 120\u00b0, altitud hasta 60\u00b0, lo que permite que los paneles se adhieran a la luz solar desde el amanecer hasta el anochecer para una eficiencia constante.<\/li>\n<li>Monitoreo y control remoto: administre y realice un seguimiento del estado de seguimiento a trav\u00e9s de RS485 MODBUS; la ubicaci\u00f3n GPS opcional y las funciones de IoT hacen que el procedimiento remoto sea muy sencillo.<\/li>\n<li>Caracter\u00edsticas de seguridad: Equipado con rutinas de protecci\u00f3n contra el viento y botones de restricci\u00f3n para un procedimiento seguro y confiable: su inversi\u00f3n financiera permanece protegida contra el clima extremo.<\/li>\n<li>Bajo consumo de energ\u00eda: utiliza menos de 0,5 kWh por d\u00eda, por lo que maximiza la energ\u00eda limpia y mantiene los gastos generales bajos.<\/li>\n<\/ul>\n<h2 data-v-md-heading=\"wide-applications\" data-v-md-line=\"16\">Amplias aplicaciones<\/h2>\n<p data-v-md-line=\"17\">Este sistema de seguimiento solar de doble eje se destaca en parques solares a gran escala, techos comerciales, instalaciones agrovoltaicas y terrenos desafiantes, desde campos costeros h\u00famedos hasta desiertos azotados por el viento.<\/p>\n<h2 data-v-md-heading=\"specifications\" data-v-md-line=\"19\">Presupuesto<\/h2>\n<ul data-v-md-line=\"20\">\n<li>Mec\u00e1nica (Tipo de seguimiento, capacidad de toneladas, trayectoria de viento\/nieve, dimensiones, peso, material, vida \u00fatil del rodamiento)<\/li>\n<li>Seguimiento: Doble eje.<\/li>\n<li>N\u00famero de paneles: 12.<\/li>\n<li>Potencia del panel: 250 \u2013 300W por panel.<\/li>\n<li>\u00c1rea del soporte: 20 m DOS.<\/li>\n<li>Tama\u00f1o del panel: 1650 x 992 mm.<\/li>\n<li>Peso: \u2265 3050 kg.<\/li>\n<li>Material: Acero Q235, galvanizado en caliente.<\/li>\n<li>Vida \u00fatil del dise\u00f1o: \u2265 25 a\u00f1os.<\/li>\n<li>El\u00e9ctrico (tipo y potencia del motor, consumo de energ\u00eda, variedad de voltaje, variedad de inclinaci\u00f3n, velocidad de seguimiento, refuerzo de retorno)<\/li>\n<li>Power Consumption: \u2264 0.5 kWh\/day.<\/li>\n<li>Voltaje de entrada: AIRE ACONDICIONADO 220V, 50\/60 Hz.<\/li>\n<li>Rango de seguimiento: Acimut: -120\u00b0 a +120\u00b0, Elevaci\u00f3n: 0\u00b0<br \/>\nhasta 60\u00b0.<\/li>\n<li>Precisi\u00f3n: \u2264 1\u00b0.<\/li>\n<li>Ambiental (temperatura de funcionamiento, clasificaci\u00f3n IP, humedad, resistencia a los rayos UV y al deterioro):<\/li>\n<li>Nivel de protecci\u00f3n: IP65.<\/li>\n<li>Rango de temperatura: -40 \u00b0 C a +70 \u00b0 C.<\/li>\n<li>Rendimiento (aumento de energ\u00eda vs. tratado, MTBF, integridad, configuraciones fallidas)<\/li>\n<li>Aumento del rendimiento: 20- 40% en comparaci\u00f3n con el reparado.<\/li>\n<li>Comunicaciones (protocolos, depuraci\u00f3n remota, actualizaci\u00f3n OTA, acceso API)<\/li>\n<li>Comunicaci\u00f3n: RS485-MODBUS.<\/li>\n<li>Opcional: posicionamiento GPS, integraci\u00f3n IoT, capacidad remota.<\/li>\n<li>Seguridad y certificaciones (requisitos IEC, CE\/UL\/ROHS, enclavamientos de seguridad, protecci\u00f3n contra rayos)<\/li>\n<li>Caracter\u00edsticas de seguridad: Defensa contra el viento, defensa contra limitaciones, protecci\u00f3n de datos.<\/li>\n<li>Garant\u00eda y servicio (per\u00edodo de garant\u00eda, garant\u00eda de rendimiento, kit de repuestos, capacitaci\u00f3n, acuerdos de soluci\u00f3n)<\/li>\n<li>Vida \u00fatil del dise\u00f1o: \u2265 25 a\u00f1os.<\/li>\n<li>Extras opcionales (soportes, conjuntos de cimentaci\u00f3n, bater\u00edas de respaldo, rob\u00f3tica de limpieza, pararrayos)<\/li>\n<li>Posicionamiento GPS, defensa contra el viento, seguimiento remoto.<\/li>\n<\/ul>\n<h2 data-v-md-heading=\"technical-support\" data-v-md-line=\"48\">Apoyo t\u00e9cnico<\/h2>\n<p data-v-md-line=\"49\">Brindamos soporte tecnol\u00f3gico profesional, incluyendo versiones CAD, hojas de datos y diagramas de circuitos para simplificar la liberaci\u00f3n y el mantenimiento de su sistema.<\/p>\n<h2 data-v-md-heading=\"conclusion\" data-v-md-line=\"51\">Conclusi\u00f3n<\/h2>\n<p data-v-md-line=\"52\">Con SolPath, obtiene seguimiento solar avanzado dise\u00f1ado para brindar robustez, precisi\u00f3n y una combinaci\u00f3n sin esfuerzo, lo que le brinda a su proyecto la confiabilidad y eficiencia que debe tener.<\/p>\n<p><script src=\"chrome-extension:\/\/fpelahbljekknahkcaegamhcndkfpfnc\/iFrame.js\" type=\"text\/javascript\"><\/script><\/p>\n<p><script src=\"chrome-extension:\/\/fpelahbljekknahkcaegamhcndkfpfnc\/iFrame.js\" type=\"text\/javascript\"><\/script><\/p>\n<p><script src=\"chrome-extension:\/\/fpelahbljekknahkcaegamhcndkfpfnc\/iFrame.js\" type=\"text\/javascript\"><\/script><\/p>\n<p><script src=\"chrome-extension:\/\/fpelahbljekknahkcaegamhcndkfpfnc\/iFrame.js\" type=\"text\/javascript\"><\/script><\/p>","protected":false},"excerpt":{"rendered":"<p>Aproveche un 40 % m\u00e1s de energ\u00eda solar. Nuestro sistema Dual Axis-12P sigue la radiaci\u00f3n solar con 12 paneles para maximizar el rendimiento y la rentabilidad de la inversi\u00f3n. Resistente, fiable y dise\u00f1ado para cualquier clima.<\/p>\n<p><script src=\"chrome-extension:\/\/fpelahbljekknahkcaegamhcndkfpfnc\/iFrame.js\" type=\"text\/javascript\"><\/script><\/p>\n<p><script src=\"chrome-extension:\/\/fpelahbljekknahkcaegamhcndkfpfnc\/iFrame.js\" type=\"text\/javascript\"><\/script><\/p>\n<p><script src=\"chrome-extension:\/\/fpelahbljekknahkcaegamhcndkfpfnc\/iFrame.js\" type=\"text\/javascript\"><\/script><\/p>\n<p><script src=\"chrome-extension:\/\/fpelahbljekknahkcaegamhcndkfpfnc\/iFrame.js\" type=\"text\/javascript\"><\/script><\/p>","protected":false},"featured_media":3593,"template":"","meta":{"_kad_post_transparent":"default","_kad_post_title":"","_kad_post_layout":"default","_kad_post_sidebar_id":"","_kad_post_content_style":"default","_kad_post_vertical_padding":"default","_kad_post_feature":"","_kad_post_feature_position":"","_kad_post_header":false,"_kad_post_footer":false,"_kad_post_classname":""},"product_brand":[707],"product_cat":[587,695,681,696,691],"product_tag":[717,711,716],"class_list":{"0":"post-3423","1":"product","2":"type-product","3":"status-publish","4":"has-post-thumbnail","6":"product_brand-solpath","7":"product_cat-solar-tracker-by-type","8":"product_cat-commercial-tracker","9":"product_cat-dual-axis-tracker","10":"product_cat-residential-tracker","11":"product_cat-solar-tracker-by-solutions","12":"product_tag-12-panel","13":"product_tag-dual-axis","14":"product_tag-sun-tracking","16":"first","17":"instock","18":"shipping-taxable","19":"product-type-simple","20":"entry","21":"content-bg","22":"loop-entry"},"_links":{"self":[{"href":"https:\/\/solartrackersystem.com\/es\/wp-json\/wp\/v2\/product\/3423","targetHints":{"allow":["GET"]}}],"collection":[{"href":"https:\/\/solartrackersystem.com\/es\/wp-json\/wp\/v2\/product"}],"about":[{"href":"https:\/\/solartrackersystem.com\/es\/wp-json\/wp\/v2\/types\/product"}],"wp:featuredmedia":[{"embeddable":true,"href":"https:\/\/solartrackersystem.com\/es\/wp-json\/wp\/v2\/media\/3593"}],"wp:attachment":[{"href":"https:\/\/solartrackersystem.com\/es\/wp-json\/wp\/v2\/media?parent=3423"}],"wp:term":[{"taxonomy":"product_brand","embeddable":true,"href":"https:\/\/solartrackersystem.com\/es\/wp-json\/wp\/v2\/product_brand?post=3423"},{"taxonomy":"product_cat","embeddable":true,"href":"https:\/\/solartrackersystem.com\/es\/wp-json\/wp\/v2\/product_cat?post=3423"},{"taxonomy":"product_tag","embeddable":true,"href":"https:\/\/solartrackersystem.com\/es\/wp-json\/wp\/v2\/product_tag?post=3423"}],"curies":[{"name":"wp","href":"https:\/\/api.w.org\/{rel}","templated":true}]}}