{"id":3422,"date":"2025-08-08T16:13:32","date_gmt":"2025-08-08T08:13:32","guid":{"rendered":"https:\/\/solartrackersystem.com\/?post_type=product&#038;p=3422"},"modified":"2025-09-08T20:40:24","modified_gmt":"2025-09-08T12:40:24","slug":"4-7kw-panels-automatic-solar-power-tracker-system","status":"publish","type":"product","link":"https:\/\/solartrackersystem.com\/es\/4-7kw-panels-automatic-solar-power-tracker-system\/","title":{"rendered":"4-7kW PANELS: Automatic Solar Power Tracker System"},"content":{"rendered":"<p data-v-md-line=\"4\">Libere el potencial real de su inversi\u00f3n en energ\u00eda solar con nuestro sistema autom\u00e1tico de seguimiento solar. Este avanzado seguidor se adapta a la luz solar con precisi\u00f3n, ofreciendo el rendimiento energ\u00e9tico y la fiabilidad que necesita para una rentabilidad constante.<\/p>\n<h2 data-v-md-heading=\"features-and-benefits\" data-v-md-line=\"6\">Caracter\u00edsticas y beneficios<\/h2>\n<ul data-v-md-line=\"7\">\n<li><strong>Seguimiento astron\u00f3mico autom\u00e1tico\u00a0<\/strong>:El sistema utiliza un gran algoritmo innovador para mantener sus paneles fotovoltaicos completamente alineados con el sol, aumentando el resultado energ\u00e9tico y la eficiencia.<\/li>\n<li><strong>Algoritmo de retroceso sin sombras\u00a0<\/strong>El retroceso incorporado garantiza que sus paneles eviten sombrearse entre s\u00ed, por lo que obtendr\u00e1 un rendimiento ideal durante todo el d\u00eda, incluso en rangos densamente poblados.<\/li>\n<li><strong>Dise\u00f1o robusto y resistente\u00a0<\/strong>:Dise\u00f1ado con acero Q235 de \u00faltima generaci\u00f3n, completado con tratamientos anticorrosi\u00f3n especializados para una confiabilidad duradera en ambientes exteriores extremos.<\/li>\n<li><strong>Amplio rango de temperatura de funcionamiento\u00a0<\/strong>:Funciona sin problemas desde -40 \u2103 hasta +70 \u2103, lo que lo hace ideal para desiertos, zonas costeras y climas severos.<\/li>\n<li><strong>Protecci\u00f3n con clasificaci\u00f3n IP65\u00a0<\/strong>A prueba de polvo y protegido contra fuertes chorros de agua, este sistema de seguimiento repele el polvo, la lluvia y el clima exigente para que no tenga que preocuparse por el tiempo de inactividad.<\/li>\n<li><strong>Monitoreo y control remoto\u00a0<\/strong>La conexi\u00f3n RS485-MODBUS y Bluetooth opcionales le permiten realizar un seguimiento, controlar y depurar el sistema de forma inal\u00e1mbrica, lo que le ofrece tranquilidad y reduce el esfuerzo de mantenimiento.<\/li>\n<li><strong>L\u00edmite incorporado y protecci\u00f3n contra el viento\u00a0<\/strong>Los atributos de seguridad inteligentes, que incluyen capacidad de almacenamiento a prueba de viento y botones de l\u00edmite espec\u00edficos, protegen su inversi\u00f3n de tormentas y sobrecargas.<\/li>\n<li><strong>Vida \u00fatil del dise\u00f1o de 25 a\u00f1os\u00a0<\/strong>Dise\u00f1ado para una resistencia excepcional, por lo que obtiene un valor duradero y muy pocos ciclos de reemplazo.<\/li>\n<\/ul>\n<h2 data-v-md-heading=\"wide-applications\" data-v-md-line=\"16\">Amplias aplicaciones<\/h2>\n<p data-v-md-line=\"17\">Este sistema de seguimiento solar es su excelente opci\u00f3n para instalaciones de techo a gran escala, parques solares montados en el suelo, instalaciones comerciales e industriales y trabajos adaptables al terreno que requieren un rendimiento duradero y automatizado en todas las condiciones.<\/p>\n<h2 data-v-md-heading=\"specifications\" data-v-md-line=\"19\">Presupuesto<\/h2>\n<ul data-v-md-line=\"20\">\n<li>Mec\u00e1nica (tipo de seguimiento, capacidad de lotes, clase de viento\/nieve, medidas, peso, material, vida \u00fatil del cojinete): seguimiento astron\u00f3mico; resistencia normal al viento 27 m\/s; ubicaci\u00f3n del soporte 30; n\u00famero de componentes 8-12 computadoras; dimensi\u00f3n del m\u00f3dulo 2100 \u00d7 1300 mm; peso \u2265 400 kg; construcci\u00f3n de acero Q235; vida \u00fatil del dise\u00f1o \u2265 25 a\u00f1os.<\/li>\n<li>El\u00e9ctrico (tipo y potencia del motor, consumo de energ\u00eda, rango de voltaje, rango de inclinaci\u00f3n, velocidad de seguimiento, aumento de retorno): voltaje de entrada 24 V CC; rango de seguimiento 360\u00b0; \u00e1ngulo de inclinaci\u00f3n 30\u00b0; potencia del m\u00f3dulo 500-650 W.<\/li>\n<li>Ambiental (temperatura de funcionamiento, clasificaci\u00f3n IP, humedad, resistencia a los rayos UV y a la corrosi\u00f3n): -40 \u2103 a +70 \u2103; IP65; anticorrosi\u00f3n (pintura\/galvanizado en caliente).<\/li>\n<li>Rendimiento (aumento de energ\u00eda vs. fijo, MTBF, confiabilidad (% de tiempo de actividad), configuraciones fallidas): alta precisi\u00f3n (\u2264 5\u00b0 de precisi\u00f3n); retroalimentaci\u00f3n de \u00e1ngulo; f\u00f3rmula de retroceso; defensa de informaci\u00f3n.<\/li>\n<li>Comunicaciones (Protocolos (Modbus, TCP\/IP, MQTT), depuraci\u00f3n remota, actualizaci\u00f3n OTA, accesibilidad API): RS485-MODBUS, Bluetooth; funci\u00f3n remota opcional.<\/li>\n<li>Seguridad y certificaciones (requisitos IEC, CE\/UL\/ROHS, enclavamientos de seguridad, seguridad contra rayos): defensa l\u00edmite; defensa contra viento (opcional); cumplimiento b\u00e1sico de GBT 29320-2012; posicionamiento GPS opcional.<\/li>\n<li>Garant\u00eda y servicio (duraci\u00f3n de la garant\u00eda, garant\u00eda de rendimiento, kit de repuestos, capacitaci\u00f3n, contratos de soluci\u00f3n): el paquete incluye una caja de madera con pel\u00edcula de burbujas; se ofrece informaci\u00f3n adicional a pedido.<\/li>\n<li>Extras opcionales (soportes, paquetes de cimentaci\u00f3n, bater\u00edas de respaldo, robots de limpieza, pararrayos): colocaci\u00f3n de GPS, defensa contra el viento, vigilancia remota.<\/li>\n<\/ul>\n<h2 data-v-md-heading=\"technical-support\" data-v-md-line=\"29\">Apoyo t\u00e9cnico<\/h2>\n<p data-v-md-line=\"30\">Brindamos soporte tecnol\u00f3gico completo, desde dise\u00f1os CAD hasta hojas de datos y dise\u00f1os de circuitos, ayud\u00e1ndole a incorporar nuestro rastreador sin esfuerzo en su proyecto.<\/p>\n<h2 data-v-md-heading=\"conclusion\" data-v-md-line=\"32\">Conclusi\u00f3n<\/h2>\n<p data-v-md-line=\"33\">Con SolPath, adquiere una opci\u00f3n de seguimiento solar que marca la pauta en innovaci\u00f3n, fiabilidad y un retorno energ\u00e9tico sin complicaciones. Perm\u00edtanos impulsar su progreso con tecnolog\u00eda solar avanzada.<\/p>\n<p><script src=\"chrome-extension:\/\/fpelahbljekknahkcaegamhcndkfpfnc\/iFrame.js\" type=\"text\/javascript\"><\/script><\/p>\n<p><script src=\"chrome-extension:\/\/fpelahbljekknahkcaegamhcndkfpfnc\/iFrame.js\" type=\"text\/javascript\"><\/script><\/p>\n<p><script src=\"chrome-extension:\/\/fpelahbljekknahkcaegamhcndkfpfnc\/iFrame.js\" type=\"text\/javascript\"><\/script><\/p>","protected":false},"excerpt":{"rendered":"<p>Aumente su energ\u00eda solar con nuestro rastreador autom\u00e1tico. Su algoritmo inteligente sigue la direcci\u00f3n del sol con precisi\u00f3n para maximizar la energ\u00eda. Robusto, confiable y dise\u00f1ado para durar 25 a\u00f1os.<\/p>\n<p><script src=\"chrome-extension:\/\/fpelahbljekknahkcaegamhcndkfpfnc\/iFrame.js\" type=\"text\/javascript\"><\/script><\/p>\n<p><script src=\"chrome-extension:\/\/fpelahbljekknahkcaegamhcndkfpfnc\/iFrame.js\" type=\"text\/javascript\"><\/script><\/p>\n<p><script src=\"chrome-extension:\/\/fpelahbljekknahkcaegamhcndkfpfnc\/iFrame.js\" type=\"text\/javascript\"><\/script><\/p>","protected":false},"featured_media":3599,"template":"","meta":{"_kad_post_transparent":"default","_kad_post_title":"","_kad_post_layout":"default","_kad_post_sidebar_id":"","_kad_post_content_style":"default","_kad_post_vertical_padding":"default","_kad_post_feature":"","_kad_post_feature_position":"","_kad_post_header":false,"_kad_post_footer":false,"_kad_post_classname":""},"product_brand":[707],"product_cat":[587,682,695,696,691],"product_tag":[718,719,720],"class_list":{"0":"post-3422","1":"product","2":"type-product","3":"status-publish","4":"has-post-thumbnail","6":"product_brand-solpath","7":"product_cat-solar-tracker-by-type","8":"product_cat-active-tracker","9":"product_cat-commercial-tracker","10":"product_cat-residential-tracker","11":"product_cat-solar-tracker-by-solutions","12":"product_tag-automatic","13":"product_tag-solar-power","14":"product_tag-tracker-system","16":"first","17":"instock","18":"shipping-taxable","19":"product-type-simple","20":"entry","21":"content-bg","22":"loop-entry"},"_links":{"self":[{"href":"https:\/\/solartrackersystem.com\/es\/wp-json\/wp\/v2\/product\/3422","targetHints":{"allow":["GET"]}}],"collection":[{"href":"https:\/\/solartrackersystem.com\/es\/wp-json\/wp\/v2\/product"}],"about":[{"href":"https:\/\/solartrackersystem.com\/es\/wp-json\/wp\/v2\/types\/product"}],"wp:featuredmedia":[{"embeddable":true,"href":"https:\/\/solartrackersystem.com\/es\/wp-json\/wp\/v2\/media\/3599"}],"wp:attachment":[{"href":"https:\/\/solartrackersystem.com\/es\/wp-json\/wp\/v2\/media?parent=3422"}],"wp:term":[{"taxonomy":"product_brand","embeddable":true,"href":"https:\/\/solartrackersystem.com\/es\/wp-json\/wp\/v2\/product_brand?post=3422"},{"taxonomy":"product_cat","embeddable":true,"href":"https:\/\/solartrackersystem.com\/es\/wp-json\/wp\/v2\/product_cat?post=3422"},{"taxonomy":"product_tag","embeddable":true,"href":"https:\/\/solartrackersystem.com\/es\/wp-json\/wp\/v2\/product_tag?post=3422"}],"curies":[{"name":"wp","href":"https:\/\/api.w.org\/{rel}","templated":true}]}}