{"id":3421,"date":"2025-08-08T16:13:31","date_gmt":"2025-08-08T08:13:31","guid":{"rendered":"https:\/\/solartrackersystem.com\/?post_type=product&#038;p=3421"},"modified":"2025-09-08T20:40:57","modified_gmt":"2025-09-08T12:40:57","slug":"6-10kw-panels-ground-mount-solar-tracking-system","status":"publish","type":"product","link":"https:\/\/solartrackersystem.com\/es\/6-10kw-panels-ground-mount-solar-tracking-system\/","title":{"rendered":"PANELES DE 6-10 kW: Sistema de seguimiento solar con montaje en suelo"},"content":{"rendered":"<p data-v-md-line=\"4\">Obtenga m\u00e1s potencia de su instalaci\u00f3n solar en el suelo con un sistema de seguimiento de alta precisi\u00f3n dise\u00f1ado para una gran fiabilidad. Aprovechar\u00e1 al m\u00e1ximo cada rayo de sol mientras disfruta de un rendimiento robusto y sin preocupaciones, incluso en las condiciones exteriores m\u00e1s adversas.<\/p>\n<h2 data-v-md-heading=\"features-and-benefits\" data-v-md-line=\"6\">Caracter\u00edsticas y beneficios<\/h2>\n<ul data-v-md-line=\"7\">\n<li>Algoritmo de seguimiento astron\u00f3mico: proporciona seguimiento solar inteligente y computarizado para que sus paneles capturen regularmente la m\u00e1xima energ\u00eda desde el amanecer hasta el atardecer.<\/li>\n<li>Retroceso sin sombras: los algoritmos avanzados detienen el sombreado entre hileras, lo que aumenta el rendimiento solar durante todo el d\u00eda: diga adi\u00f3s a las p\u00e9rdidas de energ\u00eda innecesarias.<\/li>\n<li>Construcci\u00f3n robusta: el marco de acero Q235 con revestimiento anticorrosivo (pintura o galvanizado en caliente) soporta condiciones clim\u00e1ticas adversas, proporcionando una vida \u00fatil de dise\u00f1o de 25 a\u00f1os para su sistema de seguimiento solar.<\/li>\n<li>Durabilidad en todo tipo de clima: La resistencia al viento certificada de hasta 27 m\/s, la amplia variedad de funcionamiento de -40 \u00b0C a +70 \u00b0C y la seguridad con clasificaci\u00f3n IP65 garantizan que su sistema est\u00e9 dise\u00f1ado para cualquier entorno.<\/li>\n<li>Preciso y receptivo: las respuestas de \u00e1ngulo integradas mantienen la precisi\u00f3n de seguimiento dentro de \u2264 5 \u00b0, por lo que sus paneles solares montados en el suelo encuentran constantemente la direcci\u00f3n \u00f3ptima.<\/li>\n<li>Datos seguros, operaci\u00f3n segura: el cuidado de la informaci\u00f3n encriptada, adem\u00e1s de la seguridad l\u00edmite y la protecci\u00f3n opcional contra el viento, reducen el riesgo y brindan tranquilidad.<\/li>\n<li>Monitoreo remoto listo: elija funcionalidades opcionales de vigilancia y control remoto para una administraci\u00f3n f\u00e1cil y confiable de su sistema solar desde cualquier lugar.<\/li>\n<li>Comunicaci\u00f3n flexible: admite RS485-MODBUS y Bluetooth para adaptarse perfectamente a su sistema de seguimiento solar existente.<\/li>\n<\/ul>\n<h2 data-v-md-heading=\"wide-applications\" data-v-md-line=\"16\">Amplias aplicaciones<\/h2>\n<p data-v-md-line=\"17\">Este sistema de seguimiento solar de montaje en suelo es ideal para parques solares a gran escala, azoteas comerciales e industriales, sistemas agrovoltaicos y cualquier terreno donde la m\u00e1xima prioridad sea aprovechar al m\u00e1ximo la energ\u00eda solar terrestre. Se puede implementar con confianza en zonas costeras, desiertos y zonas con alta humedad.<\/p>\n<h2 data-v-md-heading=\"specifications\" data-v-md-line=\"19\">Presupuesto<\/h2>\n<ul data-v-md-line=\"20\">\n<li>Mec\u00e1nico (tipo de seguimiento, capacidad de lotes, clase de viento\/nieve, medidas, peso, material, vida \u00fatil): algoritmo astron\u00f3mico; resistencia al viento: 27 m\/s; \u00e1ngulo de inclinaci\u00f3n: 30\u00b0; ubicaci\u00f3n del soporte: ~ 30 m DOS; material: acero Q235; peso: \u2265 400 kg; vida \u00fatil: \u2265 25 a\u00f1os.<\/li>\n<li>El\u00e9ctrico (tipo y potencia del motor, consumo de energ\u00eda, matriz de voltaje, matriz de inclinaci\u00f3n, velocidad de seguimiento, aumento de rendimiento): Voltaje de entrada: 24 V CC; capacidad del m\u00f3dulo: 8-12 paneles (500-650 W cada uno); precisi\u00f3n de seguimiento: \u2264 5 \u00b0; matriz de seguimiento: 360 \u00b0<br \/>\n\u2013 Ambiental (temperatura de funcionamiento, clasificaci\u00f3n IP, humedad, resistencia a los rayos UV y a la corrosi\u00f3n): -40 \u00b0 C a +70 \u00b0 C; IP65; \u00e1rea de superficie anticorrosiva (pintura\/galvanizado en caliente).<\/li>\n<li>Rendimiento (aumento de energ\u00eda vs. fijo, MTBF, integridad (% de tiempo de actividad), configuraciones de falla): retroceso sin sombras para aprovechar al m\u00e1ximo el rendimiento; defensa de informaci\u00f3n duradera.<\/li>\n<li>Comunicaciones (Protocolos, depuraci\u00f3n remota, actualizaci\u00f3n OTA, acceso API): RS485-MODBUS, Bluetooth; monitoreo\/control remoto opcional.<\/li>\n<li>Seguridad y certificaciones (criterios IEC, CE\/UL\/ROHS, enclavamientos de seguridad, protecci\u00f3n contra rayos): seguridad l\u00edmite; protecci\u00f3n contra el viento opcional.<\/li>\n<li>Garant\u00eda y servicio (duraci\u00f3n de la garant\u00eda, garant\u00eda de eficiencia, kit de repuestos, capacitaci\u00f3n, contratos de soluci\u00f3n): El embalaje consta de caja de madera y film de burbujas para protecci\u00f3n.<\/li>\n<li>Extras opcionales (soportes, paquetes de base, respaldo de bater\u00eda, rob\u00f3tica de limpieza, pararrayos): matriz de inclinaci\u00f3n personalizable y defensa contra viento adicional disponibles.<\/li>\n<\/ul>\n<h2 data-v-md-heading=\"technical-support\" data-v-md-line=\"29\">Apoyo t\u00e9cnico<\/h2>\n<p data-v-md-line=\"30\">Proporcionamos asistencia tecnol\u00f3gica detallada, que consta de modelos CAD, hojas de datos y dise\u00f1os de circuitos para garantizar una asimilaci\u00f3n fluida en su proyecto.<\/p>\n<h2 data-v-md-heading=\"conclusion\" data-v-md-line=\"32\">Conclusi\u00f3n<\/h2>\n<p data-v-md-line=\"33\">Elegir SolPath implica elegir calidad, avance e integridad l\u00edderes en el mercado.<\/p>\n<p><script src=\"chrome-extension:\/\/fpelahbljekknahkcaegamhcndkfpfnc\/iFrame.js\" type=\"text\/javascript\"><\/script><\/p>\n<p><script src=\"chrome-extension:\/\/fpelahbljekknahkcaegamhcndkfpfnc\/iFrame.js\" type=\"text\/javascript\"><\/script><\/p>\n<p><script src=\"chrome-extension:\/\/fpelahbljekknahkcaegamhcndkfpfnc\/iFrame.js\" type=\"text\/javascript\"><\/script><\/p>","protected":false},"excerpt":{"rendered":"<p>Obtenga m\u00e1s potencia con nuestro robusto seguidor solar de alta precisi\u00f3n para montaje en suelo. Maximiza la luz solar para obtener la m\u00e1xima energ\u00eda y un rendimiento confiable en cualquier clima.<\/p>\n<p><script src=\"chrome-extension:\/\/fpelahbljekknahkcaegamhcndkfpfnc\/iFrame.js\" type=\"text\/javascript\"><\/script><\/p>\n<p><script src=\"chrome-extension:\/\/fpelahbljekknahkcaegamhcndkfpfnc\/iFrame.js\" type=\"text\/javascript\"><\/script><\/p>","protected":false},"featured_media":3604,"template":"","meta":{"_kad_post_transparent":"default","_kad_post_title":"","_kad_post_layout":"default","_kad_post_sidebar_id":"","_kad_post_content_style":"default","_kad_post_vertical_padding":"default","_kad_post_feature":"","_kad_post_feature_position":"","_kad_post_header":false,"_kad_post_footer":false,"_kad_post_classname":""},"product_brand":[707],"product_cat":[587,695,692,696,691],"product_tag":[721,709,722],"class_list":{"0":"post-3421","1":"product","2":"type-product","3":"status-publish","4":"has-post-thumbnail","6":"product_brand-solpath","7":"product_cat-solar-tracker-by-type","8":"product_cat-commercial-tracker","9":"product_cat-ground-mount-tracker","10":"product_cat-residential-tracker","11":"product_cat-solar-tracker-by-solutions","12":"product_tag-ground-mount","13":"product_tag-solar-tracking","14":"product_tag-system","16":"first","17":"instock","18":"shipping-taxable","19":"product-type-simple","20":"entry","21":"content-bg","22":"loop-entry"},"_links":{"self":[{"href":"https:\/\/solartrackersystem.com\/es\/wp-json\/wp\/v2\/product\/3421","targetHints":{"allow":["GET"]}}],"collection":[{"href":"https:\/\/solartrackersystem.com\/es\/wp-json\/wp\/v2\/product"}],"about":[{"href":"https:\/\/solartrackersystem.com\/es\/wp-json\/wp\/v2\/types\/product"}],"wp:featuredmedia":[{"embeddable":true,"href":"https:\/\/solartrackersystem.com\/es\/wp-json\/wp\/v2\/media\/3604"}],"wp:attachment":[{"href":"https:\/\/solartrackersystem.com\/es\/wp-json\/wp\/v2\/media?parent=3421"}],"wp:term":[{"taxonomy":"product_brand","embeddable":true,"href":"https:\/\/solartrackersystem.com\/es\/wp-json\/wp\/v2\/product_brand?post=3421"},{"taxonomy":"product_cat","embeddable":true,"href":"https:\/\/solartrackersystem.com\/es\/wp-json\/wp\/v2\/product_cat?post=3421"},{"taxonomy":"product_tag","embeddable":true,"href":"https:\/\/solartrackersystem.com\/es\/wp-json\/wp\/v2\/product_tag?post=3421"}],"curies":[{"name":"wp","href":"https:\/\/api.w.org\/{rel}","templated":true}]}}