{"id":3420,"date":"2025-08-08T16:13:30","date_gmt":"2025-08-08T08:13:30","guid":{"rendered":"https:\/\/solartrackersystem.com\/?post_type=product&#038;p=3420"},"modified":"2025-09-08T20:41:18","modified_gmt":"2025-09-08T12:41:18","slug":"10-15kw-panels-high-efficiency-solar-array-tracking","status":"publish","type":"product","link":"https:\/\/solartrackersystem.com\/es\/10-15kw-panels-high-efficiency-solar-array-tracking\/","title":{"rendered":"PANELES DE 10-15 kW: Seguimiento de paneles solares de alta eficiencia"},"content":{"rendered":"<p data-v-md-line=\"4\">Obtenga una rentabilidad cada vez mayor con nuestro sistema de seguimiento de paneles solares de alta eficiencia, dise\u00f1ado para mantener sus paneles perfectamente alineados con la luz solar. Al maximizar cada rayo, obtendr\u00e1 una eficiencia confiable y una mejor rentabilidad de su inversi\u00f3n en energ\u00eda solar.<\/p>\n<h2 data-v-md-heading=\"features-and-benefits\" data-v-md-line=\"6\">Caracter\u00edsticas y beneficios<\/h2>\n<ul data-v-md-line=\"7\">\n<li>Seguimiento astron\u00f3mico avanzado: el control de precisi\u00f3n (\u2264 5 \u00b0 de precisi\u00f3n) garantiza que su panel solar se adhiera al sol durante todo el d\u00eda, mejorando el resultado energ\u00e9tico con una uniformidad confiable.<\/li>\n<li>Algoritmo de retroceso: minimiza la oscuridad entre los paneles y presiona hasta la \u00faltima gota de generaci\u00f3n de su sistema, incluso cuando cambia la luz.<\/li>\n<li>Estructura resistente contra la corrosi\u00f3n: construida con materiales de alta calidad repintados o galvanizados por inmersi\u00f3n en caliente para una mayor durabilidad; resiste atm\u00f3sferas exteriores hostiles durante muchos a\u00f1os.<\/li>\n<li>Resistencia al viento y a la intemperie: Clasificado para una velocidad de viento t\u00edpica de hasta 27 m\/s y un funcionamiento confiable de -40 \u00b0C a +70 \u00b0C, por lo que puede confiar en \u00e9l en climas desafiantes.<\/li>\n<li>Soporte de panel modular: Se adapta f\u00e1cilmente a hasta 21 componentes (de 500 a 650 W cada uno), con una generosa ubicaci\u00f3n de soporte de 60 m\u00b2, adecuada para ampliar las gamas solares de alta eficiencia.<\/li>\n<li>Monitoreo y control remoto: Benef\u00edciese de las comunicaciones Bluetooth, RS485-MODBUS y ubicaci\u00f3n GPS opcionales para realizar ajustes simples y proteger la informaci\u00f3n dondequiera que se encuentre.<\/li>\n<li>Larga vida \u00fatil: dise\u00f1ado para al menos 25 a\u00f1os de soluci\u00f3n continua de alto rendimiento, manteniendo su inversi\u00f3n segura.<\/li>\n<\/ul>\n<h2 data-v-md-heading=\"wide-applications\" data-v-md-line=\"15\">Amplias aplicaciones<\/h2>\n<p data-v-md-line=\"16\">Este seguidor solar es ideal para instalaciones fotovoltaicas a gran escala, parques solares montados en el suelo y trabajos que se adaptan al terreno donde el seguimiento confiable y de alta eficiencia de los paneles solares proporciona ganancias mensurables en la producci\u00f3n de energ\u00eda, tambi\u00e9n en condiciones extremas de temperatura o viento.<\/p>\n<h2 data-v-md-heading=\"specifications\" data-v-md-line=\"18\">Presupuesto<\/h2>\n<ul data-v-md-line=\"19\">\n<li>Mec\u00e1nico (tipo de seguimiento, capacidad de carga, clase de viento, medidas, peso, material, vida \u00fatil del cojinete): seguimiento astron\u00f3mico; capacidad de toneladas que admite 21 paneles de 500-650 W; resistencia al viento hasta 27 m\/s; tama\u00f1o del componente 2100 x 1300 mm; \u00e1rea del soporte ~ 60 m DOS; peso \u2265 1300 kg; acabado galvanizado\/pintado en caliente; vida \u00fatil de dise\u00f1o \u2265 25 a\u00f1os.<\/li>\n<li>El\u00e9ctrico (tipo y potencia del motor, consumo de energ\u00eda, rango de voltaje, rango de inclinaci\u00f3n, velocidad de seguimiento, aumento de rendimiento): Precisi\u00f3n de seguimiento \u2264 5 \u00b0; \u00e1ngulo de inclinaci\u00f3n 20 \u00b0; rango de seguimiento 360 \u00b0; mantiene un rendimiento energ\u00e9tico de alta eficiencia.<\/li>\n<li>Ambiental (nivel de temperatura de funcionamiento, clasificaci\u00f3n IP, resistencia a la humedad, rayos UV y corrosi\u00f3n): Funciona de -40 \u00b0 C a +70 \u00b0 C; dise\u00f1o anticorrosi\u00f3n robusto.<\/li>\n<li>Comunicaciones (Protocolos, depuraci\u00f3n remota, actualizaci\u00f3n OTA, accesibilidad API): RS485-MODBUS opcional, interacci\u00f3n Bluetooth; posicionamiento GPS; defensa de datos; asimilaci\u00f3n de seguridad e\u00f3lica opcional.<\/li>\n<li>Seguridad y certificaciones (requisitos IEC, CE\/UL\/ROHS, enclavamientos de seguridad y protecci\u00f3n, protecci\u00f3n contra rayos): [Omitir si no existe]- Garant\u00eda y servicio (duraci\u00f3n de la garant\u00eda, garant\u00eda de funcionamiento, kit de piezas de repuesto, formaci\u00f3n, contratos de servicio): Vida \u00fatil \u2265 25 a\u00f1os.<\/li>\n<li>Extras opcionales (soportes, juegos de cimentaci\u00f3n, bater\u00eda de reserva, robots de limpieza, pararrayos): [Omitir si no existen]<\/li>\n<\/ul>\n<h2 data-v-md-heading=\"technical-support\" data-v-md-line=\"25\">Apoyo t\u00e9cnico<\/h2>\n<p data-v-md-line=\"26\">Brindamos amplia asistencia tecnol\u00f3gica, que consta de modelos CAD, hojas de datos y dise\u00f1os de cableado el\u00e9ctrico para ayudar a que su tarea pase de la idea a la finalizaci\u00f3n sin demoras.<\/p>\n<h2 data-v-md-heading=\"conclusion\" data-v-md-line=\"28\">Conclusi\u00f3n<\/h2>\n<p data-v-md-line=\"29\">Seleccionar SolPath significa obtener servicios de seguimiento solar probados en campo, dise\u00f1ados para brindar integridad, tecnolog\u00eda y valor \u00f3ptimo en el mundo real, para que su conjunto solar de alta eficiencia funcione de la mejor manera, una y otra vez.<\/p>\n<p><script src=\"chrome-extension:\/\/fpelahbljekknahkcaegamhcndkfpfnc\/iFrame.js\" type=\"text\/javascript\"><\/script><\/p>\n<p><script src=\"chrome-extension:\/\/fpelahbljekknahkcaegamhcndkfpfnc\/iFrame.js\" type=\"text\/javascript\"><\/script><\/p>\n<p><script src=\"chrome-extension:\/\/fpelahbljekknahkcaegamhcndkfpfnc\/iFrame.js\" type=\"text\/javascript\"><\/script><\/p>","protected":false},"excerpt":{"rendered":"<p>Aumente la producci\u00f3n solar con nuestro seguidor de alta eficiencia para paneles de 10-15 kW. Sigue la direcci\u00f3n del sol para maximizar la energ\u00eda, garantizando una mejor rentabilidad de la inversi\u00f3n.<\/p>\n<p><script src=\"chrome-extension:\/\/fpelahbljekknahkcaegamhcndkfpfnc\/iFrame.js\" type=\"text\/javascript\"><\/script><\/p>\n<p><script src=\"chrome-extension:\/\/fpelahbljekknahkcaegamhcndkfpfnc\/iFrame.js\" type=\"text\/javascript\"><\/script><\/p>","protected":false},"featured_media":3609,"template":"","meta":{"_kad_post_transparent":"default","_kad_post_title":"","_kad_post_layout":"default","_kad_post_sidebar_id":"","_kad_post_content_style":"default","_kad_post_vertical_padding":"default","_kad_post_feature":"","_kad_post_feature_position":"","_kad_post_header":false,"_kad_post_footer":false,"_kad_post_classname":""},"product_brand":[707],"product_cat":[587,695,691],"product_tag":[723,724,725],"class_list":{"0":"post-3420","1":"product","2":"type-product","3":"status-publish","4":"has-post-thumbnail","6":"product_brand-solpath","7":"product_cat-solar-tracker-by-type","8":"product_cat-commercial-tracker","9":"product_cat-solar-tracker-by-solutions","10":"product_tag-high-efficiency","11":"product_tag-solar-array","12":"product_tag-tracking","14":"first","15":"instock","16":"shipping-taxable","17":"product-type-simple","18":"entry","19":"content-bg","20":"loop-entry"},"_links":{"self":[{"href":"https:\/\/solartrackersystem.com\/es\/wp-json\/wp\/v2\/product\/3420","targetHints":{"allow":["GET"]}}],"collection":[{"href":"https:\/\/solartrackersystem.com\/es\/wp-json\/wp\/v2\/product"}],"about":[{"href":"https:\/\/solartrackersystem.com\/es\/wp-json\/wp\/v2\/types\/product"}],"wp:featuredmedia":[{"embeddable":true,"href":"https:\/\/solartrackersystem.com\/es\/wp-json\/wp\/v2\/media\/3609"}],"wp:attachment":[{"href":"https:\/\/solartrackersystem.com\/es\/wp-json\/wp\/v2\/media?parent=3420"}],"wp:term":[{"taxonomy":"product_brand","embeddable":true,"href":"https:\/\/solartrackersystem.com\/es\/wp-json\/wp\/v2\/product_brand?post=3420"},{"taxonomy":"product_cat","embeddable":true,"href":"https:\/\/solartrackersystem.com\/es\/wp-json\/wp\/v2\/product_cat?post=3420"},{"taxonomy":"product_tag","embeddable":true,"href":"https:\/\/solartrackersystem.com\/es\/wp-json\/wp\/v2\/product_tag?post=3420"}],"curies":[{"name":"wp","href":"https:\/\/api.w.org\/{rel}","templated":true}]}}