{"id":3419,"date":"2025-08-08T16:13:29","date_gmt":"2025-08-08T08:13:29","guid":{"rendered":"https:\/\/solartrackersystem.com\/?post_type=product&#038;p=3419"},"modified":"2025-09-08T20:41:33","modified_gmt":"2025-09-08T12:41:33","slug":"15-20kw-panels-commercial-pv-solar-tracking-system","status":"publish","type":"product","link":"https:\/\/solartrackersystem.com\/es\/15-20kw-panels-commercial-pv-solar-tracking-system\/","title":{"rendered":"PANELES DE 15-20 kW: Sistema de seguimiento solar fotovoltaico comercial"},"content":{"rendered":"<p data-v-md-line=\"4\">Aumente su instalaci\u00f3n solar comercial con un sistema de seguimiento dise\u00f1ado para entornos exigentes: maximice la eficiencia, la integridad y el rendimiento. Nuestro sistema de seguimiento solar fotovoltaico comercial convierte cada rayo en valor, optimizando su producci\u00f3n y minimizando las frustraciones operativas.<\/p>\n<h2 data-v-md-heading=\"features-and-benefits\" data-v-md-line=\"6\">Caracter\u00edsticas y beneficios<\/h2>\n<ul data-v-md-line=\"7\">\n<li>Generaci\u00f3n de energ\u00eda mejorada: consiga entre un 15 % y un 30 % m\u00e1s de energ\u00eda en comparaci\u00f3n con los sistemas tradicionales, gracias a algoritmos de gran precisi\u00f3n y al seguimiento de dos ejes.<\/li>\n<li>Construcci\u00f3n robusta: dise\u00f1ado con acero galvanizado en caliente Q235 para una resistencia superior al deterioro y m\u00e1s de 25 a\u00f1os de vida \u00fatil, tambi\u00e9n en atm\u00f3sferas exteriores severas.<\/li>\n<li>Modos de protecci\u00f3n inteligente: las protecciones integradas contra viento y nieve fuertes, el seguimiento antisombras y la correcci\u00f3n autom\u00e1tica de la posici\u00f3n ayudan a mantener su seguimiento solar funcionando de manera segura, independientemente del clima.<\/li>\n<li>Fuente de alimentaci\u00f3n flexible: elija aire acondicionado b\u00e1sico o integre un panel solar independiente con respaldo de bater\u00eda de litio para un funcionamiento ininterrumpido, incluso fuera de la red.<\/li>\n<li>Monitoreo remoto avanzado: administre su sistema f\u00e1cilmente a trav\u00e9s de SCADA en tiempo real, aplicaciones m\u00f3viles o acceso a Internet; aproveche las actualizaciones por aire (OTA) para realizar actualizaciones convenientes.<\/li>\n<li>Adaptabilidad: Admite m\u00f3dulos bifaciales y rangos de acimut\/altitud personalizables, por lo que puede adaptarse r\u00e1pidamente a las condiciones del sitio: desiertos, \u00e1reas con fuertes vientos o terrenos irregulares.<\/li>\n<\/ul>\n<h2 data-v-md-heading=\"wide-applications\" data-v-md-line=\"14\">Amplias aplicaciones<\/h2>\n<p data-v-md-line=\"15\">Este seguidor solar fotovoltaico comercial es \u00f3ptimo para parques solares a gran escala, techos comerciales, instalaciones de montaje en suelo de alto rendimiento y sitios con terrenos desafiantes donde la precisi\u00f3n \u00f3ptima del seguimiento solar proporciona mayores retornos.<\/p>\n<h2 data-v-md-heading=\"specifications\" data-v-md-line=\"17\">Presupuesto<\/h2>\n<ul data-v-md-line=\"18\">\n<li>Mec\u00e1nica (tipo de seguimiento, capacidad de lotes, clase de viento\/nieve, medidas, peso, producto, vida \u00fatil del cojinete): Seguimiento de dos ejes, 72 paneles (250-300 W cada uno), \u00e1rea de soporte 118-140 m DOS, acero galvanizado en caliente Q235, peso \u2265 2000 kg, vida \u00fatil del dise\u00f1o \u2265 25 a\u00f1os.<\/li>\n<li>El\u00e9ctrico (tipo y potencia del motor, consumo de energ\u00eda, variedad de voltaje, variedad de inclinaci\u00f3n, velocidad de seguimiento, aumento de rendimiento): matriz de azimut: 60 \u00b0 a +60 \u00b0 (personalizado), matriz de elevaci\u00f3n 0-60 \u00b0 (hasta 72 \u00b0), alimentaci\u00f3n del sistema a\/c 100-240 V o bater\u00eda solar\/de litio, aumento de retorno 15-30 %.<\/li>\n<li>Ambiental (temperatura de funcionamiento, \u00edndice IP, resistencia a la humedad, a los rayos UV y al \u00f3xido): Dise\u00f1ado para condiciones severas; tratamiento anticorrosi\u00f3n avanzado.<\/li>\n<li>Rendimiento (aumento de energ\u00eda vs. reparado, MTBF, integridad (% de tiempo de actividad), configuraciones de falla): aumento de generaci\u00f3n de energ\u00eda de 15-30 % en comparaci\u00f3n con lo tratado.<\/li>\n<li>Comunicaciones (Protocolos (Modbus, TCP\/IP, MQTT), depuraci\u00f3n remota, actualizaci\u00f3n OTA, acceso API a): RS485, WiFi, 4G (opcional); seguimiento SCADA remoto; actualizaciones OTA.<\/li>\n<li>Seguridad y certificaciones (normas IEC, CE\/UL\/ROHS, enclavamientos de seguridad, defensa contra rayos): sensores de ubicaci\u00f3n inteligentes, defensa s\u00f3lida contra viento y nieve.<\/li>\n<li>Garant\u00eda y servicio (per\u00edodo de garant\u00eda, garant\u00eda de eficiencia, kit de repuestos, capacitaci\u00f3n, acuerdos de soluci\u00f3n): Vida \u00fatil de dise\u00f1o \u2265 25 a\u00f1os.<\/li>\n<li>Extras Opcionales (Soportes, conjuntos de estructuras, bater\u00edas de respaldo, robots de limpieza, pararrayos): Bater\u00eda de respaldo independiente disponible; adaptable a casi cualquier m\u00f3dulo o necesidad de instalaci\u00f3n.<\/li>\n<\/ul>\n<h2 data-v-md-heading=\"technical-support\" data-v-md-line=\"27\">Apoyo t\u00e9cnico<\/h2>\n<p data-v-md-line=\"28\">Brindamos soporte tecnol\u00f3gico completo, incluidos modelos CAD, hojas de datos y dise\u00f1os de circuitos para garantizar una integraci\u00f3n fluida en su proyecto.<\/p>\n<h2 data-v-md-heading=\"conclusion\" data-v-md-line=\"30\">Conclusi\u00f3n<\/h2>\n<p data-v-md-line=\"31\">Al elegir SolPath, elige un sistema de seguimiento solar fotovoltaico comercial dise\u00f1ado para una eficiencia duradera, versatilidad inteligente y una fiabilidad excepcional. Impulsemos su pr\u00f3ximo proyecto.<\/p>\n<p><script src=\"chrome-extension:\/\/fpelahbljekknahkcaegamhcndkfpfnc\/iFrame.js\" type=\"text\/javascript\"><\/script><\/p>\n<p><script src=\"chrome-extension:\/\/fpelahbljekknahkcaegamhcndkfpfnc\/iFrame.js\" type=\"text\/javascript\"><\/script><\/p>\n<p><script src=\"chrome-extension:\/\/fpelahbljekknahkcaegamhcndkfpfnc\/iFrame.js\" type=\"text\/javascript\"><\/script><\/p>","protected":false},"excerpt":{"rendered":"<p>Aumente su producci\u00f3n solar comercial entre un 15 % y un 30 %. Nuestro robusto seguidor fotovoltaico de doble eje maximiza el rendimiento y la fiabilidad, incluso en los entornos m\u00e1s exigentes.<\/p>\n<p><script src=\"chrome-extension:\/\/fpelahbljekknahkcaegamhcndkfpfnc\/iFrame.js\" type=\"text\/javascript\"><\/script><\/p>\n<p><script src=\"chrome-extension:\/\/fpelahbljekknahkcaegamhcndkfpfnc\/iFrame.js\" type=\"text\/javascript\"><\/script><\/p>\n<p><script src=\"chrome-extension:\/\/fpelahbljekknahkcaegamhcndkfpfnc\/iFrame.js\" type=\"text\/javascript\"><\/script><\/p>","protected":false},"featured_media":3610,"template":"","meta":{"_kad_post_transparent":"default","_kad_post_title":"","_kad_post_layout":"default","_kad_post_sidebar_id":"","_kad_post_content_style":"default","_kad_post_vertical_padding":"default","_kad_post_feature":"","_kad_post_feature_position":"","_kad_post_header":false,"_kad_post_footer":false,"_kad_post_classname":""},"product_brand":[707],"product_cat":[587,695,691],"product_tag":[726,727,709],"class_list":{"0":"post-3419","1":"product","2":"type-product","3":"status-publish","4":"has-post-thumbnail","6":"product_brand-solpath","7":"product_cat-solar-tracker-by-type","8":"product_cat-commercial-tracker","9":"product_cat-solar-tracker-by-solutions","10":"product_tag-commercial","11":"product_tag-pv","12":"product_tag-solar-tracking","14":"first","15":"instock","16":"shipping-taxable","17":"product-type-simple","18":"entry","19":"content-bg","20":"loop-entry"},"_links":{"self":[{"href":"https:\/\/solartrackersystem.com\/es\/wp-json\/wp\/v2\/product\/3419","targetHints":{"allow":["GET"]}}],"collection":[{"href":"https:\/\/solartrackersystem.com\/es\/wp-json\/wp\/v2\/product"}],"about":[{"href":"https:\/\/solartrackersystem.com\/es\/wp-json\/wp\/v2\/types\/product"}],"wp:featuredmedia":[{"embeddable":true,"href":"https:\/\/solartrackersystem.com\/es\/wp-json\/wp\/v2\/media\/3610"}],"wp:attachment":[{"href":"https:\/\/solartrackersystem.com\/es\/wp-json\/wp\/v2\/media?parent=3419"}],"wp:term":[{"taxonomy":"product_brand","embeddable":true,"href":"https:\/\/solartrackersystem.com\/es\/wp-json\/wp\/v2\/product_brand?post=3419"},{"taxonomy":"product_cat","embeddable":true,"href":"https:\/\/solartrackersystem.com\/es\/wp-json\/wp\/v2\/product_cat?post=3419"},{"taxonomy":"product_tag","embeddable":true,"href":"https:\/\/solartrackersystem.com\/es\/wp-json\/wp\/v2\/product_tag?post=3419"}],"curies":[{"name":"wp","href":"https:\/\/api.w.org\/{rel}","templated":true}]}}