{"id":3418,"date":"2025-08-08T16:13:14","date_gmt":"2025-08-08T08:13:14","guid":{"rendered":"https:\/\/solartrackersystem.com\/?post_type=product&#038;p=3418"},"modified":"2025-09-08T20:59:55","modified_gmt":"2025-09-08T12:59:55","slug":"2-4kw-panels-small-solar-tracking-system","status":"publish","type":"product","link":"https:\/\/solartrackersystem.com\/es\/2-4kw-panels-small-solar-tracking-system\/","title":{"rendered":"PANELES DE 2-4kW: Peque\u00f1o sistema de seguimiento solar para el hogar"},"content":{"rendered":"<p data-v-md-line=\"4\">Obtenga mayor eficiencia solar en su hogar con este peque\u00f1o sistema de seguimiento solar, dise\u00f1ado para aprovechar al m\u00e1ximo el rendimiento energ\u00e9tico. SolPath ofrece seguimiento solar de precisi\u00f3n para tejados residenciales, peque\u00f1as instalaciones en el suelo o instalaciones aisladas, lo que le ayuda a aprovechar al m\u00e1ximo cada rayo solar.<\/p>\n<h2 data-v-md-heading=\"features-and-benefits\" data-v-md-line=\"6\">Caracter\u00edsticas y beneficios<\/h2>\n<ul data-v-md-line=\"7\">\n<li>Seguimiento de doble eje: sigue el sol en un rango completo de 360\u00b0, capturando a\u00fan m\u00e1s energ\u00eda durante el d\u00eda para su hogar.<\/li>\n<li>Algoritmo de control inteligente: calcula y reajusta el \u00e1ngulo de seguimiento \u00f3ptimo, lo que aumenta la recolecci\u00f3n de energ\u00eda, especialmente en condiciones clim\u00e1ticas cambiantes.<\/li>\n<li>Construcci\u00f3n robusta de acero Q235: construida para soportar los exigentes problemas externos, con galvanizado en caliente para una resistencia al deterioro probada y una vida \u00fatil de m\u00e1s de 25 a\u00f1os.<\/li>\n<li>Protecci\u00f3n IP65: Dise\u00f1ado para uso en exteriores: protege contra el polvo y las salpicaduras de agua en atm\u00f3sferas hostiles.<\/li>\n<li>Control astron\u00f3mico preciso: logra una precisi\u00f3n de seguimiento solar de 5\u00b0, por lo que no desperdicia energ\u00eda.<\/li>\n<li>Fuerte resistencia al viento y la nieve: dise\u00f1ado para funcionar de forma segura en condiciones de hasta 27 m\/s, con un \u00e1ngulo de retenci\u00f3n del viento de cero grados para una protecci\u00f3n robusta contra tormentas.<\/li>\n<li>Protecci\u00f3n de l\u00edmite integrada: evita la rotaci\u00f3n excesiva para un funcionamiento m\u00e1s seguro y sin estr\u00e9s.<\/li>\n<li>Operaci\u00f3n y monitoreo remotos: La conectividad Bluetooth\/Modbus RS485 opcional permite diagn\u00f3sticos remotos y actualizaciones del sistema.<\/li>\n<\/ul>\n<h2 data-v-md-heading=\"wide-applications\" data-v-md-line=\"16\">Amplias aplicaciones<\/h2>\n<p data-v-md-line=\"17\">Este peque\u00f1o sistema de seguimiento solar domina el seguimiento solar residencial, que incluye tejados de ciudades, caba\u00f1as remotas, peque\u00f1os sitios agr\u00edcolas o cualquier tipo de hogar que requiera una opci\u00f3n solar eficaz y adaptable.<\/p>\n<h2 data-v-md-heading=\"specifications\" data-v-md-line=\"19\">Presupuesto<\/h2>\n<ul data-v-md-line=\"20\">\n<li>Mec\u00e1nica (tipo de seguimiento, capacidad de lotes, trayectoria de viento\/nieve, dimensiones, peso, producto, vida \u00fatil del rodamiento): Doble eje, 4-6 paneles (2100 \u00d7 1300 mm cada uno), \u00e1rea de 15 soportes, peso \u2265 300 kg, acero Q235, vida \u00fatil de dise\u00f1o \u2265 25 a\u00f1os<\/li>\n<li>El\u00e9ctrico (tipo y potencia del motor, consumo de energ\u00eda, rango de voltaje, rango de inclinaci\u00f3n, velocidad de seguimiento, aumento de rendimiento): Voltaje de entrada 24 V CC, rango de seguimiento 360\u00b0, \u00e1ngulo de inclinaci\u00f3n 30\u00b0, retroceso sostenido<\/li>\n<li>Ambiental (nivel de temperatura de funcionamiento, nivel de IP, humedad, resistencia a los rayos UV y a la corrosi\u00f3n): \u2013 40 \u00b0C a +70 \u00b0C, IP65, pintura anticorrosi\u00f3n\/galvanizado en caliente<\/li>\n<li>Rendimiento (aumento de energ\u00eda vs. mantenido, MTBF, integridad (% de tiempo de actividad), configuraciones fallidas): Precisi\u00f3n de seguimiento \u2264 5\u00b0.<\/li>\n<li>Comunicaciones (Protocolos (Modbus, TCP\/IP, MQTT), depuraci\u00f3n remota, actualizaci\u00f3n OTA, acceso API): RS485-Modbus, Bluetooth, funciones remotas opcionales, retroalimentaci\u00f3n de \u00e1ngulo, GPS opcional.<\/li>\n<li>Seguridad y certificaciones (requisitos IEC, CE\/UL\/ROHS, enclavamientos de seguridad, seguridad contra rayos): GBT 29320-2012, seguridad de limitaci\u00f3n incorporada, seguridad e\u00f3lica opcional.<\/li>\n<li>Garant\u00eda y servicio (Duraci\u00f3n de la garant\u00eda, garant\u00eda de eficiencia, kit de repuestos, capacitaci\u00f3n, acuerdos de servicio): Vida \u00fatil de dise\u00f1o \u2265 25 a\u00f1os.<\/li>\n<li>Extras Opcionales (Soportes, paquetes de cimentaci\u00f3n, bater\u00edas de respaldo, robots de limpieza, pararrayos): M\u00faltiples alternativas de estructura, soporte para rob\u00f3tica de limpieza.<\/li>\n<\/ul>\n<h2 data-v-md-heading=\"technical-support\" data-v-md-line=\"29\">Apoyo t\u00e9cnico<\/h2>\n<p data-v-md-line=\"30\">Brindamos asistencia t\u00e9cnica integral, incluidos dise\u00f1os CAD, hojas de datos y representaciones de circuitos para garantizar una combinaci\u00f3n fluida en su proyecto.<\/p>\n<h2 data-v-md-heading=\"conclusion\" data-v-md-line=\"32\">Conclusi\u00f3n<\/h2>\n<p data-v-md-line=\"33\">Seleccionar SolPath significa elegir calidad superior, avance e integridad l\u00edderes en el mercado.<\/p>\n<p><script src=\"chrome-extension:\/\/fpelahbljekknahkcaegamhcndkfpfnc\/iFrame.js\" type=\"text\/javascript\"><\/script><\/p>\n<p><script src=\"chrome-extension:\/\/fpelahbljekknahkcaegamhcndkfpfnc\/iFrame.js\" type=\"text\/javascript\"><\/script><\/p>\n<p><script src=\"chrome-extension:\/\/fpelahbljekknahkcaegamhcndkfpfnc\/iFrame.js\" type=\"text\/javascript\"><\/script><\/p>","protected":false},"excerpt":{"rendered":"<p>Obtenga mayor eficiencia solar en su hogar. El peque\u00f1o seguidor de doble eje de SolPath maximiza la energ\u00eda en tejados, instalaciones sobre el suelo o instalaciones aisladas.<\/p>\n<p><script src=\"chrome-extension:\/\/fpelahbljekknahkcaegamhcndkfpfnc\/iFrame.js\" type=\"text\/javascript\"><\/script><\/p>\n<p><script src=\"chrome-extension:\/\/fpelahbljekknahkcaegamhcndkfpfnc\/iFrame.js\" type=\"text\/javascript\"><\/script><\/p>","protected":false},"featured_media":3467,"template":"","meta":{"_kad_post_transparent":"default","_kad_post_title":"","_kad_post_layout":"default","_kad_post_sidebar_id":"","_kad_post_content_style":"default","_kad_post_vertical_padding":"default","_kad_post_feature":"","_kad_post_feature_position":"","_kad_post_header":false,"_kad_post_footer":false,"_kad_post_classname":""},"product_brand":[707],"product_cat":[587,697,700,703,690,699,692,686,702,688,683,689,696,693,684,691],"product_tag":[710,708,709],"class_list":{"0":"post-3418","1":"product","2":"type-product","3":"status-publish","4":"has-post-thumbnail","6":"product_brand-solpath","7":"product_cat-solar-tracker-by-type","8":"product_cat-agricultural-tracker","9":"product_cat-cost-effective-tracker","10":"product_cat-custom-omdm-tracker","11":"product_cat-diy-tracker-kit","12":"product_cat-eco-friendly-tracker","13":"product_cat-ground-mount-tracker","14":"product_cat-hydraulic-tracker","15":"product_cat-installation-maintenance","16":"product_cat-linear-actuator-tracker","17":"product_cat-passive-tracker","18":"product_cat-portable-tracker","19":"product_cat-residential-tracker","20":"product_cat-roof-mount-tracker","21":"product_cat-smart-tracker","22":"product_cat-solar-tracker-by-solutions","23":"product_tag-for-home","24":"product_tag-small-solar-tracking-system","25":"product_tag-solar-tracking","27":"first","28":"instock","29":"shipping-taxable","30":"product-type-simple","31":"entry","32":"content-bg","33":"loop-entry"},"_links":{"self":[{"href":"https:\/\/solartrackersystem.com\/es\/wp-json\/wp\/v2\/product\/3418","targetHints":{"allow":["GET"]}}],"collection":[{"href":"https:\/\/solartrackersystem.com\/es\/wp-json\/wp\/v2\/product"}],"about":[{"href":"https:\/\/solartrackersystem.com\/es\/wp-json\/wp\/v2\/types\/product"}],"wp:featuredmedia":[{"embeddable":true,"href":"https:\/\/solartrackersystem.com\/es\/wp-json\/wp\/v2\/media\/3467"}],"wp:attachment":[{"href":"https:\/\/solartrackersystem.com\/es\/wp-json\/wp\/v2\/media?parent=3418"}],"wp:term":[{"taxonomy":"product_brand","embeddable":true,"href":"https:\/\/solartrackersystem.com\/es\/wp-json\/wp\/v2\/product_brand?post=3418"},{"taxonomy":"product_cat","embeddable":true,"href":"https:\/\/solartrackersystem.com\/es\/wp-json\/wp\/v2\/product_cat?post=3418"},{"taxonomy":"product_tag","embeddable":true,"href":"https:\/\/solartrackersystem.com\/es\/wp-json\/wp\/v2\/product_tag?post=3418"}],"curies":[{"name":"wp","href":"https:\/\/api.w.org\/{rel}","templated":true}]}}