{"id":3455,"date":"2025-08-08T16:53:33","date_gmt":"2025-08-08T08:53:33","guid":{"rendered":"https:\/\/solartrackersystem.com\/?post_type=product&#038;p=3455"},"modified":"2025-09-08T20:53:40","modified_gmt":"2025-09-08T12:53:40","slug":"15-20kw-panels-single-axis-solar-array-tracking","status":"publish","type":"product","link":"https:\/\/solartrackersystem.com\/de\/15-20kw-panels-single-axis-solar-array-tracking\/","title":{"rendered":"15\u201320 kW-Module: Einachsige Solaranlagennachf\u00fchrung"},"content":{"rendered":"<p data-v-md-line=\"4\">Erzielen Sie h\u00f6here Solarertr\u00e4ge f\u00fcr Ihre Anlage mit dem einachsigen Solaranlagen-Nachf\u00fchrsystem SolPath. Sie erhalten intelligente Nachf\u00fchrung, garantierte Langlebigkeit und Echtzeitsteuerung \u2013 alles f\u00fcr optimale Leistung und Zufriedenheit.<\/p>\n<h2 data-v-md-heading=\"features-and-benefits\" data-v-md-line=\"6\">Eigenschaften und Vorteile<\/h2>\n<ul data-v-md-line=\"7\">\n<li>Intelligente Tracking-Algorithmen: Intelligente astronomische und Backtracking-Algorithmen folgen gezielt der Bewegung des Sonnenlichts und steigern die Stromerzeugung im Vergleich zu festen Standorten um etwa 30 %.<\/li>\n<li>Robuste, korrosionsbest\u00e4ndige Struktur: Unser Solartracker besteht aus hochbelastbarem Q235-Stahl und ist feuerverzinkt. Er h\u00e4lt den h\u00e4rtesten Au\u00dfenbedingungen stand und bietet eine Lebensdauer von \u00fcber 25 Jahren.<\/li>\n<li>Anpassbarer Tracking-Bereich: Erzielen Sie eine verbesserte Leistung mit einem Azimut-Tracking, das normalerweise um etwa \u00b1 60\u00b0 variiert, und einer Tracking-Pr\u00e4zision von weniger als 1\u00b0, sodass Sie jeden m\u00f6glichen Strahl erfassen.<\/li>\n<li>Gro\u00dfe Neigungswinkel: W\u00e4hlen Sie Neigungseinstellungen (\u00fcblicherweise 20\u00b0 oder 30\u00b0) f\u00fcr eine ideale Sonneneinstrahlung, zugeschnitten auf die Anforderungen Ihrer Website.<\/li>\n<li>Hohe Tragf\u00e4higkeit: Unterst\u00fctzt die Montage von 64\u201372 Solarmodulen mit einer Leistung von ca. 21,6 kW und gew\u00e4hrleistet so eine skalierbare Leistung f\u00fcr gewerbliche und mittelgro\u00dfe Solaranlagen.<\/li>\n<li>Zuverl\u00e4ssiger Wetterschutz: Der integrierte Wind- und Schneeschutz sch\u00fctzt Ihre Investition auch bei extremen Wetterbedingungen, einschlie\u00dflich Sperrschutz und intelligenten Verstaueinstellungen.<\/li>\n<li>Fern\u00fcberwachung: Verwenden Sie RS485, WLAN oder 4G f\u00fcr eine robuste SCADA- oder IoT-Integration. Anzeige, Steuerung und Debuggen von Vorg\u00e4ngen ohne Site-Durchsuchen.<\/li>\n<li>Schnelle Installation und Wartung: Plug-and-Play-Layout und kabellose Upgrades reduzieren den Konfigurations- und Wartungsaufwand. Sie profitieren von schnellerer Rentabilit\u00e4t und Zuverl\u00e4ssigkeit ohne manuelle Eingriffe.<\/li>\n<\/ul>\n<h2 data-v-md-heading=\"wide-applications\" data-v-md-line=\"16\">Breite Anwendungen<\/h2>\n<p data-v-md-line=\"17\">Dieser Solartracker eignet sich f\u00fcr gro\u00dfe PV-Anlagen, Freifl\u00e4chen-Solaranlagen und kommerzielle Solaranlagen, bei denen eine effiziente einachsige Nachf\u00fchrung entscheidend ist. Sein innovatives Design eignet sich f\u00fcr anspruchsvolle W\u00fcsten-, Starkwind- und Luftfeuchtigkeitsumgebungen und passt sich perfekt an unwegsames Gel\u00e4nde an.<\/p>\n<h2 data-v-md-heading=\"specifications\" data-v-md-line=\"19\">Technische Daten<\/h2>\n<ul data-v-md-line=\"20\">\n<li>Mechanisch (Tracking-Art, Tragf\u00e4higkeit, Wind-\/Schneewert, Abmessungen, Produkt, Lagerlebensdauer): Einzelachse; 64\u201372 Paneele werden getragen; Schneelast 0,8\u20131,1 kN\/m\u00b2; Windwiderstand 17\u201322 m\/s; Q235-Stahl mit Feuerverzinkung; \u2265 25 Jahre Layout-Lebensdauer.<\/li>\n<li>Elektrisch (Neigungs-Array, Tracking-Pr\u00e4zision, max. F\u00e4higkeit): \u00b1 50 \u00b0 bis \u00b1 60 \u00b0 Tracking-Array, \u2264 1 \u00b0 Pr\u00e4zision; ca. 14\u201321,6 kW installiert; Neigungswinkel von 20 \u00b0 oder 30 \u00b0.<\/li>\n<li>Umgebungsbedingungen (Betriebstemperatur, Alterungsbest\u00e4ndigkeit): -30 \u00b0C bis +70 \u00b0C; Korrosionsschutzrahmen.<\/li>\n<li>Leistung (Energiesteigerung vs. Energieeinsparung): Erh\u00f6ht die Stromerzeugung um 15\u201330 % gegen\u00fcber Optionen mit fester Neigung.<\/li>\n<li>Kommunikation (Protokolle, Remote-Debugging, kabellose Upgrades): RS485, WiFi, 4G; unterst\u00fctzt SCADA\/IoT-Plattformen; kabellose OTA-Upgrades.<\/li>\n<li>Sicherheit und Zertifizierungen (Wind-\/Schneesicherheit, Endschalter): Wind- und Schneestauschutz; intelligente Begrenzungsschalter.<\/li>\n<li>Garantie und Service: Lebensdauer des Modells \u00fcber 25 Jahre; schnelle Einrichtung mit Unterst\u00fctzung.<\/li>\n<li>Optionale Extras: Automatische Schneebeseitigungseinstellung; Reinigung bei starkem Regen; Plug-and-Play-Einrichtung f\u00fcr schnelles L\u00f6sen.<\/li>\n<\/ul>\n<h2 data-v-md-heading=\"technical-support\" data-v-md-line=\"28\">Technische Unterst\u00fctzung<\/h2>\n<p data-v-md-line=\"29\">Wir bieten umfassende technische Unterst\u00fctzung, einschlie\u00dflich CAD-Designs, Datenbl\u00e4ttern und Verdrahtungspl\u00e4nen \u2013 und helfen Ihrem Team, sich zu integrieren und mit vollem Selbstvertrauen zu arbeiten.<\/p>\n<h2 data-v-md-heading=\"conclusion\" data-v-md-line=\"31\">Abschluss<\/h2>\n<p data-v-md-line=\"32\">Mit SolPath entscheiden Sie sich f\u00fcr Innovation, Robustheit und h\u00f6here Solarertr\u00e4ge. Unser einachsiges Solaranlagen-Nachf\u00fchrsystem ist f\u00fcr gewerbliche und \u00f6ffentliche Anwendungen konzipiert, bei denen Zuverl\u00e4ssigkeit nicht nur ein Versprechen ist \u2013 sie ist eingebaut.<\/p>\n<p><script src=\"chrome-extension:\/\/fpelahbljekknahkcaegamhcndkfpfnc\/iFrame.js\" type=\"text\/javascript\"><\/script><\/p>\n<p><script src=\"chrome-extension:\/\/fpelahbljekknahkcaegamhcndkfpfnc\/iFrame.js\" type=\"text\/javascript\"><\/script><\/p>\n<p><script src=\"chrome-extension:\/\/fpelahbljekknahkcaegamhcndkfpfnc\/iFrame.js\" type=\"text\/javascript\"><\/script><\/p>","protected":false},"excerpt":{"rendered":"<p>Steigern Sie Ihre Solarertr\u00e4ge um bis zu 30 % mit dem einachsigen SolPath-Tracker. Sein intelligentes, langlebiges Design sorgt f\u00fcr maximale Leistung und eine Lebensdauer von \u00fcber 25 Jahren.<\/p>\n<p><script src=\"chrome-extension:\/\/fpelahbljekknahkcaegamhcndkfpfnc\/iFrame.js\" type=\"text\/javascript\"><\/script><\/p>\n<p><script src=\"chrome-extension:\/\/fpelahbljekknahkcaegamhcndkfpfnc\/iFrame.js\" type=\"text\/javascript\"><\/script><\/p>\n<p><script src=\"chrome-extension:\/\/fpelahbljekknahkcaegamhcndkfpfnc\/iFrame.js\" type=\"text\/javascript\"><\/script><\/p>","protected":false},"featured_media":3531,"template":"","meta":{"_kad_post_transparent":"default","_kad_post_title":"","_kad_post_layout":"default","_kad_post_sidebar_id":"","_kad_post_content_style":"default","_kad_post_vertical_padding":"default","_kad_post_feature":"","_kad_post_feature_position":"","_kad_post_header":false,"_kad_post_footer":false,"_kad_post_classname":""},"product_brand":[707],"product_cat":[587,695,680,691],"product_tag":[714,724,725],"class_list":{"0":"post-3455","1":"product","2":"type-product","3":"status-publish","4":"has-post-thumbnail","6":"product_brand-solpath","7":"product_cat-solar-tracker-by-type","8":"product_cat-commercial-tracker","9":"product_cat-single-axis-tracker","10":"product_cat-solar-tracker-by-solutions","11":"product_tag-single-axis","12":"product_tag-solar-array","13":"product_tag-tracking","15":"first","16":"instock","17":"shipping-taxable","18":"product-type-simple","19":"entry","20":"content-bg","21":"loop-entry"},"_links":{"self":[{"href":"https:\/\/solartrackersystem.com\/de\/wp-json\/wp\/v2\/product\/3455","targetHints":{"allow":["GET"]}}],"collection":[{"href":"https:\/\/solartrackersystem.com\/de\/wp-json\/wp\/v2\/product"}],"about":[{"href":"https:\/\/solartrackersystem.com\/de\/wp-json\/wp\/v2\/types\/product"}],"wp:featuredmedia":[{"embeddable":true,"href":"https:\/\/solartrackersystem.com\/de\/wp-json\/wp\/v2\/media\/3531"}],"wp:attachment":[{"href":"https:\/\/solartrackersystem.com\/de\/wp-json\/wp\/v2\/media?parent=3455"}],"wp:term":[{"taxonomy":"product_brand","embeddable":true,"href":"https:\/\/solartrackersystem.com\/de\/wp-json\/wp\/v2\/product_brand?post=3455"},{"taxonomy":"product_cat","embeddable":true,"href":"https:\/\/solartrackersystem.com\/de\/wp-json\/wp\/v2\/product_cat?post=3455"},{"taxonomy":"product_tag","embeddable":true,"href":"https:\/\/solartrackersystem.com\/de\/wp-json\/wp\/v2\/product_tag?post=3455"}],"curies":[{"name":"wp","href":"https:\/\/api.w.org\/{rel}","templated":true}]}}