{"id":3451,"date":"2025-08-08T16:51:23","date_gmt":"2025-08-08T08:51:23","guid":{"rendered":"https:\/\/solartrackersystem.com\/?post_type=product&#038;p=3451"},"modified":"2025-09-08T20:51:55","modified_gmt":"2025-09-08T12:51:55","slug":"single-solar-tracker-controller-1-axis-solar-tracking-controller-kit","status":"publish","type":"product","link":"https:\/\/solartrackersystem.com\/de\/single-solar-tracker-controller-1-axis-solar-tracking-controller-kit\/","title":{"rendered":"Single Solar tracker controller: 1-Axis Solar Tracking Controller Kit"},"content":{"rendered":"<p data-v-md-line=\"4\">Erzielen Sie eine bessere Solarleistung mit unserem innovativen 1-Achsen-Solar-Tracking-Controller. Sie erhalten eine intelligente Sonnennachf\u00fchrung, die Ihre PV-Rendite erh\u00f6ht \u2013 w\u00e4hrend wir f\u00fcr Robustheit, Zuverl\u00e4ssigkeit und Druckknopfsteuerung sorgen, sodass Einrichtung und Betrieb ein Kinderspiel sind.<\/p>\n<h2 data-v-md-heading=\"features-and-benefits\" data-v-md-line=\"6\">Eigenschaften und Vorteile<\/h2>\n<ul data-v-md-line=\"7\">\n<li>Intelligente, teure Nachf\u00fchrformel: Maximiert die Solarenergieernte, indem Ihre Paneele st\u00e4ndig auf die Sonne ausgerichtet werden, und erh\u00f6ht so den Ertrag Ihrer Investition.<\/li>\n<li>Anpassbarer Winkelbereich (\u00b1 50 \u00b0 bis \u00b1 60 \u00b0): Passen Sie Ihre Solarnachf\u00fchrung an die Oberfl\u00e4chen- oder Aufgabenanforderungen an und stellen Sie sicher, dass jedes Panel optimal funktioniert.<\/li>\n<li>Ultrahohe Pr\u00e4zision (\u2264 1 \u00b0): Genie\u00dfen Sie ein bemerkenswert pr\u00e4zises Tracking, das bedeutet, dass Sie jedes zus\u00e4tzliche Watt aus Ihrem System herausholen.<\/li>\n<li>Robuste Robustheit, IP65-Schutz: Der hochmoderne, wetterfeste Controller trotzt Staub, Regen und extremen Au\u00dfenbedingungen \u2013 selbst bei extremen Temperaturen von -30 \u00b0C bis +70 \u00b0C \u2013, sodass Sie jeden Tag Strom erzeugen.<\/li>\n<li>Intelligente Anpassung an Wetterbedingungen: Integrierte Funktionen zur Vermeidung von Wind, Regen, Schnee und Dunkelheit sch\u00fctzen Ihr System in allen Klimazonen.<\/li>\n<li>Flexible Stromversorgungsalternativen: Betreiben Sie den Controller \u00fcber eine Klimaanlage, einen Gleichstrom-Strangstrom oder unabh\u00e4ngige Solarmodule mit Lithiumbatterie-Backup, um auch bei Ausf\u00e4llen eine sichere Betriebszeit zu gew\u00e4hrleisten.<\/li>\n<li>Leistungsstarkes Plug-and-Play-Design: Sparen Sie Zeit und vermeiden Sie komplizierte Einrichtungsschritte. Sie sind viel schneller einsatzbereit, da die Fern\u00fcberwachung und -wartung die Anzahl der Besuche vor Ort und Frustrationen reduziert.<\/li>\n<li>Fernverbindung (RS485, LoRa, ZigBee, WiFi oder 4G): \u00dcberwachen, debuggen und aktualisieren Sie Ihr System von \u00fcberall aus mithilfe von SCADA oder einer mobilen Anwendung \u2013 Sie m\u00fcssen nicht vor Ort sein.<\/li>\n<li>Integrierter 9-Achsen-Winkelsensor und Windgeschwindigkeitssensor: Liefert Positionskommentare in Echtzeit und einen robusten Windschutz f\u00fcr verbesserte Sicherheit und Kontrolle.<\/li>\n<li>Zuverl\u00e4ssige Stell- und Schwenkantriebssteuerungen: H\u00f6hen- und Azimut\u00e4nderungen werden reibungslos gehandhabt, wodurch eine genaue Reaktion auf Anpassungen des Sonnenwinkels gew\u00e4hrleistet wird.<\/li>\n<\/ul>\n<h2 data-v-md-heading=\"wide-applications\" data-v-md-line=\"18\">Breite Anwendungen<\/h2>\n<p data-v-md-line=\"19\">Dieser Tracker-Controller ist f\u00fcr ertragreiche Solaranlagen konzipiert: Photovoltaik-Kraftwerke im Gro\u00dfma\u00dfstab, Freifl\u00e4chenanlagen und gewerbliche Dachsysteme. Er ist f\u00fcr Umgebungen konzipiert, in denen die optimale Nutzung der Stromerzeugung entscheidend ist \u2013 sonnenreiche Standorte, anspruchsvolles Gel\u00e4nde und Regionen mit extremen Wetterbedingungen.<\/p>\n<h2 data-v-md-heading=\"specifications\" data-v-md-line=\"21\">Technische Daten<\/h2>\n<ul data-v-md-line=\"22\">\n<li>Mechanisch (Tracking-Art, Winkelanordnung, Langlebigkeit): 1-Achsen-Tracking, \u00b1 50 \u00b0 bis \u00b1 60 \u00b0 anpassbar; IP65-Schutz; Betriebstemperaturbereich -30 \u00b0 C bis +70 \u00b0 C. \u2013Elektrisch (Stromversorgung, Backup): KLIMAANLAGE (90\u2013305 V), Gleichstrom (250\u20131500 V), Solarpanel-Eingang mit Lithiumbatterie-Backup.<\/li>\n<li>Umwelt (Wetteranpassung): Intelligenter Schutz vor Wind\/Regen\/Schnee\/Schatten, geeignet f\u00fcr schwierige Umgebungen.<\/li>\n<li>Leistung (Tracking-Genauigkeit): \u2264 1 \u00b0.<\/li>\n<li>Kommunikation (Protokolle, Fernzugriff): RS485, LoRa, ZigBee, WiFi, 4G; SCADA- und mobile App-Kompatibilit\u00e4t.<\/li>\n<li>Funktionen (Sensoren): 9-Achsen-Winkelsensor; Windgeschwindigkeitssensor.<\/li>\n<li>Sicherheit (Wetterschutz): Starker Windschutz; Anti-Schatten-Tracking.<\/li>\n<li>Installation (Benutzerfreundlichkeit): Plug-and-Play-Steuereinheit f\u00fcr schnelle Einrichtung.<\/li>\n<li>Optionaler Bonus (Anpassbarkeit): Schwenkantrieb und Linearantriebssteuerung.<\/li>\n<li>Struktur (Antriebsspezifikationen): Integriert f\u00fcr reibungslose Panelmodifikation.<\/li>\n<\/ul>\n<h2 data-v-md-heading=\"technical-support\" data-v-md-line=\"32\">Technische Unterst\u00fctzung<\/h2>\n<p data-v-md-line=\"33\">Wir liefern Ihnen alles, was Sie brauchen \u2013 CAD-Dokumente, Schaltpl\u00e4ne und Datenbl\u00e4tter \u2013 f\u00fcr eine reibungslose Integration. Unsere Experten stehen Ihnen vor, w\u00e4hrend und nach der Installation zur Seite.<\/p>\n<h2 data-v-md-heading=\"conclusion\" data-v-md-line=\"35\">Abschluss<\/h2>\n<p data-v-md-line=\"36\">W\u00e4hlen Sie SolPath f\u00fcr Ihre Solar-Tracking-Projekte und profitieren Sie von markterprobten Fortschritten, robuster Technik und kundenorientierten L\u00f6sungen \u2013 f\u00fcr eine selbstbewusste und zufriedene PV-Investition.<\/p>\n<p><script src=\"chrome-extension:\/\/fpelahbljekknahkcaegamhcndkfpfnc\/iFrame.js\" type=\"text\/javascript\"><\/script><\/p>\n<p><script src=\"chrome-extension:\/\/fpelahbljekknahkcaegamhcndkfpfnc\/iFrame.js\" type=\"text\/javascript\"><\/script><\/p>","protected":false},"excerpt":{"rendered":"<p>Steigern Sie Ihren PV-Ertrag mit unserem 1-Achsen-Solartracker. Er bietet pr\u00e4zise, \u200b\u200bintelligente Sonnennachf\u00fchrung, Schutzart IP65 und einfache Fernsteuerung f\u00fcr maximale Effizienz.<\/p>\n<p><script src=\"chrome-extension:\/\/fpelahbljekknahkcaegamhcndkfpfnc\/iFrame.js\" type=\"text\/javascript\"><\/script><\/p>\n<p><script src=\"chrome-extension:\/\/fpelahbljekknahkcaegamhcndkfpfnc\/iFrame.js\" type=\"text\/javascript\"><\/script><\/p>\n<p><script src=\"chrome-extension:\/\/fpelahbljekknahkcaegamhcndkfpfnc\/iFrame.js\" type=\"text\/javascript\"><\/script><\/p>","protected":false},"featured_media":3637,"template":"","meta":{"_kad_post_transparent":"default","_kad_post_title":"","_kad_post_layout":"default","_kad_post_sidebar_id":"","_kad_post_content_style":"default","_kad_post_vertical_padding":"default","_kad_post_feature":"","_kad_post_feature_position":"","_kad_post_header":false,"_kad_post_footer":false,"_kad_post_classname":""},"product_brand":[707],"product_cat":[587,691,701],"product_tag":[738,754,709],"class_list":{"0":"post-3451","1":"product","2":"type-product","3":"status-publish","4":"has-post-thumbnail","6":"product_brand-solpath","7":"product_cat-solar-tracker-by-type","8":"product_cat-solar-tracker-by-solutions","9":"product_cat-tracker-components","10":"product_tag-1-axis","11":"product_tag-controller","12":"product_tag-solar-tracking","14":"first","15":"instock","16":"shipping-taxable","17":"product-type-simple","18":"entry","19":"content-bg","20":"loop-entry"},"_links":{"self":[{"href":"https:\/\/solartrackersystem.com\/de\/wp-json\/wp\/v2\/product\/3451","targetHints":{"allow":["GET"]}}],"collection":[{"href":"https:\/\/solartrackersystem.com\/de\/wp-json\/wp\/v2\/product"}],"about":[{"href":"https:\/\/solartrackersystem.com\/de\/wp-json\/wp\/v2\/types\/product"}],"wp:featuredmedia":[{"embeddable":true,"href":"https:\/\/solartrackersystem.com\/de\/wp-json\/wp\/v2\/media\/3637"}],"wp:attachment":[{"href":"https:\/\/solartrackersystem.com\/de\/wp-json\/wp\/v2\/media?parent=3451"}],"wp:term":[{"taxonomy":"product_brand","embeddable":true,"href":"https:\/\/solartrackersystem.com\/de\/wp-json\/wp\/v2\/product_brand?post=3451"},{"taxonomy":"product_cat","embeddable":true,"href":"https:\/\/solartrackersystem.com\/de\/wp-json\/wp\/v2\/product_cat?post=3451"},{"taxonomy":"product_tag","embeddable":true,"href":"https:\/\/solartrackersystem.com\/de\/wp-json\/wp\/v2\/product_tag?post=3451"}],"curies":[{"name":"wp","href":"https:\/\/api.w.org\/{rel}","templated":true}]}}