{"id":3444,"date":"2025-08-08T16:47:44","date_gmt":"2025-08-08T08:47:44","guid":{"rendered":"https:\/\/solartrackersystem.com\/?post_type=product&#038;p=3444"},"modified":"2025-09-08T20:48:45","modified_gmt":"2025-09-08T12:48:45","slug":"horizontal-single-axis-commercial-horizontal-axis-tracker","status":"publish","type":"product","link":"https:\/\/solartrackersystem.com\/de\/horizontal-single-axis-commercial-horizontal-axis-tracker\/","title":{"rendered":"Horizontale Einzelachse: Kommerzieller Horizontalachsen-Tracker"},"content":{"rendered":"<p data-v-md-line=\"4\">Holen Sie mit unserem kommerziellen Horizontalachsen-Tracker die au\u00dfergew\u00f6hnliche Leistung jedes Moduls heraus. Er wurde speziell daf\u00fcr entwickelt, die Solarausbeute zu optimieren, die Betriebskosten zu senken und sich an die h\u00e4rtesten Au\u00dfenbedingungen anzupassen.<\/p>\n<h2 data-v-md-heading=\"features-and-benefits\" data-v-md-line=\"6\">Eigenschaften und Vorteile<\/h2>\n<ul data-v-md-line=\"7\">\n<li>Astronomischer Tracking-Algorithmus: Beobachtet das Sonnenlicht wie ein Falke und h\u00e4lt Ihre PV-Anlagen den ganzen Tag \u00fcber perfekt ausgerichtet. Dies bedeutet mehr kommerzielle Energieerzeugung und weniger Leistungsverlust.<\/li>\n<li>Einzigartiger Backtracking-Algorithmus: Vermeidet kostspielige Abschirmungen zwischen den Reihen. Sie erzielen konstant hohe Ertr\u00e4ge und eine l\u00e4ngere Lebensdauer der Ger\u00e4te \u2013 auch bei dichtem Bewuchs m\u00fcssen Sie nicht mit der Sonne mithalten.<\/li>\n<li>Robuste, korrosionsbest\u00e4ndige Struktur: Die aus feuerverzinktem Q235-Stahl gefertigte Struktur ist korrosionsbest\u00e4ndig und h\u00e4lt jahrelanger starker Beanspruchung stand. Machen Sie sich keine Sorgen mehr um die Integrit\u00e4t der gew\u00fcnschten Websites.<\/li>\n<li>Windbest\u00e4ndiges Design: Bei drohendem starkem Wind wird Ihr Tracker sofort zusammengedr\u00fcckt und sch\u00fctzt so sowohl das System als auch Ihre Investition vor unerwarteten B\u00f6en.<\/li>\n<li>Gro\u00dfe Temperaturtoleranz: Dieser Tracker ist f\u00fcr Temperaturen von eisigen -40 \u00b0C bis zu sengenden +70 \u00b0C ausgelegt und bleibt in allen Klimazonen und Jahreszeiten stabil.<\/li>\n<li>Fern\u00fcberwachung und -steuerung: Aus dem Blickfeld bedeutet nicht aus dem Sinn. Sie k\u00f6nnen Ihre Tracker \u00fcber RS485-MODBUS von einem anderen Standort aus \u00fcberwachen, verbessern oder aktualisieren \u2013 auch drahtlos.<\/li>\n<li>IP65-Schutz: Dieses System ist begrenzt gegen Schmutz und Wasser abgedichtet und eignet sich hervorragend f\u00fcr den harten Au\u00dfeneinsatz und Bereiche mit hoher Luftfeuchtigkeit.<\/li>\n<li>Pr\u00e4zise Positionierung: Arbeitet mit einer Tracking-Genauigkeit von \u2264 1\u00b0 und garantiert, dass Ihre Panels jeden m\u00f6glichen Strahl aufnehmen.<\/li>\n<li>Wartungsfreundlich: Effizientes Design und eine lange Systemlebensdauer von \u00fcber 25 Jahren bedeuten, dass Sie viel weniger Zeit vor Ort investieren und mehr Zeit damit verbringen, regelm\u00e4\u00dfige Ergebnisse zu erzielen.<\/li>\n<\/ul>\n<h2 data-v-md-heading=\"wide-applications\" data-v-md-line=\"17\">Breite Anwendungen<\/h2>\n<p data-v-md-line=\"18\">Dieser Solartracker eignet sich hervorragend f\u00fcr kommerzielle Solarparks, bodenmontierte Solarprojekte und PV-Anlagen im Versorgungsma\u00dfstab \u2013 insbesondere f\u00fcr Standorte, die einen maximalen Energieertrag, Schutz vor extremen Einfl\u00fcssen oder eine dichte Panelanordnung erfordern.<\/p>\n<h2 data-v-md-heading=\"specifications\" data-v-md-line=\"20\">Technische Daten<\/h2>\n<ul data-v-md-line=\"21\">\n<li>Mechanisch (Tracking-Art, Tragf\u00e4higkeit, Wind-\/Schneeverlauf, Abmessungen, Gewicht, Material, Lebensdauer): Horizontale Einzelachse; Strebe aus feuerverzinktem Q235-Stahl; einstellbare Neigung; geplante Lebensdauer \u00fcber 25 Jahre.<\/li>\n<li>Elektrik (Motortyp und -leistung, Stromverbrauch, Spannungsbereich, Neigungsanordnung, Nachf\u00fchrgeschwindigkeit, R\u00fccklauferh\u00f6hung): Eingang Klimaanlage 220 V 50\/60 Hz; Stromverbrauch \u2264 0,25 kWh; Nachf\u00fchrbereich -45 \u00b0 bis +45 \u00b0; Genauigkeit \u2264 1 \u00b0;<br \/>\nNeigungswinkel 0 \u00b0.- Umgebungsbedingungen (Betriebstemperatur, IP-Schutzart, Feuchtigkeit, UV- und Alterungsbest\u00e4ndigkeit): -40 \u00b0C bis +70 \u00b0C; IP65 Schmutz- und Wasserbest\u00e4ndigkeit; korrosionsbest\u00e4ndige Struktur.<\/li>\n<li>Leistung (Energieschub vs. versorgt, MTBF, Integrit\u00e4t (% Betriebszeit), Fehlereinstellungen): Verbessertes Leistungsergebnis mit Backtracking-Algorithmus; stabil \u00fcber 25 Jahre Betriebslebensdauer.<\/li>\n<li>Kommunikation (Protokolle (Modbus, TCP\/IP, MQTT), Remote-Debugging, OTA-Upgrade, API-Zugriff): RS485-MODBUS-Anforderung; GPS-Positionierung und Wireless-\/OTA-Upgrades optional.<\/li>\n<li>Sicherheit und Zertifizierungen (IEC-Anforderungen, CE\/UL\/ROHS, Sicherheitsverriegelungen, Blitzschutz): CE-, CQC-, ISO9001-, ISO14001-, OHSAS18001-Lizenz.<\/li>\n<li>Garantie und Service (Garantiedauer, Leistungsgarantie, Ersatzteilpaket, Schulung, Servicevertr\u00e4ge): Garantieinformationen gem\u00e4\u00df Vertrag; Alternativen f\u00fcr zus\u00e4tzliche Teile und erweiterte L\u00f6sungen.<\/li>\n<li>Optionale Extras (Halterungen, Fundaments\u00e4tze, Batterie-Backup, Reinigungsroboter, Blitzableiter): Anpassbare Halterung, Fernerkundungseinheiten, GPS-Modul, kabelloses Upgrade.<\/li>\n<\/ul>\n<h2 data-v-md-heading=\"technical-support\" data-v-md-line=\"30\">Technische Unterst\u00fctzung<\/h2>\n<p data-v-md-line=\"31\">Wir bieten umfassende technische Unterst\u00fctzung, einschlie\u00dflich CAD-Designs, Datenbl\u00e4ttern und elektrischen Schaltpl\u00e4nen, um eine reibungslose Integration in Ihre Aufgabe zu gew\u00e4hrleisten.<\/p>\n<h2 data-v-md-heading=\"conclusion\" data-v-md-line=\"33\">Abschluss<\/h2>\n<p data-v-md-line=\"34\">Wenn Sie sich f\u00fcr SolPath entscheiden, entscheiden Sie sich f\u00fcr marktf\u00fchrende Qualit\u00e4t, Fortschritt und Integrit\u00e4t.<\/p>\n<p><script src=\"chrome-extension:\/\/fpelahbljekknahkcaegamhcndkfpfnc\/iFrame.js\" type=\"text\/javascript\"><\/script><\/p>\n<p><script src=\"chrome-extension:\/\/fpelahbljekknahkcaegamhcndkfpfnc\/iFrame.js\" type=\"text\/javascript\"><\/script><\/p>\n<p><script src=\"chrome-extension:\/\/fpelahbljekknahkcaegamhcndkfpfnc\/iFrame.js\" type=\"text\/javascript\"><\/script><\/p>","protected":false},"excerpt":{"rendered":"<p>Erzielen Sie Spitzenleistung mit unserem kommerziellen Horizontal-Tracker. Er maximiert die Solarertr\u00e4ge, senkt die Kosten und passt sich den h\u00e4rtesten Au\u00dfenbedingungen an.<\/p>\n<p><script src=\"chrome-extension:\/\/fpelahbljekknahkcaegamhcndkfpfnc\/iFrame.js\" type=\"text\/javascript\"><\/script><\/p>\n<p><script src=\"chrome-extension:\/\/fpelahbljekknahkcaegamhcndkfpfnc\/iFrame.js\" type=\"text\/javascript\"><\/script><\/p>\n<p><script src=\"chrome-extension:\/\/fpelahbljekknahkcaegamhcndkfpfnc\/iFrame.js\" type=\"text\/javascript\"><\/script><\/p>","protected":false},"featured_media":3515,"template":"","meta":{"_kad_post_transparent":"default","_kad_post_title":"","_kad_post_layout":"default","_kad_post_sidebar_id":"","_kad_post_content_style":"default","_kad_post_vertical_padding":"default","_kad_post_feature":"","_kad_post_feature_position":"","_kad_post_header":false,"_kad_post_footer":false,"_kad_post_classname":""},"product_brand":[707],"product_cat":[587,695,680,684,691],"product_tag":[726,750,730],"class_list":{"0":"post-3444","1":"product","2":"type-product","3":"status-publish","4":"has-post-thumbnail","6":"product_brand-solpath","7":"product_cat-solar-tracker-by-type","8":"product_cat-commercial-tracker","9":"product_cat-single-axis-tracker","10":"product_cat-smart-tracker","11":"product_cat-solar-tracker-by-solutions","12":"product_tag-commercial","13":"product_tag-horizontal-axis","14":"product_tag-tracker","16":"first","17":"instock","18":"shipping-taxable","19":"product-type-simple","20":"entry","21":"content-bg","22":"loop-entry"},"_links":{"self":[{"href":"https:\/\/solartrackersystem.com\/de\/wp-json\/wp\/v2\/product\/3444","targetHints":{"allow":["GET"]}}],"collection":[{"href":"https:\/\/solartrackersystem.com\/de\/wp-json\/wp\/v2\/product"}],"about":[{"href":"https:\/\/solartrackersystem.com\/de\/wp-json\/wp\/v2\/types\/product"}],"wp:featuredmedia":[{"embeddable":true,"href":"https:\/\/solartrackersystem.com\/de\/wp-json\/wp\/v2\/media\/3515"}],"wp:attachment":[{"href":"https:\/\/solartrackersystem.com\/de\/wp-json\/wp\/v2\/media?parent=3444"}],"wp:term":[{"taxonomy":"product_brand","embeddable":true,"href":"https:\/\/solartrackersystem.com\/de\/wp-json\/wp\/v2\/product_brand?post=3444"},{"taxonomy":"product_cat","embeddable":true,"href":"https:\/\/solartrackersystem.com\/de\/wp-json\/wp\/v2\/product_cat?post=3444"},{"taxonomy":"product_tag","embeddable":true,"href":"https:\/\/solartrackersystem.com\/de\/wp-json\/wp\/v2\/product_tag?post=3444"}],"curies":[{"name":"wp","href":"https:\/\/api.w.org\/{rel}","templated":true}]}}