{"id":3432,"date":"2025-08-08T16:40:02","date_gmt":"2025-08-08T08:40:02","guid":{"rendered":"https:\/\/solartrackersystem.com\/?post_type=product&#038;p=3432"},"modified":"2025-09-08T20:44:47","modified_gmt":"2025-09-08T12:44:47","slug":"single-axis-20p-20-panel-1-axis-solar-tracking-system","status":"publish","type":"product","link":"https:\/\/solartrackersystem.com\/de\/single-axis-20p-20-panel-1-axis-solar-tracking-system\/","title":{"rendered":"Single Axis-20P: 20-Panel-1-Achsen-Solar-Tracking-System"},"content":{"rendered":"<p data-v-md-line=\"4\">Erzielen Sie mit unserem Single Axis-20P Solar-Nachf\u00fchrsystem bis zu 30 % mehr Energieertrag aus Ihrer Solaranlage. Dieses robuste 20-Panel-System ist f\u00fcr die einachsige Nachf\u00fchrung konzipiert und richtet Ihre Module mit dem Sonnenlicht aus, um auch bei schwierigen Au\u00dfenbedingungen optimale Leistung zu erzielen.<\/p>\n<h2 data-v-md-heading=\"features-and-benefits\" data-v-md-line=\"6\">Eigenschaften und Vorteile<\/h2>\n<ul data-v-md-line=\"7\">\n<li>Hochpr\u00e4zise 1-Achsen-Solarnachf\u00fchrung: Unsere teure Formel stellt sicher, dass Ihre Module dem Sonnenlicht mit einer Genauigkeit von \u2264 1\u00b0 folgen, wodurch die Stromabgabe und der Ertrag gesteigert werden.<\/li>\n<li>Robuste Konstruktion: Der Rahmen besteht aus feuerverzinktem Q235-Stahl f\u00fcr h\u00f6chste Widerstandsf\u00e4higkeit gegen Verfall \u2013 konstruiert f\u00fcr einen 25-j\u00e4hrigen Einsatz im Au\u00dfenbereich.<\/li>\n<li>Optimiert f\u00fcr den Einsatz mit 20 Panelen: Unterst\u00fctzt Panele (250\u2013300 W, 1650 x 992 mm) auf einer Halterungsfl\u00e4che von 33 m\u00b2 und bietet einen anpassbaren Stil f\u00fcr verschiedene Website-Designs.<\/li>\n<li>Verbesserte Windbest\u00e4ndigkeit: Entwickelt, um Windgeschwindigkeiten von bis zu 17 m\/s standzuhalten, mit optionalem Windschutz.<\/li>\n<li>Konstant hohe Leistung: Bietet einen Energieanstieg von 15\u201330 % im Vergleich zur Reparaturinstallation und maximiert so den Ertrag Ihres Auftrags.<\/li>\n<li>Pr\u00e4zise und effektive Steuerung: Der Neigungswinkel betr\u00e4gt 20\u00b0, mit einem Nachf\u00fchrbereich von -45\u00b0 bis +45\u00b0 f\u00fcr zuverl\u00e4ssige, saisonabh\u00e4ngige Leistung.<\/li>\n<li>Geringe Betriebskosten: Verbraucht \u2264 0,25 kWh und sorgt gleichzeitig f\u00fcr konstante Bewegung und Stabilit\u00e4t.<\/li>\n<li>Zertifizierter Komfort: Entspricht den Anforderungen von CE, CQC, ISO9001, ISO14001 und OHSAS18001, um Sicherheit und Qualit\u00e4t zu gew\u00e4hrleisten.<\/li>\n<li>Bereit f\u00fcr die Fern\u00fcberwachung: Ausgestattet mit einer RS485-MODBUS-Schnittstelle zur Integration in moderne Solaranlagen-Managementsysteme.<\/li>\n<\/ul>\n<h2 data-v-md-heading=\"wide-applications\" data-v-md-line=\"17\">Breite Anwendungen<\/h2>\n<p data-v-md-line=\"18\">Dieses einachsige Solar-Nachf\u00fchrsystem eignet sich ideal f\u00fcr Freifl\u00e4chen-Solaranlagen, PV-Anlagen im Gro\u00dfanlagenma\u00dfstab und gewerbliche Dachanlagen, bei denen es auf die optimale Ausnutzung des t\u00e4glichen Ertrags ankommt. Dank seiner robusten Konstruktion und der pr\u00e4zisen Nachf\u00fchrbarkeit eignet es sich perfekt f\u00fcr unterschiedliche Klimazonen \u2013 von W\u00fcsten bis hin zu windreichen Regionen.<\/p>\n<h2 data-v-md-heading=\"specifications\" data-v-md-line=\"20\">Technische Daten<\/h2>\n<ul data-v-md-line=\"21\">\n<li>Mechanisch (Nachf\u00fchrtyp, Tragf\u00e4higkeit, Wind-\/Schneeklasse, Abmessungen, Gewicht, Produkt, Lagerlebensdauer): 1-achsige Nachf\u00fchrung, 20-Panel-Kapazit\u00e4t (je 250 \u2013 300 W), Panelabmessung: 1650 x 992 mm, Halterungsbereich: 33 m ZWEI, Q235-Stahl mit Feuerverzinkung, ca. 500 kg, geplante Lebensdauer: 25 Jahre<\/li>\n<li>Elektrisch (Motorart &amp; -leistung, Stromverbrauch, Spannungsbereich, Neigungswinkel, Nachf\u00fchrrate, Return Boost): Stromverbrauch \u2264 0,25 kWh, Neigungswinkel 20\u00b0, Nachf\u00fchrbereich -45\u00b0 bis +45\u00b0, Ertragssteigerung 15\u201330 %.<\/li>\n<li>Umgebungsbedingungen (Betriebstemperatur, IP-Schutzart, Feuchtigkeits-, UV- und Korrosionsbest\u00e4ndigkeit): Betrieb von -40 \u00b0C bis +70 \u00b0C, Korrosionsschutz durch Feuerverzinkung.<\/li>\n<li>Leistung (Energiesteigerung gegen\u00fcber fest, MTBF, Zuverl\u00e4ssigkeit (% Betriebszeit), Fehlereinstellungen): Energiesteigerung 15 \u2013 30 % gegen\u00fcber fest.<\/li>\n<li>Kommunikation (Protokolle (Modbus, TCP\/IP, MQTT), Remote-Debugging, OTA-Upgrade, API-Zugriff): RS485-MODBUS-Verfahren zur Verfolgung und Steuerung.<\/li>\n<li>Sicherheit und Zertifizierungen (IEC-Anforderungen, CE\/UL\/ROHS, Sicherheitsverriegelungen, Blitzschutz): CE, CQC, ISO9001, ISO14001, OHSAS18001 akkreditiert.<\/li>\n<\/ul>\n<h2 data-v-md-heading=\"technical-support\" data-v-md-line=\"28\">Technische Unterst\u00fctzung<\/h2>\n<p data-v-md-line=\"29\">Wir unterst\u00fctzen Ihre Arbeit bei jedem Schritt und liefern ausf\u00fchrliche CAD-Versionen, Datenbl\u00e4tter und Schaltkreisdarstellungen f\u00fcr eine reibungslose und einfache Integration.<\/p>\n<h2 data-v-md-heading=\"conclusion\" data-v-md-line=\"31\">Abschluss<\/h2>\n<p data-v-md-line=\"32\">Wenn Sie sich f\u00fcr SolPath entscheiden, erwerben Sie nicht nur einen leistungsstarken Solartracker, sondern auch jahrelange Designqualit\u00e4t und engagierten Service, der auf Ihren langfristigen Erfolg ausgerichtet ist.<\/p>\n<p><script src=\"chrome-extension:\/\/fpelahbljekknahkcaegamhcndkfpfnc\/iFrame.js\" type=\"text\/javascript\"><\/script><\/p>\n<p><script src=\"chrome-extension:\/\/fpelahbljekknahkcaegamhcndkfpfnc\/iFrame.js\" type=\"text\/javascript\"><\/script><\/p>\n<p><script src=\"chrome-extension:\/\/fpelahbljekknahkcaegamhcndkfpfnc\/iFrame.js\" type=\"text\/javascript\"><\/script><\/p>\n<p><script src=\"chrome-extension:\/\/fpelahbljekknahkcaegamhcndkfpfnc\/iFrame.js\" type=\"text\/javascript\"><\/script><\/p>","protected":false},"excerpt":{"rendered":"<p>Maximieren Sie Ihre Solarinvestition mit dem Single Axis-20P. Dieser robuste 1-Achsen-Tracker mit 20 Panelen steigert den Energieertrag in jeder Umgebung um bis zu 30 %.<\/p>\n<p><script src=\"chrome-extension:\/\/fpelahbljekknahkcaegamhcndkfpfnc\/iFrame.js\" type=\"text\/javascript\"><\/script><\/p>\n<p><script src=\"chrome-extension:\/\/fpelahbljekknahkcaegamhcndkfpfnc\/iFrame.js\" type=\"text\/javascript\"><\/script><\/p>\n<p><script src=\"chrome-extension:\/\/fpelahbljekknahkcaegamhcndkfpfnc\/iFrame.js\" type=\"text\/javascript\"><\/script><\/p>","protected":false},"featured_media":3487,"template":"","meta":{"_kad_post_transparent":"default","_kad_post_title":"","_kad_post_layout":"default","_kad_post_sidebar_id":"","_kad_post_content_style":"default","_kad_post_vertical_padding":"default","_kad_post_feature":"","_kad_post_feature_position":"","_kad_post_header":false,"_kad_post_footer":false,"_kad_post_classname":""},"product_brand":[707],"product_cat":[587,695,680,691],"product_tag":[738,731,709],"class_list":{"0":"post-3432","1":"product","2":"type-product","3":"status-publish","4":"has-post-thumbnail","6":"product_brand-solpath","7":"product_cat-solar-tracker-by-type","8":"product_cat-commercial-tracker","9":"product_cat-single-axis-tracker","10":"product_cat-solar-tracker-by-solutions","11":"product_tag-1-axis","12":"product_tag-20-panel","13":"product_tag-solar-tracking","15":"first","16":"instock","17":"shipping-taxable","18":"product-type-simple","19":"entry","20":"content-bg","21":"loop-entry"},"_links":{"self":[{"href":"https:\/\/solartrackersystem.com\/de\/wp-json\/wp\/v2\/product\/3432","targetHints":{"allow":["GET"]}}],"collection":[{"href":"https:\/\/solartrackersystem.com\/de\/wp-json\/wp\/v2\/product"}],"about":[{"href":"https:\/\/solartrackersystem.com\/de\/wp-json\/wp\/v2\/types\/product"}],"wp:featuredmedia":[{"embeddable":true,"href":"https:\/\/solartrackersystem.com\/de\/wp-json\/wp\/v2\/media\/3487"}],"wp:attachment":[{"href":"https:\/\/solartrackersystem.com\/de\/wp-json\/wp\/v2\/media?parent=3432"}],"wp:term":[{"taxonomy":"product_brand","embeddable":true,"href":"https:\/\/solartrackersystem.com\/de\/wp-json\/wp\/v2\/product_brand?post=3432"},{"taxonomy":"product_cat","embeddable":true,"href":"https:\/\/solartrackersystem.com\/de\/wp-json\/wp\/v2\/product_cat?post=3432"},{"taxonomy":"product_tag","embeddable":true,"href":"https:\/\/solartrackersystem.com\/de\/wp-json\/wp\/v2\/product_tag?post=3432"}],"curies":[{"name":"wp","href":"https:\/\/api.w.org\/{rel}","templated":true}]}}