{"id":3427,"date":"2025-08-08T16:39:54","date_gmt":"2025-08-08T08:39:54","guid":{"rendered":"https:\/\/solartrackersystem.com\/?post_type=product&#038;p=3427"},"modified":"2025-09-08T20:42:23","modified_gmt":"2025-09-08T12:42:23","slug":"dual-axis-18p-18-panel-dual-axis-tracker-ground-mount","status":"publish","type":"product","link":"https:\/\/solartrackersystem.com\/de\/dual-axis-18p-18-panel-dual-axis-tracker-ground-mount\/","title":{"rendered":"Dual Axis-18P: 18-Panel-Doppelachsen-Tracker-Bodenmontage"},"content":{"rendered":"<p data-v-md-line=\"4\">Holen Sie mit dem Dual Axis-18P Tracker den maximalen Ertrag aus Ihrer Freifl\u00e4chen-Solaranlage. Indem Sie dem Sonnenlicht \u00fcber beide Achsen folgen, gewinnen Sie zus\u00e4tzliche Energie, steigern Ihren ROI und profitieren t\u00e4glich von der zuverl\u00e4ssigen Bedienung.<\/p>\n<h2 data-v-md-heading=\"features-and-benefits\" data-v-md-line=\"6\">Eigenschaften und Vorteile<\/h2>\n<ul data-v-md-line=\"7\">\n<li>Zweiachsige Pr\u00e4zisionsverfolgung: Erzielen Sie eine um 20\u201340 % h\u00f6here Stromerzeugung als herk\u00f6mmliche Systeme, da Ihre Paneele durch pr\u00e4zise Azimut- und Elevationsaktivit\u00e4t von der Morgend\u00e4mmerung bis zur Abendd\u00e4mmerung direkt dem Sonnenlicht ausgesetzt sind.<\/li>\n<li>Robuste Konstruktion: Hergestellt aus hochwertigem Q235-Stahl mit Feuerverzinkung f\u00fcr gepr\u00fcfte Robustheit und bemerkenswerte Rostbest\u00e4ndigkeit in rauen Au\u00dfenumgebungen.<\/li>\n<li>Gro\u00dfer Nachf\u00fchrbereich: Azimutbewegung von -120\u00b0 bis +120\u00b0, H\u00f6he von 0\u00b0 bis 60\u00b0, sorgt f\u00fcr optimale Sonneneinstrahlung in jeder Periode.<\/li>\n<li>Hohe Tragf\u00e4higkeit: Sicherer Halt f\u00fcr 18 Paneele pro Bereich mit einer robusten Strebenkonstruktion mit einer Ausdehnung von 30 m2 und einem Systemgewicht von \u2265 800 kg.<\/li>\n<li>Zuverl\u00e4ssige Leistung: Die Tracker-Pr\u00e4zision von \u2264 1 \u00b0 gew\u00e4hrleistet gleichbleibende Effizienz und eine Lebensdauer von \u00fcber 25 Jahren f\u00fcr dauerhafte Sorgenfreiheit.<\/li>\n<li>Fern\u00fcberwachung: Die standardm\u00e4\u00dfige RS485-MODBUS-Benutzeroberfl\u00e4che erm\u00f6glicht eine nahtlose Interaktion f\u00fcr die Echtzeit-\u00dcberwachung des Zustands und die Ferndiagnose.<\/li>\n<li>Allwetter-Betriebsbereich: Funktioniert erfolgreich von -40 \u00b0C bis +70 \u00b0C mit eingebauter Windbest\u00e4ndigkeit und optionalem Windschutz.<\/li>\n<\/ul>\n<h2 data-v-md-heading=\"wide-applications\" data-v-md-line=\"15\">Breite Anwendungen<\/h2>\n<p data-v-md-line=\"16\">Dieser fortschrittliche zweiachsige Tracker eignet sich optimal f\u00fcr Solarfarmen auf dem Boden, PV-Anlagen im Versorgungsma\u00dfstab, gel\u00e4ndeadaptive Arrays und schwierige Umgebungen, in denen maximales Sonnenlicht und hohe Effizienz entscheidend sind.<\/p>\n<h2 data-v-md-heading=\"specifications\" data-v-md-line=\"18\">Technische Daten<\/h2>\n<ul data-v-md-line=\"19\">\n<li>Mechanisch (Nachf\u00fchrart, Tragf\u00e4higkeit, Wind-\/Schneeklasse, Abmessungen, Gewicht, Produkt, Lagerlebensdauer): Doppelachse, 18 Paneele, Windgeschwindigkeit bis 17 m\/s, St\u00fctzfl\u00e4che 30 m\u00b2, Gewicht \u2265 800 kg, Q235-Stahl, feuerverzinkt, Lebensdauer der Anlage \u2265 25 Jahre.<\/li>\n<li>Elektrisch (Motorart und -leistung, Stromverbrauch, Spannungsbereich, Neigungsbereich, Nachf\u00fchrgeschwindigkeit, Ertragssteigerung): Stromaufnahme \u2264 0,5 kWh\/Tag, Azimutnachf\u00fchrung \u2212 120 \u00b0 \u2013 +120 \u00b0, H\u00f6he 0 \u00b0-60 \u00b0, Ertragssteigerung 20-40 % gegen\u00fcber dem Normalbetrieb.<\/li>\n<li>Umgebungsbedingungen (Betriebstemperatur, IP-Schutzart, Feuchtigkeit, UV- und Korrosionsbest\u00e4ndigkeit): Betrieb von \u221240 \u00b0C bis +70 \u00b0C, Feuerverzinkung f\u00fcr Korrosionsbest\u00e4ndigkeit.<\/li>\n<li>Leistung (Energiesteigerung im Vergleich zum Standard, MTBF, Zuverl\u00e4ssigkeit (% Betriebszeit), Fehlereinstellungen): Energiesteigerung 20\u201340 % im Vergleich zum Standard.<\/li>\n<li>Kommunikation (Protokolle (Modbus, TCP\/IP, MQTT), Remote-Debugging, OTA-Upgrade, API-Zugriff): RS485-MODBUS-Gemeinschaftsschnittstelle f\u00fcr Fern\u00fcberwachung.<\/li>\n<li>Sicherheit und Zertifizierungen (IEC-Anforderungen, CE\/UL\/ROHS, Sicherheitsverriegelungen, Blitzschutz): CE-, CQC-, ISO9001-, ISO14001-, OHSAS18001-Zertifizierungen.<\/li>\n<li>Garantie &amp; Service (Garantiedauer, Leistungsgarantie, Ersatzteilpaket, Schulung, Servicevertr\u00e4ge): Nicht angegeben.<\/li>\n<li>Optionale Extras (Halterungen, Fundaments\u00e4tze, Batterie-Backup, Reinigungsroboter, Blitzableiter): Windschutzfunktionen angeboten.<\/li>\n<\/ul>\n<h2 data-v-md-heading=\"technical-support\" data-v-md-line=\"28\">Technische Unterst\u00fctzung<\/h2>\n<p data-v-md-line=\"29\">Wir bieten umfassende technische Unterst\u00fctzung, einschlie\u00dflich CAD-Modellen, Datenbl\u00e4ttern und Schaltpl\u00e4nen, um eine reibungslose Integration in Ihr Projekt zu gew\u00e4hrleisten.<\/p>\n<h2 data-v-md-heading=\"conclusion\" data-v-md-line=\"31\">Abschluss<\/h2>\n<p data-v-md-line=\"32\">Wenn Sie sich f\u00fcr SolPath entscheiden, entscheiden Sie sich f\u00fcr marktf\u00fchrende Spitzenqualit\u00e4t, Entwicklung und Zuverl\u00e4ssigkeit.<\/p>\n<p><script src=\"chrome-extension:\/\/fpelahbljekknahkcaegamhcndkfpfnc\/iFrame.js\" type=\"text\/javascript\"><\/script><\/p>\n<p><script src=\"chrome-extension:\/\/fpelahbljekknahkcaegamhcndkfpfnc\/iFrame.js\" type=\"text\/javascript\"><\/script><\/p>\n<p><script src=\"chrome-extension:\/\/fpelahbljekknahkcaegamhcndkfpfnc\/iFrame.js\" type=\"text\/javascript\"><\/script><\/p>","protected":false},"excerpt":{"rendered":"<p>Nutzen Sie das Maximum an Sonnenenergie. Die Bodenhalterung Dual Axis-18P folgt der Sonne auf beiden Achsen und steigert so den Ertrag im Vergleich zu festen Systemen um 20\u201340 % \u2013 f\u00fcr einen h\u00f6heren ROI.<\/p>\n<p><script src=\"chrome-extension:\/\/fpelahbljekknahkcaegamhcndkfpfnc\/iFrame.js\" type=\"text\/javascript\"><\/script><\/p>\n<p><script src=\"chrome-extension:\/\/fpelahbljekknahkcaegamhcndkfpfnc\/iFrame.js\" type=\"text\/javascript\"><\/script><\/p>","protected":false},"featured_media":3546,"template":"","meta":{"_kad_post_transparent":"default","_kad_post_title":"","_kad_post_layout":"default","_kad_post_sidebar_id":"","_kad_post_content_style":"default","_kad_post_vertical_padding":"default","_kad_post_feature":"","_kad_post_feature_position":"","_kad_post_header":false,"_kad_post_footer":false,"_kad_post_classname":""},"product_brand":[707],"product_cat":[587,695,681,692,691],"product_tag":[711,721,730],"class_list":{"0":"post-3427","1":"product","2":"type-product","3":"status-publish","4":"has-post-thumbnail","6":"product_brand-solpath","7":"product_cat-solar-tracker-by-type","8":"product_cat-commercial-tracker","9":"product_cat-dual-axis-tracker","10":"product_cat-ground-mount-tracker","11":"product_cat-solar-tracker-by-solutions","12":"product_tag-dual-axis","13":"product_tag-ground-mount","14":"product_tag-tracker","16":"first","17":"instock","18":"shipping-taxable","19":"product-type-simple","20":"entry","21":"content-bg","22":"loop-entry"},"_links":{"self":[{"href":"https:\/\/solartrackersystem.com\/de\/wp-json\/wp\/v2\/product\/3427","targetHints":{"allow":["GET"]}}],"collection":[{"href":"https:\/\/solartrackersystem.com\/de\/wp-json\/wp\/v2\/product"}],"about":[{"href":"https:\/\/solartrackersystem.com\/de\/wp-json\/wp\/v2\/types\/product"}],"wp:featuredmedia":[{"embeddable":true,"href":"https:\/\/solartrackersystem.com\/de\/wp-json\/wp\/v2\/media\/3546"}],"wp:attachment":[{"href":"https:\/\/solartrackersystem.com\/de\/wp-json\/wp\/v2\/media?parent=3427"}],"wp:term":[{"taxonomy":"product_brand","embeddable":true,"href":"https:\/\/solartrackersystem.com\/de\/wp-json\/wp\/v2\/product_brand?post=3427"},{"taxonomy":"product_cat","embeddable":true,"href":"https:\/\/solartrackersystem.com\/de\/wp-json\/wp\/v2\/product_cat?post=3427"},{"taxonomy":"product_tag","embeddable":true,"href":"https:\/\/solartrackersystem.com\/de\/wp-json\/wp\/v2\/product_tag?post=3427"}],"curies":[{"name":"wp","href":"https:\/\/api.w.org\/{rel}","templated":true}]}}