{"id":3424,"date":"2025-08-08T16:13:35","date_gmt":"2025-08-08T08:13:35","guid":{"rendered":"https:\/\/solartrackersystem.com\/?post_type=product&#038;p=3424"},"modified":"2025-09-08T20:59:11","modified_gmt":"2025-09-08T12:59:11","slug":"single-axis-complete-solar-tracker-kit","status":"publish","type":"product","link":"https:\/\/solartrackersystem.com\/de\/single-axis-complete-solar-tracker-kit\/","title":{"rendered":"Einzelachse: Komplettes Einzelachsen-Solartracker-Kit"},"content":{"rendered":"<p data-v-md-line=\"4\">Erzielen Sie h\u00f6here Ertr\u00e4ge und einen reibungslosen Betrieb \u2013 unser Single Axis: Complete Single Axis Solar Tracker Kit bringt innovative Solarnachf\u00fchrung in Ihre Anlage und holt mit robuster Zuverl\u00e4ssigkeit mehr Leistung aus jedem Modul. Erleben Sie den Unterschied, den intelligente Positionierung, robustes Design und nahtlose Integration f\u00fcr Ihre Solaranlage ausmachen.<\/p>\n<h2 data-v-md-heading=\"features-and-benefits\" data-v-md-line=\"6\">Eigenschaften und Vorteile<\/h2>\n<ul data-v-md-line=\"7\">\n<li>Pr\u00e4zisionssteuerungssystem: Sie erhalten eine \u00e4u\u00dferst zuverl\u00e4ssige Sonnennachf\u00fchrung mit intelligenten, teuren Formeln und Feedback der Positionssensoreinheit \u2013 f\u00fcr eine noch gleichm\u00e4\u00dfigere, verbesserte Stromerzeugung, auch auf schwierigem Untergrund.<\/li>\n<li>Robuste Konstruktion: Dieses aus hochwertigem Q235B\/Q355B-Stahl gefertigte und durch Feuerverzinkung gesicherte Set ist rostbest\u00e4ndig und widersteht anspruchsvollen Au\u00dfenbedingungen, sodass eine Lebensdauer von \u00fcber 25 Jahren gew\u00e4hrleistet ist.<\/li>\n<li>Vielseitige Stromversorgung: Profitieren Sie von einer anpassbaren Installation mit Unterst\u00fctzung f\u00fcr Klimaanlagen, Strings oder Optionen zur Selbstversorgung mit Solarenergie und Batterie \u2013 so k\u00f6nnen Sie diesen Solartracker \u00fcberall auf der Welt am Netz oder unabh\u00e4ngig davon einsetzen.<\/li>\n<li>Erweiterter Aktuatorschutz: Integrierter Sanftanlauf, \u00dcberlastungsvermeidung und \u00c4nderungen der Softwareanwendungs- und Ger\u00e4tegrenzwerte sch\u00fctzen Ihr System vor Fehlerproblemen \u2013 f\u00fcr mehr Sicherheit und weniger Ausfallzeiten.<\/li>\n<li>M\u00fchelose Fern\u00fcberwachung und -upgrades: Nahtlose SCADA-Kompatibilit\u00e4t, WiFi\/4G\/LoRa\/ZigBee-Konnektivit\u00e4t, kabellose Upgrades und One-Touch-Debugging machen Echtzeitbetrieb, Wartung und Updates unkompliziert \u2013 auch aus der Ferne.<\/li>\n<li>Intelligente Anpassungsf\u00e4higkeit an jedes Wetter: Anti-Schatten- und R\u00fcckverfolgungsformeln, automatische Schnee- und Regenmodi sowie Starkwindroutinen verbessern die Betriebszeit und den Stromertrag in jeder Jahreszeit.<\/li>\n<li>Branchenf\u00fchrende Garantie: 5 Jahre systemweiter Schutz und ein Jahrzehnt auf das Stahlger\u00fcst unterstreichen unser Vertrauen in dauerhafte Zuverl\u00e4ssigkeit.<\/li>\n<\/ul>\n<h2 data-v-md-heading=\"wide-applications\" data-v-md-line=\"15\">Breite Anwendungen<\/h2>\n<p data-v-md-line=\"16\">Dieses einachsige Solartracker-Kit eignet sich hervorragend f\u00fcr bodenmontierte PV-Anlagen im Versorgungsma\u00dfstab, C&amp;I-Solarbereiche, Agrivoltaik, das Testen von W\u00fcstenlandschaften, feuchten oder K\u00fcstengebieten und \u00fcberall dort, wo eine pr\u00e4zise Solarnachf\u00fchrung h\u00f6here Renditen aus Ihrer Finanzinvestition erm\u00f6glicht.<\/p>\n<h2 data-v-md-heading=\"specifications\" data-v-md-line=\"18\">Technische Daten<\/h2>\n<ul data-v-md-line=\"19\">\n<li>Mechanisch (Tracking-Typ, Loskapazit\u00e4t, Wind-\/Schneeverlauf, Ma\u00dfe, Gewicht, Material, Lagerlebensdauer)<\/li>\n<li>Einachsige Nachf\u00fchrung, Stahl Q235B\/Q355B, feuerverzinkt, Windwiderstand 17 \u2013 22 m\/s, Schneelast 0,8 \u2013 1,1 kN\/m\u00b2, Lebensdauer &gt; 25 Jahre.<\/li>\n<li>Elektrik (Motortyp und -leistung, Leistungsaufnahme, Spannungsbereich, Neigungsbereich, Nachf\u00fchrgeschwindigkeit, R\u00fccklauferh\u00f6hung)<\/li>\n<li>Unterst\u00fctzt Klimaanlagen 90\u2013305 V, Stringversorgung 250\u20131500 V oder Eigenversorgung (Solar + Batterie); Azimutbereich \u2013 60 \u00b0 bis +60 \u00b0; Nachf\u00fchrgenauigkeit \u2264 1 \u00b0.<\/li>\n<li>Umwelt (Betriebstemperatur, IP-Schutzart, Feuchtigkeit, UV- und Alterungsbest\u00e4ndigkeit)<\/li>\n<li>F\u00fcr den harten Au\u00dfeneinsatz konzipiert; hervorragende Best\u00e4ndigkeit gegen Abnutzung; keine besondere IP-Schutzart angeboten.<\/li>\n<li>Leistung (Energieerh\u00f6hung im Vergleich zu festen Werten, MTBF, Zuverl\u00e4ssigkeit [%-Betriebszeit], Fehlereinstellungen)<\/li>\n<li>Backtracking- und Anti-Shadow-Algorithmen verbessern das Ergebnis und minimieren Schattierungsverluste.<\/li>\n<li>Kommunikation (Protokolle [Modbus, TCP\/IP, MQTT], Remote-Debugging, OTA-Upgrade, API-Zugang)<\/li>\n<li>WiFi\/LoRa\/ZigBee f\u00fcr lokale, 4G\/RS485\/WiFi f\u00fcr Fernkommunikation; SCADA-kompatibel; unterst\u00fctzt kabellose Upgrades und One-Touch-Debugging.<\/li>\n<li>Sicherheit und Zertifizierungen (IEC-Standards, CE\/UL\/ROHS, Sicherheitsverriegelungen, Blitzschutz)<\/li>\n<li>Integrierter Schutz vor Softwareanwendungs- und Ger\u00e4tebeschr\u00e4nkungen, \u00dcberlastungsschutz; Zertifizierungen auf Anfrage.<\/li>\n<li>Garantie &amp; Service (Garantiedauer, Leistungsgarantie, Ersatzteilpaket, Schulung, L\u00f6sungsvertr\u00e4ge)<\/li>\n<li>5 Jahre Garantie auf den kompletten Systemservice, 10 Jahre Rahmengarantie (ausgenommen Sch\u00e4den durch Menschen oder h\u00f6here Gewalt).<\/li>\n<li>Optionale Extras (Halterungen, Strukturpakete, Batterie-Backup, Reinigungsroboter, Blitzableiter)<\/li>\n<li>Kompatibel mit Reinigungsrobotern; optionale intelligente Wetter-\/Anpassungs-Upgrades angeboten.<\/li>\n<\/ul>\n<h2 data-v-md-heading=\"technical-support\" data-v-md-line=\"36\">Technische Unterst\u00fctzung.<\/h2>\n<p data-v-md-line=\"37\">Wir bieten umfassenden technischen Support \u2013 einschlie\u00dflich CAD-Versionen, Datenbl\u00e4ttern und elektrischen Schaltpl\u00e4nen \u2013 um Ihre Einrichtung zu vereinfachen und Ihnen zu erm\u00f6glichen, schneller Strom zu erzeugen.<\/p>\n<h2 data-v-md-heading=\"conclusion\" data-v-md-line=\"39\">Abschluss.<\/h2>\n<p data-v-md-line=\"40\">Mit SolPath investieren Sie in bew\u00e4hrte Solar-Tracking-Qualit\u00e4t, fortschrittliche Technik und zuverl\u00e4ssigen Support. Erleben Sie Ihre PV-Leidenschaft mit einem Kit, das f\u00fcr praxistaugliche Leistung und langfristige Sicherheit sorgt.<\/p>\n<p><script src=\"chrome-extension:\/\/fpelahbljekknahkcaegamhcndkfpfnc\/iFrame.js\" type=\"text\/javascript\"><\/script><\/p>\n<p><script src=\"chrome-extension:\/\/fpelahbljekknahkcaegamhcndkfpfnc\/iFrame.js\" type=\"text\/javascript\"><\/script><\/p>\n<p><script src=\"chrome-extension:\/\/fpelahbljekknahkcaegamhcndkfpfnc\/iFrame.js\" type=\"text\/javascript\"><\/script><\/p>\n<p><script src=\"chrome-extension:\/\/fpelahbljekknahkcaegamhcndkfpfnc\/iFrame.js\" type=\"text\/javascript\"><\/script><\/p>","protected":false},"excerpt":{"rendered":"<p>Erzielen Sie h\u00f6here Ertr\u00e4ge mit unserem kompletten Single Axis Solar Tracker Kit. Robust und intelligent steigert es die Energieerzeugung mit zuverl\u00e4ssiger Leistung bei jedem Wetter.<\/p>\n<p><script src=\"chrome-extension:\/\/fpelahbljekknahkcaegamhcndkfpfnc\/iFrame.js\" type=\"text\/javascript\"><\/script><\/p>\n<p><script src=\"chrome-extension:\/\/fpelahbljekknahkcaegamhcndkfpfnc\/iFrame.js\" type=\"text\/javascript\"><\/script><\/p>\n<p><script src=\"chrome-extension:\/\/fpelahbljekknahkcaegamhcndkfpfnc\/iFrame.js\" type=\"text\/javascript\"><\/script><\/p>\n<p><script src=\"chrome-extension:\/\/fpelahbljekknahkcaegamhcndkfpfnc\/iFrame.js\" type=\"text\/javascript\"><\/script><\/p>","protected":false},"featured_media":3477,"template":"","meta":{"_kad_post_transparent":"default","_kad_post_title":"","_kad_post_layout":"default","_kad_post_sidebar_id":"","_kad_post_content_style":"default","_kad_post_vertical_padding":"default","_kad_post_feature":"","_kad_post_feature_position":"","_kad_post_header":false,"_kad_post_footer":false,"_kad_post_classname":""},"product_brand":[707],"product_cat":[587,697,703,690,699,702,688,698,689,693,680,691,701],"product_tag":[715,714,712],"class_list":{"0":"post-3424","1":"product","2":"type-product","3":"status-publish","4":"has-post-thumbnail","6":"product_brand-solpath","7":"product_cat-solar-tracker-by-type","8":"product_cat-agricultural-tracker","9":"product_cat-custom-omdm-tracker","10":"product_cat-diy-tracker-kit","11":"product_cat-eco-friendly-tracker","12":"product_cat-installation-maintenance","13":"product_cat-linear-actuator-tracker","14":"product_cat-offgrid-tracker","15":"product_cat-portable-tracker","16":"product_cat-roof-mount-tracker","17":"product_cat-single-axis-tracker","18":"product_cat-solar-tracker-by-solutions","19":"product_cat-tracker-components","20":"product_tag-kit","21":"product_tag-single-axis","22":"product_tag-solar-tracker","24":"first","25":"instock","26":"shipping-taxable","27":"product-type-simple","28":"entry","29":"content-bg","30":"loop-entry"},"_links":{"self":[{"href":"https:\/\/solartrackersystem.com\/de\/wp-json\/wp\/v2\/product\/3424","targetHints":{"allow":["GET"]}}],"collection":[{"href":"https:\/\/solartrackersystem.com\/de\/wp-json\/wp\/v2\/product"}],"about":[{"href":"https:\/\/solartrackersystem.com\/de\/wp-json\/wp\/v2\/types\/product"}],"wp:featuredmedia":[{"embeddable":true,"href":"https:\/\/solartrackersystem.com\/de\/wp-json\/wp\/v2\/media\/3477"}],"wp:attachment":[{"href":"https:\/\/solartrackersystem.com\/de\/wp-json\/wp\/v2\/media?parent=3424"}],"wp:term":[{"taxonomy":"product_brand","embeddable":true,"href":"https:\/\/solartrackersystem.com\/de\/wp-json\/wp\/v2\/product_brand?post=3424"},{"taxonomy":"product_cat","embeddable":true,"href":"https:\/\/solartrackersystem.com\/de\/wp-json\/wp\/v2\/product_cat?post=3424"},{"taxonomy":"product_tag","embeddable":true,"href":"https:\/\/solartrackersystem.com\/de\/wp-json\/wp\/v2\/product_tag?post=3424"}],"curies":[{"name":"wp","href":"https:\/\/api.w.org\/{rel}","templated":true}]}}